{"id":49781,"date":"2018-04-10T14:44:36","date_gmt":"2018-04-10T12:44:36","guid":{"rendered":"https:\/\/www.iemj.org\/produit\/daniel-four-shabbat-melodies-for-choir-and-piano-printed-score\/"},"modified":"2025-01-14T17:13:33","modified_gmt":"2025-01-14T16:13:33","slug":"daniel-four-shabbat-melodies-for-choir-and-piano-printed-score","status":"publish","type":"product","link":"https:\/\/www.iemj.org\/de\/produit\/daniel-four-shabbat-melodies-for-choir-and-piano-printed-score\/","title":{"rendered":"Daniel &#8211; Four Shabbat melodies for choir and piano"},"content":{"rendered":"<p><em>Born in Israel, Ita\u00ef Daniel is a composer, pianist and conductor. He begins his musical studies by learning piano with internationally renowned teachers such as Jonathan Zak, Boris Guslitzer or Victor Derevianko, and then begins viola and takes classes in harmony. In 1991 he enters the Academy of Music of Tel Aviv University, where he studies conducting and choral conducting with Noam Sherif and Avner Itai. <\/em><\/p>\n<p><em>In 1995, Ita\u00ef Daniel leaves Israel for the United States, where he works as a conductor. At the same time, he continues his career as a pianist, starts teaching vocal technique and trains professional singers, a teaching that will be essential to his composition work. <\/em><\/p>\n<p><em>Since 2004, now based in Paris, he decides to fully devote himself to composition. Among his major works in the Jewish tradition are three large cantatas <\/em>Machzor Chayim<em>,\u00a0<\/em>Shma Koleinu<em> and <\/em>B\u2019resh\u00eft<em> and many compositions based on the major Jewish prayers and texts <\/em>(Yotzer<em>, <\/em>Haskivenu<em>, <\/em>Shalom Rav<em>,\u00a0<\/em>Kaddish<em>,\u00a0<\/em>Oseh Shalom<em>,\u00a0<\/em>Adon Olam<em>). He is also the author of <\/em><em>a grand sonata as well as a toccata for the piano and a sonata for flute-solo.<\/em><em> His works have been performed in England, the United States, Germany, South Africa, and France. <\/em><\/p>\n<p><em>Since 2009, Ita\u00ef Daniel is the conductor of<\/em> <em>the Copernic Choral Ensemble in Paris, now recognized as one of the best Jewish choirs in Europe.<\/em><\/p>\n","protected":false},"excerpt":{"rendered":"<p>Daniel &#8211; Four Shabbat melodies for choir and piano<\/p>\n<p><span style=\"background-color: #fbe329; color: #0f00ff;\"><strong>EXISTS AS PRINTED OR DOWNLOADABLE SCORE<\/strong><\/span><\/p>\n","protected":false},"featured_media":64632,"comment_status":"open","ping_status":"closed","template":"","meta":{"_acf_changed":false},"product_brand":[],"product_cat":[2335,1650,2404,2354,2365,1998,2405],"product_tag":[],"class_list":{"0":"post-49781","1":"product","2":"type-product","3":"status-publish","4":"has-post-thumbnail","6":"product_cat-chor","7":"product_cat-daniel-itai-de","8":"product_cat-gedruckte-partituren","9":"product_cat-klassisch","10":"product_cat-liturgisch-de","11":"product_cat-partituren-de","12":"product_cat-partituren-zum-herunterladen","13":"pa_partition-gedruckt","14":"pa_partition-herunterladbar","16":"first","17":"instock","18":"shipping-taxable","19":"purchasable","20":"product-type-variable"},"acf":[],"yoast_head":"<!-- This site is optimized with the Yoast SEO plugin v27.3 - https:\/\/yoast.com\/product\/yoast-seo-wordpress\/ -->\n<title>Daniel - Four Shabbat melodies for choir and piano - Institut Europ\u00e9en des Musiques Juives<\/title>\n<meta name=\"robots\" content=\"index, follow, max-snippet:-1, max-image-preview:large, max-video-preview:-1\" \/>\n<link rel=\"canonical\" href=\"https:\/\/www.iemj.org\/de\/produit\/daniel-four-shabbat-melodies-for-choir-and-piano-printed-score\/\" \/>\n<meta property=\"og:locale\" content=\"de_DE\" \/>\n<meta property=\"og:type\" content=\"article\" \/>\n<meta property=\"og:title\" content=\"Daniel - Four Shabbat melodies for choir and piano - Institut Europ\u00e9en des Musiques Juives\" \/>\n<meta property=\"og:description\" content=\"Daniel - Four Shabbat melodies for choir and piano  EXISTS AS PRINTED OR DOWNLOADABLE SCORE\" \/>\n<meta property=\"og:url\" content=\"https:\/\/www.iemj.org\/de\/produit\/daniel-four-shabbat-melodies-for-choir-and-piano-printed-score\/\" \/>\n<meta property=\"og:site_name\" content=\"Institut Europ\u00e9en des Musiques Juives\" \/>\n<meta property=\"article:publisher\" content=\"https:\/\/www.facebook.com\/MusiquesJuives\/\" \/>\n<meta property=\"article:modified_time\" content=\"2025-01-14T16:13:33+00:00\" \/>\n<meta property=\"og:image\" content=\"https:\/\/www.iemj.org\/wp-content\/uploads\/2018\/04\/Couverture-partition-Quatre-melodies-I.-Daniel.jpg\" \/>\n\t<meta property=\"og:image:width\" content=\"547\" \/>\n\t<meta property=\"og:image:height\" content=\"489\" \/>\n\t<meta property=\"og:image:type\" content=\"image\/jpeg\" \/>\n<meta name=\"twitter:card\" content=\"summary_large_image\" \/>\n<meta name=\"twitter:label1\" content=\"Gesch\u00e4tzte Lesezeit\" \/>\n\t<meta name=\"twitter:data1\" content=\"1\u00a0Minute\" \/>\n<script type=\"application\/ld+json\" class=\"yoast-schema-graph\">{\"@context\":\"https:\\\/\\\/schema.org\",\"@graph\":[{\"@type\":\"WebPage\",\"@id\":\"https:\\\/\\\/www.iemj.org\\\/de\\\/produit\\\/daniel-four-shabbat-melodies-for-choir-and-piano-printed-score\\\/\",\"url\":\"https:\\\/\\\/www.iemj.org\\\/de\\\/produit\\\/daniel-four-shabbat-melodies-for-choir-and-piano-printed-score\\\/\",\"name\":\"Daniel - Four Shabbat melodies for choir and piano - Institut Europ\u00e9en des Musiques Juives\",\"isPartOf\":{\"@id\":\"https:\\\/\\\/www.iemj.org\\\/de\\\/#website\"},\"primaryImageOfPage\":{\"@id\":\"https:\\\/\\\/www.iemj.org\\\/de\\\/produit\\\/daniel-four-shabbat-melodies-for-choir-and-piano-printed-score\\\/#primaryimage\"},\"image\":{\"@id\":\"https:\\\/\\\/www.iemj.org\\\/de\\\/produit\\\/daniel-four-shabbat-melodies-for-choir-and-piano-printed-score\\\/#primaryimage\"},\"thumbnailUrl\":\"https:\\\/\\\/www.iemj.org\\\/wp-content\\\/uploads\\\/2018\\\/04\\\/Couverture-partition-Quatre-melodies-I.-Daniel.jpg\",\"datePublished\":\"2018-04-10T12:44:36+00:00\",\"dateModified\":\"2025-01-14T16:13:33+00:00\",\"breadcrumb\":{\"@id\":\"https:\\\/\\\/www.iemj.org\\\/de\\\/produit\\\/daniel-four-shabbat-melodies-for-choir-and-piano-printed-score\\\/#breadcrumb\"},\"inLanguage\":\"de\",\"potentialAction\":[{\"@type\":\"ReadAction\",\"target\":[\"https:\\\/\\\/www.iemj.org\\\/de\\\/produit\\\/daniel-four-shabbat-melodies-for-choir-and-piano-printed-score\\\/\"]}]},{\"@type\":\"ImageObject\",\"inLanguage\":\"de\",\"@id\":\"https:\\\/\\\/www.iemj.org\\\/de\\\/produit\\\/daniel-four-shabbat-melodies-for-choir-and-piano-printed-score\\\/#primaryimage\",\"url\":\"https:\\\/\\\/www.iemj.org\\\/wp-content\\\/uploads\\\/2018\\\/04\\\/Couverture-partition-Quatre-melodies-I.-Daniel.jpg\",\"contentUrl\":\"https:\\\/\\\/www.iemj.org\\\/wp-content\\\/uploads\\\/2018\\\/04\\\/Couverture-partition-Quatre-melodies-I.-Daniel.jpg\",\"width\":547,\"height\":489},{\"@type\":\"BreadcrumbList\",\"@id\":\"https:\\\/\\\/www.iemj.org\\\/de\\\/produit\\\/daniel-four-shabbat-melodies-for-choir-and-piano-printed-score\\\/#breadcrumb\",\"itemListElement\":[{\"@type\":\"ListItem\",\"position\":1,\"name\":\"Accueil\",\"item\":\"https:\\\/\\\/www.iemj.org\\\/de\\\/\"},{\"@type\":\"ListItem\",\"position\":2,\"name\":\"Onlineshop\",\"item\":\"https:\\\/\\\/www.iemj.org\\\/de\\\/onlineshop\\\/\"},{\"@type\":\"ListItem\",\"position\":3,\"name\":\"Daniel &#8211; Four Shabbat melodies for choir and piano\"}]},{\"@type\":\"WebSite\",\"@id\":\"https:\\\/\\\/www.iemj.org\\\/de\\\/#website\",\"url\":\"https:\\\/\\\/www.iemj.org\\\/de\\\/\",\"name\":\"Institut Europ\u00e9en des Musiques Juives\",\"description\":\"Des traditions musicales \u00e0 la port\u00e9e de tous\",\"publisher\":{\"@id\":\"https:\\\/\\\/www.iemj.org\\\/de\\\/#organization\"},\"potentialAction\":[{\"@type\":\"SearchAction\",\"target\":{\"@type\":\"EntryPoint\",\"urlTemplate\":\"https:\\\/\\\/www.iemj.org\\\/de\\\/?s={search_term_string}\"},\"query-input\":{\"@type\":\"PropertyValueSpecification\",\"valueRequired\":true,\"valueName\":\"search_term_string\"}}],\"inLanguage\":\"de\"},{\"@type\":\"Organization\",\"@id\":\"https:\\\/\\\/www.iemj.org\\\/de\\\/#organization\",\"name\":\"Institut Europ\u00e9en des Musiques Juives\",\"url\":\"https:\\\/\\\/www.iemj.org\\\/de\\\/\",\"logo\":{\"@type\":\"ImageObject\",\"inLanguage\":\"de\",\"@id\":\"https:\\\/\\\/www.iemj.org\\\/de\\\/#\\\/schema\\\/logo\\\/image\\\/\",\"url\":\"https:\\\/\\\/www.iemj.org\\\/wp-content\\\/uploads\\\/2021\\\/09\\\/Logo-IEMJ-Paypal.jpg\",\"contentUrl\":\"https:\\\/\\\/www.iemj.org\\\/wp-content\\\/uploads\\\/2021\\\/09\\\/Logo-IEMJ-Paypal.jpg\",\"width\":150,\"height\":50,\"caption\":\"Institut Europ\u00e9en des Musiques Juives\"},\"image\":{\"@id\":\"https:\\\/\\\/www.iemj.org\\\/de\\\/#\\\/schema\\\/logo\\\/image\\\/\"},\"sameAs\":[\"https:\\\/\\\/www.facebook.com\\\/MusiquesJuives\\\/\",\"https:\\\/\\\/www.instagram.com\\\/musiquesjuives\\\/\",\"https:\\\/\\\/www.youtube.com\\\/user\\\/musiquesjuives\"]}]}<\/script>\n<!-- \/ Yoast SEO plugin. -->","yoast_head_json":{"title":"Daniel - Four Shabbat melodies for choir and piano - Institut Europ\u00e9en des Musiques Juives","robots":{"index":"index","follow":"follow","max-snippet":"max-snippet:-1","max-image-preview":"max-image-preview:large","max-video-preview":"max-video-preview:-1"},"canonical":"https:\/\/www.iemj.org\/de\/produit\/daniel-four-shabbat-melodies-for-choir-and-piano-printed-score\/","og_locale":"de_DE","og_type":"article","og_title":"Daniel - Four Shabbat melodies for choir and piano - Institut Europ\u00e9en des Musiques Juives","og_description":"Daniel - Four Shabbat melodies for choir and piano  EXISTS AS PRINTED OR DOWNLOADABLE SCORE","og_url":"https:\/\/www.iemj.org\/de\/produit\/daniel-four-shabbat-melodies-for-choir-and-piano-printed-score\/","og_site_name":"Institut Europ\u00e9en des Musiques Juives","article_publisher":"https:\/\/www.facebook.com\/MusiquesJuives\/","article_modified_time":"2025-01-14T16:13:33+00:00","og_image":[{"width":547,"height":489,"url":"https:\/\/www.iemj.org\/wp-content\/uploads\/2018\/04\/Couverture-partition-Quatre-melodies-I.-Daniel.jpg","type":"image\/jpeg"}],"twitter_card":"summary_large_image","twitter_misc":{"Gesch\u00e4tzte Lesezeit":"1\u00a0Minute"},"schema":{"@context":"https:\/\/schema.org","@graph":[{"@type":"WebPage","@id":"https:\/\/www.iemj.org\/de\/produit\/daniel-four-shabbat-melodies-for-choir-and-piano-printed-score\/","url":"https:\/\/www.iemj.org\/de\/produit\/daniel-four-shabbat-melodies-for-choir-and-piano-printed-score\/","name":"Daniel - Four Shabbat melodies for choir and piano - Institut Europ\u00e9en des Musiques Juives","isPartOf":{"@id":"https:\/\/www.iemj.org\/de\/#website"},"primaryImageOfPage":{"@id":"https:\/\/www.iemj.org\/de\/produit\/daniel-four-shabbat-melodies-for-choir-and-piano-printed-score\/#primaryimage"},"image":{"@id":"https:\/\/www.iemj.org\/de\/produit\/daniel-four-shabbat-melodies-for-choir-and-piano-printed-score\/#primaryimage"},"thumbnailUrl":"https:\/\/www.iemj.org\/wp-content\/uploads\/2018\/04\/Couverture-partition-Quatre-melodies-I.-Daniel.jpg","datePublished":"2018-04-10T12:44:36+00:00","dateModified":"2025-01-14T16:13:33+00:00","breadcrumb":{"@id":"https:\/\/www.iemj.org\/de\/produit\/daniel-four-shabbat-melodies-for-choir-and-piano-printed-score\/#breadcrumb"},"inLanguage":"de","potentialAction":[{"@type":"ReadAction","target":["https:\/\/www.iemj.org\/de\/produit\/daniel-four-shabbat-melodies-for-choir-and-piano-printed-score\/"]}]},{"@type":"ImageObject","inLanguage":"de","@id":"https:\/\/www.iemj.org\/de\/produit\/daniel-four-shabbat-melodies-for-choir-and-piano-printed-score\/#primaryimage","url":"https:\/\/www.iemj.org\/wp-content\/uploads\/2018\/04\/Couverture-partition-Quatre-melodies-I.-Daniel.jpg","contentUrl":"https:\/\/www.iemj.org\/wp-content\/uploads\/2018\/04\/Couverture-partition-Quatre-melodies-I.-Daniel.jpg","width":547,"height":489},{"@type":"BreadcrumbList","@id":"https:\/\/www.iemj.org\/de\/produit\/daniel-four-shabbat-melodies-for-choir-and-piano-printed-score\/#breadcrumb","itemListElement":[{"@type":"ListItem","position":1,"name":"Accueil","item":"https:\/\/www.iemj.org\/de\/"},{"@type":"ListItem","position":2,"name":"Onlineshop","item":"https:\/\/www.iemj.org\/de\/onlineshop\/"},{"@type":"ListItem","position":3,"name":"Daniel &#8211; Four Shabbat melodies for choir and piano"}]},{"@type":"WebSite","@id":"https:\/\/www.iemj.org\/de\/#website","url":"https:\/\/www.iemj.org\/de\/","name":"Institut Europ\u00e9en des Musiques Juives","description":"Des traditions musicales \u00e0 la port\u00e9e de tous","publisher":{"@id":"https:\/\/www.iemj.org\/de\/#organization"},"potentialAction":[{"@type":"SearchAction","target":{"@type":"EntryPoint","urlTemplate":"https:\/\/www.iemj.org\/de\/?s={search_term_string}"},"query-input":{"@type":"PropertyValueSpecification","valueRequired":true,"valueName":"search_term_string"}}],"inLanguage":"de"},{"@type":"Organization","@id":"https:\/\/www.iemj.org\/de\/#organization","name":"Institut Europ\u00e9en des Musiques Juives","url":"https:\/\/www.iemj.org\/de\/","logo":{"@type":"ImageObject","inLanguage":"de","@id":"https:\/\/www.iemj.org\/de\/#\/schema\/logo\/image\/","url":"https:\/\/www.iemj.org\/wp-content\/uploads\/2021\/09\/Logo-IEMJ-Paypal.jpg","contentUrl":"https:\/\/www.iemj.org\/wp-content\/uploads\/2021\/09\/Logo-IEMJ-Paypal.jpg","width":150,"height":50,"caption":"Institut Europ\u00e9en des Musiques Juives"},"image":{"@id":"https:\/\/www.iemj.org\/de\/#\/schema\/logo\/image\/"},"sameAs":["https:\/\/www.facebook.com\/MusiquesJuives\/","https:\/\/www.instagram.com\/musiquesjuives\/","https:\/\/www.youtube.com\/user\/musiquesjuives"]}]}},"_links":{"self":[{"href":"https:\/\/www.iemj.org\/de\/wp-json\/wp\/v2\/product\/49781","targetHints":{"allow":["GET"]}}],"collection":[{"href":"https:\/\/www.iemj.org\/de\/wp-json\/wp\/v2\/product"}],"about":[{"href":"https:\/\/www.iemj.org\/de\/wp-json\/wp\/v2\/types\/product"}],"replies":[{"embeddable":true,"href":"https:\/\/www.iemj.org\/de\/wp-json\/wp\/v2\/comments?post=49781"}],"wp:featuredmedia":[{"embeddable":true,"href":"https:\/\/www.iemj.org\/de\/wp-json\/wp\/v2\/media\/64632"}],"wp:attachment":[{"href":"https:\/\/www.iemj.org\/de\/wp-json\/wp\/v2\/media?parent=49781"}],"wp:term":[{"taxonomy":"product_brand","embeddable":true,"href":"https:\/\/www.iemj.org\/de\/wp-json\/wp\/v2\/product_brand?post=49781"},{"taxonomy":"product_cat","embeddable":true,"href":"https:\/\/www.iemj.org\/de\/wp-json\/wp\/v2\/product_cat?post=49781"},{"taxonomy":"product_tag","embeddable":true,"href":"https:\/\/www.iemj.org\/de\/wp-json\/wp\/v2\/product_tag?post=49781"}],"curies":[{"name":"wp","href":"https:\/\/api.w.org\/{rel}","templated":true}]}}