{"id":50783,"date":"2016-12-08T11:31:30","date_gmt":"2016-12-08T10:31:30","guid":{"rendered":"https:\/\/www.iemj.org\/produit\/hebrew-melodies\/"},"modified":"2025-06-16T10:01:46","modified_gmt":"2025-06-16T08:01:46","slug":"hebrew-melodies","status":"publish","type":"product","link":"https:\/\/www.iemj.org\/de\/produit\/hebrew-melodies\/","title":{"rendered":"Hebrew Melodies"},"content":{"rendered":"<p>Admirably performed by Sarah Iancu (cello) and David Bismuth (piano), this CD gathers 30 melodies inspired by liturgical, hassidic, yiddish and ladino themes\u00a0: from the well-known <em>Kaddish<\/em> by Ravel to Max Bruch\u2019s <em>Kol Nidrei<\/em> and from Ernest Bloch\u2019s cycle <em>From the Jewish Life<\/em> to <em>Hebraic Popular Songs<\/em> by Darius Milhaud. It also includes less known pieces, but nonetheless very pleasant, by Joseph Achron, L\u00e9on Algazi, Charles-Valentin Alkan, Fernand Halphen, Simon Laks, Joaquin Nin-Culmell, Dimitri Chostakovitch, Joachim Stutschewsky or Viktor Ullmann<\/p>\n<p>Extraits :<\/p>\n<p>Adonenu, Elohenu (Joaquin Nin-Culmell)<\/p>\n<audio class=\"wp-audio-shortcode\" id=\"audio-50783-1\" preload=\"none\" style=\"width: 100%;\" controls=\"controls\"><source type=\"audio\/mpeg\" src=\"https:\/\/www.iemj.org\/wp-content\/uploads\/2016\/12\/Adonenu-Elohenu-Joaquin-Nin-Culmell.mp3?_=1\" \/><a href=\"https:\/\/www.iemj.org\/wp-content\/uploads\/2016\/12\/Adonenu-Elohenu-Joaquin-Nin-Culmell.mp3\">https:\/\/www.iemj.org\/wp-content\/uploads\/2016\/12\/Adonenu-Elohenu-Joaquin-Nin-Culmell.mp3<\/a><\/audio>\n<p><span class=\"mp3_label\">Chant hassidique (Darius Milhaud)<\/span><\/p>\n<audio class=\"wp-audio-shortcode\" id=\"audio-50783-2\" preload=\"none\" style=\"width: 100%;\" controls=\"controls\"><source type=\"audio\/mpeg\" src=\"https:\/\/www.iemj.org\/wp-content\/uploads\/2016\/12\/18_darius_milhaud_chant_hassidique_siteiemj.mp3?_=2\" \/><a href=\"https:\/\/www.iemj.org\/wp-content\/uploads\/2016\/12\/18_darius_milhaud_chant_hassidique_siteiemj.mp3\">https:\/\/www.iemj.org\/wp-content\/uploads\/2016\/12\/18_darius_milhaud_chant_hassidique_siteiemj.mp3<\/a><\/audio>\n<p>Dance (Joaquim Stutschewsky)<\/p>\n<audio class=\"wp-audio-shortcode\" id=\"audio-50783-3\" preload=\"none\" style=\"width: 100%;\" controls=\"controls\"><source type=\"audio\/mpeg\" src=\"https:\/\/www.iemj.org\/wp-content\/uploads\/2016\/12\/19_joachim_stutschewsky_dance_siteiemj.mp3?_=3\" \/><a href=\"https:\/\/www.iemj.org\/wp-content\/uploads\/2016\/12\/19_joachim_stutschewsky_dance_siteiemj.mp3\">https:\/\/www.iemj.org\/wp-content\/uploads\/2016\/12\/19_joachim_stutschewsky_dance_siteiemj.mp3<\/a><\/audio>\n<p>Prayer (Ernest Bloch)<\/p>\n<audio class=\"wp-audio-shortcode\" id=\"audio-50783-4\" preload=\"none\" style=\"width: 100%;\" controls=\"controls\"><source type=\"audio\/mpeg\" src=\"https:\/\/www.iemj.org\/wp-content\/uploads\/2016\/12\/13_ernest_bloch_prayer_siteiemj.mp3?_=4\" \/><a href=\"https:\/\/www.iemj.org\/wp-content\/uploads\/2016\/12\/13_ernest_bloch_prayer_siteiemj.mp3\">https:\/\/www.iemj.org\/wp-content\/uploads\/2016\/12\/13_ernest_bloch_prayer_siteiemj.mp3<\/a><\/audio>\n<p>Zait gezunt (L\u00e9on Algazi)<\/p>\n<audio class=\"wp-audio-shortcode\" id=\"audio-50783-5\" preload=\"none\" style=\"width: 100%;\" controls=\"controls\"><source type=\"audio\/mpeg\" src=\"https:\/\/www.iemj.org\/wp-content\/uploads\/2016\/12\/03_leon_algazi_zait_gezunt_siteiemj.mp3?_=5\" \/><a href=\"https:\/\/www.iemj.org\/wp-content\/uploads\/2016\/12\/03_leon_algazi_zait_gezunt_siteiemj.mp3\">https:\/\/www.iemj.org\/wp-content\/uploads\/2016\/12\/03_leon_algazi_zait_gezunt_siteiemj.mp3<\/a><\/audio>\n","protected":false},"excerpt":{"rendered":"<p>First opus of our new Classical Collection, this CD gathers 30 melodies inspired by liturgical, hassidic, yiddish and ladino themes<\/p>\n","protected":false},"featured_media":50776,"comment_status":"open","ping_status":"closed","template":"","meta":{"_acf_changed":false},"product_brand":[],"product_cat":[1994,2303,2325,2308],"product_tag":[],"class_list":{"0":"post-50783","1":"product","2":"type-product","3":"status-publish","4":"has-post-thumbnail","6":"product_cat-cd-de","7":"product_cat-editionen-des-iemj-de","8":"product_cat-klassische-musik","9":"product_cat-sammlung-klassiker","10":"pa_musique-downloadbares-album","11":"pa_musique-physikalisches-album","13":"first","14":"instock","15":"shipping-taxable","16":"purchasable","17":"product-type-variable"},"acf":[],"yoast_head":"<!-- This site is optimized with the Yoast SEO plugin v27.3 - https:\/\/yoast.com\/product\/yoast-seo-wordpress\/ -->\n<title>Hebrew Melodies - Institut Europ\u00e9en des Musiques Juives<\/title>\n<meta name=\"robots\" content=\"index, follow, max-snippet:-1, max-image-preview:large, max-video-preview:-1\" \/>\n<link rel=\"canonical\" href=\"https:\/\/www.iemj.org\/de\/produit\/hebrew-melodies\/\" \/>\n<meta property=\"og:locale\" content=\"de_DE\" \/>\n<meta property=\"og:type\" content=\"article\" \/>\n<meta property=\"og:title\" content=\"Hebrew Melodies - Institut Europ\u00e9en des Musiques Juives\" \/>\n<meta property=\"og:description\" content=\"First opus of our new Classical Collection, this CD gathers 30 melodies inspired by liturgical, hassidic, yiddish and ladino themes\" \/>\n<meta property=\"og:url\" content=\"https:\/\/www.iemj.org\/de\/produit\/hebrew-melodies\/\" \/>\n<meta property=\"og:site_name\" content=\"Institut Europ\u00e9en des Musiques Juives\" \/>\n<meta property=\"article:publisher\" content=\"https:\/\/www.facebook.com\/MusiquesJuives\/\" \/>\n<meta property=\"article:modified_time\" content=\"2025-06-16T08:01:46+00:00\" \/>\n<meta property=\"og:image\" content=\"https:\/\/www.iemj.org\/wp-content\/uploads\/2016\/12\/CDC1.jpg\" \/>\n\t<meta property=\"og:image:width\" content=\"350\" \/>\n\t<meta property=\"og:image:height\" content=\"314\" \/>\n\t<meta property=\"og:image:type\" content=\"image\/jpeg\" \/>\n<meta name=\"twitter:card\" content=\"summary_large_image\" \/>\n<meta name=\"twitter:label1\" content=\"Gesch\u00e4tzte Lesezeit\" \/>\n\t<meta name=\"twitter:data1\" content=\"1\u00a0Minute\" \/>\n<script type=\"application\/ld+json\" class=\"yoast-schema-graph\">{\"@context\":\"https:\\\/\\\/schema.org\",\"@graph\":[{\"@type\":\"WebPage\",\"@id\":\"https:\\\/\\\/www.iemj.org\\\/de\\\/produit\\\/hebrew-melodies\\\/\",\"url\":\"https:\\\/\\\/www.iemj.org\\\/de\\\/produit\\\/hebrew-melodies\\\/\",\"name\":\"Hebrew Melodies - Institut Europ\u00e9en des Musiques Juives\",\"isPartOf\":{\"@id\":\"https:\\\/\\\/www.iemj.org\\\/de\\\/#website\"},\"primaryImageOfPage\":{\"@id\":\"https:\\\/\\\/www.iemj.org\\\/de\\\/produit\\\/hebrew-melodies\\\/#primaryimage\"},\"image\":{\"@id\":\"https:\\\/\\\/www.iemj.org\\\/de\\\/produit\\\/hebrew-melodies\\\/#primaryimage\"},\"thumbnailUrl\":\"https:\\\/\\\/www.iemj.org\\\/wp-content\\\/uploads\\\/2016\\\/12\\\/CDC1.jpg\",\"datePublished\":\"2016-12-08T10:31:30+00:00\",\"dateModified\":\"2025-06-16T08:01:46+00:00\",\"breadcrumb\":{\"@id\":\"https:\\\/\\\/www.iemj.org\\\/de\\\/produit\\\/hebrew-melodies\\\/#breadcrumb\"},\"inLanguage\":\"de\",\"potentialAction\":[{\"@type\":\"ReadAction\",\"target\":[\"https:\\\/\\\/www.iemj.org\\\/de\\\/produit\\\/hebrew-melodies\\\/\"]}]},{\"@type\":\"ImageObject\",\"inLanguage\":\"de\",\"@id\":\"https:\\\/\\\/www.iemj.org\\\/de\\\/produit\\\/hebrew-melodies\\\/#primaryimage\",\"url\":\"https:\\\/\\\/www.iemj.org\\\/wp-content\\\/uploads\\\/2016\\\/12\\\/CDC1.jpg\",\"contentUrl\":\"https:\\\/\\\/www.iemj.org\\\/wp-content\\\/uploads\\\/2016\\\/12\\\/CDC1.jpg\",\"width\":350,\"height\":314,\"caption\":\"M\u00e9lodies H\u00e9bra\u00efques - Vol 1\"},{\"@type\":\"BreadcrumbList\",\"@id\":\"https:\\\/\\\/www.iemj.org\\\/de\\\/produit\\\/hebrew-melodies\\\/#breadcrumb\",\"itemListElement\":[{\"@type\":\"ListItem\",\"position\":1,\"name\":\"Accueil\",\"item\":\"https:\\\/\\\/www.iemj.org\\\/de\\\/\"},{\"@type\":\"ListItem\",\"position\":2,\"name\":\"Onlineshop\",\"item\":\"https:\\\/\\\/www.iemj.org\\\/de\\\/onlineshop\\\/\"},{\"@type\":\"ListItem\",\"position\":3,\"name\":\"Hebrew Melodies\"}]},{\"@type\":\"WebSite\",\"@id\":\"https:\\\/\\\/www.iemj.org\\\/de\\\/#website\",\"url\":\"https:\\\/\\\/www.iemj.org\\\/de\\\/\",\"name\":\"Institut Europ\u00e9en des Musiques Juives\",\"description\":\"Des traditions musicales \u00e0 la port\u00e9e de tous\",\"publisher\":{\"@id\":\"https:\\\/\\\/www.iemj.org\\\/de\\\/#organization\"},\"potentialAction\":[{\"@type\":\"SearchAction\",\"target\":{\"@type\":\"EntryPoint\",\"urlTemplate\":\"https:\\\/\\\/www.iemj.org\\\/de\\\/?s={search_term_string}\"},\"query-input\":{\"@type\":\"PropertyValueSpecification\",\"valueRequired\":true,\"valueName\":\"search_term_string\"}}],\"inLanguage\":\"de\"},{\"@type\":\"Organization\",\"@id\":\"https:\\\/\\\/www.iemj.org\\\/de\\\/#organization\",\"name\":\"Institut Europ\u00e9en des Musiques Juives\",\"url\":\"https:\\\/\\\/www.iemj.org\\\/de\\\/\",\"logo\":{\"@type\":\"ImageObject\",\"inLanguage\":\"de\",\"@id\":\"https:\\\/\\\/www.iemj.org\\\/de\\\/#\\\/schema\\\/logo\\\/image\\\/\",\"url\":\"https:\\\/\\\/www.iemj.org\\\/wp-content\\\/uploads\\\/2021\\\/09\\\/Logo-IEMJ-Paypal.jpg\",\"contentUrl\":\"https:\\\/\\\/www.iemj.org\\\/wp-content\\\/uploads\\\/2021\\\/09\\\/Logo-IEMJ-Paypal.jpg\",\"width\":150,\"height\":50,\"caption\":\"Institut Europ\u00e9en des Musiques Juives\"},\"image\":{\"@id\":\"https:\\\/\\\/www.iemj.org\\\/de\\\/#\\\/schema\\\/logo\\\/image\\\/\"},\"sameAs\":[\"https:\\\/\\\/www.facebook.com\\\/MusiquesJuives\\\/\",\"https:\\\/\\\/www.instagram.com\\\/musiquesjuives\\\/\",\"https:\\\/\\\/www.youtube.com\\\/user\\\/musiquesjuives\"]}]}<\/script>\n<!-- \/ Yoast SEO plugin. -->","yoast_head_json":{"title":"Hebrew Melodies - Institut Europ\u00e9en des Musiques Juives","robots":{"index":"index","follow":"follow","max-snippet":"max-snippet:-1","max-image-preview":"max-image-preview:large","max-video-preview":"max-video-preview:-1"},"canonical":"https:\/\/www.iemj.org\/de\/produit\/hebrew-melodies\/","og_locale":"de_DE","og_type":"article","og_title":"Hebrew Melodies - Institut Europ\u00e9en des Musiques Juives","og_description":"First opus of our new Classical Collection, this CD gathers 30 melodies inspired by liturgical, hassidic, yiddish and ladino themes","og_url":"https:\/\/www.iemj.org\/de\/produit\/hebrew-melodies\/","og_site_name":"Institut Europ\u00e9en des Musiques Juives","article_publisher":"https:\/\/www.facebook.com\/MusiquesJuives\/","article_modified_time":"2025-06-16T08:01:46+00:00","og_image":[{"width":350,"height":314,"url":"https:\/\/www.iemj.org\/wp-content\/uploads\/2016\/12\/CDC1.jpg","type":"image\/jpeg"}],"twitter_card":"summary_large_image","twitter_misc":{"Gesch\u00e4tzte Lesezeit":"1\u00a0Minute"},"schema":{"@context":"https:\/\/schema.org","@graph":[{"@type":"WebPage","@id":"https:\/\/www.iemj.org\/de\/produit\/hebrew-melodies\/","url":"https:\/\/www.iemj.org\/de\/produit\/hebrew-melodies\/","name":"Hebrew Melodies - Institut Europ\u00e9en des Musiques Juives","isPartOf":{"@id":"https:\/\/www.iemj.org\/de\/#website"},"primaryImageOfPage":{"@id":"https:\/\/www.iemj.org\/de\/produit\/hebrew-melodies\/#primaryimage"},"image":{"@id":"https:\/\/www.iemj.org\/de\/produit\/hebrew-melodies\/#primaryimage"},"thumbnailUrl":"https:\/\/www.iemj.org\/wp-content\/uploads\/2016\/12\/CDC1.jpg","datePublished":"2016-12-08T10:31:30+00:00","dateModified":"2025-06-16T08:01:46+00:00","breadcrumb":{"@id":"https:\/\/www.iemj.org\/de\/produit\/hebrew-melodies\/#breadcrumb"},"inLanguage":"de","potentialAction":[{"@type":"ReadAction","target":["https:\/\/www.iemj.org\/de\/produit\/hebrew-melodies\/"]}]},{"@type":"ImageObject","inLanguage":"de","@id":"https:\/\/www.iemj.org\/de\/produit\/hebrew-melodies\/#primaryimage","url":"https:\/\/www.iemj.org\/wp-content\/uploads\/2016\/12\/CDC1.jpg","contentUrl":"https:\/\/www.iemj.org\/wp-content\/uploads\/2016\/12\/CDC1.jpg","width":350,"height":314,"caption":"M\u00e9lodies H\u00e9bra\u00efques - Vol 1"},{"@type":"BreadcrumbList","@id":"https:\/\/www.iemj.org\/de\/produit\/hebrew-melodies\/#breadcrumb","itemListElement":[{"@type":"ListItem","position":1,"name":"Accueil","item":"https:\/\/www.iemj.org\/de\/"},{"@type":"ListItem","position":2,"name":"Onlineshop","item":"https:\/\/www.iemj.org\/de\/onlineshop\/"},{"@type":"ListItem","position":3,"name":"Hebrew Melodies"}]},{"@type":"WebSite","@id":"https:\/\/www.iemj.org\/de\/#website","url":"https:\/\/www.iemj.org\/de\/","name":"Institut Europ\u00e9en des Musiques Juives","description":"Des traditions musicales \u00e0 la port\u00e9e de tous","publisher":{"@id":"https:\/\/www.iemj.org\/de\/#organization"},"potentialAction":[{"@type":"SearchAction","target":{"@type":"EntryPoint","urlTemplate":"https:\/\/www.iemj.org\/de\/?s={search_term_string}"},"query-input":{"@type":"PropertyValueSpecification","valueRequired":true,"valueName":"search_term_string"}}],"inLanguage":"de"},{"@type":"Organization","@id":"https:\/\/www.iemj.org\/de\/#organization","name":"Institut Europ\u00e9en des Musiques Juives","url":"https:\/\/www.iemj.org\/de\/","logo":{"@type":"ImageObject","inLanguage":"de","@id":"https:\/\/www.iemj.org\/de\/#\/schema\/logo\/image\/","url":"https:\/\/www.iemj.org\/wp-content\/uploads\/2021\/09\/Logo-IEMJ-Paypal.jpg","contentUrl":"https:\/\/www.iemj.org\/wp-content\/uploads\/2021\/09\/Logo-IEMJ-Paypal.jpg","width":150,"height":50,"caption":"Institut Europ\u00e9en des Musiques Juives"},"image":{"@id":"https:\/\/www.iemj.org\/de\/#\/schema\/logo\/image\/"},"sameAs":["https:\/\/www.facebook.com\/MusiquesJuives\/","https:\/\/www.instagram.com\/musiquesjuives\/","https:\/\/www.youtube.com\/user\/musiquesjuives"]}]}},"_links":{"self":[{"href":"https:\/\/www.iemj.org\/de\/wp-json\/wp\/v2\/product\/50783","targetHints":{"allow":["GET"]}}],"collection":[{"href":"https:\/\/www.iemj.org\/de\/wp-json\/wp\/v2\/product"}],"about":[{"href":"https:\/\/www.iemj.org\/de\/wp-json\/wp\/v2\/types\/product"}],"replies":[{"embeddable":true,"href":"https:\/\/www.iemj.org\/de\/wp-json\/wp\/v2\/comments?post=50783"}],"wp:featuredmedia":[{"embeddable":true,"href":"https:\/\/www.iemj.org\/de\/wp-json\/wp\/v2\/media\/50776"}],"wp:attachment":[{"href":"https:\/\/www.iemj.org\/de\/wp-json\/wp\/v2\/media?parent=50783"}],"wp:term":[{"taxonomy":"product_brand","embeddable":true,"href":"https:\/\/www.iemj.org\/de\/wp-json\/wp\/v2\/product_brand?post=50783"},{"taxonomy":"product_cat","embeddable":true,"href":"https:\/\/www.iemj.org\/de\/wp-json\/wp\/v2\/product_cat?post=50783"},{"taxonomy":"product_tag","embeddable":true,"href":"https:\/\/www.iemj.org\/de\/wp-json\/wp\/v2\/product_tag?post=50783"}],"curies":[{"name":"wp","href":"https:\/\/api.w.org\/{rel}","templated":true}]}}