{"id":50978,"date":"2015-07-12T13:43:49","date_gmt":"2015-07-12T11:43:49","guid":{"rendered":"https:\/\/www.iemj.org\/produit\/casket-of-the-jewish-musics-in-paris-in-the-aftermath-of-ww-ii\/"},"modified":"2026-04-29T02:10:12","modified_gmt":"2026-04-29T00:10:12","slug":"casket-of-the-jewish-musics-in-paris-in-the-aftermath-of-ww-ii","status":"publish","type":"product","link":"https:\/\/www.iemj.org\/de\/produit\/casket-of-the-jewish-musics-in-paris-in-the-aftermath-of-ww-ii\/","title":{"rendered":"Collection of 6 CDs of the Jewish Music in Paris in the aftermath of WW II"},"content":{"rendered":"<p>In the aftermath of WWII, a time when Jews were attempting to reconstruct themselves, as much individually as collectively, Paris crystallized the hopes of revitalizing Jewish life in Europe, while serving as a point of passage or attachment for survivors in search of a new home. Cultural life was organized by a multitude of organizations and institutions. Among them were a few record labels (Le Disque Folklorique Yiddish, Saturne and Elesdisc). This last label was located on 34 rue des Rosiers in a shop that was at the same time a bookstore, a record store, and a focal point of Jewish social life. Its owner, L\u00e9on Speiser, took it over from his father, Wolf Speiser, who had immigrated from Odessa, arriving in Paris around 1895. In 1948, this label named after L\u00e9on Speiser (LS Disques) began recording artists such as Henri Gerro, Dave Cash, Sarah Gorby, Richard Inger, Elvira Boczkowska, Simon Nussbaum and Max Neufeld, who also performed in Yiddish or Russian Parisian cabarets. Between 1948 and 1956, out of the 350 titles published on these small labels of Jewish music in Paris, at least 154 were produced by Elesdisc up until the year 1953.<\/p>\n<p>This remastered collection bears testimony to the creative atmosphere of Yiddish cabarets where the artists audaciously married folklore with samba, nostalgic tangos or satirical swings in Yiddish, but also in Russian, Hebrew, or even Romanian.<\/p>\n<p>This record is dedicated to the memory of Nelly Hansson, Directress of the Foundation of French Judaism from 1993 to 2010.<\/p>\n","protected":false},"excerpt":{"rendered":"<p><strong>New presentation of the first set of 6 CDs of the collection &#8222;Archives&#8220; ! Yiddish cabarets from the post-war years beautifully remastered !<\/strong><\/p>\n<p><strong>Collection of the Jewish Musics in Paris in the aftermath of WW II, ELESDISC (1948-1953) including 6 CDs and a detailed notebook of 40 pages\u00a0with many illustrations<\/strong><\/p>\n","protected":false},"featured_media":50971,"comment_status":"open","ping_status":"closed","template":"","meta":{"_acf_changed":false},"product_brand":[],"product_cat":[1994,2303,2293,2307],"product_tag":[],"class_list":{"0":"post-50978","1":"product","2":"type-product","3":"status-publish","4":"has-post-thumbnail","6":"product_cat-cd-de","7":"product_cat-editionen-des-iemj-de","8":"product_cat-klezmer-yiddish-en-en-de","9":"product_cat-sammlung-archiv","10":"pa_musique-6-cd-box-set-physikalische","11":"pa_musique-6-cd-box-set-download","13":"first","14":"instock","15":"shipping-taxable","16":"purchasable","17":"product-type-variable"},"acf":[],"yoast_head":"<!-- This site is optimized with the Yoast SEO plugin v27.3 - https:\/\/yoast.com\/product\/yoast-seo-wordpress\/ -->\n<title>Collection of 6 CDs of the Jewish Music in Paris in the aftermath of WW II - Institut Europ\u00e9en des Musiques Juives<\/title>\n<meta name=\"robots\" content=\"index, follow, max-snippet:-1, max-image-preview:large, max-video-preview:-1\" \/>\n<link rel=\"canonical\" href=\"https:\/\/www.iemj.org\/de\/produit\/casket-of-the-jewish-musics-in-paris-in-the-aftermath-of-ww-ii\/\" \/>\n<meta property=\"og:locale\" content=\"de_DE\" \/>\n<meta property=\"og:type\" content=\"article\" \/>\n<meta property=\"og:title\" content=\"Collection of 6 CDs of the Jewish Music in Paris in the aftermath of WW II - Institut Europ\u00e9en des Musiques Juives\" \/>\n<meta property=\"og:description\" content=\"New presentation of the first set of 6 CDs of the collection &quot;Archives&quot; ! Yiddish cabarets from the post-war years beautifully remastered !  Collection of the Jewish Musics in Paris in the aftermath of WW II, ELESDISC (1948-1953) including 6 CDs and a detailed notebook of 40 pages\u00a0with many illustrations\" \/>\n<meta property=\"og:url\" content=\"https:\/\/www.iemj.org\/de\/produit\/casket-of-the-jewish-musics-in-paris-in-the-aftermath-of-ww-ii\/\" \/>\n<meta property=\"og:site_name\" content=\"Institut Europ\u00e9en des Musiques Juives\" \/>\n<meta property=\"article:publisher\" content=\"https:\/\/www.facebook.com\/MusiquesJuives\/\" \/>\n<meta property=\"article:modified_time\" content=\"2026-04-29T00:10:12+00:00\" \/>\n<meta property=\"og:image\" content=\"https:\/\/www.iemj.org\/wp-content\/uploads\/2015\/07\/NOUVELLE-Couv-Collection-Archives-1.jpg\" \/>\n\t<meta property=\"og:image:width\" content=\"350\" \/>\n\t<meta property=\"og:image:height\" content=\"314\" \/>\n\t<meta property=\"og:image:type\" content=\"image\/jpeg\" \/>\n<meta name=\"twitter:card\" content=\"summary_large_image\" \/>\n<meta name=\"twitter:label1\" content=\"Gesch\u00e4tzte Lesezeit\" \/>\n\t<meta name=\"twitter:data1\" content=\"1\u00a0Minute\" \/>\n<script type=\"application\/ld+json\" class=\"yoast-schema-graph\">{\"@context\":\"https:\\\/\\\/schema.org\",\"@graph\":[{\"@type\":\"WebPage\",\"@id\":\"https:\\\/\\\/www.iemj.org\\\/de\\\/produit\\\/casket-of-the-jewish-musics-in-paris-in-the-aftermath-of-ww-ii\\\/\",\"url\":\"https:\\\/\\\/www.iemj.org\\\/de\\\/produit\\\/casket-of-the-jewish-musics-in-paris-in-the-aftermath-of-ww-ii\\\/\",\"name\":\"Collection of 6 CDs of the Jewish Music in Paris in the aftermath of WW II - Institut Europ\u00e9en des Musiques Juives\",\"isPartOf\":{\"@id\":\"https:\\\/\\\/www.iemj.org\\\/de\\\/#website\"},\"primaryImageOfPage\":{\"@id\":\"https:\\\/\\\/www.iemj.org\\\/de\\\/produit\\\/casket-of-the-jewish-musics-in-paris-in-the-aftermath-of-ww-ii\\\/#primaryimage\"},\"image\":{\"@id\":\"https:\\\/\\\/www.iemj.org\\\/de\\\/produit\\\/casket-of-the-jewish-musics-in-paris-in-the-aftermath-of-ww-ii\\\/#primaryimage\"},\"thumbnailUrl\":\"https:\\\/\\\/www.iemj.org\\\/wp-content\\\/uploads\\\/2015\\\/07\\\/NOUVELLE-Couv-Collection-Archives-1.jpg\",\"datePublished\":\"2015-07-12T11:43:49+00:00\",\"dateModified\":\"2026-04-29T00:10:12+00:00\",\"breadcrumb\":{\"@id\":\"https:\\\/\\\/www.iemj.org\\\/de\\\/produit\\\/casket-of-the-jewish-musics-in-paris-in-the-aftermath-of-ww-ii\\\/#breadcrumb\"},\"inLanguage\":\"de\",\"potentialAction\":[{\"@type\":\"ReadAction\",\"target\":[\"https:\\\/\\\/www.iemj.org\\\/de\\\/produit\\\/casket-of-the-jewish-musics-in-paris-in-the-aftermath-of-ww-ii\\\/\"]}]},{\"@type\":\"ImageObject\",\"inLanguage\":\"de\",\"@id\":\"https:\\\/\\\/www.iemj.org\\\/de\\\/produit\\\/casket-of-the-jewish-musics-in-paris-in-the-aftermath-of-ww-ii\\\/#primaryimage\",\"url\":\"https:\\\/\\\/www.iemj.org\\\/wp-content\\\/uploads\\\/2015\\\/07\\\/NOUVELLE-Couv-Collection-Archives-1.jpg\",\"contentUrl\":\"https:\\\/\\\/www.iemj.org\\\/wp-content\\\/uploads\\\/2015\\\/07\\\/NOUVELLE-Couv-Collection-Archives-1.jpg\",\"width\":350,\"height\":314},{\"@type\":\"BreadcrumbList\",\"@id\":\"https:\\\/\\\/www.iemj.org\\\/de\\\/produit\\\/casket-of-the-jewish-musics-in-paris-in-the-aftermath-of-ww-ii\\\/#breadcrumb\",\"itemListElement\":[{\"@type\":\"ListItem\",\"position\":1,\"name\":\"Accueil\",\"item\":\"https:\\\/\\\/www.iemj.org\\\/de\\\/\"},{\"@type\":\"ListItem\",\"position\":2,\"name\":\"Onlineshop\",\"item\":\"https:\\\/\\\/www.iemj.org\\\/de\\\/onlineshop\\\/\"},{\"@type\":\"ListItem\",\"position\":3,\"name\":\"Collection of 6 CDs of the Jewish Music in Paris in the aftermath of WW II\"}]},{\"@type\":\"WebSite\",\"@id\":\"https:\\\/\\\/www.iemj.org\\\/de\\\/#website\",\"url\":\"https:\\\/\\\/www.iemj.org\\\/de\\\/\",\"name\":\"Institut Europ\u00e9en des Musiques Juives\",\"description\":\"Des traditions musicales \u00e0 la port\u00e9e de tous\",\"publisher\":{\"@id\":\"https:\\\/\\\/www.iemj.org\\\/de\\\/#organization\"},\"potentialAction\":[{\"@type\":\"SearchAction\",\"target\":{\"@type\":\"EntryPoint\",\"urlTemplate\":\"https:\\\/\\\/www.iemj.org\\\/de\\\/?s={search_term_string}\"},\"query-input\":{\"@type\":\"PropertyValueSpecification\",\"valueRequired\":true,\"valueName\":\"search_term_string\"}}],\"inLanguage\":\"de\"},{\"@type\":\"Organization\",\"@id\":\"https:\\\/\\\/www.iemj.org\\\/de\\\/#organization\",\"name\":\"Institut Europ\u00e9en des Musiques Juives\",\"url\":\"https:\\\/\\\/www.iemj.org\\\/de\\\/\",\"logo\":{\"@type\":\"ImageObject\",\"inLanguage\":\"de\",\"@id\":\"https:\\\/\\\/www.iemj.org\\\/de\\\/#\\\/schema\\\/logo\\\/image\\\/\",\"url\":\"https:\\\/\\\/www.iemj.org\\\/wp-content\\\/uploads\\\/2021\\\/09\\\/Logo-IEMJ-Paypal.jpg\",\"contentUrl\":\"https:\\\/\\\/www.iemj.org\\\/wp-content\\\/uploads\\\/2021\\\/09\\\/Logo-IEMJ-Paypal.jpg\",\"width\":150,\"height\":50,\"caption\":\"Institut Europ\u00e9en des Musiques Juives\"},\"image\":{\"@id\":\"https:\\\/\\\/www.iemj.org\\\/de\\\/#\\\/schema\\\/logo\\\/image\\\/\"},\"sameAs\":[\"https:\\\/\\\/www.facebook.com\\\/MusiquesJuives\\\/\",\"https:\\\/\\\/www.instagram.com\\\/musiquesjuives\\\/\",\"https:\\\/\\\/www.youtube.com\\\/user\\\/musiquesjuives\"]}]}<\/script>\n<!-- \/ Yoast SEO plugin. -->","yoast_head_json":{"title":"Collection of 6 CDs of the Jewish Music in Paris in the aftermath of WW II - Institut Europ\u00e9en des Musiques Juives","robots":{"index":"index","follow":"follow","max-snippet":"max-snippet:-1","max-image-preview":"max-image-preview:large","max-video-preview":"max-video-preview:-1"},"canonical":"https:\/\/www.iemj.org\/de\/produit\/casket-of-the-jewish-musics-in-paris-in-the-aftermath-of-ww-ii\/","og_locale":"de_DE","og_type":"article","og_title":"Collection of 6 CDs of the Jewish Music in Paris in the aftermath of WW II - Institut Europ\u00e9en des Musiques Juives","og_description":"New presentation of the first set of 6 CDs of the collection \"Archives\" ! Yiddish cabarets from the post-war years beautifully remastered !  Collection of the Jewish Musics in Paris in the aftermath of WW II, ELESDISC (1948-1953) including 6 CDs and a detailed notebook of 40 pages\u00a0with many illustrations","og_url":"https:\/\/www.iemj.org\/de\/produit\/casket-of-the-jewish-musics-in-paris-in-the-aftermath-of-ww-ii\/","og_site_name":"Institut Europ\u00e9en des Musiques Juives","article_publisher":"https:\/\/www.facebook.com\/MusiquesJuives\/","article_modified_time":"2026-04-29T00:10:12+00:00","og_image":[{"width":350,"height":314,"url":"https:\/\/www.iemj.org\/wp-content\/uploads\/2015\/07\/NOUVELLE-Couv-Collection-Archives-1.jpg","type":"image\/jpeg"}],"twitter_card":"summary_large_image","twitter_misc":{"Gesch\u00e4tzte Lesezeit":"1\u00a0Minute"},"schema":{"@context":"https:\/\/schema.org","@graph":[{"@type":"WebPage","@id":"https:\/\/www.iemj.org\/de\/produit\/casket-of-the-jewish-musics-in-paris-in-the-aftermath-of-ww-ii\/","url":"https:\/\/www.iemj.org\/de\/produit\/casket-of-the-jewish-musics-in-paris-in-the-aftermath-of-ww-ii\/","name":"Collection of 6 CDs of the Jewish Music in Paris in the aftermath of WW II - Institut Europ\u00e9en des Musiques Juives","isPartOf":{"@id":"https:\/\/www.iemj.org\/de\/#website"},"primaryImageOfPage":{"@id":"https:\/\/www.iemj.org\/de\/produit\/casket-of-the-jewish-musics-in-paris-in-the-aftermath-of-ww-ii\/#primaryimage"},"image":{"@id":"https:\/\/www.iemj.org\/de\/produit\/casket-of-the-jewish-musics-in-paris-in-the-aftermath-of-ww-ii\/#primaryimage"},"thumbnailUrl":"https:\/\/www.iemj.org\/wp-content\/uploads\/2015\/07\/NOUVELLE-Couv-Collection-Archives-1.jpg","datePublished":"2015-07-12T11:43:49+00:00","dateModified":"2026-04-29T00:10:12+00:00","breadcrumb":{"@id":"https:\/\/www.iemj.org\/de\/produit\/casket-of-the-jewish-musics-in-paris-in-the-aftermath-of-ww-ii\/#breadcrumb"},"inLanguage":"de","potentialAction":[{"@type":"ReadAction","target":["https:\/\/www.iemj.org\/de\/produit\/casket-of-the-jewish-musics-in-paris-in-the-aftermath-of-ww-ii\/"]}]},{"@type":"ImageObject","inLanguage":"de","@id":"https:\/\/www.iemj.org\/de\/produit\/casket-of-the-jewish-musics-in-paris-in-the-aftermath-of-ww-ii\/#primaryimage","url":"https:\/\/www.iemj.org\/wp-content\/uploads\/2015\/07\/NOUVELLE-Couv-Collection-Archives-1.jpg","contentUrl":"https:\/\/www.iemj.org\/wp-content\/uploads\/2015\/07\/NOUVELLE-Couv-Collection-Archives-1.jpg","width":350,"height":314},{"@type":"BreadcrumbList","@id":"https:\/\/www.iemj.org\/de\/produit\/casket-of-the-jewish-musics-in-paris-in-the-aftermath-of-ww-ii\/#breadcrumb","itemListElement":[{"@type":"ListItem","position":1,"name":"Accueil","item":"https:\/\/www.iemj.org\/de\/"},{"@type":"ListItem","position":2,"name":"Onlineshop","item":"https:\/\/www.iemj.org\/de\/onlineshop\/"},{"@type":"ListItem","position":3,"name":"Collection of 6 CDs of the Jewish Music in Paris in the aftermath of WW II"}]},{"@type":"WebSite","@id":"https:\/\/www.iemj.org\/de\/#website","url":"https:\/\/www.iemj.org\/de\/","name":"Institut Europ\u00e9en des Musiques Juives","description":"Des traditions musicales \u00e0 la port\u00e9e de tous","publisher":{"@id":"https:\/\/www.iemj.org\/de\/#organization"},"potentialAction":[{"@type":"SearchAction","target":{"@type":"EntryPoint","urlTemplate":"https:\/\/www.iemj.org\/de\/?s={search_term_string}"},"query-input":{"@type":"PropertyValueSpecification","valueRequired":true,"valueName":"search_term_string"}}],"inLanguage":"de"},{"@type":"Organization","@id":"https:\/\/www.iemj.org\/de\/#organization","name":"Institut Europ\u00e9en des Musiques Juives","url":"https:\/\/www.iemj.org\/de\/","logo":{"@type":"ImageObject","inLanguage":"de","@id":"https:\/\/www.iemj.org\/de\/#\/schema\/logo\/image\/","url":"https:\/\/www.iemj.org\/wp-content\/uploads\/2021\/09\/Logo-IEMJ-Paypal.jpg","contentUrl":"https:\/\/www.iemj.org\/wp-content\/uploads\/2021\/09\/Logo-IEMJ-Paypal.jpg","width":150,"height":50,"caption":"Institut Europ\u00e9en des Musiques Juives"},"image":{"@id":"https:\/\/www.iemj.org\/de\/#\/schema\/logo\/image\/"},"sameAs":["https:\/\/www.facebook.com\/MusiquesJuives\/","https:\/\/www.instagram.com\/musiquesjuives\/","https:\/\/www.youtube.com\/user\/musiquesjuives"]}]}},"_links":{"self":[{"href":"https:\/\/www.iemj.org\/de\/wp-json\/wp\/v2\/product\/50978","targetHints":{"allow":["GET"]}}],"collection":[{"href":"https:\/\/www.iemj.org\/de\/wp-json\/wp\/v2\/product"}],"about":[{"href":"https:\/\/www.iemj.org\/de\/wp-json\/wp\/v2\/types\/product"}],"replies":[{"embeddable":true,"href":"https:\/\/www.iemj.org\/de\/wp-json\/wp\/v2\/comments?post=50978"}],"wp:featuredmedia":[{"embeddable":true,"href":"https:\/\/www.iemj.org\/de\/wp-json\/wp\/v2\/media\/50971"}],"wp:attachment":[{"href":"https:\/\/www.iemj.org\/de\/wp-json\/wp\/v2\/media?parent=50978"}],"wp:term":[{"taxonomy":"product_brand","embeddable":true,"href":"https:\/\/www.iemj.org\/de\/wp-json\/wp\/v2\/product_brand?post=50978"},{"taxonomy":"product_cat","embeddable":true,"href":"https:\/\/www.iemj.org\/de\/wp-json\/wp\/v2\/product_cat?post=50978"},{"taxonomy":"product_tag","embeddable":true,"href":"https:\/\/www.iemj.org\/de\/wp-json\/wp\/v2\/product_tag?post=50978"}],"curies":[{"name":"wp","href":"https:\/\/api.w.org\/{rel}","templated":true}]}}