{"id":54365,"date":"2020-01-30T17:34:07","date_gmt":"2020-01-30T16:34:07","guid":{"rendered":"https:\/\/www.iemj.org\/produit\/le-petit-mish-mash-before-it-was-better\/"},"modified":"2024-02-19T20:22:36","modified_gmt":"2024-02-19T19:22:36","slug":"le-petit-mish-mash-before-it-was-better","status":"publish","type":"product","link":"https:\/\/www.iemj.org\/de\/produit\/le-petit-mish-mash-before-it-was-better\/","title":{"rendered":"Le Petit Mish-Mash &#8211; Before it was better"},"content":{"rendered":"<p>The tracks of this record draw their inspiration from songs of Romania. Sweet Bessarabia, former province of Moldova, this rich and multi-cultural area, fertile ground for an important part of Ashkenazi culture. The professional musicians of that time, Jews or Gypsies, roamed the region to practice their art, peddling the local repertoires, carrying sometimes with them a specific melody found on the way, weaving links through the multiple repertoires that were played&#8230; The traditional Klezmer, Moldovan and Gypsy repertoires that have survived till today are a witness of this exchange.<\/p>\n<p>It is by following this theme that <strong>Marine Goldwaser<\/strong>, musician of the new Klezmer scene, experienced a profound connection to the music of Romania, which resonated with the Klezmer melodies which she was surrounded by as a child in her father\u2019s Yiddish theater. After coming back from a trip to Bucharest, she teamed up with cymbalum player <strong>Mihai Trestian<\/strong>, a concert artist trained at the Conservatory of Chisinau (Moldova), and Gypsy accordionist <strong>Adrian Iordan<\/strong>, multitalented artist originally from Bucharest, to give birth to the trio the <strong>Petit Mish-Mash<\/strong>.<br class=\"autobr\" \/>In Yiddish as in Romanian, <i>mish-mash<\/i> means a mix or melting pot; this is what characterizes this trio, halfway between the Moldovan, Gypsy and Klezmer musical cultures. Immersed in these repertoires of multiple identities, they offer an unprecedented and refreshing interpretation.<\/p>\n<p>&#8222;Before, It was Better &#8230; &#8220;<\/p>\n<p>This is the playful catchphrase used by <strong>Le Petit Mish-Mash<\/strong> as an excuse to take us on a quirky journey in pursuit of a wandering melody.<\/p>\n<p>Extraits :<\/p>\n<p>02 &#8211; Haide, Klezmorim !<\/p>\n<audio class=\"wp-audio-shortcode\" id=\"audio-54365-1\" preload=\"none\" style=\"width: 100%;\" controls=\"controls\"><source type=\"audio\/mpeg\" src=\"https:\/\/www.iemj.org\/wp-content\/uploads\/2020\/01\/cd_1447_02.mp3?_=1\" \/><a href=\"https:\/\/www.iemj.org\/wp-content\/uploads\/2020\/01\/cd_1447_02.mp3\">https:\/\/www.iemj.org\/wp-content\/uploads\/2020\/01\/cd_1447_02.mp3<\/a><\/audio>\n<p>03 &#8211; Le vagabond<\/p>\n<audio class=\"wp-audio-shortcode\" id=\"audio-54365-2\" preload=\"none\" style=\"width: 100%;\" controls=\"controls\"><source type=\"audio\/mpeg\" src=\"https:\/\/www.iemj.org\/wp-content\/uploads\/2020\/01\/cd_1447_03.mp3?_=2\" \/><a href=\"https:\/\/www.iemj.org\/wp-content\/uploads\/2020\/01\/cd_1447_03.mp3\">https:\/\/www.iemj.org\/wp-content\/uploads\/2020\/01\/cd_1447_03.mp3<\/a><\/audio>\n<p>04 &#8211; The Runaway Bulgar<\/p>\n<audio class=\"wp-audio-shortcode\" id=\"audio-54365-3\" preload=\"none\" style=\"width: 100%;\" controls=\"controls\"><source type=\"audio\/mpeg\" src=\"https:\/\/www.iemj.org\/wp-content\/uploads\/2020\/01\/cd_1447_04.mp3?_=3\" \/><a href=\"https:\/\/www.iemj.org\/wp-content\/uploads\/2020\/01\/cd_1447_04.mp3\">https:\/\/www.iemj.org\/wp-content\/uploads\/2020\/01\/cd_1447_04.mp3<\/a><\/audio>\n<p>05 &#8211; Cavale<\/p>\n<audio class=\"wp-audio-shortcode\" id=\"audio-54365-4\" preload=\"none\" style=\"width: 100%;\" controls=\"controls\"><source type=\"audio\/mpeg\" src=\"https:\/\/www.iemj.org\/wp-content\/uploads\/2020\/01\/cd_1447_05.mp3?_=4\" \/><a href=\"https:\/\/www.iemj.org\/wp-content\/uploads\/2020\/01\/cd_1447_05.mp3\">https:\/\/www.iemj.org\/wp-content\/uploads\/2020\/01\/cd_1447_05.mp3<\/a><\/audio>\n<p>06 &#8211; Fantaisie Roumaine<\/p>\n<audio class=\"wp-audio-shortcode\" id=\"audio-54365-5\" preload=\"none\" style=\"width: 100%;\" controls=\"controls\"><source type=\"audio\/mpeg\" src=\"https:\/\/www.iemj.org\/wp-content\/uploads\/2020\/01\/cd_1447_06.mp3?_=5\" \/><a href=\"https:\/\/www.iemj.org\/wp-content\/uploads\/2020\/01\/cd_1447_06.mp3\">https:\/\/www.iemj.org\/wp-content\/uploads\/2020\/01\/cd_1447_06.mp3<\/a><\/audio>\n<p>10 &#8211; Ciobanasul<\/p>\n<audio class=\"wp-audio-shortcode\" id=\"audio-54365-6\" preload=\"none\" style=\"width: 100%;\" controls=\"controls\"><source type=\"audio\/mpeg\" src=\"https:\/\/www.iemj.org\/wp-content\/uploads\/2020\/01\/cd_1447_10.mp3?_=6\" \/><a href=\"https:\/\/www.iemj.org\/wp-content\/uploads\/2020\/01\/cd_1447_10.mp3\">https:\/\/www.iemj.org\/wp-content\/uploads\/2020\/01\/cd_1447_10.mp3<\/a><\/audio>\n","protected":false},"excerpt":{"rendered":"<p id=\"tw-target-text\" class=\"tw-data-text tw-text-large tw-ta\" dir=\"ltr\" style=\"text-align: left;\">CD\u00a0of klezmer, gypsy and Romanian music with <strong>Marine Goldwaser<\/strong>, <strong>Mihai Trestia<\/strong>n and <strong>Adrian Iordan<\/strong><\/p>\n","protected":false},"featured_media":57596,"comment_status":"open","ping_status":"closed","template":"","meta":{"_acf_changed":false},"product_brand":[],"product_cat":[2294,1994,2293],"product_tag":[],"class_list":{"0":"post-54365","1":"product","2":"type-product","3":"status-publish","4":"has-post-thumbnail","6":"product_cat-andere-verlage-de","7":"product_cat-cd-de","8":"product_cat-klezmer-yiddish-en-en-de","10":"first","11":"outofstock","12":"shipping-taxable","13":"purchasable","14":"product-type-simple"},"acf":[],"yoast_head":"<!-- This site is optimized with the Yoast SEO plugin v27.3 - https:\/\/yoast.com\/product\/yoast-seo-wordpress\/ -->\n<title>Le Petit Mish-Mash - Before it was better - Institut Europ\u00e9en des Musiques Juives<\/title>\n<meta name=\"robots\" content=\"index, follow, max-snippet:-1, max-image-preview:large, max-video-preview:-1\" \/>\n<link rel=\"canonical\" href=\"https:\/\/www.iemj.org\/de\/produit\/le-petit-mish-mash-before-it-was-better\/\" \/>\n<meta property=\"og:locale\" content=\"de_DE\" \/>\n<meta property=\"og:type\" content=\"article\" \/>\n<meta property=\"og:title\" content=\"Le Petit Mish-Mash - Before it was better - Institut Europ\u00e9en des Musiques Juives\" \/>\n<meta property=\"og:description\" content=\"CD\u00a0of klezmer, gypsy and Romanian music with Marine Goldwaser, Mihai Trestian and Adrian Iordan\" \/>\n<meta property=\"og:url\" content=\"https:\/\/www.iemj.org\/de\/produit\/le-petit-mish-mash-before-it-was-better\/\" \/>\n<meta property=\"og:site_name\" content=\"Institut Europ\u00e9en des Musiques Juives\" \/>\n<meta property=\"article:publisher\" content=\"https:\/\/www.facebook.com\/MusiquesJuives\/\" \/>\n<meta property=\"article:modified_time\" content=\"2024-02-19T19:22:36+00:00\" \/>\n<meta property=\"og:image\" content=\"https:\/\/www.iemj.org\/wp-content\/uploads\/2020\/01\/COUV-CD-Petit-Mish-Mah.jpg\" \/>\n\t<meta property=\"og:image:width\" content=\"350\" \/>\n\t<meta property=\"og:image:height\" content=\"314\" \/>\n\t<meta property=\"og:image:type\" content=\"image\/jpeg\" \/>\n<meta name=\"twitter:card\" content=\"summary_large_image\" \/>\n<meta name=\"twitter:label1\" content=\"Gesch\u00e4tzte Lesezeit\" \/>\n\t<meta name=\"twitter:data1\" content=\"2\u00a0Minuten\" \/>\n<script type=\"application\/ld+json\" class=\"yoast-schema-graph\">{\"@context\":\"https:\\\/\\\/schema.org\",\"@graph\":[{\"@type\":\"WebPage\",\"@id\":\"https:\\\/\\\/www.iemj.org\\\/de\\\/produit\\\/le-petit-mish-mash-before-it-was-better\\\/\",\"url\":\"https:\\\/\\\/www.iemj.org\\\/de\\\/produit\\\/le-petit-mish-mash-before-it-was-better\\\/\",\"name\":\"Le Petit Mish-Mash - Before it was better - Institut Europ\u00e9en des Musiques Juives\",\"isPartOf\":{\"@id\":\"https:\\\/\\\/www.iemj.org\\\/de\\\/#website\"},\"primaryImageOfPage\":{\"@id\":\"https:\\\/\\\/www.iemj.org\\\/de\\\/produit\\\/le-petit-mish-mash-before-it-was-better\\\/#primaryimage\"},\"image\":{\"@id\":\"https:\\\/\\\/www.iemj.org\\\/de\\\/produit\\\/le-petit-mish-mash-before-it-was-better\\\/#primaryimage\"},\"thumbnailUrl\":\"https:\\\/\\\/www.iemj.org\\\/wp-content\\\/uploads\\\/2020\\\/01\\\/COUV-CD-Petit-Mish-Mah.jpg\",\"datePublished\":\"2020-01-30T16:34:07+00:00\",\"dateModified\":\"2024-02-19T19:22:36+00:00\",\"breadcrumb\":{\"@id\":\"https:\\\/\\\/www.iemj.org\\\/de\\\/produit\\\/le-petit-mish-mash-before-it-was-better\\\/#breadcrumb\"},\"inLanguage\":\"de\",\"potentialAction\":[{\"@type\":\"ReadAction\",\"target\":[\"https:\\\/\\\/www.iemj.org\\\/de\\\/produit\\\/le-petit-mish-mash-before-it-was-better\\\/\"]}]},{\"@type\":\"ImageObject\",\"inLanguage\":\"de\",\"@id\":\"https:\\\/\\\/www.iemj.org\\\/de\\\/produit\\\/le-petit-mish-mash-before-it-was-better\\\/#primaryimage\",\"url\":\"https:\\\/\\\/www.iemj.org\\\/wp-content\\\/uploads\\\/2020\\\/01\\\/COUV-CD-Petit-Mish-Mah.jpg\",\"contentUrl\":\"https:\\\/\\\/www.iemj.org\\\/wp-content\\\/uploads\\\/2020\\\/01\\\/COUV-CD-Petit-Mish-Mah.jpg\",\"width\":350,\"height\":314,\"caption\":\"COUV CD Petit Mish-Mah\"},{\"@type\":\"BreadcrumbList\",\"@id\":\"https:\\\/\\\/www.iemj.org\\\/de\\\/produit\\\/le-petit-mish-mash-before-it-was-better\\\/#breadcrumb\",\"itemListElement\":[{\"@type\":\"ListItem\",\"position\":1,\"name\":\"Accueil\",\"item\":\"https:\\\/\\\/www.iemj.org\\\/de\\\/\"},{\"@type\":\"ListItem\",\"position\":2,\"name\":\"Onlineshop\",\"item\":\"https:\\\/\\\/www.iemj.org\\\/de\\\/onlineshop\\\/\"},{\"@type\":\"ListItem\",\"position\":3,\"name\":\"Le Petit Mish-Mash &#8211; Before it was better\"}]},{\"@type\":\"WebSite\",\"@id\":\"https:\\\/\\\/www.iemj.org\\\/de\\\/#website\",\"url\":\"https:\\\/\\\/www.iemj.org\\\/de\\\/\",\"name\":\"Institut Europ\u00e9en des Musiques Juives\",\"description\":\"Des traditions musicales \u00e0 la port\u00e9e de tous\",\"publisher\":{\"@id\":\"https:\\\/\\\/www.iemj.org\\\/de\\\/#organization\"},\"potentialAction\":[{\"@type\":\"SearchAction\",\"target\":{\"@type\":\"EntryPoint\",\"urlTemplate\":\"https:\\\/\\\/www.iemj.org\\\/de\\\/?s={search_term_string}\"},\"query-input\":{\"@type\":\"PropertyValueSpecification\",\"valueRequired\":true,\"valueName\":\"search_term_string\"}}],\"inLanguage\":\"de\"},{\"@type\":\"Organization\",\"@id\":\"https:\\\/\\\/www.iemj.org\\\/de\\\/#organization\",\"name\":\"Institut Europ\u00e9en des Musiques Juives\",\"url\":\"https:\\\/\\\/www.iemj.org\\\/de\\\/\",\"logo\":{\"@type\":\"ImageObject\",\"inLanguage\":\"de\",\"@id\":\"https:\\\/\\\/www.iemj.org\\\/de\\\/#\\\/schema\\\/logo\\\/image\\\/\",\"url\":\"https:\\\/\\\/www.iemj.org\\\/wp-content\\\/uploads\\\/2021\\\/09\\\/Logo-IEMJ-Paypal.jpg\",\"contentUrl\":\"https:\\\/\\\/www.iemj.org\\\/wp-content\\\/uploads\\\/2021\\\/09\\\/Logo-IEMJ-Paypal.jpg\",\"width\":150,\"height\":50,\"caption\":\"Institut Europ\u00e9en des Musiques Juives\"},\"image\":{\"@id\":\"https:\\\/\\\/www.iemj.org\\\/de\\\/#\\\/schema\\\/logo\\\/image\\\/\"},\"sameAs\":[\"https:\\\/\\\/www.facebook.com\\\/MusiquesJuives\\\/\",\"https:\\\/\\\/www.instagram.com\\\/musiquesjuives\\\/\",\"https:\\\/\\\/www.youtube.com\\\/user\\\/musiquesjuives\"]}]}<\/script>\n<!-- \/ Yoast SEO plugin. -->","yoast_head_json":{"title":"Le Petit Mish-Mash - Before it was better - Institut Europ\u00e9en des Musiques Juives","robots":{"index":"index","follow":"follow","max-snippet":"max-snippet:-1","max-image-preview":"max-image-preview:large","max-video-preview":"max-video-preview:-1"},"canonical":"https:\/\/www.iemj.org\/de\/produit\/le-petit-mish-mash-before-it-was-better\/","og_locale":"de_DE","og_type":"article","og_title":"Le Petit Mish-Mash - Before it was better - Institut Europ\u00e9en des Musiques Juives","og_description":"CD\u00a0of klezmer, gypsy and Romanian music with Marine Goldwaser, Mihai Trestian and Adrian Iordan","og_url":"https:\/\/www.iemj.org\/de\/produit\/le-petit-mish-mash-before-it-was-better\/","og_site_name":"Institut Europ\u00e9en des Musiques Juives","article_publisher":"https:\/\/www.facebook.com\/MusiquesJuives\/","article_modified_time":"2024-02-19T19:22:36+00:00","og_image":[{"width":350,"height":314,"url":"https:\/\/www.iemj.org\/wp-content\/uploads\/2020\/01\/COUV-CD-Petit-Mish-Mah.jpg","type":"image\/jpeg"}],"twitter_card":"summary_large_image","twitter_misc":{"Gesch\u00e4tzte Lesezeit":"2\u00a0Minuten"},"schema":{"@context":"https:\/\/schema.org","@graph":[{"@type":"WebPage","@id":"https:\/\/www.iemj.org\/de\/produit\/le-petit-mish-mash-before-it-was-better\/","url":"https:\/\/www.iemj.org\/de\/produit\/le-petit-mish-mash-before-it-was-better\/","name":"Le Petit Mish-Mash - Before it was better - Institut Europ\u00e9en des Musiques Juives","isPartOf":{"@id":"https:\/\/www.iemj.org\/de\/#website"},"primaryImageOfPage":{"@id":"https:\/\/www.iemj.org\/de\/produit\/le-petit-mish-mash-before-it-was-better\/#primaryimage"},"image":{"@id":"https:\/\/www.iemj.org\/de\/produit\/le-petit-mish-mash-before-it-was-better\/#primaryimage"},"thumbnailUrl":"https:\/\/www.iemj.org\/wp-content\/uploads\/2020\/01\/COUV-CD-Petit-Mish-Mah.jpg","datePublished":"2020-01-30T16:34:07+00:00","dateModified":"2024-02-19T19:22:36+00:00","breadcrumb":{"@id":"https:\/\/www.iemj.org\/de\/produit\/le-petit-mish-mash-before-it-was-better\/#breadcrumb"},"inLanguage":"de","potentialAction":[{"@type":"ReadAction","target":["https:\/\/www.iemj.org\/de\/produit\/le-petit-mish-mash-before-it-was-better\/"]}]},{"@type":"ImageObject","inLanguage":"de","@id":"https:\/\/www.iemj.org\/de\/produit\/le-petit-mish-mash-before-it-was-better\/#primaryimage","url":"https:\/\/www.iemj.org\/wp-content\/uploads\/2020\/01\/COUV-CD-Petit-Mish-Mah.jpg","contentUrl":"https:\/\/www.iemj.org\/wp-content\/uploads\/2020\/01\/COUV-CD-Petit-Mish-Mah.jpg","width":350,"height":314,"caption":"COUV CD Petit Mish-Mah"},{"@type":"BreadcrumbList","@id":"https:\/\/www.iemj.org\/de\/produit\/le-petit-mish-mash-before-it-was-better\/#breadcrumb","itemListElement":[{"@type":"ListItem","position":1,"name":"Accueil","item":"https:\/\/www.iemj.org\/de\/"},{"@type":"ListItem","position":2,"name":"Onlineshop","item":"https:\/\/www.iemj.org\/de\/onlineshop\/"},{"@type":"ListItem","position":3,"name":"Le Petit Mish-Mash &#8211; Before it was better"}]},{"@type":"WebSite","@id":"https:\/\/www.iemj.org\/de\/#website","url":"https:\/\/www.iemj.org\/de\/","name":"Institut Europ\u00e9en des Musiques Juives","description":"Des traditions musicales \u00e0 la port\u00e9e de tous","publisher":{"@id":"https:\/\/www.iemj.org\/de\/#organization"},"potentialAction":[{"@type":"SearchAction","target":{"@type":"EntryPoint","urlTemplate":"https:\/\/www.iemj.org\/de\/?s={search_term_string}"},"query-input":{"@type":"PropertyValueSpecification","valueRequired":true,"valueName":"search_term_string"}}],"inLanguage":"de"},{"@type":"Organization","@id":"https:\/\/www.iemj.org\/de\/#organization","name":"Institut Europ\u00e9en des Musiques Juives","url":"https:\/\/www.iemj.org\/de\/","logo":{"@type":"ImageObject","inLanguage":"de","@id":"https:\/\/www.iemj.org\/de\/#\/schema\/logo\/image\/","url":"https:\/\/www.iemj.org\/wp-content\/uploads\/2021\/09\/Logo-IEMJ-Paypal.jpg","contentUrl":"https:\/\/www.iemj.org\/wp-content\/uploads\/2021\/09\/Logo-IEMJ-Paypal.jpg","width":150,"height":50,"caption":"Institut Europ\u00e9en des Musiques Juives"},"image":{"@id":"https:\/\/www.iemj.org\/de\/#\/schema\/logo\/image\/"},"sameAs":["https:\/\/www.facebook.com\/MusiquesJuives\/","https:\/\/www.instagram.com\/musiquesjuives\/","https:\/\/www.youtube.com\/user\/musiquesjuives"]}]}},"_links":{"self":[{"href":"https:\/\/www.iemj.org\/de\/wp-json\/wp\/v2\/product\/54365","targetHints":{"allow":["GET"]}}],"collection":[{"href":"https:\/\/www.iemj.org\/de\/wp-json\/wp\/v2\/product"}],"about":[{"href":"https:\/\/www.iemj.org\/de\/wp-json\/wp\/v2\/types\/product"}],"replies":[{"embeddable":true,"href":"https:\/\/www.iemj.org\/de\/wp-json\/wp\/v2\/comments?post=54365"}],"wp:featuredmedia":[{"embeddable":true,"href":"https:\/\/www.iemj.org\/de\/wp-json\/wp\/v2\/media\/57596"}],"wp:attachment":[{"href":"https:\/\/www.iemj.org\/de\/wp-json\/wp\/v2\/media?parent=54365"}],"wp:term":[{"taxonomy":"product_brand","embeddable":true,"href":"https:\/\/www.iemj.org\/de\/wp-json\/wp\/v2\/product_brand?post=54365"},{"taxonomy":"product_cat","embeddable":true,"href":"https:\/\/www.iemj.org\/de\/wp-json\/wp\/v2\/product_cat?post=54365"},{"taxonomy":"product_tag","embeddable":true,"href":"https:\/\/www.iemj.org\/de\/wp-json\/wp\/v2\/product_tag?post=54365"}],"curies":[{"name":"wp","href":"https:\/\/api.w.org\/{rel}","templated":true}]}}