{"id":56903,"date":"2015-02-28T11:40:46","date_gmt":"2015-02-28T10:40:46","guid":{"rendered":"https:\/\/www.iemj.org\/produit\/kol-nidre-huit-visions\/"},"modified":"2025-10-13T11:36:28","modified_gmt":"2025-10-13T09:36:28","slug":"kol-nidre-huit-visions","status":"publish","type":"product","link":"https:\/\/www.iemj.org\/de\/produit\/kol-nidre-huit-visions\/","title":{"rendered":"Kol Nidre &#8211; Huit visions"},"content":{"rendered":"<p>Extraits :<\/p>\n<p>01 &#8211; Kol nidre (Serge Kaufmann)<\/p>\n<audio class=\"wp-audio-shortcode\" id=\"audio-56903-1\" preload=\"none\" style=\"width: 100%;\" controls=\"controls\"><source type=\"audio\/mpeg\" src=\"https:\/\/www.iemj.org\/wp-content\/uploads\/2015\/02\/Kol-nidre-Serge-Kaufmann.mp3?_=1\" \/><a href=\"https:\/\/www.iemj.org\/wp-content\/uploads\/2015\/02\/Kol-nidre-Serge-Kaufmann.mp3\">https:\/\/www.iemj.org\/wp-content\/uploads\/2015\/02\/Kol-nidre-Serge-Kaufmann.mp3<\/a><\/audio>\n<p>04 &#8211; Kol nidre (Samuel David)<\/p>\n<audio class=\"wp-audio-shortcode\" id=\"audio-56903-2\" preload=\"none\" style=\"width: 100%;\" controls=\"controls\"><source type=\"audio\/mpeg\" src=\"https:\/\/www.iemj.org\/wp-content\/uploads\/2015\/02\/Kol-nidre-Samuel-David.mp3?_=2\" \/><a href=\"https:\/\/www.iemj.org\/wp-content\/uploads\/2015\/02\/Kol-nidre-Samuel-David.mp3\">https:\/\/www.iemj.org\/wp-content\/uploads\/2015\/02\/Kol-nidre-Samuel-David.mp3<\/a><\/audio>\n<p>10 &#8211; Cr\u00e9puscule du Kol nidre (Graziane Finzi)<\/p>\n<audio class=\"wp-audio-shortcode\" id=\"audio-56903-3\" preload=\"none\" style=\"width: 100%;\" controls=\"controls\"><source type=\"audio\/mpeg\" src=\"https:\/\/www.iemj.org\/wp-content\/uploads\/2015\/02\/Crepuscule-du-Kol-nidre-Graziane-Finzi.mp3?_=3\" \/><a href=\"https:\/\/www.iemj.org\/wp-content\/uploads\/2015\/02\/Crepuscule-du-Kol-nidre-Graziane-Finzi.mp3\">https:\/\/www.iemj.org\/wp-content\/uploads\/2015\/02\/Crepuscule-du-Kol-nidre-Graziane-Finzi.mp3<\/a><\/audio>\n<p>11 &#8211; Kol nidre (Itai Daniel)<\/p>\n<audio class=\"wp-audio-shortcode\" id=\"audio-56903-4\" preload=\"none\" style=\"width: 100%;\" controls=\"controls\"><source type=\"audio\/mpeg\" src=\"https:\/\/www.iemj.org\/wp-content\/uploads\/2015\/02\/Kol-nidre-Itai-Daniel.mp3?_=4\" \/><a href=\"https:\/\/www.iemj.org\/wp-content\/uploads\/2015\/02\/Kol-nidre-Itai-Daniel.mp3\">https:\/\/www.iemj.org\/wp-content\/uploads\/2015\/02\/Kol-nidre-Itai-Daniel.mp3<\/a><\/audio>\n","protected":false},"excerpt":{"rendered":"<p>The traditional melody prayer of Kol Nidrei has always been a source of fascination in Ashkenazi communities. The beauty of its melody has inspired numerous composers who offer us here their vision of this mystical prayer.<\/p>\n","protected":false},"featured_media":56831,"comment_status":"open","ping_status":"closed","template":"","meta":{"_acf_changed":false},"product_brand":[],"product_cat":[1994,2303,2320,2310],"product_tag":[],"class_list":{"0":"post-56903","1":"product","2":"type-product","3":"status-publish","4":"has-post-thumbnail","6":"product_cat-cd-de","7":"product_cat-editionen-des-iemj-de","8":"product_cat-liturgisch-cd-de","9":"product_cat-sammlung-pmjf","10":"pa_musique-downloadbares-album","11":"pa_musique-physikalisches-album","13":"first","14":"instock","15":"shipping-taxable","16":"purchasable","17":"product-type-variable"},"acf":[],"yoast_head":"<!-- This site is optimized with the Yoast SEO plugin v27.3 - https:\/\/yoast.com\/product\/yoast-seo-wordpress\/ -->\n<title>Kol Nidre - Huit visions - Institut Europ\u00e9en des Musiques Juives<\/title>\n<meta name=\"robots\" content=\"index, follow, max-snippet:-1, max-image-preview:large, max-video-preview:-1\" \/>\n<link rel=\"canonical\" href=\"https:\/\/www.iemj.org\/de\/produit\/kol-nidre-huit-visions\/\" \/>\n<meta property=\"og:locale\" content=\"de_DE\" \/>\n<meta property=\"og:type\" content=\"article\" \/>\n<meta property=\"og:title\" content=\"Kol Nidre - Huit visions - Institut Europ\u00e9en des Musiques Juives\" \/>\n<meta property=\"og:description\" content=\"The traditional melody prayer of Kol Nidrei has always been a source of fascination in Ashkenazi communities. The beauty of its melody has inspired numerous composers who offer us here their vision of this mystical prayer.\" \/>\n<meta property=\"og:url\" content=\"https:\/\/www.iemj.org\/de\/produit\/kol-nidre-huit-visions\/\" \/>\n<meta property=\"og:site_name\" content=\"Institut Europ\u00e9en des Musiques Juives\" \/>\n<meta property=\"article:publisher\" content=\"https:\/\/www.facebook.com\/MusiquesJuives\/\" \/>\n<meta property=\"article:modified_time\" content=\"2025-10-13T09:36:28+00:00\" \/>\n<meta property=\"og:image\" content=\"https:\/\/www.iemj.org\/wp-content\/uploads\/2021\/07\/CD-PMJF-9.jpg\" \/>\n\t<meta property=\"og:image:width\" content=\"350\" \/>\n\t<meta property=\"og:image:height\" content=\"350\" \/>\n\t<meta property=\"og:image:type\" content=\"image\/jpeg\" \/>\n<meta name=\"twitter:card\" content=\"summary_large_image\" \/>\n<script type=\"application\/ld+json\" class=\"yoast-schema-graph\">{\"@context\":\"https:\\\/\\\/schema.org\",\"@graph\":[{\"@type\":\"WebPage\",\"@id\":\"https:\\\/\\\/www.iemj.org\\\/de\\\/produit\\\/kol-nidre-huit-visions\\\/\",\"url\":\"https:\\\/\\\/www.iemj.org\\\/de\\\/produit\\\/kol-nidre-huit-visions\\\/\",\"name\":\"Kol Nidre - Huit visions - Institut Europ\u00e9en des Musiques Juives\",\"isPartOf\":{\"@id\":\"https:\\\/\\\/www.iemj.org\\\/de\\\/#website\"},\"primaryImageOfPage\":{\"@id\":\"https:\\\/\\\/www.iemj.org\\\/de\\\/produit\\\/kol-nidre-huit-visions\\\/#primaryimage\"},\"image\":{\"@id\":\"https:\\\/\\\/www.iemj.org\\\/de\\\/produit\\\/kol-nidre-huit-visions\\\/#primaryimage\"},\"thumbnailUrl\":\"https:\\\/\\\/www.iemj.org\\\/wp-content\\\/uploads\\\/2021\\\/07\\\/CD-PMJF-9.jpg\",\"datePublished\":\"2015-02-28T10:40:46+00:00\",\"dateModified\":\"2025-10-13T09:36:28+00:00\",\"breadcrumb\":{\"@id\":\"https:\\\/\\\/www.iemj.org\\\/de\\\/produit\\\/kol-nidre-huit-visions\\\/#breadcrumb\"},\"inLanguage\":\"de\",\"potentialAction\":[{\"@type\":\"ReadAction\",\"target\":[\"https:\\\/\\\/www.iemj.org\\\/de\\\/produit\\\/kol-nidre-huit-visions\\\/\"]}]},{\"@type\":\"ImageObject\",\"inLanguage\":\"de\",\"@id\":\"https:\\\/\\\/www.iemj.org\\\/de\\\/produit\\\/kol-nidre-huit-visions\\\/#primaryimage\",\"url\":\"https:\\\/\\\/www.iemj.org\\\/wp-content\\\/uploads\\\/2021\\\/07\\\/CD-PMJF-9.jpg\",\"contentUrl\":\"https:\\\/\\\/www.iemj.org\\\/wp-content\\\/uploads\\\/2021\\\/07\\\/CD-PMJF-9.jpg\",\"width\":350,\"height\":350,\"caption\":\"COUV CD PMJF 9 - Kol Nidre-Huit visions\"},{\"@type\":\"BreadcrumbList\",\"@id\":\"https:\\\/\\\/www.iemj.org\\\/de\\\/produit\\\/kol-nidre-huit-visions\\\/#breadcrumb\",\"itemListElement\":[{\"@type\":\"ListItem\",\"position\":1,\"name\":\"Accueil\",\"item\":\"https:\\\/\\\/www.iemj.org\\\/de\\\/\"},{\"@type\":\"ListItem\",\"position\":2,\"name\":\"Onlineshop\",\"item\":\"https:\\\/\\\/www.iemj.org\\\/de\\\/onlineshop\\\/\"},{\"@type\":\"ListItem\",\"position\":3,\"name\":\"Kol Nidre &#8211; Huit visions\"}]},{\"@type\":\"WebSite\",\"@id\":\"https:\\\/\\\/www.iemj.org\\\/de\\\/#website\",\"url\":\"https:\\\/\\\/www.iemj.org\\\/de\\\/\",\"name\":\"Institut Europ\u00e9en des Musiques Juives\",\"description\":\"Des traditions musicales \u00e0 la port\u00e9e de tous\",\"publisher\":{\"@id\":\"https:\\\/\\\/www.iemj.org\\\/de\\\/#organization\"},\"potentialAction\":[{\"@type\":\"SearchAction\",\"target\":{\"@type\":\"EntryPoint\",\"urlTemplate\":\"https:\\\/\\\/www.iemj.org\\\/de\\\/?s={search_term_string}\"},\"query-input\":{\"@type\":\"PropertyValueSpecification\",\"valueRequired\":true,\"valueName\":\"search_term_string\"}}],\"inLanguage\":\"de\"},{\"@type\":\"Organization\",\"@id\":\"https:\\\/\\\/www.iemj.org\\\/de\\\/#organization\",\"name\":\"Institut Europ\u00e9en des Musiques Juives\",\"url\":\"https:\\\/\\\/www.iemj.org\\\/de\\\/\",\"logo\":{\"@type\":\"ImageObject\",\"inLanguage\":\"de\",\"@id\":\"https:\\\/\\\/www.iemj.org\\\/de\\\/#\\\/schema\\\/logo\\\/image\\\/\",\"url\":\"https:\\\/\\\/www.iemj.org\\\/wp-content\\\/uploads\\\/2021\\\/09\\\/Logo-IEMJ-Paypal.jpg\",\"contentUrl\":\"https:\\\/\\\/www.iemj.org\\\/wp-content\\\/uploads\\\/2021\\\/09\\\/Logo-IEMJ-Paypal.jpg\",\"width\":150,\"height\":50,\"caption\":\"Institut Europ\u00e9en des Musiques Juives\"},\"image\":{\"@id\":\"https:\\\/\\\/www.iemj.org\\\/de\\\/#\\\/schema\\\/logo\\\/image\\\/\"},\"sameAs\":[\"https:\\\/\\\/www.facebook.com\\\/MusiquesJuives\\\/\",\"https:\\\/\\\/www.instagram.com\\\/musiquesjuives\\\/\",\"https:\\\/\\\/www.youtube.com\\\/user\\\/musiquesjuives\"]}]}<\/script>\n<!-- \/ Yoast SEO plugin. -->","yoast_head_json":{"title":"Kol Nidre - Huit visions - Institut Europ\u00e9en des Musiques Juives","robots":{"index":"index","follow":"follow","max-snippet":"max-snippet:-1","max-image-preview":"max-image-preview:large","max-video-preview":"max-video-preview:-1"},"canonical":"https:\/\/www.iemj.org\/de\/produit\/kol-nidre-huit-visions\/","og_locale":"de_DE","og_type":"article","og_title":"Kol Nidre - Huit visions - Institut Europ\u00e9en des Musiques Juives","og_description":"The traditional melody prayer of Kol Nidrei has always been a source of fascination in Ashkenazi communities. The beauty of its melody has inspired numerous composers who offer us here their vision of this mystical prayer.","og_url":"https:\/\/www.iemj.org\/de\/produit\/kol-nidre-huit-visions\/","og_site_name":"Institut Europ\u00e9en des Musiques Juives","article_publisher":"https:\/\/www.facebook.com\/MusiquesJuives\/","article_modified_time":"2025-10-13T09:36:28+00:00","og_image":[{"width":350,"height":350,"url":"https:\/\/www.iemj.org\/wp-content\/uploads\/2021\/07\/CD-PMJF-9.jpg","type":"image\/jpeg"}],"twitter_card":"summary_large_image","schema":{"@context":"https:\/\/schema.org","@graph":[{"@type":"WebPage","@id":"https:\/\/www.iemj.org\/de\/produit\/kol-nidre-huit-visions\/","url":"https:\/\/www.iemj.org\/de\/produit\/kol-nidre-huit-visions\/","name":"Kol Nidre - Huit visions - Institut Europ\u00e9en des Musiques Juives","isPartOf":{"@id":"https:\/\/www.iemj.org\/de\/#website"},"primaryImageOfPage":{"@id":"https:\/\/www.iemj.org\/de\/produit\/kol-nidre-huit-visions\/#primaryimage"},"image":{"@id":"https:\/\/www.iemj.org\/de\/produit\/kol-nidre-huit-visions\/#primaryimage"},"thumbnailUrl":"https:\/\/www.iemj.org\/wp-content\/uploads\/2021\/07\/CD-PMJF-9.jpg","datePublished":"2015-02-28T10:40:46+00:00","dateModified":"2025-10-13T09:36:28+00:00","breadcrumb":{"@id":"https:\/\/www.iemj.org\/de\/produit\/kol-nidre-huit-visions\/#breadcrumb"},"inLanguage":"de","potentialAction":[{"@type":"ReadAction","target":["https:\/\/www.iemj.org\/de\/produit\/kol-nidre-huit-visions\/"]}]},{"@type":"ImageObject","inLanguage":"de","@id":"https:\/\/www.iemj.org\/de\/produit\/kol-nidre-huit-visions\/#primaryimage","url":"https:\/\/www.iemj.org\/wp-content\/uploads\/2021\/07\/CD-PMJF-9.jpg","contentUrl":"https:\/\/www.iemj.org\/wp-content\/uploads\/2021\/07\/CD-PMJF-9.jpg","width":350,"height":350,"caption":"COUV CD PMJF 9 - Kol Nidre-Huit visions"},{"@type":"BreadcrumbList","@id":"https:\/\/www.iemj.org\/de\/produit\/kol-nidre-huit-visions\/#breadcrumb","itemListElement":[{"@type":"ListItem","position":1,"name":"Accueil","item":"https:\/\/www.iemj.org\/de\/"},{"@type":"ListItem","position":2,"name":"Onlineshop","item":"https:\/\/www.iemj.org\/de\/onlineshop\/"},{"@type":"ListItem","position":3,"name":"Kol Nidre &#8211; Huit visions"}]},{"@type":"WebSite","@id":"https:\/\/www.iemj.org\/de\/#website","url":"https:\/\/www.iemj.org\/de\/","name":"Institut Europ\u00e9en des Musiques Juives","description":"Des traditions musicales \u00e0 la port\u00e9e de tous","publisher":{"@id":"https:\/\/www.iemj.org\/de\/#organization"},"potentialAction":[{"@type":"SearchAction","target":{"@type":"EntryPoint","urlTemplate":"https:\/\/www.iemj.org\/de\/?s={search_term_string}"},"query-input":{"@type":"PropertyValueSpecification","valueRequired":true,"valueName":"search_term_string"}}],"inLanguage":"de"},{"@type":"Organization","@id":"https:\/\/www.iemj.org\/de\/#organization","name":"Institut Europ\u00e9en des Musiques Juives","url":"https:\/\/www.iemj.org\/de\/","logo":{"@type":"ImageObject","inLanguage":"de","@id":"https:\/\/www.iemj.org\/de\/#\/schema\/logo\/image\/","url":"https:\/\/www.iemj.org\/wp-content\/uploads\/2021\/09\/Logo-IEMJ-Paypal.jpg","contentUrl":"https:\/\/www.iemj.org\/wp-content\/uploads\/2021\/09\/Logo-IEMJ-Paypal.jpg","width":150,"height":50,"caption":"Institut Europ\u00e9en des Musiques Juives"},"image":{"@id":"https:\/\/www.iemj.org\/de\/#\/schema\/logo\/image\/"},"sameAs":["https:\/\/www.facebook.com\/MusiquesJuives\/","https:\/\/www.instagram.com\/musiquesjuives\/","https:\/\/www.youtube.com\/user\/musiquesjuives"]}]}},"_links":{"self":[{"href":"https:\/\/www.iemj.org\/de\/wp-json\/wp\/v2\/product\/56903","targetHints":{"allow":["GET"]}}],"collection":[{"href":"https:\/\/www.iemj.org\/de\/wp-json\/wp\/v2\/product"}],"about":[{"href":"https:\/\/www.iemj.org\/de\/wp-json\/wp\/v2\/types\/product"}],"replies":[{"embeddable":true,"href":"https:\/\/www.iemj.org\/de\/wp-json\/wp\/v2\/comments?post=56903"}],"wp:featuredmedia":[{"embeddable":true,"href":"https:\/\/www.iemj.org\/de\/wp-json\/wp\/v2\/media\/56831"}],"wp:attachment":[{"href":"https:\/\/www.iemj.org\/de\/wp-json\/wp\/v2\/media?parent=56903"}],"wp:term":[{"taxonomy":"product_brand","embeddable":true,"href":"https:\/\/www.iemj.org\/de\/wp-json\/wp\/v2\/product_brand?post=56903"},{"taxonomy":"product_cat","embeddable":true,"href":"https:\/\/www.iemj.org\/de\/wp-json\/wp\/v2\/product_cat?post=56903"},{"taxonomy":"product_tag","embeddable":true,"href":"https:\/\/www.iemj.org\/de\/wp-json\/wp\/v2\/product_tag?post=56903"}],"curies":[{"name":"wp","href":"https:\/\/api.w.org\/{rel}","templated":true}]}}