{"id":57407,"date":"2019-11-20T15:46:33","date_gmt":"2019-11-20T14:46:33","guid":{"rendered":"https:\/\/www.iemj.org\/produit\/atlantidish\/"},"modified":"2024-05-28T10:56:38","modified_gmt":"2024-05-28T08:56:38","slug":"atlantidish","status":"publish","type":"product","link":"https:\/\/www.iemj.org\/de\/produit\/atlantidish\/","title":{"rendered":"Atlantidish"},"content":{"rendered":"<p>Yiddishland is our Atlantis, and Itzik Manger was its greatest troubadour. This album saw light on the 50th anniversary of the poet&#8217;s death. The heroine of the album is Manger&#8217;s favorite creature, an enchanted bird called the Golden Peacock &#8211; di Goldene Pave. In Yiddish &#8222;Pave&#8220; is feminine; in an ancient folk song, a young woman mourns her unhappy marriage and compares herself to a golden peacock, who lost her golden feather in a foreign land. In East European Jewish poetics, this image became a symbol of dreaming of happiness and beauty, and in Manger&#8217;s poems the Golden Peacock in flight is the embodiment of poetic inspiration.<\/p>\n<p>Thus Phoenix, the pagan firebird, became a symbol of Yiddish poetry.<\/p>\n<p>ln Hebrew Phoenix is called &#8222;Hol&#8220;. The midrash interprets a verse from the Book of Job as referring to the Phoenix :&#8220;A bird called Hol, and no death was decreed upon it, as it did not taste the fruit of the Tree of Knowledge&#8220; \u2026<\/p>\n<p>Let us hope that this will also be the fate of Yiddish poetry &#8230;<\/p>\n<p>Extraits:<\/p>\n<p>01 &#8211; The Golden Peacok<\/p>\n<audio class=\"wp-audio-shortcode\" id=\"audio-57407-1\" preload=\"none\" style=\"width: 100%;\" controls=\"controls\"><source type=\"audio\/mpeg\" src=\"https:\/\/www.iemj.org\/wp-content\/uploads\/2019\/11\/01-the_golden_peacok.mp3?_=1\" \/><a href=\"https:\/\/www.iemj.org\/wp-content\/uploads\/2019\/11\/01-the_golden_peacok.mp3\">https:\/\/www.iemj.org\/wp-content\/uploads\/2019\/11\/01-the_golden_peacok.mp3<\/a><\/audio>\n<p>02 &#8211; Lovely Linden<\/p>\n<audio class=\"wp-audio-shortcode\" id=\"audio-57407-2\" preload=\"none\" style=\"width: 100%;\" controls=\"controls\"><source type=\"audio\/mpeg\" src=\"https:\/\/www.iemj.org\/wp-content\/uploads\/2019\/11\/02-lovely_linden.mp3?_=2\" \/><a href=\"https:\/\/www.iemj.org\/wp-content\/uploads\/2019\/11\/02-lovely_linden.mp3\">https:\/\/www.iemj.org\/wp-content\/uploads\/2019\/11\/02-lovely_linden.mp3<\/a><\/audio>\n<p>03 &#8211; The Tailor-Apprentice is singing<\/p>\n<audio class=\"wp-audio-shortcode\" id=\"audio-57407-3\" preload=\"none\" style=\"width: 100%;\" controls=\"controls\"><source type=\"audio\/mpeg\" src=\"https:\/\/www.iemj.org\/wp-content\/uploads\/2019\/11\/03-the_tailor-apprentice_is_singing.mp3?_=3\" \/><a href=\"https:\/\/www.iemj.org\/wp-content\/uploads\/2019\/11\/03-the_tailor-apprentice_is_singing.mp3\">https:\/\/www.iemj.org\/wp-content\/uploads\/2019\/11\/03-the_tailor-apprentice_is_singing.mp3<\/a><\/audio>\n<p>04 &#8211; A letter from Velvl Zbarzher to Malkele the Beautiful<\/p>\n<audio class=\"wp-audio-shortcode\" id=\"audio-57407-4\" preload=\"none\" style=\"width: 100%;\" controls=\"controls\"><source type=\"audio\/mpeg\" src=\"https:\/\/www.iemj.org\/wp-content\/uploads\/2019\/11\/04-a_letter_from_velvl_zbarzher_to_malkele_the_beautiful.mp3?_=4\" \/><a href=\"https:\/\/www.iemj.org\/wp-content\/uploads\/2019\/11\/04-a_letter_from_velvl_zbarzher_to_malkele_the_beautiful.mp3\">https:\/\/www.iemj.org\/wp-content\/uploads\/2019\/11\/04-a_letter_from_velvl_zbarzher_to_malkele_the_beautiful.mp3<\/a><\/audio>\n<p>05 &#8211; From the Village Nearby<\/p>\n<audio class=\"wp-audio-shortcode\" id=\"audio-57407-5\" preload=\"none\" style=\"width: 100%;\" controls=\"controls\"><source type=\"audio\/mpeg\" src=\"https:\/\/www.iemj.org\/wp-content\/uploads\/2019\/11\/05-from_the_village_nearby.mp3?_=5\" \/><a href=\"https:\/\/www.iemj.org\/wp-content\/uploads\/2019\/11\/05-from_the_village_nearby.mp3\">https:\/\/www.iemj.org\/wp-content\/uploads\/2019\/11\/05-from_the_village_nearby.mp3<\/a><\/audio>\n<p>06 &#8211; The Golden Peacok has flown our way&#8230;<\/p>\n<audio class=\"wp-audio-shortcode\" id=\"audio-57407-6\" preload=\"none\" style=\"width: 100%;\" controls=\"controls\"><source type=\"audio\/mpeg\" src=\"https:\/\/www.iemj.org\/wp-content\/uploads\/2019\/11\/06-the_golden_peacok_has_flown_our_way.mp3?_=6\" \/><a href=\"https:\/\/www.iemj.org\/wp-content\/uploads\/2019\/11\/06-the_golden_peacok_has_flown_our_way.mp3\">https:\/\/www.iemj.org\/wp-content\/uploads\/2019\/11\/06-the_golden_peacok_has_flown_our_way.mp3<\/a><\/audio>\n<p>07 &#8211; Sea Songs<\/p>\n<audio class=\"wp-audio-shortcode\" id=\"audio-57407-7\" preload=\"none\" style=\"width: 100%;\" controls=\"controls\"><source type=\"audio\/mpeg\" src=\"https:\/\/www.iemj.org\/wp-content\/uploads\/2019\/11\/07-sea_songs.mp3?_=7\" \/><a href=\"https:\/\/www.iemj.org\/wp-content\/uploads\/2019\/11\/07-sea_songs.mp3\">https:\/\/www.iemj.org\/wp-content\/uploads\/2019\/11\/07-sea_songs.mp3<\/a><\/audio>\n","protected":false},"excerpt":{"rendered":"<p><strong>ATLANTIDISH<\/strong> &#8211; Yiddishland is our Atlantis, and Itzik Manger was its greatest troubadour. This album saw light on the 50th anniversary of the poet&#8217;s death<\/p>\n","protected":false},"featured_media":57616,"comment_status":"open","ping_status":"closed","template":"","meta":{"_acf_changed":false},"product_brand":[],"product_cat":[2294,1994,2293],"product_tag":[],"class_list":{"0":"post-57407","1":"product","2":"type-product","3":"status-publish","4":"has-post-thumbnail","6":"product_cat-andere-verlage-de","7":"product_cat-cd-de","8":"product_cat-klezmer-yiddish-en-en-de","10":"first","11":"instock","12":"shipping-taxable","13":"purchasable","14":"product-type-simple"},"acf":[],"yoast_head":"<!-- This site is optimized with the Yoast SEO plugin v27.3 - https:\/\/yoast.com\/product\/yoast-seo-wordpress\/ -->\n<title>Atlantidish - Institut Europ\u00e9en des Musiques Juives<\/title>\n<meta name=\"robots\" content=\"index, follow, max-snippet:-1, max-image-preview:large, max-video-preview:-1\" \/>\n<link rel=\"canonical\" href=\"https:\/\/www.iemj.org\/de\/produit\/atlantidish\/\" \/>\n<meta property=\"og:locale\" content=\"de_DE\" \/>\n<meta property=\"og:type\" content=\"article\" \/>\n<meta property=\"og:title\" content=\"Atlantidish - Institut Europ\u00e9en des Musiques Juives\" \/>\n<meta property=\"og:description\" content=\"ATLANTIDISH - Yiddishland is our Atlantis, and Itzik Manger was its greatest troubadour. This album saw light on the 50th anniversary of the poet&#039;s death\" \/>\n<meta property=\"og:url\" content=\"https:\/\/www.iemj.org\/de\/produit\/atlantidish\/\" \/>\n<meta property=\"og:site_name\" content=\"Institut Europ\u00e9en des Musiques Juives\" \/>\n<meta property=\"article:publisher\" content=\"https:\/\/www.facebook.com\/MusiquesJuives\/\" \/>\n<meta property=\"article:modified_time\" content=\"2024-05-28T08:56:38+00:00\" \/>\n<meta property=\"og:image\" content=\"https:\/\/www.iemj.org\/wp-content\/uploads\/2019\/11\/COUV-CD-Atlantidish.jpg\" \/>\n\t<meta property=\"og:image:width\" content=\"350\" \/>\n\t<meta property=\"og:image:height\" content=\"314\" \/>\n\t<meta property=\"og:image:type\" content=\"image\/jpeg\" \/>\n<meta name=\"twitter:card\" content=\"summary_large_image\" \/>\n<meta name=\"twitter:label1\" content=\"Gesch\u00e4tzte Lesezeit\" \/>\n\t<meta name=\"twitter:data1\" content=\"2\u00a0Minuten\" \/>\n<script type=\"application\/ld+json\" class=\"yoast-schema-graph\">{\"@context\":\"https:\\\/\\\/schema.org\",\"@graph\":[{\"@type\":\"WebPage\",\"@id\":\"https:\\\/\\\/www.iemj.org\\\/de\\\/produit\\\/atlantidish\\\/\",\"url\":\"https:\\\/\\\/www.iemj.org\\\/de\\\/produit\\\/atlantidish\\\/\",\"name\":\"Atlantidish - Institut Europ\u00e9en des Musiques Juives\",\"isPartOf\":{\"@id\":\"https:\\\/\\\/www.iemj.org\\\/de\\\/#website\"},\"primaryImageOfPage\":{\"@id\":\"https:\\\/\\\/www.iemj.org\\\/de\\\/produit\\\/atlantidish\\\/#primaryimage\"},\"image\":{\"@id\":\"https:\\\/\\\/www.iemj.org\\\/de\\\/produit\\\/atlantidish\\\/#primaryimage\"},\"thumbnailUrl\":\"https:\\\/\\\/www.iemj.org\\\/wp-content\\\/uploads\\\/2019\\\/11\\\/COUV-CD-Atlantidish.jpg\",\"datePublished\":\"2019-11-20T14:46:33+00:00\",\"dateModified\":\"2024-05-28T08:56:38+00:00\",\"breadcrumb\":{\"@id\":\"https:\\\/\\\/www.iemj.org\\\/de\\\/produit\\\/atlantidish\\\/#breadcrumb\"},\"inLanguage\":\"de\",\"potentialAction\":[{\"@type\":\"ReadAction\",\"target\":[\"https:\\\/\\\/www.iemj.org\\\/de\\\/produit\\\/atlantidish\\\/\"]}]},{\"@type\":\"ImageObject\",\"inLanguage\":\"de\",\"@id\":\"https:\\\/\\\/www.iemj.org\\\/de\\\/produit\\\/atlantidish\\\/#primaryimage\",\"url\":\"https:\\\/\\\/www.iemj.org\\\/wp-content\\\/uploads\\\/2019\\\/11\\\/COUV-CD-Atlantidish.jpg\",\"contentUrl\":\"https:\\\/\\\/www.iemj.org\\\/wp-content\\\/uploads\\\/2019\\\/11\\\/COUV-CD-Atlantidish.jpg\",\"width\":350,\"height\":314,\"caption\":\"COUV CD Atlantidish\"},{\"@type\":\"BreadcrumbList\",\"@id\":\"https:\\\/\\\/www.iemj.org\\\/de\\\/produit\\\/atlantidish\\\/#breadcrumb\",\"itemListElement\":[{\"@type\":\"ListItem\",\"position\":1,\"name\":\"Accueil\",\"item\":\"https:\\\/\\\/www.iemj.org\\\/de\\\/\"},{\"@type\":\"ListItem\",\"position\":2,\"name\":\"Onlineshop\",\"item\":\"https:\\\/\\\/www.iemj.org\\\/de\\\/onlineshop\\\/\"},{\"@type\":\"ListItem\",\"position\":3,\"name\":\"Atlantidish\"}]},{\"@type\":\"WebSite\",\"@id\":\"https:\\\/\\\/www.iemj.org\\\/de\\\/#website\",\"url\":\"https:\\\/\\\/www.iemj.org\\\/de\\\/\",\"name\":\"Institut Europ\u00e9en des Musiques Juives\",\"description\":\"Des traditions musicales \u00e0 la port\u00e9e de tous\",\"publisher\":{\"@id\":\"https:\\\/\\\/www.iemj.org\\\/de\\\/#organization\"},\"potentialAction\":[{\"@type\":\"SearchAction\",\"target\":{\"@type\":\"EntryPoint\",\"urlTemplate\":\"https:\\\/\\\/www.iemj.org\\\/de\\\/?s={search_term_string}\"},\"query-input\":{\"@type\":\"PropertyValueSpecification\",\"valueRequired\":true,\"valueName\":\"search_term_string\"}}],\"inLanguage\":\"de\"},{\"@type\":\"Organization\",\"@id\":\"https:\\\/\\\/www.iemj.org\\\/de\\\/#organization\",\"name\":\"Institut Europ\u00e9en des Musiques Juives\",\"url\":\"https:\\\/\\\/www.iemj.org\\\/de\\\/\",\"logo\":{\"@type\":\"ImageObject\",\"inLanguage\":\"de\",\"@id\":\"https:\\\/\\\/www.iemj.org\\\/de\\\/#\\\/schema\\\/logo\\\/image\\\/\",\"url\":\"https:\\\/\\\/www.iemj.org\\\/wp-content\\\/uploads\\\/2021\\\/09\\\/Logo-IEMJ-Paypal.jpg\",\"contentUrl\":\"https:\\\/\\\/www.iemj.org\\\/wp-content\\\/uploads\\\/2021\\\/09\\\/Logo-IEMJ-Paypal.jpg\",\"width\":150,\"height\":50,\"caption\":\"Institut Europ\u00e9en des Musiques Juives\"},\"image\":{\"@id\":\"https:\\\/\\\/www.iemj.org\\\/de\\\/#\\\/schema\\\/logo\\\/image\\\/\"},\"sameAs\":[\"https:\\\/\\\/www.facebook.com\\\/MusiquesJuives\\\/\",\"https:\\\/\\\/www.instagram.com\\\/musiquesjuives\\\/\",\"https:\\\/\\\/www.youtube.com\\\/user\\\/musiquesjuives\"]}]}<\/script>\n<!-- \/ Yoast SEO plugin. -->","yoast_head_json":{"title":"Atlantidish - Institut Europ\u00e9en des Musiques Juives","robots":{"index":"index","follow":"follow","max-snippet":"max-snippet:-1","max-image-preview":"max-image-preview:large","max-video-preview":"max-video-preview:-1"},"canonical":"https:\/\/www.iemj.org\/de\/produit\/atlantidish\/","og_locale":"de_DE","og_type":"article","og_title":"Atlantidish - Institut Europ\u00e9en des Musiques Juives","og_description":"ATLANTIDISH - Yiddishland is our Atlantis, and Itzik Manger was its greatest troubadour. This album saw light on the 50th anniversary of the poet's death","og_url":"https:\/\/www.iemj.org\/de\/produit\/atlantidish\/","og_site_name":"Institut Europ\u00e9en des Musiques Juives","article_publisher":"https:\/\/www.facebook.com\/MusiquesJuives\/","article_modified_time":"2024-05-28T08:56:38+00:00","og_image":[{"width":350,"height":314,"url":"https:\/\/www.iemj.org\/wp-content\/uploads\/2019\/11\/COUV-CD-Atlantidish.jpg","type":"image\/jpeg"}],"twitter_card":"summary_large_image","twitter_misc":{"Gesch\u00e4tzte Lesezeit":"2\u00a0Minuten"},"schema":{"@context":"https:\/\/schema.org","@graph":[{"@type":"WebPage","@id":"https:\/\/www.iemj.org\/de\/produit\/atlantidish\/","url":"https:\/\/www.iemj.org\/de\/produit\/atlantidish\/","name":"Atlantidish - Institut Europ\u00e9en des Musiques Juives","isPartOf":{"@id":"https:\/\/www.iemj.org\/de\/#website"},"primaryImageOfPage":{"@id":"https:\/\/www.iemj.org\/de\/produit\/atlantidish\/#primaryimage"},"image":{"@id":"https:\/\/www.iemj.org\/de\/produit\/atlantidish\/#primaryimage"},"thumbnailUrl":"https:\/\/www.iemj.org\/wp-content\/uploads\/2019\/11\/COUV-CD-Atlantidish.jpg","datePublished":"2019-11-20T14:46:33+00:00","dateModified":"2024-05-28T08:56:38+00:00","breadcrumb":{"@id":"https:\/\/www.iemj.org\/de\/produit\/atlantidish\/#breadcrumb"},"inLanguage":"de","potentialAction":[{"@type":"ReadAction","target":["https:\/\/www.iemj.org\/de\/produit\/atlantidish\/"]}]},{"@type":"ImageObject","inLanguage":"de","@id":"https:\/\/www.iemj.org\/de\/produit\/atlantidish\/#primaryimage","url":"https:\/\/www.iemj.org\/wp-content\/uploads\/2019\/11\/COUV-CD-Atlantidish.jpg","contentUrl":"https:\/\/www.iemj.org\/wp-content\/uploads\/2019\/11\/COUV-CD-Atlantidish.jpg","width":350,"height":314,"caption":"COUV CD Atlantidish"},{"@type":"BreadcrumbList","@id":"https:\/\/www.iemj.org\/de\/produit\/atlantidish\/#breadcrumb","itemListElement":[{"@type":"ListItem","position":1,"name":"Accueil","item":"https:\/\/www.iemj.org\/de\/"},{"@type":"ListItem","position":2,"name":"Onlineshop","item":"https:\/\/www.iemj.org\/de\/onlineshop\/"},{"@type":"ListItem","position":3,"name":"Atlantidish"}]},{"@type":"WebSite","@id":"https:\/\/www.iemj.org\/de\/#website","url":"https:\/\/www.iemj.org\/de\/","name":"Institut Europ\u00e9en des Musiques Juives","description":"Des traditions musicales \u00e0 la port\u00e9e de tous","publisher":{"@id":"https:\/\/www.iemj.org\/de\/#organization"},"potentialAction":[{"@type":"SearchAction","target":{"@type":"EntryPoint","urlTemplate":"https:\/\/www.iemj.org\/de\/?s={search_term_string}"},"query-input":{"@type":"PropertyValueSpecification","valueRequired":true,"valueName":"search_term_string"}}],"inLanguage":"de"},{"@type":"Organization","@id":"https:\/\/www.iemj.org\/de\/#organization","name":"Institut Europ\u00e9en des Musiques Juives","url":"https:\/\/www.iemj.org\/de\/","logo":{"@type":"ImageObject","inLanguage":"de","@id":"https:\/\/www.iemj.org\/de\/#\/schema\/logo\/image\/","url":"https:\/\/www.iemj.org\/wp-content\/uploads\/2021\/09\/Logo-IEMJ-Paypal.jpg","contentUrl":"https:\/\/www.iemj.org\/wp-content\/uploads\/2021\/09\/Logo-IEMJ-Paypal.jpg","width":150,"height":50,"caption":"Institut Europ\u00e9en des Musiques Juives"},"image":{"@id":"https:\/\/www.iemj.org\/de\/#\/schema\/logo\/image\/"},"sameAs":["https:\/\/www.facebook.com\/MusiquesJuives\/","https:\/\/www.instagram.com\/musiquesjuives\/","https:\/\/www.youtube.com\/user\/musiquesjuives"]}]}},"_links":{"self":[{"href":"https:\/\/www.iemj.org\/de\/wp-json\/wp\/v2\/product\/57407","targetHints":{"allow":["GET"]}}],"collection":[{"href":"https:\/\/www.iemj.org\/de\/wp-json\/wp\/v2\/product"}],"about":[{"href":"https:\/\/www.iemj.org\/de\/wp-json\/wp\/v2\/types\/product"}],"replies":[{"embeddable":true,"href":"https:\/\/www.iemj.org\/de\/wp-json\/wp\/v2\/comments?post=57407"}],"wp:featuredmedia":[{"embeddable":true,"href":"https:\/\/www.iemj.org\/de\/wp-json\/wp\/v2\/media\/57616"}],"wp:attachment":[{"href":"https:\/\/www.iemj.org\/de\/wp-json\/wp\/v2\/media?parent=57407"}],"wp:term":[{"taxonomy":"product_brand","embeddable":true,"href":"https:\/\/www.iemj.org\/de\/wp-json\/wp\/v2\/product_brand?post=57407"},{"taxonomy":"product_cat","embeddable":true,"href":"https:\/\/www.iemj.org\/de\/wp-json\/wp\/v2\/product_cat?post=57407"},{"taxonomy":"product_tag","embeddable":true,"href":"https:\/\/www.iemj.org\/de\/wp-json\/wp\/v2\/product_tag?post=57407"}],"curies":[{"name":"wp","href":"https:\/\/api.w.org\/{rel}","templated":true}]}}