{"id":63919,"date":"2015-03-22T13:29:15","date_gmt":"2015-03-22T12:29:15","guid":{"rendered":"https:\/\/www.iemj.org\/produit\/melodie-popolari-egiziane-alberto-hemsi\/"},"modified":"2015-03-22T13:29:15","modified_gmt":"2015-03-22T12:29:15","slug":"melodie-popolari-egiziane-alberto-hemsi","status":"publish","type":"product","link":"https:\/\/www.iemj.org\/de\/produit\/melodie-popolari-egiziane-alberto-hemsi\/","title":{"rendered":"Hemsi &#8211; Melodie Popolari Egiziane"},"content":{"rendered":"<p>Titres\/Titles:<\/p>\n<p>1 &#8211; Corteo nuziale<\/p>\n<p>2 &#8211; Danza popolare<\/p>\n<p>3 &#8211; Canzone del Said<\/p>\n<p>4 &#8211; Melodia religiods copta<\/p>\n<p>5 &#8211; Canzone dele melagrane<\/p>\n<p>6 &#8211; L&#8217;uccellino mio !<\/p>\n","protected":false},"excerpt":{"rendered":"<p>Hemsi &#8211; Melodie Popolari Egiziane<\/p>\n<p>Melodie Popolari Ediziane for\u00a0piano, opus 14 by Alberto Hemsi. Original edition dated 1935, printed in Alexandria (Egypt). Full serie<\/p>\n","protected":false},"featured_media":63920,"comment_status":"open","ping_status":"closed","template":"","meta":{"_acf_changed":false},"product_brand":[],"product_cat":[2404,1659,2359,2354,2366,1998,2353],"product_tag":[],"class_list":{"0":"post-63919","1":"product","2":"type-product","3":"status-publish","4":"has-post-thumbnail","6":"product_cat-gedruckte-partituren","7":"product_cat-hemsi-alberto-de","8":"product_cat-judaisch-spanisch-de","9":"product_cat-klassisch","10":"product_cat-orientalisch-de","11":"product_cat-partituren-de","12":"product_cat-piano-de","14":"first","15":"instock","16":"shipping-taxable","17":"purchasable","18":"product-type-simple"},"acf":[],"yoast_head":"<!-- This site is optimized with the Yoast SEO plugin v27.3 - https:\/\/yoast.com\/product\/yoast-seo-wordpress\/ -->\n<title>Hemsi - Melodie Popolari Egiziane - Institut Europ\u00e9en des Musiques Juives<\/title>\n<meta name=\"robots\" content=\"index, follow, max-snippet:-1, max-image-preview:large, max-video-preview:-1\" \/>\n<link rel=\"canonical\" href=\"https:\/\/www.iemj.org\/de\/produit\/melodie-popolari-egiziane-alberto-hemsi\/\" \/>\n<meta property=\"og:locale\" content=\"de_DE\" \/>\n<meta property=\"og:type\" content=\"article\" \/>\n<meta property=\"og:title\" content=\"Hemsi - Melodie Popolari Egiziane - Institut Europ\u00e9en des Musiques Juives\" \/>\n<meta property=\"og:description\" content=\"Hemsi - Melodie Popolari Egiziane Melodie Popolari Ediziane for\u00a0piano, opus 14 by Alberto Hemsi. Original edition dated 1935, printed in Alexandria (Egypt). Full serie\" \/>\n<meta property=\"og:url\" content=\"https:\/\/www.iemj.org\/de\/produit\/melodie-popolari-egiziane-alberto-hemsi\/\" \/>\n<meta property=\"og:site_name\" content=\"Institut Europ\u00e9en des Musiques Juives\" \/>\n<meta property=\"article:publisher\" content=\"https:\/\/www.facebook.com\/MusiquesJuives\/\" \/>\n<meta property=\"og:image\" content=\"https:\/\/www.iemj.org\/wp-content\/uploads\/2015\/03\/208-thickbox_default-Melodie-Popolari-Ediziane-Alberto-Hemsi.jpg\" \/>\n\t<meta property=\"og:image:width\" content=\"700\" \/>\n\t<meta property=\"og:image:height\" content=\"700\" \/>\n\t<meta property=\"og:image:type\" content=\"image\/jpeg\" \/>\n<meta name=\"twitter:card\" content=\"summary_large_image\" \/>\n<script type=\"application\/ld+json\" class=\"yoast-schema-graph\">{\"@context\":\"https:\\\/\\\/schema.org\",\"@graph\":[{\"@type\":\"WebPage\",\"@id\":\"https:\\\/\\\/www.iemj.org\\\/de\\\/produit\\\/melodie-popolari-egiziane-alberto-hemsi\\\/\",\"url\":\"https:\\\/\\\/www.iemj.org\\\/de\\\/produit\\\/melodie-popolari-egiziane-alberto-hemsi\\\/\",\"name\":\"Hemsi - Melodie Popolari Egiziane - Institut Europ\u00e9en des Musiques Juives\",\"isPartOf\":{\"@id\":\"https:\\\/\\\/www.iemj.org\\\/de\\\/#website\"},\"primaryImageOfPage\":{\"@id\":\"https:\\\/\\\/www.iemj.org\\\/de\\\/produit\\\/melodie-popolari-egiziane-alberto-hemsi\\\/#primaryimage\"},\"image\":{\"@id\":\"https:\\\/\\\/www.iemj.org\\\/de\\\/produit\\\/melodie-popolari-egiziane-alberto-hemsi\\\/#primaryimage\"},\"thumbnailUrl\":\"https:\\\/\\\/www.iemj.org\\\/wp-content\\\/uploads\\\/2015\\\/03\\\/208-thickbox_default-Melodie-Popolari-Ediziane-Alberto-Hemsi.jpg\",\"datePublished\":\"2015-03-22T12:29:15+00:00\",\"breadcrumb\":{\"@id\":\"https:\\\/\\\/www.iemj.org\\\/de\\\/produit\\\/melodie-popolari-egiziane-alberto-hemsi\\\/#breadcrumb\"},\"inLanguage\":\"de\",\"potentialAction\":[{\"@type\":\"ReadAction\",\"target\":[\"https:\\\/\\\/www.iemj.org\\\/de\\\/produit\\\/melodie-popolari-egiziane-alberto-hemsi\\\/\"]}]},{\"@type\":\"ImageObject\",\"inLanguage\":\"de\",\"@id\":\"https:\\\/\\\/www.iemj.org\\\/de\\\/produit\\\/melodie-popolari-egiziane-alberto-hemsi\\\/#primaryimage\",\"url\":\"https:\\\/\\\/www.iemj.org\\\/wp-content\\\/uploads\\\/2015\\\/03\\\/208-thickbox_default-Melodie-Popolari-Ediziane-Alberto-Hemsi.jpg\",\"contentUrl\":\"https:\\\/\\\/www.iemj.org\\\/wp-content\\\/uploads\\\/2015\\\/03\\\/208-thickbox_default-Melodie-Popolari-Ediziane-Alberto-Hemsi.jpg\",\"width\":700,\"height\":700},{\"@type\":\"BreadcrumbList\",\"@id\":\"https:\\\/\\\/www.iemj.org\\\/de\\\/produit\\\/melodie-popolari-egiziane-alberto-hemsi\\\/#breadcrumb\",\"itemListElement\":[{\"@type\":\"ListItem\",\"position\":1,\"name\":\"Accueil\",\"item\":\"https:\\\/\\\/www.iemj.org\\\/de\\\/\"},{\"@type\":\"ListItem\",\"position\":2,\"name\":\"Onlineshop\",\"item\":\"https:\\\/\\\/www.iemj.org\\\/de\\\/onlineshop\\\/\"},{\"@type\":\"ListItem\",\"position\":3,\"name\":\"Hemsi &#8211; Melodie Popolari Egiziane\"}]},{\"@type\":\"WebSite\",\"@id\":\"https:\\\/\\\/www.iemj.org\\\/de\\\/#website\",\"url\":\"https:\\\/\\\/www.iemj.org\\\/de\\\/\",\"name\":\"Institut Europ\u00e9en des Musiques Juives\",\"description\":\"Des traditions musicales \u00e0 la port\u00e9e de tous\",\"publisher\":{\"@id\":\"https:\\\/\\\/www.iemj.org\\\/de\\\/#organization\"},\"potentialAction\":[{\"@type\":\"SearchAction\",\"target\":{\"@type\":\"EntryPoint\",\"urlTemplate\":\"https:\\\/\\\/www.iemj.org\\\/de\\\/?s={search_term_string}\"},\"query-input\":{\"@type\":\"PropertyValueSpecification\",\"valueRequired\":true,\"valueName\":\"search_term_string\"}}],\"inLanguage\":\"de\"},{\"@type\":\"Organization\",\"@id\":\"https:\\\/\\\/www.iemj.org\\\/de\\\/#organization\",\"name\":\"Institut Europ\u00e9en des Musiques Juives\",\"url\":\"https:\\\/\\\/www.iemj.org\\\/de\\\/\",\"logo\":{\"@type\":\"ImageObject\",\"inLanguage\":\"de\",\"@id\":\"https:\\\/\\\/www.iemj.org\\\/de\\\/#\\\/schema\\\/logo\\\/image\\\/\",\"url\":\"https:\\\/\\\/www.iemj.org\\\/wp-content\\\/uploads\\\/2021\\\/09\\\/Logo-IEMJ-Paypal.jpg\",\"contentUrl\":\"https:\\\/\\\/www.iemj.org\\\/wp-content\\\/uploads\\\/2021\\\/09\\\/Logo-IEMJ-Paypal.jpg\",\"width\":150,\"height\":50,\"caption\":\"Institut Europ\u00e9en des Musiques Juives\"},\"image\":{\"@id\":\"https:\\\/\\\/www.iemj.org\\\/de\\\/#\\\/schema\\\/logo\\\/image\\\/\"},\"sameAs\":[\"https:\\\/\\\/www.facebook.com\\\/MusiquesJuives\\\/\",\"https:\\\/\\\/www.instagram.com\\\/musiquesjuives\\\/\",\"https:\\\/\\\/www.youtube.com\\\/user\\\/musiquesjuives\"]}]}<\/script>\n<!-- \/ Yoast SEO plugin. -->","yoast_head_json":{"title":"Hemsi - Melodie Popolari Egiziane - Institut Europ\u00e9en des Musiques Juives","robots":{"index":"index","follow":"follow","max-snippet":"max-snippet:-1","max-image-preview":"max-image-preview:large","max-video-preview":"max-video-preview:-1"},"canonical":"https:\/\/www.iemj.org\/de\/produit\/melodie-popolari-egiziane-alberto-hemsi\/","og_locale":"de_DE","og_type":"article","og_title":"Hemsi - Melodie Popolari Egiziane - Institut Europ\u00e9en des Musiques Juives","og_description":"Hemsi - Melodie Popolari Egiziane Melodie Popolari Ediziane for\u00a0piano, opus 14 by Alberto Hemsi. Original edition dated 1935, printed in Alexandria (Egypt). Full serie","og_url":"https:\/\/www.iemj.org\/de\/produit\/melodie-popolari-egiziane-alberto-hemsi\/","og_site_name":"Institut Europ\u00e9en des Musiques Juives","article_publisher":"https:\/\/www.facebook.com\/MusiquesJuives\/","og_image":[{"width":700,"height":700,"url":"https:\/\/www.iemj.org\/wp-content\/uploads\/2015\/03\/208-thickbox_default-Melodie-Popolari-Ediziane-Alberto-Hemsi.jpg","type":"image\/jpeg"}],"twitter_card":"summary_large_image","schema":{"@context":"https:\/\/schema.org","@graph":[{"@type":"WebPage","@id":"https:\/\/www.iemj.org\/de\/produit\/melodie-popolari-egiziane-alberto-hemsi\/","url":"https:\/\/www.iemj.org\/de\/produit\/melodie-popolari-egiziane-alberto-hemsi\/","name":"Hemsi - Melodie Popolari Egiziane - Institut Europ\u00e9en des Musiques Juives","isPartOf":{"@id":"https:\/\/www.iemj.org\/de\/#website"},"primaryImageOfPage":{"@id":"https:\/\/www.iemj.org\/de\/produit\/melodie-popolari-egiziane-alberto-hemsi\/#primaryimage"},"image":{"@id":"https:\/\/www.iemj.org\/de\/produit\/melodie-popolari-egiziane-alberto-hemsi\/#primaryimage"},"thumbnailUrl":"https:\/\/www.iemj.org\/wp-content\/uploads\/2015\/03\/208-thickbox_default-Melodie-Popolari-Ediziane-Alberto-Hemsi.jpg","datePublished":"2015-03-22T12:29:15+00:00","breadcrumb":{"@id":"https:\/\/www.iemj.org\/de\/produit\/melodie-popolari-egiziane-alberto-hemsi\/#breadcrumb"},"inLanguage":"de","potentialAction":[{"@type":"ReadAction","target":["https:\/\/www.iemj.org\/de\/produit\/melodie-popolari-egiziane-alberto-hemsi\/"]}]},{"@type":"ImageObject","inLanguage":"de","@id":"https:\/\/www.iemj.org\/de\/produit\/melodie-popolari-egiziane-alberto-hemsi\/#primaryimage","url":"https:\/\/www.iemj.org\/wp-content\/uploads\/2015\/03\/208-thickbox_default-Melodie-Popolari-Ediziane-Alberto-Hemsi.jpg","contentUrl":"https:\/\/www.iemj.org\/wp-content\/uploads\/2015\/03\/208-thickbox_default-Melodie-Popolari-Ediziane-Alberto-Hemsi.jpg","width":700,"height":700},{"@type":"BreadcrumbList","@id":"https:\/\/www.iemj.org\/de\/produit\/melodie-popolari-egiziane-alberto-hemsi\/#breadcrumb","itemListElement":[{"@type":"ListItem","position":1,"name":"Accueil","item":"https:\/\/www.iemj.org\/de\/"},{"@type":"ListItem","position":2,"name":"Onlineshop","item":"https:\/\/www.iemj.org\/de\/onlineshop\/"},{"@type":"ListItem","position":3,"name":"Hemsi &#8211; Melodie Popolari Egiziane"}]},{"@type":"WebSite","@id":"https:\/\/www.iemj.org\/de\/#website","url":"https:\/\/www.iemj.org\/de\/","name":"Institut Europ\u00e9en des Musiques Juives","description":"Des traditions musicales \u00e0 la port\u00e9e de tous","publisher":{"@id":"https:\/\/www.iemj.org\/de\/#organization"},"potentialAction":[{"@type":"SearchAction","target":{"@type":"EntryPoint","urlTemplate":"https:\/\/www.iemj.org\/de\/?s={search_term_string}"},"query-input":{"@type":"PropertyValueSpecification","valueRequired":true,"valueName":"search_term_string"}}],"inLanguage":"de"},{"@type":"Organization","@id":"https:\/\/www.iemj.org\/de\/#organization","name":"Institut Europ\u00e9en des Musiques Juives","url":"https:\/\/www.iemj.org\/de\/","logo":{"@type":"ImageObject","inLanguage":"de","@id":"https:\/\/www.iemj.org\/de\/#\/schema\/logo\/image\/","url":"https:\/\/www.iemj.org\/wp-content\/uploads\/2021\/09\/Logo-IEMJ-Paypal.jpg","contentUrl":"https:\/\/www.iemj.org\/wp-content\/uploads\/2021\/09\/Logo-IEMJ-Paypal.jpg","width":150,"height":50,"caption":"Institut Europ\u00e9en des Musiques Juives"},"image":{"@id":"https:\/\/www.iemj.org\/de\/#\/schema\/logo\/image\/"},"sameAs":["https:\/\/www.facebook.com\/MusiquesJuives\/","https:\/\/www.instagram.com\/musiquesjuives\/","https:\/\/www.youtube.com\/user\/musiquesjuives"]}]}},"_links":{"self":[{"href":"https:\/\/www.iemj.org\/de\/wp-json\/wp\/v2\/product\/63919","targetHints":{"allow":["GET"]}}],"collection":[{"href":"https:\/\/www.iemj.org\/de\/wp-json\/wp\/v2\/product"}],"about":[{"href":"https:\/\/www.iemj.org\/de\/wp-json\/wp\/v2\/types\/product"}],"replies":[{"embeddable":true,"href":"https:\/\/www.iemj.org\/de\/wp-json\/wp\/v2\/comments?post=63919"}],"wp:featuredmedia":[{"embeddable":true,"href":"https:\/\/www.iemj.org\/de\/wp-json\/wp\/v2\/media\/63920"}],"wp:attachment":[{"href":"https:\/\/www.iemj.org\/de\/wp-json\/wp\/v2\/media?parent=63919"}],"wp:term":[{"taxonomy":"product_brand","embeddable":true,"href":"https:\/\/www.iemj.org\/de\/wp-json\/wp\/v2\/product_brand?post=63919"},{"taxonomy":"product_cat","embeddable":true,"href":"https:\/\/www.iemj.org\/de\/wp-json\/wp\/v2\/product_cat?post=63919"},{"taxonomy":"product_tag","embeddable":true,"href":"https:\/\/www.iemj.org\/de\/wp-json\/wp\/v2\/product_tag?post=63919"}],"curies":[{"name":"wp","href":"https:\/\/api.w.org\/{rel}","templated":true}]}}