{"id":102,"date":"2015-02-11T14:52:41","date_gmt":"2015-02-11T13:52:41","guid":{"rendered":"https:\/\/www.iemj.org\/produit\/fernand-halphen-cinq-pieces-pour-piano\/"},"modified":"2024-02-06T19:47:42","modified_gmt":"2024-02-06T18:47:42","slug":"fernand-halphen-cinq-pieces-pour-piano-2","status":"publish","type":"product","link":"https:\/\/www.iemj.org\/en\/product\/fernand-halphen-cinq-pieces-pour-piano-2\/","title":{"rendered":"Halphen &#8211; Cinq pi\u00e8ces pour piano"},"content":{"rendered":"<p>Born into an important family of merchants, bankers and patrons of the arts, Fernand Halphen learned violin under the tutelage of Joseph Marsick and composition from Gabriel Faur\u00e9.<\/p>\n<p>In 1888, he entered the Conservatory and studied with Jules Massenet alongside Florent Schmitt, Henri B\u00fcsser, Max d\u2019Olonne, Georges Enesco and Reynaldo Hahn. He was awarded the second prix de Rome in 1896.<\/p>\n<p>In his short lifetime, Halphen composed nearly 100 melodies, over 30 pieces for piano, duets (particularly for violin and piano), a composition for string trio and one for piano trio, orchestral suites, a symphony in C minor dedicated to Faur\u00e9 (1898) and Le Cor Fleuri, a lyric opera in one act unveiled at the Op\u00e9ra-Comique theater on 10 May 1904.2 He also wrote two psalms and a synagogal hymn as well as two instrumental pieces which draw on traditional Hebrew cantilation (Andante religioso and Pri\u00e8re). In WWI, he served as Director of Music for an infantry regiment before succumbing in 1917 to a disease contracted while on the front.<\/p>\n<p>This new edition of the Five pieces for piano\u00a0was compiled by Herv\u00e9 Roten, Laure Schnapper and C\u00e9lia Triplet with the support of the European Institute for Jewish Music, which houses Fernand Halphen\u2019s manuscripts, letters and published sheet music donated by his descendants. It draws on the composer\u2019s handwritten, signed scores as well as a first edition published in 1906 by Astruc, which contains some slight differences. In some instances, neither source is precise in its notation, in particular with regards to slurs. A very small number of changes have been made for the sake of clarity or correction and are here indicated in brackets.<\/p>\n<p>These five\u00a0pieces\u00a0for\u00a0piano are: Barcarolle, Feuillet d&#8217;album, Prelude, Nocturne, Sur la Cisse (barcarolle)<\/p>\n","protected":false},"excerpt":{"rendered":"<p><span style=\"background-color: #fffdfd;\">Halphen &#8211; Cinq pi\u00e8ces pour piano (<em>Five pieces for piano<\/em>): Barcarolle, Feuillet d&#8217;album, Prelude, Nocturne, Sur la Cisse (barcarolle)\u00a0<\/span><\/p>\n<p><span style=\"background-color: #fbe329;\"><strong>AVAILABLE AS A DOWNLOADABLE or PRINTED SCORE<\/strong><\/span><\/p>\n<p><span style=\"background-color: #fbe329;\"><strong>Possibility to order the 5 scores of the book separately only in downloadable version<\/strong><\/span><\/p>\n","protected":false},"featured_media":98,"comment_status":"open","ping_status":"closed","template":"","meta":{"_acf_changed":false},"product_brand":[],"product_cat":[74,54,66,88,46,34],"product_tag":[],"class_list":{"0":"post-102","1":"product","2":"type-product","3":"status-publish","4":"has-post-thumbnail","6":"product_cat-classical-en","7":"product_cat-downloadable-scores-en","8":"product_cat-halphen-fernand-en-2","9":"product_cat-piano-en","10":"product_cat-printed-scores-en","11":"product_cat-sheet-music-en","12":"pa_partition-downloadable","13":"pa_partition-downloadable-halphen-5-melodies_1-barcarolle-pdf","14":"pa_partition-downloadable-halphen-5-melodies-2-feuillet-dalbum-pdf","15":"pa_partition-downloadable-halphen-5-melodies-3-prelude-pdf","16":"pa_partition-downloadable-halphen-5-melodies-4-nocturne-pdf","17":"pa_partition-downloadable-halphen-5-melodies-5-sur-la-cisse-pdf","18":"pa_partition-printed","20":"first","21":"instock","22":"shipping-taxable","23":"purchasable","24":"product-type-variable","25":"has-default-attributes"},"acf":[],"yoast_head":"<!-- This site is optimized with the Yoast SEO plugin v27.3 - https:\/\/yoast.com\/product\/yoast-seo-wordpress\/ -->\n<title>Halphen - Cinq pi\u00e8ces pour piano - Institut Europ\u00e9en des Musiques Juives<\/title>\n<meta name=\"robots\" content=\"index, follow, max-snippet:-1, max-image-preview:large, max-video-preview:-1\" \/>\n<link rel=\"canonical\" href=\"https:\/\/www.iemj.org\/en\/product\/fernand-halphen-cinq-pieces-pour-piano-2\/\" \/>\n<meta property=\"og:locale\" content=\"en_US\" \/>\n<meta property=\"og:type\" content=\"article\" \/>\n<meta property=\"og:title\" content=\"Halphen - Cinq pi\u00e8ces pour piano - Institut Europ\u00e9en des Musiques Juives\" \/>\n<meta property=\"og:description\" content=\"Halphen - Cinq pi\u00e8ces pour piano (Five pieces for piano): Barcarolle, Feuillet d&#039;album, Prelude, Nocturne, Sur la Cisse (barcarolle)\u00a0  AVAILABLE AS A DOWNLOADABLE or PRINTED SCORE  Possibility to order the 5 scores of the book separately only in downloadable version\" \/>\n<meta property=\"og:url\" content=\"https:\/\/www.iemj.org\/en\/product\/fernand-halphen-cinq-pieces-pour-piano-2\/\" \/>\n<meta property=\"og:site_name\" content=\"Institut Europ\u00e9en des Musiques Juives\" \/>\n<meta property=\"article:publisher\" content=\"https:\/\/www.facebook.com\/MusiquesJuives\/\" \/>\n<meta property=\"article:modified_time\" content=\"2024-02-06T18:47:42+00:00\" \/>\n<meta property=\"og:image\" content=\"https:\/\/www.iemj.org\/wp-content\/uploads\/2015\/02\/49-thickbox_default-Fernand-Halphen-Cinq-pieces-pour-piano.jpg\" \/>\n\t<meta property=\"og:image:width\" content=\"700\" \/>\n\t<meta property=\"og:image:height\" content=\"700\" \/>\n\t<meta property=\"og:image:type\" content=\"image\/jpeg\" \/>\n<meta name=\"twitter:card\" content=\"summary_large_image\" \/>\n<meta name=\"twitter:label1\" content=\"Est. reading time\" \/>\n\t<meta name=\"twitter:data1\" content=\"1 minute\" \/>\n<script type=\"application\/ld+json\" class=\"yoast-schema-graph\">{\"@context\":\"https:\\\/\\\/schema.org\",\"@graph\":[{\"@type\":\"WebPage\",\"@id\":\"https:\\\/\\\/www.iemj.org\\\/en\\\/product\\\/fernand-halphen-cinq-pieces-pour-piano-2\\\/\",\"url\":\"https:\\\/\\\/www.iemj.org\\\/en\\\/product\\\/fernand-halphen-cinq-pieces-pour-piano-2\\\/\",\"name\":\"Halphen - Cinq pi\u00e8ces pour piano - Institut Europ\u00e9en des Musiques Juives\",\"isPartOf\":{\"@id\":\"https:\\\/\\\/www.iemj.org\\\/en\\\/#website\"},\"primaryImageOfPage\":{\"@id\":\"https:\\\/\\\/www.iemj.org\\\/en\\\/product\\\/fernand-halphen-cinq-pieces-pour-piano-2\\\/#primaryimage\"},\"image\":{\"@id\":\"https:\\\/\\\/www.iemj.org\\\/en\\\/product\\\/fernand-halphen-cinq-pieces-pour-piano-2\\\/#primaryimage\"},\"thumbnailUrl\":\"https:\\\/\\\/www.iemj.org\\\/wp-content\\\/uploads\\\/2015\\\/02\\\/49-thickbox_default-Fernand-Halphen-Cinq-pieces-pour-piano.jpg\",\"datePublished\":\"2015-02-11T13:52:41+00:00\",\"dateModified\":\"2024-02-06T18:47:42+00:00\",\"breadcrumb\":{\"@id\":\"https:\\\/\\\/www.iemj.org\\\/en\\\/product\\\/fernand-halphen-cinq-pieces-pour-piano-2\\\/#breadcrumb\"},\"inLanguage\":\"en-US\",\"potentialAction\":[{\"@type\":\"ReadAction\",\"target\":[\"https:\\\/\\\/www.iemj.org\\\/en\\\/product\\\/fernand-halphen-cinq-pieces-pour-piano-2\\\/\"]}]},{\"@type\":\"ImageObject\",\"inLanguage\":\"en-US\",\"@id\":\"https:\\\/\\\/www.iemj.org\\\/en\\\/product\\\/fernand-halphen-cinq-pieces-pour-piano-2\\\/#primaryimage\",\"url\":\"https:\\\/\\\/www.iemj.org\\\/wp-content\\\/uploads\\\/2015\\\/02\\\/49-thickbox_default-Fernand-Halphen-Cinq-pieces-pour-piano.jpg\",\"contentUrl\":\"https:\\\/\\\/www.iemj.org\\\/wp-content\\\/uploads\\\/2015\\\/02\\\/49-thickbox_default-Fernand-Halphen-Cinq-pieces-pour-piano.jpg\",\"width\":700,\"height\":700},{\"@type\":\"BreadcrumbList\",\"@id\":\"https:\\\/\\\/www.iemj.org\\\/en\\\/product\\\/fernand-halphen-cinq-pieces-pour-piano-2\\\/#breadcrumb\",\"itemListElement\":[{\"@type\":\"ListItem\",\"position\":1,\"name\":\"Accueil\",\"item\":\"https:\\\/\\\/www.iemj.org\\\/en\\\/\"},{\"@type\":\"ListItem\",\"position\":2,\"name\":\"Shop\",\"item\":\"https:\\\/\\\/www.iemj.org\\\/en\\\/shop\\\/\"},{\"@type\":\"ListItem\",\"position\":3,\"name\":\"Halphen &#8211; Cinq pi\u00e8ces pour piano\"}]},{\"@type\":\"WebSite\",\"@id\":\"https:\\\/\\\/www.iemj.org\\\/en\\\/#website\",\"url\":\"https:\\\/\\\/www.iemj.org\\\/en\\\/\",\"name\":\"Institut Europ\u00e9en des Musiques Juives\",\"description\":\"Des traditions musicales \u00e0 la port\u00e9e de tous\",\"publisher\":{\"@id\":\"https:\\\/\\\/www.iemj.org\\\/en\\\/#organization\"},\"potentialAction\":[{\"@type\":\"SearchAction\",\"target\":{\"@type\":\"EntryPoint\",\"urlTemplate\":\"https:\\\/\\\/www.iemj.org\\\/en\\\/?s={search_term_string}\"},\"query-input\":{\"@type\":\"PropertyValueSpecification\",\"valueRequired\":true,\"valueName\":\"search_term_string\"}}],\"inLanguage\":\"en-US\"},{\"@type\":\"Organization\",\"@id\":\"https:\\\/\\\/www.iemj.org\\\/en\\\/#organization\",\"name\":\"Institut Europ\u00e9en des Musiques Juives\",\"url\":\"https:\\\/\\\/www.iemj.org\\\/en\\\/\",\"logo\":{\"@type\":\"ImageObject\",\"inLanguage\":\"en-US\",\"@id\":\"https:\\\/\\\/www.iemj.org\\\/en\\\/#\\\/schema\\\/logo\\\/image\\\/\",\"url\":\"https:\\\/\\\/www.iemj.org\\\/wp-content\\\/uploads\\\/2021\\\/09\\\/Logo-IEMJ-Paypal.jpg\",\"contentUrl\":\"https:\\\/\\\/www.iemj.org\\\/wp-content\\\/uploads\\\/2021\\\/09\\\/Logo-IEMJ-Paypal.jpg\",\"width\":150,\"height\":50,\"caption\":\"Institut Europ\u00e9en des Musiques Juives\"},\"image\":{\"@id\":\"https:\\\/\\\/www.iemj.org\\\/en\\\/#\\\/schema\\\/logo\\\/image\\\/\"},\"sameAs\":[\"https:\\\/\\\/www.facebook.com\\\/MusiquesJuives\\\/\",\"https:\\\/\\\/www.instagram.com\\\/musiquesjuives\\\/\",\"https:\\\/\\\/www.youtube.com\\\/user\\\/musiquesjuives\"]}]}<\/script>\n<!-- \/ Yoast SEO plugin. -->","yoast_head_json":{"title":"Halphen - Cinq pi\u00e8ces pour piano - Institut Europ\u00e9en des Musiques Juives","robots":{"index":"index","follow":"follow","max-snippet":"max-snippet:-1","max-image-preview":"max-image-preview:large","max-video-preview":"max-video-preview:-1"},"canonical":"https:\/\/www.iemj.org\/en\/product\/fernand-halphen-cinq-pieces-pour-piano-2\/","og_locale":"en_US","og_type":"article","og_title":"Halphen - Cinq pi\u00e8ces pour piano - Institut Europ\u00e9en des Musiques Juives","og_description":"Halphen - Cinq pi\u00e8ces pour piano (Five pieces for piano): Barcarolle, Feuillet d'album, Prelude, Nocturne, Sur la Cisse (barcarolle)\u00a0  AVAILABLE AS A DOWNLOADABLE or PRINTED SCORE  Possibility to order the 5 scores of the book separately only in downloadable version","og_url":"https:\/\/www.iemj.org\/en\/product\/fernand-halphen-cinq-pieces-pour-piano-2\/","og_site_name":"Institut Europ\u00e9en des Musiques Juives","article_publisher":"https:\/\/www.facebook.com\/MusiquesJuives\/","article_modified_time":"2024-02-06T18:47:42+00:00","og_image":[{"width":700,"height":700,"url":"https:\/\/www.iemj.org\/wp-content\/uploads\/2015\/02\/49-thickbox_default-Fernand-Halphen-Cinq-pieces-pour-piano.jpg","type":"image\/jpeg"}],"twitter_card":"summary_large_image","twitter_misc":{"Est. reading time":"1 minute"},"schema":{"@context":"https:\/\/schema.org","@graph":[{"@type":"WebPage","@id":"https:\/\/www.iemj.org\/en\/product\/fernand-halphen-cinq-pieces-pour-piano-2\/","url":"https:\/\/www.iemj.org\/en\/product\/fernand-halphen-cinq-pieces-pour-piano-2\/","name":"Halphen - Cinq pi\u00e8ces pour piano - Institut Europ\u00e9en des Musiques Juives","isPartOf":{"@id":"https:\/\/www.iemj.org\/en\/#website"},"primaryImageOfPage":{"@id":"https:\/\/www.iemj.org\/en\/product\/fernand-halphen-cinq-pieces-pour-piano-2\/#primaryimage"},"image":{"@id":"https:\/\/www.iemj.org\/en\/product\/fernand-halphen-cinq-pieces-pour-piano-2\/#primaryimage"},"thumbnailUrl":"https:\/\/www.iemj.org\/wp-content\/uploads\/2015\/02\/49-thickbox_default-Fernand-Halphen-Cinq-pieces-pour-piano.jpg","datePublished":"2015-02-11T13:52:41+00:00","dateModified":"2024-02-06T18:47:42+00:00","breadcrumb":{"@id":"https:\/\/www.iemj.org\/en\/product\/fernand-halphen-cinq-pieces-pour-piano-2\/#breadcrumb"},"inLanguage":"en-US","potentialAction":[{"@type":"ReadAction","target":["https:\/\/www.iemj.org\/en\/product\/fernand-halphen-cinq-pieces-pour-piano-2\/"]}]},{"@type":"ImageObject","inLanguage":"en-US","@id":"https:\/\/www.iemj.org\/en\/product\/fernand-halphen-cinq-pieces-pour-piano-2\/#primaryimage","url":"https:\/\/www.iemj.org\/wp-content\/uploads\/2015\/02\/49-thickbox_default-Fernand-Halphen-Cinq-pieces-pour-piano.jpg","contentUrl":"https:\/\/www.iemj.org\/wp-content\/uploads\/2015\/02\/49-thickbox_default-Fernand-Halphen-Cinq-pieces-pour-piano.jpg","width":700,"height":700},{"@type":"BreadcrumbList","@id":"https:\/\/www.iemj.org\/en\/product\/fernand-halphen-cinq-pieces-pour-piano-2\/#breadcrumb","itemListElement":[{"@type":"ListItem","position":1,"name":"Accueil","item":"https:\/\/www.iemj.org\/en\/"},{"@type":"ListItem","position":2,"name":"Shop","item":"https:\/\/www.iemj.org\/en\/shop\/"},{"@type":"ListItem","position":3,"name":"Halphen &#8211; Cinq pi\u00e8ces pour piano"}]},{"@type":"WebSite","@id":"https:\/\/www.iemj.org\/en\/#website","url":"https:\/\/www.iemj.org\/en\/","name":"Institut Europ\u00e9en des Musiques Juives","description":"Des traditions musicales \u00e0 la port\u00e9e de tous","publisher":{"@id":"https:\/\/www.iemj.org\/en\/#organization"},"potentialAction":[{"@type":"SearchAction","target":{"@type":"EntryPoint","urlTemplate":"https:\/\/www.iemj.org\/en\/?s={search_term_string}"},"query-input":{"@type":"PropertyValueSpecification","valueRequired":true,"valueName":"search_term_string"}}],"inLanguage":"en-US"},{"@type":"Organization","@id":"https:\/\/www.iemj.org\/en\/#organization","name":"Institut Europ\u00e9en des Musiques Juives","url":"https:\/\/www.iemj.org\/en\/","logo":{"@type":"ImageObject","inLanguage":"en-US","@id":"https:\/\/www.iemj.org\/en\/#\/schema\/logo\/image\/","url":"https:\/\/www.iemj.org\/wp-content\/uploads\/2021\/09\/Logo-IEMJ-Paypal.jpg","contentUrl":"https:\/\/www.iemj.org\/wp-content\/uploads\/2021\/09\/Logo-IEMJ-Paypal.jpg","width":150,"height":50,"caption":"Institut Europ\u00e9en des Musiques Juives"},"image":{"@id":"https:\/\/www.iemj.org\/en\/#\/schema\/logo\/image\/"},"sameAs":["https:\/\/www.facebook.com\/MusiquesJuives\/","https:\/\/www.instagram.com\/musiquesjuives\/","https:\/\/www.youtube.com\/user\/musiquesjuives"]}]}},"_links":{"self":[{"href":"https:\/\/www.iemj.org\/en\/wp-json\/wp\/v2\/product\/102","targetHints":{"allow":["GET"]}}],"collection":[{"href":"https:\/\/www.iemj.org\/en\/wp-json\/wp\/v2\/product"}],"about":[{"href":"https:\/\/www.iemj.org\/en\/wp-json\/wp\/v2\/types\/product"}],"replies":[{"embeddable":true,"href":"https:\/\/www.iemj.org\/en\/wp-json\/wp\/v2\/comments?post=102"}],"wp:featuredmedia":[{"embeddable":true,"href":"https:\/\/www.iemj.org\/en\/wp-json\/wp\/v2\/media\/98"}],"wp:attachment":[{"href":"https:\/\/www.iemj.org\/en\/wp-json\/wp\/v2\/media?parent=102"}],"wp:term":[{"taxonomy":"product_brand","embeddable":true,"href":"https:\/\/www.iemj.org\/en\/wp-json\/wp\/v2\/product_brand?post=102"},{"taxonomy":"product_cat","embeddable":true,"href":"https:\/\/www.iemj.org\/en\/wp-json\/wp\/v2\/product_cat?post=102"},{"taxonomy":"product_tag","embeddable":true,"href":"https:\/\/www.iemj.org\/en\/wp-json\/wp\/v2\/product_tag?post=102"}],"curies":[{"name":"wp","href":"https:\/\/api.w.org\/{rel}","templated":true}]}}