{"id":1148,"date":"2017-10-12T16:41:34","date_gmt":"2017-10-12T14:41:34","guid":{"rendered":"https:\/\/www.iemj.org\/produit\/hebrew-melodies-2\/"},"modified":"2021-06-03T11:29:57","modified_gmt":"2021-06-03T09:29:57","slug":"hebrew-melodies-2","status":"publish","type":"product","link":"https:\/\/www.iemj.org\/en\/product\/hebrew-melodies-2\/","title":{"rendered":"The hourglass"},"content":{"rendered":"<p>Admirably performed by Sarah Iancu (cello) and David Bismuth (piano), this CD gathers 30 melodies inspired by liturgical, hassidic, yiddish and ladino themes\u00a0: from the well-known <em>Kaddish<\/em> by Ravel to Max Bruch\u2019s <em>Kol Nidrei<\/em> and from Ernest Bloch\u2019s cycle <em>From the Jewish Life<\/em> to <em>Hebraic Popular Songs<\/em> by Darius Milhaud. It also includes less known pieces, but nonetheless very pleasant, by Joseph Achron, L\u00e9on Algazi, Charles-Valentin Alkan, Fernand Halphen, Simon Laks, Joaquin Nin-Culmell, Dimitri Chostakovitch, Joachim Stutschewsky or Viktor Ullmann<\/p>\n<p>This\u00a0project was led by the\u00a0the talented cellist\u00a0Virginie Constant, with\u00a0Simon Zaoui (piano) and Katarzyna Alemany\u00a0(cello). Most of the pieces chosen for this album were written in the first half of the twentieth century by composers searching for a Jewish musical identity, be it Ernest Bloch, Lazare Saminsky or Joseph Achron. Some, like Gideon Klein, died tragically. Others, like Mievzyslaw Weinberg or Serge Kaufmann, perpetuate their memory. So, like an hourglass that counts out Time and History, and of which we are the grains of sand, this record aims to take us through the wanderings of the Jewish soul in its most universal expression: its music!&#8221;<\/p>\n<p>Extraits :<\/p>\n<p>03 &#8211; Mieczyslaw Weinberg &#8211; Sonate n\u00b0 1 &#8211; Allegro<\/p>\n<audio class=\"wp-audio-shortcode\" id=\"audio-1148-1\" preload=\"none\" style=\"width: 100%;\" controls=\"controls\"><source type=\"audio\/mpeg\" src=\"https:\/\/www.iemj.org\/wp-content\/uploads\/2017\/10\/weinberg_sonate_3-allegro_siteiemj.mp3?_=1\" \/><a href=\"https:\/\/www.iemj.org\/wp-content\/uploads\/2017\/10\/weinberg_sonate_3-allegro_siteiemj.mp3\">https:\/\/www.iemj.org\/wp-content\/uploads\/2017\/10\/weinberg_sonate_3-allegro_siteiemj.mp3<\/a><\/audio>\n<p>06 &#8211; Ernest Bloch &#8211; Voix dans le d\u00e9sert &#8211; Moderato<\/p>\n<audio class=\"wp-audio-shortcode\" id=\"audio-1148-2\" preload=\"none\" style=\"width: 100%;\" controls=\"controls\"><source type=\"audio\/mpeg\" src=\"https:\/\/www.iemj.org\/wp-content\/uploads\/2017\/10\/bloch_voix_desert_6-moderato_siteiemj.mp3?_=2\" \/><a href=\"https:\/\/www.iemj.org\/wp-content\/uploads\/2017\/10\/bloch_voix_desert_6-moderato_siteiemj.mp3\">https:\/\/www.iemj.org\/wp-content\/uploads\/2017\/10\/bloch_voix_desert_6-moderato_siteiemj.mp3<\/a><\/audio>\n<p>10 &#8211; Lazare Saminsky &#8211; Conte h\u00e9bra\u00efque<\/p>\n<audio class=\"wp-audio-shortcode\" id=\"audio-1148-3\" preload=\"none\" style=\"width: 100%;\" controls=\"controls\"><source type=\"audio\/mpeg\" src=\"https:\/\/www.iemj.org\/wp-content\/uploads\/2017\/10\/saminsky_10-conte_hebraique_siteiemj.mp3?_=3\" \/><a href=\"https:\/\/www.iemj.org\/wp-content\/uploads\/2017\/10\/saminsky_10-conte_hebraique_siteiemj.mp3\">https:\/\/www.iemj.org\/wp-content\/uploads\/2017\/10\/saminsky_10-conte_hebraique_siteiemj.mp3<\/a><\/audio>\n<p>12 &#8211; Joseph Achron &#8211; M\u00e9lodie H\u00e9bra\u00efque<\/p>\n<audio class=\"wp-audio-shortcode\" id=\"audio-1148-4\" preload=\"none\" style=\"width: 100%;\" controls=\"controls\"><source type=\"audio\/mpeg\" src=\"https:\/\/www.iemj.org\/wp-content\/uploads\/2017\/10\/achron_12-melodie_hebraique_siteiemj.mp3?_=4\" \/><a href=\"https:\/\/www.iemj.org\/wp-content\/uploads\/2017\/10\/achron_12-melodie_hebraique_siteiemj.mp3\">https:\/\/www.iemj.org\/wp-content\/uploads\/2017\/10\/achron_12-melodie_hebraique_siteiemj.mp3<\/a><\/audio>\n<p>14 &#8211; Serge Kaufmann &#8211; Duo n\u00b0 10<\/p>\n<audio class=\"wp-audio-shortcode\" id=\"audio-1148-5\" preload=\"none\" style=\"width: 100%;\" controls=\"controls\"><source type=\"audio\/mpeg\" src=\"https:\/\/www.iemj.org\/wp-content\/uploads\/2017\/10\/kaufmann_14-duo_n10_siteiemj.mp3?_=5\" \/><a href=\"https:\/\/www.iemj.org\/wp-content\/uploads\/2017\/10\/kaufmann_14-duo_n10_siteiemj.mp3\">https:\/\/www.iemj.org\/wp-content\/uploads\/2017\/10\/kaufmann_14-duo_n10_siteiemj.mp3<\/a><\/audio>\n<p>15 &#8211; Mark Warschawsky &#8211; Oyfn Pripetchik<\/p>\n<audio class=\"wp-audio-shortcode\" id=\"audio-1148-6\" preload=\"none\" style=\"width: 100%;\" controls=\"controls\"><source type=\"audio\/mpeg\" src=\"https:\/\/www.iemj.org\/wp-content\/uploads\/2017\/10\/warshawsky_15-oyfn_pripetchik_siteiemj.mp3?_=6\" \/><a href=\"https:\/\/www.iemj.org\/wp-content\/uploads\/2017\/10\/warshawsky_15-oyfn_pripetchik_siteiemj.mp3\">https:\/\/www.iemj.org\/wp-content\/uploads\/2017\/10\/warshawsky_15-oyfn_pripetchik_siteiemj.mp3<\/a><\/audio>\n<p>16 &#8211; Gideon Klein &#8211; Lullaby<\/p>\n<audio class=\"wp-audio-shortcode\" id=\"audio-1148-7\" preload=\"none\" style=\"width: 100%;\" controls=\"controls\"><source type=\"audio\/mpeg\" src=\"https:\/\/www.iemj.org\/wp-content\/uploads\/2017\/10\/klein_16-lullaby_siteiemj.mp3?_=7\" \/><a href=\"https:\/\/www.iemj.org\/wp-content\/uploads\/2017\/10\/klein_16-lullaby_siteiemj.mp3\">https:\/\/www.iemj.org\/wp-content\/uploads\/2017\/10\/klein_16-lullaby_siteiemj.mp3<\/a><\/audio>\n","protected":false},"excerpt":{"rendered":"<p>Second opus of our new Classical Collection, this CD gathers<span lang=\"en-us\" xml:lang=\"en-us\">\u00a0pieces written in the first half of the twentieth century by composers searching for a Jewish musical identity, be it Ernest Bloch, Lazare Saminsky or Joseph Achron<\/span><\/p>\n","protected":false},"featured_media":50753,"comment_status":"open","ping_status":"closed","template":"","meta":{"_acf_changed":false},"product_brand":[],"product_cat":[32,2243,2231,2229],"product_tag":[],"class_list":{"0":"post-1148","1":"product","2":"type-product","3":"status-publish","4":"has-post-thumbnail","6":"product_cat-cd-en-2","7":"product_cat-classical-music-cd-en","8":"product_cat-classical-music-collection-en","9":"product_cat-editions-of-the-eijm-en","10":"pa_musique-downloadable-album","11":"pa_musique-physical-album","13":"first","14":"instock","15":"shipping-taxable","16":"purchasable","17":"product-type-variable"},"acf":[],"yoast_head":"<!-- This site is optimized with the Yoast SEO plugin v27.3 - https:\/\/yoast.com\/product\/yoast-seo-wordpress\/ -->\n<title>The hourglass - Institut Europ\u00e9en des Musiques Juives<\/title>\n<meta name=\"robots\" content=\"index, follow, max-snippet:-1, max-image-preview:large, max-video-preview:-1\" \/>\n<link rel=\"canonical\" href=\"https:\/\/www.iemj.org\/en\/product\/hebrew-melodies-2\/\" \/>\n<meta property=\"og:locale\" content=\"en_US\" \/>\n<meta property=\"og:type\" content=\"article\" \/>\n<meta property=\"og:title\" content=\"The hourglass - Institut Europ\u00e9en des Musiques Juives\" \/>\n<meta property=\"og:description\" content=\"Second opus of our new Classical Collection, this CD gathers\u00a0pieces written in the first half of the twentieth century by composers searching for a Jewish musical identity, be it Ernest Bloch, Lazare Saminsky or Joseph Achron\" \/>\n<meta property=\"og:url\" content=\"https:\/\/www.iemj.org\/en\/product\/hebrew-melodies-2\/\" \/>\n<meta property=\"og:site_name\" content=\"Institut Europ\u00e9en des Musiques Juives\" \/>\n<meta property=\"article:publisher\" content=\"https:\/\/www.facebook.com\/MusiquesJuives\/\" \/>\n<meta property=\"article:modified_time\" content=\"2021-06-03T09:29:57+00:00\" \/>\n<meta property=\"og:image\" content=\"https:\/\/www.iemj.org\/wp-content\/uploads\/2017\/10\/CDC2.jpg\" \/>\n\t<meta property=\"og:image:width\" content=\"350\" \/>\n\t<meta property=\"og:image:height\" content=\"315\" \/>\n\t<meta property=\"og:image:type\" content=\"image\/jpeg\" \/>\n<meta name=\"twitter:card\" content=\"summary_large_image\" \/>\n<meta name=\"twitter:label1\" content=\"Est. reading time\" \/>\n\t<meta name=\"twitter:data1\" content=\"2 minutes\" \/>\n<script type=\"application\/ld+json\" class=\"yoast-schema-graph\">{\"@context\":\"https:\\\/\\\/schema.org\",\"@graph\":[{\"@type\":\"WebPage\",\"@id\":\"https:\\\/\\\/www.iemj.org\\\/en\\\/product\\\/hebrew-melodies-2\\\/\",\"url\":\"https:\\\/\\\/www.iemj.org\\\/en\\\/product\\\/hebrew-melodies-2\\\/\",\"name\":\"The hourglass - Institut Europ\u00e9en des Musiques Juives\",\"isPartOf\":{\"@id\":\"https:\\\/\\\/www.iemj.org\\\/en\\\/#website\"},\"primaryImageOfPage\":{\"@id\":\"https:\\\/\\\/www.iemj.org\\\/en\\\/product\\\/hebrew-melodies-2\\\/#primaryimage\"},\"image\":{\"@id\":\"https:\\\/\\\/www.iemj.org\\\/en\\\/product\\\/hebrew-melodies-2\\\/#primaryimage\"},\"thumbnailUrl\":\"https:\\\/\\\/www.iemj.org\\\/wp-content\\\/uploads\\\/2017\\\/10\\\/CDC2.jpg\",\"datePublished\":\"2017-10-12T14:41:34+00:00\",\"dateModified\":\"2021-06-03T09:29:57+00:00\",\"breadcrumb\":{\"@id\":\"https:\\\/\\\/www.iemj.org\\\/en\\\/product\\\/hebrew-melodies-2\\\/#breadcrumb\"},\"inLanguage\":\"en-US\",\"potentialAction\":[{\"@type\":\"ReadAction\",\"target\":[\"https:\\\/\\\/www.iemj.org\\\/en\\\/product\\\/hebrew-melodies-2\\\/\"]}]},{\"@type\":\"ImageObject\",\"inLanguage\":\"en-US\",\"@id\":\"https:\\\/\\\/www.iemj.org\\\/en\\\/product\\\/hebrew-melodies-2\\\/#primaryimage\",\"url\":\"https:\\\/\\\/www.iemj.org\\\/wp-content\\\/uploads\\\/2017\\\/10\\\/CDC2.jpg\",\"contentUrl\":\"https:\\\/\\\/www.iemj.org\\\/wp-content\\\/uploads\\\/2017\\\/10\\\/CDC2.jpg\",\"width\":350,\"height\":315},{\"@type\":\"BreadcrumbList\",\"@id\":\"https:\\\/\\\/www.iemj.org\\\/en\\\/product\\\/hebrew-melodies-2\\\/#breadcrumb\",\"itemListElement\":[{\"@type\":\"ListItem\",\"position\":1,\"name\":\"Accueil\",\"item\":\"https:\\\/\\\/www.iemj.org\\\/en\\\/\"},{\"@type\":\"ListItem\",\"position\":2,\"name\":\"Shop\",\"item\":\"https:\\\/\\\/www.iemj.org\\\/en\\\/shop\\\/\"},{\"@type\":\"ListItem\",\"position\":3,\"name\":\"The hourglass\"}]},{\"@type\":\"WebSite\",\"@id\":\"https:\\\/\\\/www.iemj.org\\\/en\\\/#website\",\"url\":\"https:\\\/\\\/www.iemj.org\\\/en\\\/\",\"name\":\"Institut Europ\u00e9en des Musiques Juives\",\"description\":\"Des traditions musicales \u00e0 la port\u00e9e de tous\",\"publisher\":{\"@id\":\"https:\\\/\\\/www.iemj.org\\\/en\\\/#organization\"},\"potentialAction\":[{\"@type\":\"SearchAction\",\"target\":{\"@type\":\"EntryPoint\",\"urlTemplate\":\"https:\\\/\\\/www.iemj.org\\\/en\\\/?s={search_term_string}\"},\"query-input\":{\"@type\":\"PropertyValueSpecification\",\"valueRequired\":true,\"valueName\":\"search_term_string\"}}],\"inLanguage\":\"en-US\"},{\"@type\":\"Organization\",\"@id\":\"https:\\\/\\\/www.iemj.org\\\/en\\\/#organization\",\"name\":\"Institut Europ\u00e9en des Musiques Juives\",\"url\":\"https:\\\/\\\/www.iemj.org\\\/en\\\/\",\"logo\":{\"@type\":\"ImageObject\",\"inLanguage\":\"en-US\",\"@id\":\"https:\\\/\\\/www.iemj.org\\\/en\\\/#\\\/schema\\\/logo\\\/image\\\/\",\"url\":\"https:\\\/\\\/www.iemj.org\\\/wp-content\\\/uploads\\\/2021\\\/09\\\/Logo-IEMJ-Paypal.jpg\",\"contentUrl\":\"https:\\\/\\\/www.iemj.org\\\/wp-content\\\/uploads\\\/2021\\\/09\\\/Logo-IEMJ-Paypal.jpg\",\"width\":150,\"height\":50,\"caption\":\"Institut Europ\u00e9en des Musiques Juives\"},\"image\":{\"@id\":\"https:\\\/\\\/www.iemj.org\\\/en\\\/#\\\/schema\\\/logo\\\/image\\\/\"},\"sameAs\":[\"https:\\\/\\\/www.facebook.com\\\/MusiquesJuives\\\/\",\"https:\\\/\\\/www.instagram.com\\\/musiquesjuives\\\/\",\"https:\\\/\\\/www.youtube.com\\\/user\\\/musiquesjuives\"]}]}<\/script>\n<!-- \/ Yoast SEO plugin. -->","yoast_head_json":{"title":"The hourglass - Institut Europ\u00e9en des Musiques Juives","robots":{"index":"index","follow":"follow","max-snippet":"max-snippet:-1","max-image-preview":"max-image-preview:large","max-video-preview":"max-video-preview:-1"},"canonical":"https:\/\/www.iemj.org\/en\/product\/hebrew-melodies-2\/","og_locale":"en_US","og_type":"article","og_title":"The hourglass - Institut Europ\u00e9en des Musiques Juives","og_description":"Second opus of our new Classical Collection, this CD gathers\u00a0pieces written in the first half of the twentieth century by composers searching for a Jewish musical identity, be it Ernest Bloch, Lazare Saminsky or Joseph Achron","og_url":"https:\/\/www.iemj.org\/en\/product\/hebrew-melodies-2\/","og_site_name":"Institut Europ\u00e9en des Musiques Juives","article_publisher":"https:\/\/www.facebook.com\/MusiquesJuives\/","article_modified_time":"2021-06-03T09:29:57+00:00","og_image":[{"width":350,"height":315,"url":"https:\/\/www.iemj.org\/wp-content\/uploads\/2017\/10\/CDC2.jpg","type":"image\/jpeg"}],"twitter_card":"summary_large_image","twitter_misc":{"Est. reading time":"2 minutes"},"schema":{"@context":"https:\/\/schema.org","@graph":[{"@type":"WebPage","@id":"https:\/\/www.iemj.org\/en\/product\/hebrew-melodies-2\/","url":"https:\/\/www.iemj.org\/en\/product\/hebrew-melodies-2\/","name":"The hourglass - Institut Europ\u00e9en des Musiques Juives","isPartOf":{"@id":"https:\/\/www.iemj.org\/en\/#website"},"primaryImageOfPage":{"@id":"https:\/\/www.iemj.org\/en\/product\/hebrew-melodies-2\/#primaryimage"},"image":{"@id":"https:\/\/www.iemj.org\/en\/product\/hebrew-melodies-2\/#primaryimage"},"thumbnailUrl":"https:\/\/www.iemj.org\/wp-content\/uploads\/2017\/10\/CDC2.jpg","datePublished":"2017-10-12T14:41:34+00:00","dateModified":"2021-06-03T09:29:57+00:00","breadcrumb":{"@id":"https:\/\/www.iemj.org\/en\/product\/hebrew-melodies-2\/#breadcrumb"},"inLanguage":"en-US","potentialAction":[{"@type":"ReadAction","target":["https:\/\/www.iemj.org\/en\/product\/hebrew-melodies-2\/"]}]},{"@type":"ImageObject","inLanguage":"en-US","@id":"https:\/\/www.iemj.org\/en\/product\/hebrew-melodies-2\/#primaryimage","url":"https:\/\/www.iemj.org\/wp-content\/uploads\/2017\/10\/CDC2.jpg","contentUrl":"https:\/\/www.iemj.org\/wp-content\/uploads\/2017\/10\/CDC2.jpg","width":350,"height":315},{"@type":"BreadcrumbList","@id":"https:\/\/www.iemj.org\/en\/product\/hebrew-melodies-2\/#breadcrumb","itemListElement":[{"@type":"ListItem","position":1,"name":"Accueil","item":"https:\/\/www.iemj.org\/en\/"},{"@type":"ListItem","position":2,"name":"Shop","item":"https:\/\/www.iemj.org\/en\/shop\/"},{"@type":"ListItem","position":3,"name":"The hourglass"}]},{"@type":"WebSite","@id":"https:\/\/www.iemj.org\/en\/#website","url":"https:\/\/www.iemj.org\/en\/","name":"Institut Europ\u00e9en des Musiques Juives","description":"Des traditions musicales \u00e0 la port\u00e9e de tous","publisher":{"@id":"https:\/\/www.iemj.org\/en\/#organization"},"potentialAction":[{"@type":"SearchAction","target":{"@type":"EntryPoint","urlTemplate":"https:\/\/www.iemj.org\/en\/?s={search_term_string}"},"query-input":{"@type":"PropertyValueSpecification","valueRequired":true,"valueName":"search_term_string"}}],"inLanguage":"en-US"},{"@type":"Organization","@id":"https:\/\/www.iemj.org\/en\/#organization","name":"Institut Europ\u00e9en des Musiques Juives","url":"https:\/\/www.iemj.org\/en\/","logo":{"@type":"ImageObject","inLanguage":"en-US","@id":"https:\/\/www.iemj.org\/en\/#\/schema\/logo\/image\/","url":"https:\/\/www.iemj.org\/wp-content\/uploads\/2021\/09\/Logo-IEMJ-Paypal.jpg","contentUrl":"https:\/\/www.iemj.org\/wp-content\/uploads\/2021\/09\/Logo-IEMJ-Paypal.jpg","width":150,"height":50,"caption":"Institut Europ\u00e9en des Musiques Juives"},"image":{"@id":"https:\/\/www.iemj.org\/en\/#\/schema\/logo\/image\/"},"sameAs":["https:\/\/www.facebook.com\/MusiquesJuives\/","https:\/\/www.instagram.com\/musiquesjuives\/","https:\/\/www.youtube.com\/user\/musiquesjuives"]}]}},"_links":{"self":[{"href":"https:\/\/www.iemj.org\/en\/wp-json\/wp\/v2\/product\/1148","targetHints":{"allow":["GET"]}}],"collection":[{"href":"https:\/\/www.iemj.org\/en\/wp-json\/wp\/v2\/product"}],"about":[{"href":"https:\/\/www.iemj.org\/en\/wp-json\/wp\/v2\/types\/product"}],"replies":[{"embeddable":true,"href":"https:\/\/www.iemj.org\/en\/wp-json\/wp\/v2\/comments?post=1148"}],"wp:featuredmedia":[{"embeddable":true,"href":"https:\/\/www.iemj.org\/en\/wp-json\/wp\/v2\/media\/50753"}],"wp:attachment":[{"href":"https:\/\/www.iemj.org\/en\/wp-json\/wp\/v2\/media?parent=1148"}],"wp:term":[{"taxonomy":"product_brand","embeddable":true,"href":"https:\/\/www.iemj.org\/en\/wp-json\/wp\/v2\/product_brand?post=1148"},{"taxonomy":"product_cat","embeddable":true,"href":"https:\/\/www.iemj.org\/en\/wp-json\/wp\/v2\/product_cat?post=1148"},{"taxonomy":"product_tag","embeddable":true,"href":"https:\/\/www.iemj.org\/en\/wp-json\/wp\/v2\/product_tag?post=1148"}],"curies":[{"name":"wp","href":"https:\/\/api.w.org\/{rel}","templated":true}]}}