{"id":115951,"date":"2024-12-03T11:42:41","date_gmt":"2024-12-03T10:42:41","guid":{"rendered":"https:\/\/www.iemj.org\/produit\/daniel-cantata-shma-kolenu-for-choir-baritone-solo-clarinet-in-a-and-string-trio\/"},"modified":"2024-12-05T12:04:47","modified_gmt":"2024-12-05T11:04:47","slug":"daniel-cantata-shma-kolenu-for-choir-baritone-solo-clarinet-in-a-and-string-trio","status":"publish","type":"product","link":"https:\/\/www.iemj.org\/en\/product\/daniel-cantata-shma-kolenu-for-choir-baritone-solo-clarinet-in-a-and-string-trio\/","title":{"rendered":"Daniel &#8211; Cantata Shma Kolenu &#8211; For Choir, Baritone solo, Clarinet in A and string trio"},"content":{"rendered":"<p>The European Institute of Jewish Music is pleased to announce the publication of <strong>Cantata Shma kolenu<\/strong>, a major work by <a href=\"https:\/\/www.iemj.org\/en\/daniel-itai-1967\/\">lta\u00ef Daniel<\/a>, for 4-part choir, solo baritone, clarinet in A and string trio.<\/p>\n<p>Born in Israel in 1967, composer, pianist and conductor Ita\u00ef Daniel studied music at Tel Aviv University&#8217;s Academy of Music, then at the Cleveland Institute of Music in the United States. Settling in Paris in 2004, Ita\u00ef Daniel decided to devote himself to composition. Choirmaster of the <a href=\"https:\/\/www.iemj.org\/en\/lensemble-choral-copernic-and-voci-copernic\/\">Ensemble Choral Copernic<\/a> since 2009, he has composed numerous pieces of liturgical and popular Jewish music for this ensemble.<\/p>\n<p>His major works in the Jewish tradition include three great cantatas (<em>Mahzor Hayim<\/em>, <em>Shma Kolenu<\/em> and <em>B&#8217;resh\u00eft<\/em>) and numerous compositions, large and small, based on major Jewish prayers and texts (<em>Kaddish, Oseh Shalom, Adon Olam, Kol Nidrei, Yotzer, Haskivenu, Shalom Rav<\/em> and many others).<\/p>\n<p>After releasing the cantata <a href=\"https:\/\/www.iemj.org\/en\/itai-daniel-mahzor-hayim\/\"><em>Mahzor Hayim<\/em><\/a> on CD in 2018, the European Institute of Jewish Music is publishing <em>Shma Kolenu<\/em>, one of Ita\u00ef Daniel&#8217;s most imposing and lyrical scores, at this year&#8217;s end of 2024.<\/p>\n<p>Since 2018, the IEMJ has published over thirty works by Itai Daniel. The <em>Cantata Shma Kolenu<\/em> is published <strong>in print or digital formats<\/strong>.<\/p>\n","protected":false},"excerpt":{"rendered":"<h3><strong>&#8211; Choir\/conductor score available in <span style=\"color: #ff0000;\">printed version<\/span> (\u20ac20) or <span style=\"color: #ff0000;\">downloadable version<\/span> (\u20ac12)<\/strong><\/h3>\n<p><span style=\"color: #ff0000;\"><strong style=\"font-family: var(--bs-body-font-family); font-size: var(--bs-body-font-size); text-align: var(--bs-body-text-align);\">(minimum order for choir\/conductor part: 10 copies<\/strong><\/span><span style=\"color: #ff0000;\"><strong style=\"font-family: var(--bs-body-font-family); font-size: var(--bs-body-font-size); text-align: var(--bs-body-text-align);\">)<\/strong><\/span><\/p>\n<h3><strong>&#8211; 4 instrumental parts (clarinet, violin, viola, cello) available in <\/strong><strong><span style=\"color: #ff0000;\">printed version <\/span><\/strong><strong>(\u20ac32) or <\/strong><strong><span style=\"color: #ff0000;\">downloadable version <\/span><\/strong><strong>(\u20ac20) <\/strong><\/h3>\n<p><strong style=\"color: #ff0000; background-color: var(--bs-body-bg); font-family: var(--bs-body-font-family); font-size: var(--bs-body-font-size); text-align: var(--bs-body-text-align);\">(1 PDF supplied per instrument)<\/strong><\/p>\n<p><strong>Listen to an excerpt from Cantata Shma Kolenu &#8211; Slakh (3rd Mvt) &#8211; Solo piano accompaniment<\/strong><\/p>\n[audio mp3=\"https:\/\/www.iemj.org\/wp-content\/uploads\/2024\/12\/Cantata-Shma-Kolenu_Slakh-extract-mvt3_Accompaniment-with-piano-only.mp3\"][\/audio]\n","protected":false},"featured_media":115502,"comment_status":"closed","ping_status":"closed","template":"","meta":{"_acf_changed":false},"product_brand":[],"product_cat":[94,80,98,52,54,46,34,92,90],"product_tag":[],"class_list":{"0":"post-115951","1":"product","2":"type-product","3":"status-publish","4":"has-post-thumbnail","6":"product_cat-cello-en","7":"product_cat-choir-en","8":"product_cat-clarinet-en","9":"product_cat-daniel-itai-en-2","10":"product_cat-downloadable-scores-en","11":"product_cat-printed-scores-en","12":"product_cat-sheet-music-en","13":"product_cat-viola-en","14":"product_cat-violin-en","15":"pa_partition-downloadable-score-choir-conductor","16":"pa_partition-downloadable-score-instrumental-parts","17":"pa_partition-printed-score-choir-conductor","18":"pa_partition-printed-score-instrumental-parts","20":"first","21":"instock","22":"shipping-taxable","23":"purchasable","24":"product-type-variable"},"acf":[],"yoast_head":"<!-- This site is optimized with the Yoast SEO plugin v27.3 - https:\/\/yoast.com\/product\/yoast-seo-wordpress\/ -->\n<title>Daniel - Cantata Shma Kolenu - For Choir, Baritone solo, Clarinet in A and string trio - Institut Europ\u00e9en des Musiques Juives<\/title>\n<meta name=\"robots\" content=\"index, follow, max-snippet:-1, max-image-preview:large, max-video-preview:-1\" \/>\n<link rel=\"canonical\" href=\"https:\/\/www.iemj.org\/en\/product\/daniel-cantata-shma-kolenu-for-choir-baritone-solo-clarinet-in-a-and-string-trio\/\" \/>\n<meta property=\"og:locale\" content=\"en_US\" \/>\n<meta property=\"og:type\" content=\"article\" \/>\n<meta property=\"og:title\" content=\"Daniel - Cantata Shma Kolenu - For Choir, Baritone solo, Clarinet in A and string trio - Institut Europ\u00e9en des Musiques Juives\" \/>\n<meta property=\"og:description\" content=\"- Choir\/conductor score available in printed version (\u20ac20) or downloadable version (\u20ac12) (minimum order for choir\/conductor part: 10 copies) - 4 instrumental parts (clarinet, violin, viola, cello) available in printed version (\u20ac32) or downloadable version (\u20ac20)  (1 PDF supplied per instrument)  Listen to an excerpt from Cantata Shma Kolenu - Slakh (3rd Mvt) - Solo piano accompaniment\" \/>\n<meta property=\"og:url\" content=\"https:\/\/www.iemj.org\/en\/product\/daniel-cantata-shma-kolenu-for-choir-baritone-solo-clarinet-in-a-and-string-trio\/\" \/>\n<meta property=\"og:site_name\" content=\"Institut Europ\u00e9en des Musiques Juives\" \/>\n<meta property=\"article:publisher\" content=\"https:\/\/www.facebook.com\/MusiquesJuives\/\" \/>\n<meta property=\"article:modified_time\" content=\"2024-12-05T11:04:47+00:00\" \/>\n<meta property=\"og:image\" content=\"https:\/\/www.iemj.org\/wp-content\/uploads\/2024\/12\/Couverture-partition-Shma-Daniel.jpg\" \/>\n\t<meta property=\"og:image:width\" content=\"547\" \/>\n\t<meta property=\"og:image:height\" content=\"489\" \/>\n\t<meta property=\"og:image:type\" content=\"image\/jpeg\" \/>\n<meta name=\"twitter:card\" content=\"summary_large_image\" \/>\n<meta name=\"twitter:label1\" content=\"Est. reading time\" \/>\n\t<meta name=\"twitter:data1\" content=\"2 minutes\" \/>\n<script type=\"application\/ld+json\" class=\"yoast-schema-graph\">{\"@context\":\"https:\\\/\\\/schema.org\",\"@graph\":[{\"@type\":\"WebPage\",\"@id\":\"https:\\\/\\\/www.iemj.org\\\/en\\\/product\\\/daniel-cantata-shma-kolenu-for-choir-baritone-solo-clarinet-in-a-and-string-trio\\\/\",\"url\":\"https:\\\/\\\/www.iemj.org\\\/en\\\/product\\\/daniel-cantata-shma-kolenu-for-choir-baritone-solo-clarinet-in-a-and-string-trio\\\/\",\"name\":\"Daniel - Cantata Shma Kolenu - For Choir, Baritone solo, Clarinet in A and string trio - Institut Europ\u00e9en des Musiques Juives\",\"isPartOf\":{\"@id\":\"https:\\\/\\\/www.iemj.org\\\/en\\\/#website\"},\"primaryImageOfPage\":{\"@id\":\"https:\\\/\\\/www.iemj.org\\\/en\\\/product\\\/daniel-cantata-shma-kolenu-for-choir-baritone-solo-clarinet-in-a-and-string-trio\\\/#primaryimage\"},\"image\":{\"@id\":\"https:\\\/\\\/www.iemj.org\\\/en\\\/product\\\/daniel-cantata-shma-kolenu-for-choir-baritone-solo-clarinet-in-a-and-string-trio\\\/#primaryimage\"},\"thumbnailUrl\":\"https:\\\/\\\/www.iemj.org\\\/wp-content\\\/uploads\\\/2024\\\/12\\\/Couverture-partition-Shma-Daniel.jpg\",\"datePublished\":\"2024-12-03T10:42:41+00:00\",\"dateModified\":\"2024-12-05T11:04:47+00:00\",\"breadcrumb\":{\"@id\":\"https:\\\/\\\/www.iemj.org\\\/en\\\/product\\\/daniel-cantata-shma-kolenu-for-choir-baritone-solo-clarinet-in-a-and-string-trio\\\/#breadcrumb\"},\"inLanguage\":\"en-US\",\"potentialAction\":[{\"@type\":\"ReadAction\",\"target\":[\"https:\\\/\\\/www.iemj.org\\\/en\\\/product\\\/daniel-cantata-shma-kolenu-for-choir-baritone-solo-clarinet-in-a-and-string-trio\\\/\"]}]},{\"@type\":\"ImageObject\",\"inLanguage\":\"en-US\",\"@id\":\"https:\\\/\\\/www.iemj.org\\\/en\\\/product\\\/daniel-cantata-shma-kolenu-for-choir-baritone-solo-clarinet-in-a-and-string-trio\\\/#primaryimage\",\"url\":\"https:\\\/\\\/www.iemj.org\\\/wp-content\\\/uploads\\\/2024\\\/12\\\/Couverture-partition-Shma-Daniel.jpg\",\"contentUrl\":\"https:\\\/\\\/www.iemj.org\\\/wp-content\\\/uploads\\\/2024\\\/12\\\/Couverture-partition-Shma-Daniel.jpg\",\"width\":547,\"height\":489},{\"@type\":\"BreadcrumbList\",\"@id\":\"https:\\\/\\\/www.iemj.org\\\/en\\\/product\\\/daniel-cantata-shma-kolenu-for-choir-baritone-solo-clarinet-in-a-and-string-trio\\\/#breadcrumb\",\"itemListElement\":[{\"@type\":\"ListItem\",\"position\":1,\"name\":\"Accueil\",\"item\":\"https:\\\/\\\/www.iemj.org\\\/en\\\/\"},{\"@type\":\"ListItem\",\"position\":2,\"name\":\"Shop\",\"item\":\"https:\\\/\\\/www.iemj.org\\\/en\\\/shop\\\/\"},{\"@type\":\"ListItem\",\"position\":3,\"name\":\"Daniel &#8211; Cantata Shma Kolenu &#8211; For Choir, Baritone solo, Clarinet in A and string trio\"}]},{\"@type\":\"WebSite\",\"@id\":\"https:\\\/\\\/www.iemj.org\\\/en\\\/#website\",\"url\":\"https:\\\/\\\/www.iemj.org\\\/en\\\/\",\"name\":\"Institut Europ\u00e9en des Musiques Juives\",\"description\":\"Des traditions musicales \u00e0 la port\u00e9e de tous\",\"publisher\":{\"@id\":\"https:\\\/\\\/www.iemj.org\\\/en\\\/#organization\"},\"potentialAction\":[{\"@type\":\"SearchAction\",\"target\":{\"@type\":\"EntryPoint\",\"urlTemplate\":\"https:\\\/\\\/www.iemj.org\\\/en\\\/?s={search_term_string}\"},\"query-input\":{\"@type\":\"PropertyValueSpecification\",\"valueRequired\":true,\"valueName\":\"search_term_string\"}}],\"inLanguage\":\"en-US\"},{\"@type\":\"Organization\",\"@id\":\"https:\\\/\\\/www.iemj.org\\\/en\\\/#organization\",\"name\":\"Institut Europ\u00e9en des Musiques Juives\",\"url\":\"https:\\\/\\\/www.iemj.org\\\/en\\\/\",\"logo\":{\"@type\":\"ImageObject\",\"inLanguage\":\"en-US\",\"@id\":\"https:\\\/\\\/www.iemj.org\\\/en\\\/#\\\/schema\\\/logo\\\/image\\\/\",\"url\":\"https:\\\/\\\/www.iemj.org\\\/wp-content\\\/uploads\\\/2021\\\/09\\\/Logo-IEMJ-Paypal.jpg\",\"contentUrl\":\"https:\\\/\\\/www.iemj.org\\\/wp-content\\\/uploads\\\/2021\\\/09\\\/Logo-IEMJ-Paypal.jpg\",\"width\":150,\"height\":50,\"caption\":\"Institut Europ\u00e9en des Musiques Juives\"},\"image\":{\"@id\":\"https:\\\/\\\/www.iemj.org\\\/en\\\/#\\\/schema\\\/logo\\\/image\\\/\"},\"sameAs\":[\"https:\\\/\\\/www.facebook.com\\\/MusiquesJuives\\\/\",\"https:\\\/\\\/www.instagram.com\\\/musiquesjuives\\\/\",\"https:\\\/\\\/www.youtube.com\\\/user\\\/musiquesjuives\"]}]}<\/script>\n<!-- \/ Yoast SEO plugin. -->","yoast_head_json":{"title":"Daniel - Cantata Shma Kolenu - For Choir, Baritone solo, Clarinet in A and string trio - Institut Europ\u00e9en des Musiques Juives","robots":{"index":"index","follow":"follow","max-snippet":"max-snippet:-1","max-image-preview":"max-image-preview:large","max-video-preview":"max-video-preview:-1"},"canonical":"https:\/\/www.iemj.org\/en\/product\/daniel-cantata-shma-kolenu-for-choir-baritone-solo-clarinet-in-a-and-string-trio\/","og_locale":"en_US","og_type":"article","og_title":"Daniel - Cantata Shma Kolenu - For Choir, Baritone solo, Clarinet in A and string trio - Institut Europ\u00e9en des Musiques Juives","og_description":"- Choir\/conductor score available in printed version (\u20ac20) or downloadable version (\u20ac12) (minimum order for choir\/conductor part: 10 copies) - 4 instrumental parts (clarinet, violin, viola, cello) available in printed version (\u20ac32) or downloadable version (\u20ac20)  (1 PDF supplied per instrument)  Listen to an excerpt from Cantata Shma Kolenu - Slakh (3rd Mvt) - Solo piano accompaniment","og_url":"https:\/\/www.iemj.org\/en\/product\/daniel-cantata-shma-kolenu-for-choir-baritone-solo-clarinet-in-a-and-string-trio\/","og_site_name":"Institut Europ\u00e9en des Musiques Juives","article_publisher":"https:\/\/www.facebook.com\/MusiquesJuives\/","article_modified_time":"2024-12-05T11:04:47+00:00","og_image":[{"width":547,"height":489,"url":"https:\/\/www.iemj.org\/wp-content\/uploads\/2024\/12\/Couverture-partition-Shma-Daniel.jpg","type":"image\/jpeg"}],"twitter_card":"summary_large_image","twitter_misc":{"Est. reading time":"2 minutes"},"schema":{"@context":"https:\/\/schema.org","@graph":[{"@type":"WebPage","@id":"https:\/\/www.iemj.org\/en\/product\/daniel-cantata-shma-kolenu-for-choir-baritone-solo-clarinet-in-a-and-string-trio\/","url":"https:\/\/www.iemj.org\/en\/product\/daniel-cantata-shma-kolenu-for-choir-baritone-solo-clarinet-in-a-and-string-trio\/","name":"Daniel - Cantata Shma Kolenu - For Choir, Baritone solo, Clarinet in A and string trio - Institut Europ\u00e9en des Musiques Juives","isPartOf":{"@id":"https:\/\/www.iemj.org\/en\/#website"},"primaryImageOfPage":{"@id":"https:\/\/www.iemj.org\/en\/product\/daniel-cantata-shma-kolenu-for-choir-baritone-solo-clarinet-in-a-and-string-trio\/#primaryimage"},"image":{"@id":"https:\/\/www.iemj.org\/en\/product\/daniel-cantata-shma-kolenu-for-choir-baritone-solo-clarinet-in-a-and-string-trio\/#primaryimage"},"thumbnailUrl":"https:\/\/www.iemj.org\/wp-content\/uploads\/2024\/12\/Couverture-partition-Shma-Daniel.jpg","datePublished":"2024-12-03T10:42:41+00:00","dateModified":"2024-12-05T11:04:47+00:00","breadcrumb":{"@id":"https:\/\/www.iemj.org\/en\/product\/daniel-cantata-shma-kolenu-for-choir-baritone-solo-clarinet-in-a-and-string-trio\/#breadcrumb"},"inLanguage":"en-US","potentialAction":[{"@type":"ReadAction","target":["https:\/\/www.iemj.org\/en\/product\/daniel-cantata-shma-kolenu-for-choir-baritone-solo-clarinet-in-a-and-string-trio\/"]}]},{"@type":"ImageObject","inLanguage":"en-US","@id":"https:\/\/www.iemj.org\/en\/product\/daniel-cantata-shma-kolenu-for-choir-baritone-solo-clarinet-in-a-and-string-trio\/#primaryimage","url":"https:\/\/www.iemj.org\/wp-content\/uploads\/2024\/12\/Couverture-partition-Shma-Daniel.jpg","contentUrl":"https:\/\/www.iemj.org\/wp-content\/uploads\/2024\/12\/Couverture-partition-Shma-Daniel.jpg","width":547,"height":489},{"@type":"BreadcrumbList","@id":"https:\/\/www.iemj.org\/en\/product\/daniel-cantata-shma-kolenu-for-choir-baritone-solo-clarinet-in-a-and-string-trio\/#breadcrumb","itemListElement":[{"@type":"ListItem","position":1,"name":"Accueil","item":"https:\/\/www.iemj.org\/en\/"},{"@type":"ListItem","position":2,"name":"Shop","item":"https:\/\/www.iemj.org\/en\/shop\/"},{"@type":"ListItem","position":3,"name":"Daniel &#8211; Cantata Shma Kolenu &#8211; For Choir, Baritone solo, Clarinet in A and string trio"}]},{"@type":"WebSite","@id":"https:\/\/www.iemj.org\/en\/#website","url":"https:\/\/www.iemj.org\/en\/","name":"Institut Europ\u00e9en des Musiques Juives","description":"Des traditions musicales \u00e0 la port\u00e9e de tous","publisher":{"@id":"https:\/\/www.iemj.org\/en\/#organization"},"potentialAction":[{"@type":"SearchAction","target":{"@type":"EntryPoint","urlTemplate":"https:\/\/www.iemj.org\/en\/?s={search_term_string}"},"query-input":{"@type":"PropertyValueSpecification","valueRequired":true,"valueName":"search_term_string"}}],"inLanguage":"en-US"},{"@type":"Organization","@id":"https:\/\/www.iemj.org\/en\/#organization","name":"Institut Europ\u00e9en des Musiques Juives","url":"https:\/\/www.iemj.org\/en\/","logo":{"@type":"ImageObject","inLanguage":"en-US","@id":"https:\/\/www.iemj.org\/en\/#\/schema\/logo\/image\/","url":"https:\/\/www.iemj.org\/wp-content\/uploads\/2021\/09\/Logo-IEMJ-Paypal.jpg","contentUrl":"https:\/\/www.iemj.org\/wp-content\/uploads\/2021\/09\/Logo-IEMJ-Paypal.jpg","width":150,"height":50,"caption":"Institut Europ\u00e9en des Musiques Juives"},"image":{"@id":"https:\/\/www.iemj.org\/en\/#\/schema\/logo\/image\/"},"sameAs":["https:\/\/www.facebook.com\/MusiquesJuives\/","https:\/\/www.instagram.com\/musiquesjuives\/","https:\/\/www.youtube.com\/user\/musiquesjuives"]}]}},"_links":{"self":[{"href":"https:\/\/www.iemj.org\/en\/wp-json\/wp\/v2\/product\/115951","targetHints":{"allow":["GET"]}}],"collection":[{"href":"https:\/\/www.iemj.org\/en\/wp-json\/wp\/v2\/product"}],"about":[{"href":"https:\/\/www.iemj.org\/en\/wp-json\/wp\/v2\/types\/product"}],"replies":[{"embeddable":true,"href":"https:\/\/www.iemj.org\/en\/wp-json\/wp\/v2\/comments?post=115951"}],"wp:featuredmedia":[{"embeddable":true,"href":"https:\/\/www.iemj.org\/en\/wp-json\/wp\/v2\/media\/115502"}],"wp:attachment":[{"href":"https:\/\/www.iemj.org\/en\/wp-json\/wp\/v2\/media?parent=115951"}],"wp:term":[{"taxonomy":"product_brand","embeddable":true,"href":"https:\/\/www.iemj.org\/en\/wp-json\/wp\/v2\/product_brand?post=115951"},{"taxonomy":"product_cat","embeddable":true,"href":"https:\/\/www.iemj.org\/en\/wp-json\/wp\/v2\/product_cat?post=115951"},{"taxonomy":"product_tag","embeddable":true,"href":"https:\/\/www.iemj.org\/en\/wp-json\/wp\/v2\/product_tag?post=115951"}],"curies":[{"name":"wp","href":"https:\/\/api.w.org\/{rel}","templated":true}]}}