{"id":1170,"date":"2017-11-30T12:12:48","date_gmt":"2017-11-30T11:12:48","guid":{"rendered":"https:\/\/www.iemj.org\/produit\/marx-sisters-oyf-der-tsung\/"},"modified":"2021-07-21T15:59:49","modified_gmt":"2021-07-21T13:59:49","slug":"marx-sisters-oyf-der-tsung","status":"publish","type":"product","link":"https:\/\/www.iemj.org\/en\/product\/marx-sisters-oyf-der-tsung\/","title":{"rendered":"Marx Sisters: Oyf der Tsung"},"content":{"rendered":"<p>Deep from a dream of a shtetl, one can hear the old melodies which once punctuated the lives of our Ashkenazi ancestors. From jumpy refrains to languishing tunes, from deep cries of sadness to prayers filled with hope, these five fellows, accompanied by many friends on this CD decided to say aloud that the Yiddish language is still alive, that it jumps on the keys of the accordion, runs on the strings of the guitar, and unfolds in the grace of an enchanting voice.<\/p>\n<p><strong>Judith Marx<\/strong> &#8211; Lead Vocals<br class=\"autobr\" \/><strong>Milena Marx<\/strong> &#8211; Clarinet, vocals<br class=\"autobr\" \/><strong>Rapha\u00ebl Setty<\/strong> &#8211; Accordion, vocals, Fender Rhodes<br class=\"autobr\" \/><strong>Mano Siri<\/strong> &#8211; Guitar, banjo, vocals<br class=\"autobr\" \/><strong>Benjamin Chabert<\/strong> &#8211; Double bass, vocals<\/p>\n<p>Extraits :<\/p>\n<p>01 &#8211; Tum Balalaika<\/p>\n<audio class=\"wp-audio-shortcode\" id=\"audio-1170-1\" preload=\"none\" style=\"width: 100%;\" controls=\"controls\"><source type=\"audio\/mpeg\" src=\"https:\/\/www.iemj.org\/wp-content\/uploads\/2017\/12\/cd_889_05.mp3?_=1\" \/><a href=\"https:\/\/www.iemj.org\/wp-content\/uploads\/2017\/12\/cd_889_05.mp3\">https:\/\/www.iemj.org\/wp-content\/uploads\/2017\/12\/cd_889_05.mp3<\/a><\/audio>\n<p>02 &#8211; Mir leben eybik<\/p>\n<audio class=\"wp-audio-shortcode\" id=\"audio-1170-2\" preload=\"none\" style=\"width: 100%;\" controls=\"controls\"><source type=\"audio\/mpeg\" src=\"https:\/\/www.iemj.org\/wp-content\/uploads\/2017\/11\/Mir-leben-eybik-extrait.mp3?_=2\" \/><a href=\"https:\/\/www.iemj.org\/wp-content\/uploads\/2017\/11\/Mir-leben-eybik-extrait.mp3\">https:\/\/www.iemj.org\/wp-content\/uploads\/2017\/11\/Mir-leben-eybik-extrait.mp3<\/a><\/audio>\n<p>03 &#8211; Yankele<\/p>\n<audio class=\"wp-audio-shortcode\" id=\"audio-1170-3\" preload=\"none\" style=\"width: 100%;\" controls=\"controls\"><source type=\"audio\/mpeg\" src=\"https:\/\/www.iemj.org\/wp-content\/uploads\/2017\/11\/Yankele-extrait.mp3?_=3\" \/><a href=\"https:\/\/www.iemj.org\/wp-content\/uploads\/2017\/11\/Yankele-extrait.mp3\">https:\/\/www.iemj.org\/wp-content\/uploads\/2017\/11\/Yankele-extrait.mp3<\/a><\/audio>\n","protected":false},"excerpt":{"rendered":"<p>Here is the first album of the Marx Sisters, French quintet, who perform traditional songs of Yiddish folklore.<\/p>\n<p><strong>Out of Order<\/strong><\/p>\n","protected":false},"featured_media":57670,"comment_status":"open","ping_status":"closed","template":"","meta":{"_acf_changed":false},"product_brand":[],"product_cat":[32,2247,2228],"product_tag":[],"class_list":{"0":"post-1170","1":"product","2":"type-product","3":"status-publish","4":"has-post-thumbnail","6":"product_cat-cd-en-2","7":"product_cat-klezmer-yiddish-en-en","8":"product_cat-other-publishers-en","10":"first","11":"outofstock","12":"shipping-taxable","13":"purchasable","14":"product-type-simple"},"acf":[],"yoast_head":"<!-- This site is optimized with the Yoast SEO plugin v27.3 - https:\/\/yoast.com\/product\/yoast-seo-wordpress\/ -->\n<title>Marx Sisters: Oyf der Tsung - Institut Europ\u00e9en des Musiques Juives<\/title>\n<meta name=\"robots\" content=\"index, follow, max-snippet:-1, max-image-preview:large, max-video-preview:-1\" \/>\n<link rel=\"canonical\" href=\"https:\/\/www.iemj.org\/en\/product\/marx-sisters-oyf-der-tsung\/\" \/>\n<meta property=\"og:locale\" content=\"en_US\" \/>\n<meta property=\"og:type\" content=\"article\" \/>\n<meta property=\"og:title\" content=\"Marx Sisters: Oyf der Tsung - Institut Europ\u00e9en des Musiques Juives\" \/>\n<meta property=\"og:description\" content=\"Here is the first album of the Marx Sisters, French quintet, who perform traditional songs of Yiddish folklore.  Out of Order\" \/>\n<meta property=\"og:url\" content=\"https:\/\/www.iemj.org\/en\/product\/marx-sisters-oyf-der-tsung\/\" \/>\n<meta property=\"og:site_name\" content=\"Institut Europ\u00e9en des Musiques Juives\" \/>\n<meta property=\"article:publisher\" content=\"https:\/\/www.facebook.com\/MusiquesJuives\/\" \/>\n<meta property=\"article:modified_time\" content=\"2021-07-21T13:59:49+00:00\" \/>\n<meta property=\"og:image\" content=\"https:\/\/www.iemj.org\/wp-content\/uploads\/2017\/11\/COUV-CD-Marx-Sisters.jpg\" \/>\n\t<meta property=\"og:image:width\" content=\"350\" \/>\n\t<meta property=\"og:image:height\" content=\"314\" \/>\n\t<meta property=\"og:image:type\" content=\"image\/jpeg\" \/>\n<meta name=\"twitter:card\" content=\"summary_large_image\" \/>\n<meta name=\"twitter:label1\" content=\"Est. reading time\" \/>\n\t<meta name=\"twitter:data1\" content=\"1 minute\" \/>\n<script type=\"application\/ld+json\" class=\"yoast-schema-graph\">{\"@context\":\"https:\\\/\\\/schema.org\",\"@graph\":[{\"@type\":\"WebPage\",\"@id\":\"https:\\\/\\\/www.iemj.org\\\/en\\\/product\\\/marx-sisters-oyf-der-tsung\\\/\",\"url\":\"https:\\\/\\\/www.iemj.org\\\/en\\\/product\\\/marx-sisters-oyf-der-tsung\\\/\",\"name\":\"Marx Sisters: Oyf der Tsung - Institut Europ\u00e9en des Musiques Juives\",\"isPartOf\":{\"@id\":\"https:\\\/\\\/www.iemj.org\\\/en\\\/#website\"},\"primaryImageOfPage\":{\"@id\":\"https:\\\/\\\/www.iemj.org\\\/en\\\/product\\\/marx-sisters-oyf-der-tsung\\\/#primaryimage\"},\"image\":{\"@id\":\"https:\\\/\\\/www.iemj.org\\\/en\\\/product\\\/marx-sisters-oyf-der-tsung\\\/#primaryimage\"},\"thumbnailUrl\":\"https:\\\/\\\/www.iemj.org\\\/wp-content\\\/uploads\\\/2017\\\/11\\\/COUV-CD-Marx-Sisters.jpg\",\"datePublished\":\"2017-11-30T11:12:48+00:00\",\"dateModified\":\"2021-07-21T13:59:49+00:00\",\"breadcrumb\":{\"@id\":\"https:\\\/\\\/www.iemj.org\\\/en\\\/product\\\/marx-sisters-oyf-der-tsung\\\/#breadcrumb\"},\"inLanguage\":\"en-US\",\"potentialAction\":[{\"@type\":\"ReadAction\",\"target\":[\"https:\\\/\\\/www.iemj.org\\\/en\\\/product\\\/marx-sisters-oyf-der-tsung\\\/\"]}]},{\"@type\":\"ImageObject\",\"inLanguage\":\"en-US\",\"@id\":\"https:\\\/\\\/www.iemj.org\\\/en\\\/product\\\/marx-sisters-oyf-der-tsung\\\/#primaryimage\",\"url\":\"https:\\\/\\\/www.iemj.org\\\/wp-content\\\/uploads\\\/2017\\\/11\\\/COUV-CD-Marx-Sisters.jpg\",\"contentUrl\":\"https:\\\/\\\/www.iemj.org\\\/wp-content\\\/uploads\\\/2017\\\/11\\\/COUV-CD-Marx-Sisters.jpg\",\"width\":350,\"height\":314,\"caption\":\"COUV CD Marx Sisters\"},{\"@type\":\"BreadcrumbList\",\"@id\":\"https:\\\/\\\/www.iemj.org\\\/en\\\/product\\\/marx-sisters-oyf-der-tsung\\\/#breadcrumb\",\"itemListElement\":[{\"@type\":\"ListItem\",\"position\":1,\"name\":\"Accueil\",\"item\":\"https:\\\/\\\/www.iemj.org\\\/en\\\/\"},{\"@type\":\"ListItem\",\"position\":2,\"name\":\"Shop\",\"item\":\"https:\\\/\\\/www.iemj.org\\\/en\\\/shop\\\/\"},{\"@type\":\"ListItem\",\"position\":3,\"name\":\"Marx Sisters: Oyf der Tsung\"}]},{\"@type\":\"WebSite\",\"@id\":\"https:\\\/\\\/www.iemj.org\\\/en\\\/#website\",\"url\":\"https:\\\/\\\/www.iemj.org\\\/en\\\/\",\"name\":\"Institut Europ\u00e9en des Musiques Juives\",\"description\":\"Des traditions musicales \u00e0 la port\u00e9e de tous\",\"publisher\":{\"@id\":\"https:\\\/\\\/www.iemj.org\\\/en\\\/#organization\"},\"potentialAction\":[{\"@type\":\"SearchAction\",\"target\":{\"@type\":\"EntryPoint\",\"urlTemplate\":\"https:\\\/\\\/www.iemj.org\\\/en\\\/?s={search_term_string}\"},\"query-input\":{\"@type\":\"PropertyValueSpecification\",\"valueRequired\":true,\"valueName\":\"search_term_string\"}}],\"inLanguage\":\"en-US\"},{\"@type\":\"Organization\",\"@id\":\"https:\\\/\\\/www.iemj.org\\\/en\\\/#organization\",\"name\":\"Institut Europ\u00e9en des Musiques Juives\",\"url\":\"https:\\\/\\\/www.iemj.org\\\/en\\\/\",\"logo\":{\"@type\":\"ImageObject\",\"inLanguage\":\"en-US\",\"@id\":\"https:\\\/\\\/www.iemj.org\\\/en\\\/#\\\/schema\\\/logo\\\/image\\\/\",\"url\":\"https:\\\/\\\/www.iemj.org\\\/wp-content\\\/uploads\\\/2021\\\/09\\\/Logo-IEMJ-Paypal.jpg\",\"contentUrl\":\"https:\\\/\\\/www.iemj.org\\\/wp-content\\\/uploads\\\/2021\\\/09\\\/Logo-IEMJ-Paypal.jpg\",\"width\":150,\"height\":50,\"caption\":\"Institut Europ\u00e9en des Musiques Juives\"},\"image\":{\"@id\":\"https:\\\/\\\/www.iemj.org\\\/en\\\/#\\\/schema\\\/logo\\\/image\\\/\"},\"sameAs\":[\"https:\\\/\\\/www.facebook.com\\\/MusiquesJuives\\\/\",\"https:\\\/\\\/www.instagram.com\\\/musiquesjuives\\\/\",\"https:\\\/\\\/www.youtube.com\\\/user\\\/musiquesjuives\"]}]}<\/script>\n<!-- \/ Yoast SEO plugin. -->","yoast_head_json":{"title":"Marx Sisters: Oyf der Tsung - Institut Europ\u00e9en des Musiques Juives","robots":{"index":"index","follow":"follow","max-snippet":"max-snippet:-1","max-image-preview":"max-image-preview:large","max-video-preview":"max-video-preview:-1"},"canonical":"https:\/\/www.iemj.org\/en\/product\/marx-sisters-oyf-der-tsung\/","og_locale":"en_US","og_type":"article","og_title":"Marx Sisters: Oyf der Tsung - Institut Europ\u00e9en des Musiques Juives","og_description":"Here is the first album of the Marx Sisters, French quintet, who perform traditional songs of Yiddish folklore.  Out of Order","og_url":"https:\/\/www.iemj.org\/en\/product\/marx-sisters-oyf-der-tsung\/","og_site_name":"Institut Europ\u00e9en des Musiques Juives","article_publisher":"https:\/\/www.facebook.com\/MusiquesJuives\/","article_modified_time":"2021-07-21T13:59:49+00:00","og_image":[{"width":350,"height":314,"url":"https:\/\/www.iemj.org\/wp-content\/uploads\/2017\/11\/COUV-CD-Marx-Sisters.jpg","type":"image\/jpeg"}],"twitter_card":"summary_large_image","twitter_misc":{"Est. reading time":"1 minute"},"schema":{"@context":"https:\/\/schema.org","@graph":[{"@type":"WebPage","@id":"https:\/\/www.iemj.org\/en\/product\/marx-sisters-oyf-der-tsung\/","url":"https:\/\/www.iemj.org\/en\/product\/marx-sisters-oyf-der-tsung\/","name":"Marx Sisters: Oyf der Tsung - Institut Europ\u00e9en des Musiques Juives","isPartOf":{"@id":"https:\/\/www.iemj.org\/en\/#website"},"primaryImageOfPage":{"@id":"https:\/\/www.iemj.org\/en\/product\/marx-sisters-oyf-der-tsung\/#primaryimage"},"image":{"@id":"https:\/\/www.iemj.org\/en\/product\/marx-sisters-oyf-der-tsung\/#primaryimage"},"thumbnailUrl":"https:\/\/www.iemj.org\/wp-content\/uploads\/2017\/11\/COUV-CD-Marx-Sisters.jpg","datePublished":"2017-11-30T11:12:48+00:00","dateModified":"2021-07-21T13:59:49+00:00","breadcrumb":{"@id":"https:\/\/www.iemj.org\/en\/product\/marx-sisters-oyf-der-tsung\/#breadcrumb"},"inLanguage":"en-US","potentialAction":[{"@type":"ReadAction","target":["https:\/\/www.iemj.org\/en\/product\/marx-sisters-oyf-der-tsung\/"]}]},{"@type":"ImageObject","inLanguage":"en-US","@id":"https:\/\/www.iemj.org\/en\/product\/marx-sisters-oyf-der-tsung\/#primaryimage","url":"https:\/\/www.iemj.org\/wp-content\/uploads\/2017\/11\/COUV-CD-Marx-Sisters.jpg","contentUrl":"https:\/\/www.iemj.org\/wp-content\/uploads\/2017\/11\/COUV-CD-Marx-Sisters.jpg","width":350,"height":314,"caption":"COUV CD Marx Sisters"},{"@type":"BreadcrumbList","@id":"https:\/\/www.iemj.org\/en\/product\/marx-sisters-oyf-der-tsung\/#breadcrumb","itemListElement":[{"@type":"ListItem","position":1,"name":"Accueil","item":"https:\/\/www.iemj.org\/en\/"},{"@type":"ListItem","position":2,"name":"Shop","item":"https:\/\/www.iemj.org\/en\/shop\/"},{"@type":"ListItem","position":3,"name":"Marx Sisters: Oyf der Tsung"}]},{"@type":"WebSite","@id":"https:\/\/www.iemj.org\/en\/#website","url":"https:\/\/www.iemj.org\/en\/","name":"Institut Europ\u00e9en des Musiques Juives","description":"Des traditions musicales \u00e0 la port\u00e9e de tous","publisher":{"@id":"https:\/\/www.iemj.org\/en\/#organization"},"potentialAction":[{"@type":"SearchAction","target":{"@type":"EntryPoint","urlTemplate":"https:\/\/www.iemj.org\/en\/?s={search_term_string}"},"query-input":{"@type":"PropertyValueSpecification","valueRequired":true,"valueName":"search_term_string"}}],"inLanguage":"en-US"},{"@type":"Organization","@id":"https:\/\/www.iemj.org\/en\/#organization","name":"Institut Europ\u00e9en des Musiques Juives","url":"https:\/\/www.iemj.org\/en\/","logo":{"@type":"ImageObject","inLanguage":"en-US","@id":"https:\/\/www.iemj.org\/en\/#\/schema\/logo\/image\/","url":"https:\/\/www.iemj.org\/wp-content\/uploads\/2021\/09\/Logo-IEMJ-Paypal.jpg","contentUrl":"https:\/\/www.iemj.org\/wp-content\/uploads\/2021\/09\/Logo-IEMJ-Paypal.jpg","width":150,"height":50,"caption":"Institut Europ\u00e9en des Musiques Juives"},"image":{"@id":"https:\/\/www.iemj.org\/en\/#\/schema\/logo\/image\/"},"sameAs":["https:\/\/www.facebook.com\/MusiquesJuives\/","https:\/\/www.instagram.com\/musiquesjuives\/","https:\/\/www.youtube.com\/user\/musiquesjuives"]}]}},"_links":{"self":[{"href":"https:\/\/www.iemj.org\/en\/wp-json\/wp\/v2\/product\/1170","targetHints":{"allow":["GET"]}}],"collection":[{"href":"https:\/\/www.iemj.org\/en\/wp-json\/wp\/v2\/product"}],"about":[{"href":"https:\/\/www.iemj.org\/en\/wp-json\/wp\/v2\/types\/product"}],"replies":[{"embeddable":true,"href":"https:\/\/www.iemj.org\/en\/wp-json\/wp\/v2\/comments?post=1170"}],"wp:featuredmedia":[{"embeddable":true,"href":"https:\/\/www.iemj.org\/en\/wp-json\/wp\/v2\/media\/57670"}],"wp:attachment":[{"href":"https:\/\/www.iemj.org\/en\/wp-json\/wp\/v2\/media?parent=1170"}],"wp:term":[{"taxonomy":"product_brand","embeddable":true,"href":"https:\/\/www.iemj.org\/en\/wp-json\/wp\/v2\/product_brand?post=1170"},{"taxonomy":"product_cat","embeddable":true,"href":"https:\/\/www.iemj.org\/en\/wp-json\/wp\/v2\/product_cat?post=1170"},{"taxonomy":"product_tag","embeddable":true,"href":"https:\/\/www.iemj.org\/en\/wp-json\/wp\/v2\/product_tag?post=1170"}],"curies":[{"name":"wp","href":"https:\/\/api.w.org\/{rel}","templated":true}]}}