{"id":1272,"date":"2018-06-12T11:06:45","date_gmt":"2018-06-12T09:06:45","guid":{"rendered":"https:\/\/www.iemj.org\/produit\/djoyas-de-mar\/"},"modified":"2021-07-21T15:38:35","modified_gmt":"2021-07-21T13:38:35","slug":"djoyas-de-mar","status":"publish","type":"product","link":"https:\/\/www.iemj.org\/en\/product\/djoyas-de-mar\/","title":{"rendered":"Djoyas de Mar"},"content":{"rendered":"<p>Born in Paris in 1992 from a Greek father and a French mother,\u00a0<strong>Dafn\u00e9 Kritharas<\/strong>\u00a0gets her inspiration at the crossroads of the East and West. She grew up hearing Judeo-Spanish songs that her cousin sang, the cellist Bahia El Bacha. To sing to express the intimate became very early for her an evidence. She sings in Greek and Judeo-Spanish, but also in French, Serbo-Croatian, Spanish and Turkish, through her travels and discoveries with her partner, the guitarist, author and composer\u00a0<strong>Paul Barreyre<\/strong>.<\/p>\n<p>The album\u00a0<i>Djoyas de Mar<\/i>, published in 2018 at Lior Editions, comprise twelve tracks, seven in Greek and five in Judeo-Spanish. These songs are linked to the exile and uprooting. The arrangement are made by\u00a0<strong>Camille El Bacha<\/strong>, pianist, improvisator and composer. He develops today his musical world with Jean-Fran\u00e7ois Zygel at the Conservatoire national sup\u00e9rieur de musique et de danse de Paris (CNSMDP).\u00a0<strong>Naghib Shanbehzadeh<\/strong>, young genius of Eastern percussions, founding member with his father Saied of the Shanbehzadeh ensemble, brought to this CD his personal touch.<\/p>\n<p>Extraits :<\/p>\n<p>01 &#8211; Katinaki mou gia senja<\/p>\n<audio class=\"wp-audio-shortcode\" id=\"audio-1272-1\" preload=\"none\" style=\"width: 100%;\" controls=\"controls\"><source type=\"audio\/mpeg\" src=\"https:\/\/www.iemj.org\/wp-content\/uploads\/2018\/06\/cd_997_01.mp3?_=1\" \/><a href=\"https:\/\/www.iemj.org\/wp-content\/uploads\/2018\/06\/cd_997_01.mp3\">https:\/\/www.iemj.org\/wp-content\/uploads\/2018\/06\/cd_997_01.mp3<\/a><\/audio>\n<p>03 &#8211; A\u00efdinikos choros<\/p>\n<audio class=\"wp-audio-shortcode\" id=\"audio-1272-2\" preload=\"none\" style=\"width: 100%;\" controls=\"controls\"><source type=\"audio\/mpeg\" src=\"https:\/\/www.iemj.org\/wp-content\/uploads\/2018\/06\/cd_997_03.mp3?_=2\" \/><a href=\"https:\/\/www.iemj.org\/wp-content\/uploads\/2018\/06\/cd_997_03.mp3\">https:\/\/www.iemj.org\/wp-content\/uploads\/2018\/06\/cd_997_03.mp3<\/a><\/audio>\n<p>04 &#8211; \u00a0Hija Mia<\/p>\n<audio class=\"wp-audio-shortcode\" id=\"audio-1272-3\" preload=\"none\" style=\"width: 100%;\" controls=\"controls\"><source type=\"audio\/mpeg\" src=\"https:\/\/www.iemj.org\/wp-content\/uploads\/2018\/06\/cd_997_04.mp3?_=3\" \/><a href=\"https:\/\/www.iemj.org\/wp-content\/uploads\/2018\/06\/cd_997_04.mp3\">https:\/\/www.iemj.org\/wp-content\/uploads\/2018\/06\/cd_997_04.mp3<\/a><\/audio>\n<p>05 &#8211; Kaneloriza<\/p>\n<audio class=\"wp-audio-shortcode\" id=\"audio-1272-4\" preload=\"none\" style=\"width: 100%;\" controls=\"controls\"><source type=\"audio\/mpeg\" src=\"https:\/\/www.iemj.org\/wp-content\/uploads\/2018\/06\/cd_997_05.mp3?_=4\" \/><a href=\"https:\/\/www.iemj.org\/wp-content\/uploads\/2018\/06\/cd_997_05.mp3\">https:\/\/www.iemj.org\/wp-content\/uploads\/2018\/06\/cd_997_05.mp3<\/a><\/audio>\n<p>06 &#8211; Irme kero madre<\/p>\n<audio class=\"wp-audio-shortcode\" id=\"audio-1272-5\" preload=\"none\" style=\"width: 100%;\" controls=\"controls\"><source type=\"audio\/mpeg\" src=\"https:\/\/www.iemj.org\/wp-content\/uploads\/2018\/06\/cd_997_06.mp3?_=5\" \/><a href=\"https:\/\/www.iemj.org\/wp-content\/uploads\/2018\/06\/cd_997_06.mp3\">https:\/\/www.iemj.org\/wp-content\/uploads\/2018\/06\/cd_997_06.mp3<\/a><\/audio>\n<p>07 &#8211; Katsivela<\/p>\n<audio class=\"wp-audio-shortcode\" id=\"audio-1272-6\" preload=\"none\" style=\"width: 100%;\" controls=\"controls\"><source type=\"audio\/mpeg\" src=\"https:\/\/www.iemj.org\/wp-content\/uploads\/2018\/06\/cd_997_07.mp3?_=6\" \/><a href=\"https:\/\/www.iemj.org\/wp-content\/uploads\/2018\/06\/cd_997_07.mp3\">https:\/\/www.iemj.org\/wp-content\/uploads\/2018\/06\/cd_997_07.mp3<\/a><\/audio>\n","protected":false},"excerpt":{"rendered":"<h2 class=\"soustitre\">Daphn\u00e9 Kritharas<\/h2>\n<div class=\"chapo\">\n<p>New album by the singer Daphn\u00e9 Kritharas, compiling 12 songs in Greek and Judeo-Spanish from the Aegean Sea, now available in the EIJM\u2019s online shop.<\/p>\n<\/div>\n","protected":false},"featured_media":57645,"comment_status":"open","ping_status":"closed","template":"","meta":{"_acf_changed":false},"product_brand":[],"product_cat":[32,2245,2228],"product_tag":[],"class_list":{"0":"post-1272","1":"product","2":"type-product","3":"status-publish","4":"has-post-thumbnail","6":"product_cat-cd-en-2","7":"product_cat-ladino-en-en","8":"product_cat-other-publishers-en","10":"first","11":"instock","12":"shipping-taxable","13":"purchasable","14":"product-type-simple"},"acf":[],"yoast_head":"<!-- This site is optimized with the Yoast SEO plugin v27.3 - https:\/\/yoast.com\/product\/yoast-seo-wordpress\/ -->\n<title>Djoyas de Mar - Institut Europ\u00e9en des Musiques Juives<\/title>\n<meta name=\"robots\" content=\"index, follow, max-snippet:-1, max-image-preview:large, max-video-preview:-1\" \/>\n<link rel=\"canonical\" href=\"https:\/\/www.iemj.org\/en\/product\/djoyas-de-mar\/\" \/>\n<meta property=\"og:locale\" content=\"en_US\" \/>\n<meta property=\"og:type\" content=\"article\" \/>\n<meta property=\"og:title\" content=\"Djoyas de Mar - Institut Europ\u00e9en des Musiques Juives\" \/>\n<meta property=\"og:description\" content=\"Daphn\u00e9 Kritharas   New album by the singer Daphn\u00e9 Kritharas, compiling 12 songs in Greek and Judeo-Spanish from the Aegean Sea, now available in the EIJM\u2019s online shop.\" \/>\n<meta property=\"og:url\" content=\"https:\/\/www.iemj.org\/en\/product\/djoyas-de-mar\/\" \/>\n<meta property=\"og:site_name\" content=\"Institut Europ\u00e9en des Musiques Juives\" \/>\n<meta property=\"article:publisher\" content=\"https:\/\/www.facebook.com\/MusiquesJuives\/\" \/>\n<meta property=\"article:modified_time\" content=\"2021-07-21T13:38:35+00:00\" \/>\n<meta property=\"og:image\" content=\"https:\/\/www.iemj.org\/wp-content\/uploads\/2018\/06\/COUV-CD-Djoyas-de-Mar.jpg\" \/>\n\t<meta property=\"og:image:width\" content=\"350\" \/>\n\t<meta property=\"og:image:height\" content=\"314\" \/>\n\t<meta property=\"og:image:type\" content=\"image\/jpeg\" \/>\n<meta name=\"twitter:card\" content=\"summary_large_image\" \/>\n<meta name=\"twitter:label1\" content=\"Est. reading time\" \/>\n\t<meta name=\"twitter:data1\" content=\"1 minute\" \/>\n<script type=\"application\/ld+json\" class=\"yoast-schema-graph\">{\"@context\":\"https:\\\/\\\/schema.org\",\"@graph\":[{\"@type\":\"WebPage\",\"@id\":\"https:\\\/\\\/www.iemj.org\\\/en\\\/product\\\/djoyas-de-mar\\\/\",\"url\":\"https:\\\/\\\/www.iemj.org\\\/en\\\/product\\\/djoyas-de-mar\\\/\",\"name\":\"Djoyas de Mar - Institut Europ\u00e9en des Musiques Juives\",\"isPartOf\":{\"@id\":\"https:\\\/\\\/www.iemj.org\\\/en\\\/#website\"},\"primaryImageOfPage\":{\"@id\":\"https:\\\/\\\/www.iemj.org\\\/en\\\/product\\\/djoyas-de-mar\\\/#primaryimage\"},\"image\":{\"@id\":\"https:\\\/\\\/www.iemj.org\\\/en\\\/product\\\/djoyas-de-mar\\\/#primaryimage\"},\"thumbnailUrl\":\"https:\\\/\\\/www.iemj.org\\\/wp-content\\\/uploads\\\/2018\\\/06\\\/COUV-CD-Djoyas-de-Mar.jpg\",\"datePublished\":\"2018-06-12T09:06:45+00:00\",\"dateModified\":\"2021-07-21T13:38:35+00:00\",\"breadcrumb\":{\"@id\":\"https:\\\/\\\/www.iemj.org\\\/en\\\/product\\\/djoyas-de-mar\\\/#breadcrumb\"},\"inLanguage\":\"en-US\",\"potentialAction\":[{\"@type\":\"ReadAction\",\"target\":[\"https:\\\/\\\/www.iemj.org\\\/en\\\/product\\\/djoyas-de-mar\\\/\"]}]},{\"@type\":\"ImageObject\",\"inLanguage\":\"en-US\",\"@id\":\"https:\\\/\\\/www.iemj.org\\\/en\\\/product\\\/djoyas-de-mar\\\/#primaryimage\",\"url\":\"https:\\\/\\\/www.iemj.org\\\/wp-content\\\/uploads\\\/2018\\\/06\\\/COUV-CD-Djoyas-de-Mar.jpg\",\"contentUrl\":\"https:\\\/\\\/www.iemj.org\\\/wp-content\\\/uploads\\\/2018\\\/06\\\/COUV-CD-Djoyas-de-Mar.jpg\",\"width\":350,\"height\":314,\"caption\":\"COUV CD Djoyas de Mar\"},{\"@type\":\"BreadcrumbList\",\"@id\":\"https:\\\/\\\/www.iemj.org\\\/en\\\/product\\\/djoyas-de-mar\\\/#breadcrumb\",\"itemListElement\":[{\"@type\":\"ListItem\",\"position\":1,\"name\":\"Accueil\",\"item\":\"https:\\\/\\\/www.iemj.org\\\/en\\\/\"},{\"@type\":\"ListItem\",\"position\":2,\"name\":\"Shop\",\"item\":\"https:\\\/\\\/www.iemj.org\\\/en\\\/shop\\\/\"},{\"@type\":\"ListItem\",\"position\":3,\"name\":\"Djoyas de Mar\"}]},{\"@type\":\"WebSite\",\"@id\":\"https:\\\/\\\/www.iemj.org\\\/en\\\/#website\",\"url\":\"https:\\\/\\\/www.iemj.org\\\/en\\\/\",\"name\":\"Institut Europ\u00e9en des Musiques Juives\",\"description\":\"Des traditions musicales \u00e0 la port\u00e9e de tous\",\"publisher\":{\"@id\":\"https:\\\/\\\/www.iemj.org\\\/en\\\/#organization\"},\"potentialAction\":[{\"@type\":\"SearchAction\",\"target\":{\"@type\":\"EntryPoint\",\"urlTemplate\":\"https:\\\/\\\/www.iemj.org\\\/en\\\/?s={search_term_string}\"},\"query-input\":{\"@type\":\"PropertyValueSpecification\",\"valueRequired\":true,\"valueName\":\"search_term_string\"}}],\"inLanguage\":\"en-US\"},{\"@type\":\"Organization\",\"@id\":\"https:\\\/\\\/www.iemj.org\\\/en\\\/#organization\",\"name\":\"Institut Europ\u00e9en des Musiques Juives\",\"url\":\"https:\\\/\\\/www.iemj.org\\\/en\\\/\",\"logo\":{\"@type\":\"ImageObject\",\"inLanguage\":\"en-US\",\"@id\":\"https:\\\/\\\/www.iemj.org\\\/en\\\/#\\\/schema\\\/logo\\\/image\\\/\",\"url\":\"https:\\\/\\\/www.iemj.org\\\/wp-content\\\/uploads\\\/2021\\\/09\\\/Logo-IEMJ-Paypal.jpg\",\"contentUrl\":\"https:\\\/\\\/www.iemj.org\\\/wp-content\\\/uploads\\\/2021\\\/09\\\/Logo-IEMJ-Paypal.jpg\",\"width\":150,\"height\":50,\"caption\":\"Institut Europ\u00e9en des Musiques Juives\"},\"image\":{\"@id\":\"https:\\\/\\\/www.iemj.org\\\/en\\\/#\\\/schema\\\/logo\\\/image\\\/\"},\"sameAs\":[\"https:\\\/\\\/www.facebook.com\\\/MusiquesJuives\\\/\",\"https:\\\/\\\/www.instagram.com\\\/musiquesjuives\\\/\",\"https:\\\/\\\/www.youtube.com\\\/user\\\/musiquesjuives\"]}]}<\/script>\n<!-- \/ Yoast SEO plugin. -->","yoast_head_json":{"title":"Djoyas de Mar - Institut Europ\u00e9en des Musiques Juives","robots":{"index":"index","follow":"follow","max-snippet":"max-snippet:-1","max-image-preview":"max-image-preview:large","max-video-preview":"max-video-preview:-1"},"canonical":"https:\/\/www.iemj.org\/en\/product\/djoyas-de-mar\/","og_locale":"en_US","og_type":"article","og_title":"Djoyas de Mar - Institut Europ\u00e9en des Musiques Juives","og_description":"Daphn\u00e9 Kritharas   New album by the singer Daphn\u00e9 Kritharas, compiling 12 songs in Greek and Judeo-Spanish from the Aegean Sea, now available in the EIJM\u2019s online shop.","og_url":"https:\/\/www.iemj.org\/en\/product\/djoyas-de-mar\/","og_site_name":"Institut Europ\u00e9en des Musiques Juives","article_publisher":"https:\/\/www.facebook.com\/MusiquesJuives\/","article_modified_time":"2021-07-21T13:38:35+00:00","og_image":[{"width":350,"height":314,"url":"https:\/\/www.iemj.org\/wp-content\/uploads\/2018\/06\/COUV-CD-Djoyas-de-Mar.jpg","type":"image\/jpeg"}],"twitter_card":"summary_large_image","twitter_misc":{"Est. reading time":"1 minute"},"schema":{"@context":"https:\/\/schema.org","@graph":[{"@type":"WebPage","@id":"https:\/\/www.iemj.org\/en\/product\/djoyas-de-mar\/","url":"https:\/\/www.iemj.org\/en\/product\/djoyas-de-mar\/","name":"Djoyas de Mar - Institut Europ\u00e9en des Musiques Juives","isPartOf":{"@id":"https:\/\/www.iemj.org\/en\/#website"},"primaryImageOfPage":{"@id":"https:\/\/www.iemj.org\/en\/product\/djoyas-de-mar\/#primaryimage"},"image":{"@id":"https:\/\/www.iemj.org\/en\/product\/djoyas-de-mar\/#primaryimage"},"thumbnailUrl":"https:\/\/www.iemj.org\/wp-content\/uploads\/2018\/06\/COUV-CD-Djoyas-de-Mar.jpg","datePublished":"2018-06-12T09:06:45+00:00","dateModified":"2021-07-21T13:38:35+00:00","breadcrumb":{"@id":"https:\/\/www.iemj.org\/en\/product\/djoyas-de-mar\/#breadcrumb"},"inLanguage":"en-US","potentialAction":[{"@type":"ReadAction","target":["https:\/\/www.iemj.org\/en\/product\/djoyas-de-mar\/"]}]},{"@type":"ImageObject","inLanguage":"en-US","@id":"https:\/\/www.iemj.org\/en\/product\/djoyas-de-mar\/#primaryimage","url":"https:\/\/www.iemj.org\/wp-content\/uploads\/2018\/06\/COUV-CD-Djoyas-de-Mar.jpg","contentUrl":"https:\/\/www.iemj.org\/wp-content\/uploads\/2018\/06\/COUV-CD-Djoyas-de-Mar.jpg","width":350,"height":314,"caption":"COUV CD Djoyas de Mar"},{"@type":"BreadcrumbList","@id":"https:\/\/www.iemj.org\/en\/product\/djoyas-de-mar\/#breadcrumb","itemListElement":[{"@type":"ListItem","position":1,"name":"Accueil","item":"https:\/\/www.iemj.org\/en\/"},{"@type":"ListItem","position":2,"name":"Shop","item":"https:\/\/www.iemj.org\/en\/shop\/"},{"@type":"ListItem","position":3,"name":"Djoyas de Mar"}]},{"@type":"WebSite","@id":"https:\/\/www.iemj.org\/en\/#website","url":"https:\/\/www.iemj.org\/en\/","name":"Institut Europ\u00e9en des Musiques Juives","description":"Des traditions musicales \u00e0 la port\u00e9e de tous","publisher":{"@id":"https:\/\/www.iemj.org\/en\/#organization"},"potentialAction":[{"@type":"SearchAction","target":{"@type":"EntryPoint","urlTemplate":"https:\/\/www.iemj.org\/en\/?s={search_term_string}"},"query-input":{"@type":"PropertyValueSpecification","valueRequired":true,"valueName":"search_term_string"}}],"inLanguage":"en-US"},{"@type":"Organization","@id":"https:\/\/www.iemj.org\/en\/#organization","name":"Institut Europ\u00e9en des Musiques Juives","url":"https:\/\/www.iemj.org\/en\/","logo":{"@type":"ImageObject","inLanguage":"en-US","@id":"https:\/\/www.iemj.org\/en\/#\/schema\/logo\/image\/","url":"https:\/\/www.iemj.org\/wp-content\/uploads\/2021\/09\/Logo-IEMJ-Paypal.jpg","contentUrl":"https:\/\/www.iemj.org\/wp-content\/uploads\/2021\/09\/Logo-IEMJ-Paypal.jpg","width":150,"height":50,"caption":"Institut Europ\u00e9en des Musiques Juives"},"image":{"@id":"https:\/\/www.iemj.org\/en\/#\/schema\/logo\/image\/"},"sameAs":["https:\/\/www.facebook.com\/MusiquesJuives\/","https:\/\/www.instagram.com\/musiquesjuives\/","https:\/\/www.youtube.com\/user\/musiquesjuives"]}]}},"_links":{"self":[{"href":"https:\/\/www.iemj.org\/en\/wp-json\/wp\/v2\/product\/1272","targetHints":{"allow":["GET"]}}],"collection":[{"href":"https:\/\/www.iemj.org\/en\/wp-json\/wp\/v2\/product"}],"about":[{"href":"https:\/\/www.iemj.org\/en\/wp-json\/wp\/v2\/types\/product"}],"replies":[{"embeddable":true,"href":"https:\/\/www.iemj.org\/en\/wp-json\/wp\/v2\/comments?post=1272"}],"wp:featuredmedia":[{"embeddable":true,"href":"https:\/\/www.iemj.org\/en\/wp-json\/wp\/v2\/media\/57645"}],"wp:attachment":[{"href":"https:\/\/www.iemj.org\/en\/wp-json\/wp\/v2\/media?parent=1272"}],"wp:term":[{"taxonomy":"product_brand","embeddable":true,"href":"https:\/\/www.iemj.org\/en\/wp-json\/wp\/v2\/product_brand?post=1272"},{"taxonomy":"product_cat","embeddable":true,"href":"https:\/\/www.iemj.org\/en\/wp-json\/wp\/v2\/product_cat?post=1272"},{"taxonomy":"product_tag","embeddable":true,"href":"https:\/\/www.iemj.org\/en\/wp-json\/wp\/v2\/product_tag?post=1272"}],"curies":[{"name":"wp","href":"https:\/\/api.w.org\/{rel}","templated":true}]}}