{"id":1296,"date":"2018-07-16T12:40:54","date_gmt":"2018-07-16T10:40:54","guid":{"rendered":"https:\/\/www.iemj.org\/produit\/en-chemin-yiddish-folk-songs\/"},"modified":"2021-07-21T15:36:46","modified_gmt":"2021-07-21T13:36:46","slug":"en-chemin-yiddish-folk-songs","status":"publish","type":"product","link":"https:\/\/www.iemj.org\/en\/product\/en-chemin-yiddish-folk-songs\/","title":{"rendered":"En Chemin &#8211; Yiddish folk songs"},"content":{"rendered":"<p><span id=\"result_box\" lang=\"en\" xml:lang=\"en\">The meeting with Jean Golgevit, and the discovery of his magnificent harmonizations of Yiddish folk songs led the <strong>Deux-S\u00e8vres Chamber Choir<\/strong> to appropriate this new repertoire. In order to answer the specificities of the different harmonizations (in mixed voices, for chorus of women and for chorus of men). The Choir Ladies (<strong>Dames de Ch\u0153ur<\/strong>) and The Singers (<strong>Les Entonneurs<\/strong>) were invited to share the adventure.<\/span><\/p>\n<p>This musical repertoire is inspired by both secular songs and folk dances, as well as simple, wordless melodies. Brewed by the influences of slaves, Gypsies, Greeks, Turks, and later, by Jazz, this music has acquired a diversity and a characteristic sound. These songs are harmonized by <strong>Jean Golgevit<\/strong>, bringing an originality to the ensemble: instead of being accompanied by instruments as usual, they are interpreted a cappella.<\/p>\n<p>Extraits :<\/p>\n<p>Dem milners trern<\/p>\n<audio class=\"wp-audio-shortcode\" id=\"audio-1296-1\" preload=\"none\" style=\"width: 100%;\" controls=\"controls\"><source type=\"audio\/mpeg\" src=\"https:\/\/www.iemj.org\/wp-content\/uploads\/2018\/07\/dem_milners_trern.mp3?_=1\" \/><a href=\"https:\/\/www.iemj.org\/wp-content\/uploads\/2018\/07\/dem_milners_trern.mp3\">https:\/\/www.iemj.org\/wp-content\/uploads\/2018\/07\/dem_milners_trern.mp3<\/a><\/audio>\n<p>Gloyb mamenyu<\/p>\n<audio class=\"wp-audio-shortcode\" id=\"audio-1296-2\" preload=\"none\" style=\"width: 100%;\" controls=\"controls\"><source type=\"audio\/mpeg\" src=\"https:\/\/www.iemj.org\/wp-content\/uploads\/2018\/07\/gloyb_mamenyu.mp3?_=2\" \/><a href=\"https:\/\/www.iemj.org\/wp-content\/uploads\/2018\/07\/gloyb_mamenyu.mp3\">https:\/\/www.iemj.org\/wp-content\/uploads\/2018\/07\/gloyb_mamenyu.mp3<\/a><\/audio>\n<p>Shtiler ovnt<\/p>\n<audio class=\"wp-audio-shortcode\" id=\"audio-1296-3\" preload=\"none\" style=\"width: 100%;\" controls=\"controls\"><source type=\"audio\/mpeg\" src=\"https:\/\/www.iemj.org\/wp-content\/uploads\/2018\/07\/shtiler_ovnt.mp3?_=3\" \/><a href=\"https:\/\/www.iemj.org\/wp-content\/uploads\/2018\/07\/shtiler_ovnt.mp3\">https:\/\/www.iemj.org\/wp-content\/uploads\/2018\/07\/shtiler_ovnt.mp3<\/a><\/audio>\n<p>Ze dos kleydl, tateshi<\/p>\n<audio class=\"wp-audio-shortcode\" id=\"audio-1296-4\" preload=\"none\" style=\"width: 100%;\" controls=\"controls\"><source type=\"audio\/mpeg\" src=\"https:\/\/www.iemj.org\/wp-content\/uploads\/2018\/07\/ze_dos_kleydl_tateshi.mp3?_=4\" \/><a href=\"https:\/\/www.iemj.org\/wp-content\/uploads\/2018\/07\/ze_dos_kleydl_tateshi.mp3\">https:\/\/www.iemj.org\/wp-content\/uploads\/2018\/07\/ze_dos_kleydl_tateshi.mp3<\/a><\/audio>\n","protected":false},"excerpt":{"rendered":"<p>T<span id=\"result_box\" lang=\"en\" xml:lang=\"en\">he Deux-S\u00e8vres Chamber Choir<\/span><\/p>\n<p>The Entonneurs<\/p>\n<p>The Dames de Ch\u0153ur of the <span class=\"tag_trans\">music conservatory of the<\/span> Bocage Bressuirais<\/p>\n","protected":false},"featured_media":57640,"comment_status":"open","ping_status":"closed","template":"","meta":{"_acf_changed":false},"product_brand":[],"product_cat":[32,2247,2228],"product_tag":[],"class_list":{"0":"post-1296","1":"product","2":"type-product","3":"status-publish","4":"has-post-thumbnail","6":"product_cat-cd-en-2","7":"product_cat-klezmer-yiddish-en-en","8":"product_cat-other-publishers-en","10":"first","11":"instock","12":"shipping-taxable","13":"purchasable","14":"product-type-simple"},"acf":[],"yoast_head":"<!-- This site is optimized with the Yoast SEO plugin v27.3 - https:\/\/yoast.com\/product\/yoast-seo-wordpress\/ -->\n<title>En Chemin - Yiddish folk songs - Institut Europ\u00e9en des Musiques Juives<\/title>\n<meta name=\"robots\" content=\"index, follow, max-snippet:-1, max-image-preview:large, max-video-preview:-1\" \/>\n<link rel=\"canonical\" href=\"https:\/\/www.iemj.org\/en\/product\/en-chemin-yiddish-folk-songs\/\" \/>\n<meta property=\"og:locale\" content=\"en_US\" \/>\n<meta property=\"og:type\" content=\"article\" \/>\n<meta property=\"og:title\" content=\"En Chemin - Yiddish folk songs - Institut Europ\u00e9en des Musiques Juives\" \/>\n<meta property=\"og:description\" content=\"The Deux-S\u00e8vres Chamber Choir  The Entonneurs  The Dames de Ch\u0153ur of the music conservatory of the Bocage Bressuirais\" \/>\n<meta property=\"og:url\" content=\"https:\/\/www.iemj.org\/en\/product\/en-chemin-yiddish-folk-songs\/\" \/>\n<meta property=\"og:site_name\" content=\"Institut Europ\u00e9en des Musiques Juives\" \/>\n<meta property=\"article:publisher\" content=\"https:\/\/www.facebook.com\/MusiquesJuives\/\" \/>\n<meta property=\"article:modified_time\" content=\"2021-07-21T13:36:46+00:00\" \/>\n<meta property=\"og:image\" content=\"https:\/\/www.iemj.org\/wp-content\/uploads\/2018\/07\/COUV-CD-En-chemin.jpg\" \/>\n\t<meta property=\"og:image:width\" content=\"350\" \/>\n\t<meta property=\"og:image:height\" content=\"314\" \/>\n\t<meta property=\"og:image:type\" content=\"image\/jpeg\" \/>\n<meta name=\"twitter:card\" content=\"summary_large_image\" \/>\n<meta name=\"twitter:label1\" content=\"Est. reading time\" \/>\n\t<meta name=\"twitter:data1\" content=\"1 minute\" \/>\n<script type=\"application\/ld+json\" class=\"yoast-schema-graph\">{\"@context\":\"https:\\\/\\\/schema.org\",\"@graph\":[{\"@type\":\"WebPage\",\"@id\":\"https:\\\/\\\/www.iemj.org\\\/en\\\/product\\\/en-chemin-yiddish-folk-songs\\\/\",\"url\":\"https:\\\/\\\/www.iemj.org\\\/en\\\/product\\\/en-chemin-yiddish-folk-songs\\\/\",\"name\":\"En Chemin - Yiddish folk songs - Institut Europ\u00e9en des Musiques Juives\",\"isPartOf\":{\"@id\":\"https:\\\/\\\/www.iemj.org\\\/en\\\/#website\"},\"primaryImageOfPage\":{\"@id\":\"https:\\\/\\\/www.iemj.org\\\/en\\\/product\\\/en-chemin-yiddish-folk-songs\\\/#primaryimage\"},\"image\":{\"@id\":\"https:\\\/\\\/www.iemj.org\\\/en\\\/product\\\/en-chemin-yiddish-folk-songs\\\/#primaryimage\"},\"thumbnailUrl\":\"https:\\\/\\\/www.iemj.org\\\/wp-content\\\/uploads\\\/2018\\\/07\\\/COUV-CD-En-chemin.jpg\",\"datePublished\":\"2018-07-16T10:40:54+00:00\",\"dateModified\":\"2021-07-21T13:36:46+00:00\",\"breadcrumb\":{\"@id\":\"https:\\\/\\\/www.iemj.org\\\/en\\\/product\\\/en-chemin-yiddish-folk-songs\\\/#breadcrumb\"},\"inLanguage\":\"en-US\",\"potentialAction\":[{\"@type\":\"ReadAction\",\"target\":[\"https:\\\/\\\/www.iemj.org\\\/en\\\/product\\\/en-chemin-yiddish-folk-songs\\\/\"]}]},{\"@type\":\"ImageObject\",\"inLanguage\":\"en-US\",\"@id\":\"https:\\\/\\\/www.iemj.org\\\/en\\\/product\\\/en-chemin-yiddish-folk-songs\\\/#primaryimage\",\"url\":\"https:\\\/\\\/www.iemj.org\\\/wp-content\\\/uploads\\\/2018\\\/07\\\/COUV-CD-En-chemin.jpg\",\"contentUrl\":\"https:\\\/\\\/www.iemj.org\\\/wp-content\\\/uploads\\\/2018\\\/07\\\/COUV-CD-En-chemin.jpg\",\"width\":350,\"height\":314,\"caption\":\"COUV CD En chemin\"},{\"@type\":\"BreadcrumbList\",\"@id\":\"https:\\\/\\\/www.iemj.org\\\/en\\\/product\\\/en-chemin-yiddish-folk-songs\\\/#breadcrumb\",\"itemListElement\":[{\"@type\":\"ListItem\",\"position\":1,\"name\":\"Accueil\",\"item\":\"https:\\\/\\\/www.iemj.org\\\/en\\\/\"},{\"@type\":\"ListItem\",\"position\":2,\"name\":\"Shop\",\"item\":\"https:\\\/\\\/www.iemj.org\\\/en\\\/shop\\\/\"},{\"@type\":\"ListItem\",\"position\":3,\"name\":\"En Chemin &#8211; Yiddish folk songs\"}]},{\"@type\":\"WebSite\",\"@id\":\"https:\\\/\\\/www.iemj.org\\\/en\\\/#website\",\"url\":\"https:\\\/\\\/www.iemj.org\\\/en\\\/\",\"name\":\"Institut Europ\u00e9en des Musiques Juives\",\"description\":\"Des traditions musicales \u00e0 la port\u00e9e de tous\",\"publisher\":{\"@id\":\"https:\\\/\\\/www.iemj.org\\\/en\\\/#organization\"},\"potentialAction\":[{\"@type\":\"SearchAction\",\"target\":{\"@type\":\"EntryPoint\",\"urlTemplate\":\"https:\\\/\\\/www.iemj.org\\\/en\\\/?s={search_term_string}\"},\"query-input\":{\"@type\":\"PropertyValueSpecification\",\"valueRequired\":true,\"valueName\":\"search_term_string\"}}],\"inLanguage\":\"en-US\"},{\"@type\":\"Organization\",\"@id\":\"https:\\\/\\\/www.iemj.org\\\/en\\\/#organization\",\"name\":\"Institut Europ\u00e9en des Musiques Juives\",\"url\":\"https:\\\/\\\/www.iemj.org\\\/en\\\/\",\"logo\":{\"@type\":\"ImageObject\",\"inLanguage\":\"en-US\",\"@id\":\"https:\\\/\\\/www.iemj.org\\\/en\\\/#\\\/schema\\\/logo\\\/image\\\/\",\"url\":\"https:\\\/\\\/www.iemj.org\\\/wp-content\\\/uploads\\\/2021\\\/09\\\/Logo-IEMJ-Paypal.jpg\",\"contentUrl\":\"https:\\\/\\\/www.iemj.org\\\/wp-content\\\/uploads\\\/2021\\\/09\\\/Logo-IEMJ-Paypal.jpg\",\"width\":150,\"height\":50,\"caption\":\"Institut Europ\u00e9en des Musiques Juives\"},\"image\":{\"@id\":\"https:\\\/\\\/www.iemj.org\\\/en\\\/#\\\/schema\\\/logo\\\/image\\\/\"},\"sameAs\":[\"https:\\\/\\\/www.facebook.com\\\/MusiquesJuives\\\/\",\"https:\\\/\\\/www.instagram.com\\\/musiquesjuives\\\/\",\"https:\\\/\\\/www.youtube.com\\\/user\\\/musiquesjuives\"]}]}<\/script>\n<!-- \/ Yoast SEO plugin. -->","yoast_head_json":{"title":"En Chemin - Yiddish folk songs - Institut Europ\u00e9en des Musiques Juives","robots":{"index":"index","follow":"follow","max-snippet":"max-snippet:-1","max-image-preview":"max-image-preview:large","max-video-preview":"max-video-preview:-1"},"canonical":"https:\/\/www.iemj.org\/en\/product\/en-chemin-yiddish-folk-songs\/","og_locale":"en_US","og_type":"article","og_title":"En Chemin - Yiddish folk songs - Institut Europ\u00e9en des Musiques Juives","og_description":"The Deux-S\u00e8vres Chamber Choir  The Entonneurs  The Dames de Ch\u0153ur of the music conservatory of the Bocage Bressuirais","og_url":"https:\/\/www.iemj.org\/en\/product\/en-chemin-yiddish-folk-songs\/","og_site_name":"Institut Europ\u00e9en des Musiques Juives","article_publisher":"https:\/\/www.facebook.com\/MusiquesJuives\/","article_modified_time":"2021-07-21T13:36:46+00:00","og_image":[{"width":350,"height":314,"url":"https:\/\/www.iemj.org\/wp-content\/uploads\/2018\/07\/COUV-CD-En-chemin.jpg","type":"image\/jpeg"}],"twitter_card":"summary_large_image","twitter_misc":{"Est. reading time":"1 minute"},"schema":{"@context":"https:\/\/schema.org","@graph":[{"@type":"WebPage","@id":"https:\/\/www.iemj.org\/en\/product\/en-chemin-yiddish-folk-songs\/","url":"https:\/\/www.iemj.org\/en\/product\/en-chemin-yiddish-folk-songs\/","name":"En Chemin - Yiddish folk songs - Institut Europ\u00e9en des Musiques Juives","isPartOf":{"@id":"https:\/\/www.iemj.org\/en\/#website"},"primaryImageOfPage":{"@id":"https:\/\/www.iemj.org\/en\/product\/en-chemin-yiddish-folk-songs\/#primaryimage"},"image":{"@id":"https:\/\/www.iemj.org\/en\/product\/en-chemin-yiddish-folk-songs\/#primaryimage"},"thumbnailUrl":"https:\/\/www.iemj.org\/wp-content\/uploads\/2018\/07\/COUV-CD-En-chemin.jpg","datePublished":"2018-07-16T10:40:54+00:00","dateModified":"2021-07-21T13:36:46+00:00","breadcrumb":{"@id":"https:\/\/www.iemj.org\/en\/product\/en-chemin-yiddish-folk-songs\/#breadcrumb"},"inLanguage":"en-US","potentialAction":[{"@type":"ReadAction","target":["https:\/\/www.iemj.org\/en\/product\/en-chemin-yiddish-folk-songs\/"]}]},{"@type":"ImageObject","inLanguage":"en-US","@id":"https:\/\/www.iemj.org\/en\/product\/en-chemin-yiddish-folk-songs\/#primaryimage","url":"https:\/\/www.iemj.org\/wp-content\/uploads\/2018\/07\/COUV-CD-En-chemin.jpg","contentUrl":"https:\/\/www.iemj.org\/wp-content\/uploads\/2018\/07\/COUV-CD-En-chemin.jpg","width":350,"height":314,"caption":"COUV CD En chemin"},{"@type":"BreadcrumbList","@id":"https:\/\/www.iemj.org\/en\/product\/en-chemin-yiddish-folk-songs\/#breadcrumb","itemListElement":[{"@type":"ListItem","position":1,"name":"Accueil","item":"https:\/\/www.iemj.org\/en\/"},{"@type":"ListItem","position":2,"name":"Shop","item":"https:\/\/www.iemj.org\/en\/shop\/"},{"@type":"ListItem","position":3,"name":"En Chemin &#8211; Yiddish folk songs"}]},{"@type":"WebSite","@id":"https:\/\/www.iemj.org\/en\/#website","url":"https:\/\/www.iemj.org\/en\/","name":"Institut Europ\u00e9en des Musiques Juives","description":"Des traditions musicales \u00e0 la port\u00e9e de tous","publisher":{"@id":"https:\/\/www.iemj.org\/en\/#organization"},"potentialAction":[{"@type":"SearchAction","target":{"@type":"EntryPoint","urlTemplate":"https:\/\/www.iemj.org\/en\/?s={search_term_string}"},"query-input":{"@type":"PropertyValueSpecification","valueRequired":true,"valueName":"search_term_string"}}],"inLanguage":"en-US"},{"@type":"Organization","@id":"https:\/\/www.iemj.org\/en\/#organization","name":"Institut Europ\u00e9en des Musiques Juives","url":"https:\/\/www.iemj.org\/en\/","logo":{"@type":"ImageObject","inLanguage":"en-US","@id":"https:\/\/www.iemj.org\/en\/#\/schema\/logo\/image\/","url":"https:\/\/www.iemj.org\/wp-content\/uploads\/2021\/09\/Logo-IEMJ-Paypal.jpg","contentUrl":"https:\/\/www.iemj.org\/wp-content\/uploads\/2021\/09\/Logo-IEMJ-Paypal.jpg","width":150,"height":50,"caption":"Institut Europ\u00e9en des Musiques Juives"},"image":{"@id":"https:\/\/www.iemj.org\/en\/#\/schema\/logo\/image\/"},"sameAs":["https:\/\/www.facebook.com\/MusiquesJuives\/","https:\/\/www.instagram.com\/musiquesjuives\/","https:\/\/www.youtube.com\/user\/musiquesjuives"]}]}},"_links":{"self":[{"href":"https:\/\/www.iemj.org\/en\/wp-json\/wp\/v2\/product\/1296","targetHints":{"allow":["GET"]}}],"collection":[{"href":"https:\/\/www.iemj.org\/en\/wp-json\/wp\/v2\/product"}],"about":[{"href":"https:\/\/www.iemj.org\/en\/wp-json\/wp\/v2\/types\/product"}],"replies":[{"embeddable":true,"href":"https:\/\/www.iemj.org\/en\/wp-json\/wp\/v2\/comments?post=1296"}],"wp:featuredmedia":[{"embeddable":true,"href":"https:\/\/www.iemj.org\/en\/wp-json\/wp\/v2\/media\/57640"}],"wp:attachment":[{"href":"https:\/\/www.iemj.org\/en\/wp-json\/wp\/v2\/media?parent=1296"}],"wp:term":[{"taxonomy":"product_brand","embeddable":true,"href":"https:\/\/www.iemj.org\/en\/wp-json\/wp\/v2\/product_brand?post=1296"},{"taxonomy":"product_cat","embeddable":true,"href":"https:\/\/www.iemj.org\/en\/wp-json\/wp\/v2\/product_cat?post=1296"},{"taxonomy":"product_tag","embeddable":true,"href":"https:\/\/www.iemj.org\/en\/wp-json\/wp\/v2\/product_tag?post=1296"}],"curies":[{"name":"wp","href":"https:\/\/api.w.org\/{rel}","templated":true}]}}