{"id":1304,"date":"2018-09-11T16:06:54","date_gmt":"2018-09-11T14:06:54","guid":{"rendered":"https:\/\/www.iemj.org\/produit\/kol-nidre-new-visions\/"},"modified":"2021-09-13T18:17:42","modified_gmt":"2021-09-13T16:17:42","slug":"kol-nidre-new-visions","status":"publish","type":"product","link":"https:\/\/www.iemj.org\/en\/product\/kol-nidre-new-visions\/","title":{"rendered":"Kol Nidre &#8211; New visions"},"content":{"rendered":"<p><span title=\"\u201cKol Nidr\u00e9\u201d c\u2019est par ces mots que d\u00e9bute l\u2019impressionnante et poignante pri\u00e8re introduisant les vingt-quatre heures de la journ\u00e9e la plus solennelle de l\u2019ann\u00e9e juive, Yom Kippour.\">&#8220;Kol Nidr\u00e9&#8221;: with these words begins the impressive and poignant prayer introducing the twenty-four hours of the most solemn day of the Jewish year, Yom Kippur. <\/span><span title=\"La m\u00e9lodie traditionnelle de cette pri\u00e8re a toujours exerc\u00e9 un v\u00e9ritable pouvoir de fascination et d\u2019envo\u00fbtement, non seulement dans le monde juif mais \u00e9galement chez de nombreux compositeurs qui y ont puis\u00e9 une source d\u2019inspiration pour composer des \u0153uvres d\u2019une beaut\u00e9 sublime.\">The traditional melody of this prayer has always exercised a real power of fascination and enchantment, not only in the Jewish world but also in many composers who have drawn inspiration from it to compose works of sublime beauty.<\/span><\/p>\n<p><span lang=\"en\" xml:lang=\"en\"><span title=\"La m\u00e9lodie traditionnelle de cette pri\u00e8re a toujours exerc\u00e9 un v\u00e9ritable pouvoir de fascination et d\u2019envo\u00fbtement, non seulement dans le monde juif mais \u00e9galement chez de nombreux compositeurs qui y ont puis\u00e9 une source d\u2019inspiration pour composer des \u0153uvres d\u2019une beaut\u00e9 sublime.\"><span lang=\"en\" xml:lang=\"en\"><span title=\"En 2010, l\u2019Union Lib\u00e9rale Isra\u00e9lite de France (ULIF) et l\u2019Institut Europ\u00e9en des Musiques Juives (IEMJ) avaient d\u00e9j\u00e0 produit un 1er disque intitul\u00e9 &quot;Kol nidr\u00e9 \u2013 Huit visions&quot;.\">In 2010, the Israel Liberal Union of France (ULIF) and the European Institute of Jewish Music (IEMJ) had already produced a first disc entitled &#8220;Kol Nidr\u00e9 &#8211; Eight Visions&#8221;. <\/span><span title=\"Huit ans plus tard, l'ULIF Copernic et l'IEMJ r\u00e9cidivent avec la publication du pr\u00e9sent CD qui offre dix nouvelles visions musicales du Kol Nidr\u00e9, dont deux cr\u00e9ations mondiales : le Kol Nidrei d'Alexandre Tansman (manuscrit, 1945) et celui de\">Eight years later, the ULIF Copernicus and the IEMJ reoffend with the publication of this CD which offers ten new musical visions of Kol Nidr\u00e9, including two world creations: the Kol Nidrei by Alexandre Tansman (manuscript, 1945) and that of <\/span><span title=\"Jean-Fran\u00e7ois Zygel pour piano.\">Jean-Fran\u00e7ois Zygel for piano.<br \/>\n<\/span><span title=\"On peut \u00e9galement y entendre les kol nidr\u00e9 de Alberto Hemsi (voix et piano), Denis Cuniot (improvisation Jazz), Eyal Bitton (cantor et choeur a cappella), Ben Zebelman (piano, violon et violoncelle), Sid Robinovitch (guitare solo)\">You can also hear the kol nidre of Alberto Hemsi (voice and piano), Denis Cuniot (improvisation Jazz), Eyal Bitton (cantor and choir a cappella), Ben Zebelman (piano, violin and cello), Sid Robinovitch (solo guitar) <\/span><span title=\", Joachim Stutschewsky (harpe et violoncelle), Jean-Fran\u00e7ois Zygel (piano et violoncelle) et Ita\u00ef Daniel (choeur, t\u00e9nor, clarinette et quatuor \u00e0 cordes).\">Joachim Stutschewsky (harp and cello), Jean-Fran\u00e7ois Zygel (piano and cello) and Ita\u00ef Daniel (choir, tenor, clarinet and string quartet).<br \/>\n<\/span><span title=\"Un disque r\u00e9f\u00e9rence interpr\u00e9t\u00e9 par des artistes de renomm\u00e9e mondiale (Martine Bailly, Liat Cohen, Sivan Magen, Jean-Fran\u00e7ois Zygel\u2026) accompagn\u00e9 d\u2019un livret richement document\u00e9 (textes de Delphine Horvilleur, Herv\u00e9 Roten et Bruno Fraitag).\">A reference disc performed by world-renowned artists (Martine Bailly, Liat Cohen, Sivan Magen, Jean-Fran\u00e7ois Zygel &#8230;) accompanied by a richly documented libretto (texts by Delphine Horvilleur, Herv\u00e9 Roten and Bruno Fraitag).<\/span><\/span><\/span><\/span><\/p>\n<p>Extraits :<\/p>\n<p>01 &#8211; TANSMAN Kol Nidre<\/p>\n<audio class=\"wp-audio-shortcode\" id=\"audio-1304-1\" preload=\"none\" style=\"width: 100%;\" controls=\"controls\"><source type=\"audio\/mpeg\" src=\"https:\/\/www.iemj.org\/wp-content\/uploads\/2018\/09\/01_tansman_kol_nidre_siteiemj.mp3?_=1\" \/><a href=\"https:\/\/www.iemj.org\/wp-content\/uploads\/2018\/09\/01_tansman_kol_nidre_siteiemj.mp3\">https:\/\/www.iemj.org\/wp-content\/uploads\/2018\/09\/01_tansman_kol_nidre_siteiemj.mp3<\/a><\/audio>\n<p>10 &#8211; ZYGEL Kol Nidre piano seul<\/p>\n<audio class=\"wp-audio-shortcode\" id=\"audio-1304-2\" preload=\"none\" style=\"width: 100%;\" controls=\"controls\"><source type=\"audio\/mpeg\" src=\"https:\/\/www.iemj.org\/wp-content\/uploads\/2018\/09\/10_zygel_kol_nidre_piano_seul_siteiemj.mp3?_=2\" \/><a href=\"https:\/\/www.iemj.org\/wp-content\/uploads\/2018\/09\/10_zygel_kol_nidre_piano_seul_siteiemj.mp3\">https:\/\/www.iemj.org\/wp-content\/uploads\/2018\/09\/10_zygel_kol_nidre_piano_seul_siteiemj.mp3<\/a><\/audio>\n<p>02 &#8211; ZYGEL Kol Nidre piano violoncelle<\/p>\n<audio class=\"wp-audio-shortcode\" id=\"audio-1304-3\" preload=\"none\" style=\"width: 100%;\" controls=\"controls\"><source type=\"audio\/mpeg\" src=\"https:\/\/www.iemj.org\/wp-content\/uploads\/2018\/09\/02_zygel_kol_nidre_piano_violoncelle_siteiemj.mp3?_=3\" \/><a href=\"https:\/\/www.iemj.org\/wp-content\/uploads\/2018\/09\/02_zygel_kol_nidre_piano_violoncelle_siteiemj.mp3\">https:\/\/www.iemj.org\/wp-content\/uploads\/2018\/09\/02_zygel_kol_nidre_piano_violoncelle_siteiemj.mp3<\/a><\/audio>\n<p>03 &#8211; HEMSI Kol Nidre<\/p>\n<audio class=\"wp-audio-shortcode\" id=\"audio-1304-4\" preload=\"none\" style=\"width: 100%;\" controls=\"controls\"><source type=\"audio\/mpeg\" src=\"https:\/\/www.iemj.org\/wp-content\/uploads\/2018\/09\/03_hemsi_kol_nidre_siteiemj.mp3?_=4\" \/><a href=\"https:\/\/www.iemj.org\/wp-content\/uploads\/2018\/09\/03_hemsi_kol_nidre_siteiemj.mp3\">https:\/\/www.iemj.org\/wp-content\/uploads\/2018\/09\/03_hemsi_kol_nidre_siteiemj.mp3<\/a><\/audio>\n<p>04 &#8211; CUNIOT Kol Nidre<\/p>\n<audio class=\"wp-audio-shortcode\" id=\"audio-1304-5\" preload=\"none\" style=\"width: 100%;\" controls=\"controls\"><source type=\"audio\/mpeg\" src=\"https:\/\/www.iemj.org\/wp-content\/uploads\/2018\/09\/04_cuniot_kol_nidre_siteiemj.mp3?_=5\" \/><a href=\"https:\/\/www.iemj.org\/wp-content\/uploads\/2018\/09\/04_cuniot_kol_nidre_siteiemj.mp3\">https:\/\/www.iemj.org\/wp-content\/uploads\/2018\/09\/04_cuniot_kol_nidre_siteiemj.mp3<\/a><\/audio>\n<p>05 &#8211; BITTON Kol Nidre<\/p>\n<audio class=\"wp-audio-shortcode\" id=\"audio-1304-6\" preload=\"none\" style=\"width: 100%;\" controls=\"controls\"><source type=\"audio\/mpeg\" src=\"https:\/\/www.iemj.org\/wp-content\/uploads\/2018\/09\/05_bitton_kol_nidre_siteiemj.mp3?_=6\" \/><a href=\"https:\/\/www.iemj.org\/wp-content\/uploads\/2018\/09\/05_bitton_kol_nidre_siteiemj.mp3\">https:\/\/www.iemj.org\/wp-content\/uploads\/2018\/09\/05_bitton_kol_nidre_siteiemj.mp3<\/a><\/audio>\n<p>06 &#8211; ZEBELMAN Kol Nidre<\/p>\n<audio class=\"wp-audio-shortcode\" id=\"audio-1304-7\" preload=\"none\" style=\"width: 100%;\" controls=\"controls\"><source type=\"audio\/mpeg\" src=\"https:\/\/www.iemj.org\/wp-content\/uploads\/2018\/09\/06_zebelman_kol_nidre_siteiemj.mp3?_=7\" \/><a href=\"https:\/\/www.iemj.org\/wp-content\/uploads\/2018\/09\/06_zebelman_kol_nidre_siteiemj.mp3\">https:\/\/www.iemj.org\/wp-content\/uploads\/2018\/09\/06_zebelman_kol_nidre_siteiemj.mp3<\/a><\/audio>\n<p>07 &#8211; ROBINOVITCH Kol Nidre<\/p>\n<audio class=\"wp-audio-shortcode\" id=\"audio-1304-8\" preload=\"none\" style=\"width: 100%;\" controls=\"controls\"><source type=\"audio\/mpeg\" src=\"https:\/\/www.iemj.org\/wp-content\/uploads\/2018\/09\/07_robinovitch_kol_nidre_siteiemj.mp3?_=8\" \/><a href=\"https:\/\/www.iemj.org\/wp-content\/uploads\/2018\/09\/07_robinovitch_kol_nidre_siteiemj.mp3\">https:\/\/www.iemj.org\/wp-content\/uploads\/2018\/09\/07_robinovitch_kol_nidre_siteiemj.mp3<\/a><\/audio>\n<p>08 &#8211; STUTSCHEWSKY Kol Nidre<\/p>\n<audio class=\"wp-audio-shortcode\" id=\"audio-1304-9\" preload=\"none\" style=\"width: 100%;\" controls=\"controls\"><source type=\"audio\/mpeg\" src=\"https:\/\/www.iemj.org\/wp-content\/uploads\/2018\/09\/08_stutschewsky_kol_nidre_siteiemj.mp3?_=9\" \/><a href=\"https:\/\/www.iemj.org\/wp-content\/uploads\/2018\/09\/08_stutschewsky_kol_nidre_siteiemj.mp3\">https:\/\/www.iemj.org\/wp-content\/uploads\/2018\/09\/08_stutschewsky_kol_nidre_siteiemj.mp3<\/a><\/audio>\n<p>09 &#8211; DANIEL Kol Nidre<\/p>\n<audio class=\"wp-audio-shortcode\" id=\"audio-1304-10\" preload=\"none\" style=\"width: 100%;\" controls=\"controls\"><source type=\"audio\/mpeg\" src=\"https:\/\/www.iemj.org\/wp-content\/uploads\/2018\/09\/09_daniel_kol_nidre_siteiemj.mp3?_=10\" \/><a href=\"https:\/\/www.iemj.org\/wp-content\/uploads\/2018\/09\/09_daniel_kol_nidre_siteiemj.mp3\">https:\/\/www.iemj.org\/wp-content\/uploads\/2018\/09\/09_daniel_kol_nidre_siteiemj.mp3<\/a><\/audio>\n","protected":false},"excerpt":{"rendered":"<p><span lang=\"en-us\" xml:lang=\"en-us\"><span id=\"result_box\" lang=\"en\" xml:lang=\"en\">This new CD offers ten new musical visions of Kol Nidr\u00e9, including two world premieres: Alexandre Tansman&#8217;s Kol Nidrei (manuscript, 1945) and Jean-Fran\u00e7ois Zygel&#8217;s piano work.<\/span><\/span><\/p>\n","protected":false},"featured_media":50682,"comment_status":"open","ping_status":"closed","template":"","meta":{"_acf_changed":false},"product_brand":[],"product_cat":[32,2243,2231,2229,2249],"product_tag":[],"class_list":{"0":"post-1304","1":"product","2":"type-product","3":"status-publish","4":"has-post-thumbnail","6":"product_cat-cd-en-2","7":"product_cat-classical-music-cd-en","8":"product_cat-classical-music-collection-en","9":"product_cat-editions-of-the-eijm-en","10":"product_cat-liturgical-cd-en","11":"pa_musique-downloadable-album","12":"pa_musique-physical-album","14":"first","15":"instock","16":"shipping-taxable","17":"purchasable","18":"product-type-variable"},"acf":[],"yoast_head":"<!-- This site is optimized with the Yoast SEO plugin v27.3 - https:\/\/yoast.com\/product\/yoast-seo-wordpress\/ -->\n<title>Kol Nidre - New visions - Institut Europ\u00e9en des Musiques Juives<\/title>\n<meta name=\"robots\" content=\"index, follow, max-snippet:-1, max-image-preview:large, max-video-preview:-1\" \/>\n<link rel=\"canonical\" href=\"https:\/\/www.iemj.org\/en\/product\/kol-nidre-new-visions\/\" \/>\n<meta property=\"og:locale\" content=\"en_US\" \/>\n<meta property=\"og:type\" content=\"article\" \/>\n<meta property=\"og:title\" content=\"Kol Nidre - New visions - Institut Europ\u00e9en des Musiques Juives\" \/>\n<meta property=\"og:description\" content=\"This new CD offers ten new musical visions of Kol Nidr\u00e9, including two world premieres: Alexandre Tansman&#039;s Kol Nidrei (manuscript, 1945) and Jean-Fran\u00e7ois Zygel&#039;s piano work.\" \/>\n<meta property=\"og:url\" content=\"https:\/\/www.iemj.org\/en\/product\/kol-nidre-new-visions\/\" \/>\n<meta property=\"og:site_name\" content=\"Institut Europ\u00e9en des Musiques Juives\" \/>\n<meta property=\"article:publisher\" content=\"https:\/\/www.facebook.com\/MusiquesJuives\/\" \/>\n<meta property=\"article:modified_time\" content=\"2021-09-13T16:17:42+00:00\" \/>\n<meta property=\"og:image\" content=\"https:\/\/www.iemj.org\/wp-content\/uploads\/2018\/10\/CDC4.jpg\" \/>\n\t<meta property=\"og:image:width\" content=\"350\" \/>\n\t<meta property=\"og:image:height\" content=\"314\" \/>\n\t<meta property=\"og:image:type\" content=\"image\/jpeg\" \/>\n<meta name=\"twitter:card\" content=\"summary_large_image\" \/>\n<meta name=\"twitter:label1\" content=\"Est. reading time\" \/>\n\t<meta name=\"twitter:data1\" content=\"2 minutes\" \/>\n<script type=\"application\/ld+json\" class=\"yoast-schema-graph\">{\"@context\":\"https:\\\/\\\/schema.org\",\"@graph\":[{\"@type\":\"WebPage\",\"@id\":\"https:\\\/\\\/www.iemj.org\\\/en\\\/product\\\/kol-nidre-new-visions\\\/\",\"url\":\"https:\\\/\\\/www.iemj.org\\\/en\\\/product\\\/kol-nidre-new-visions\\\/\",\"name\":\"Kol Nidre - New visions - Institut Europ\u00e9en des Musiques Juives\",\"isPartOf\":{\"@id\":\"https:\\\/\\\/www.iemj.org\\\/en\\\/#website\"},\"primaryImageOfPage\":{\"@id\":\"https:\\\/\\\/www.iemj.org\\\/en\\\/product\\\/kol-nidre-new-visions\\\/#primaryimage\"},\"image\":{\"@id\":\"https:\\\/\\\/www.iemj.org\\\/en\\\/product\\\/kol-nidre-new-visions\\\/#primaryimage\"},\"thumbnailUrl\":\"https:\\\/\\\/www.iemj.org\\\/wp-content\\\/uploads\\\/2018\\\/10\\\/CDC4.jpg\",\"datePublished\":\"2018-09-11T14:06:54+00:00\",\"dateModified\":\"2021-09-13T16:17:42+00:00\",\"breadcrumb\":{\"@id\":\"https:\\\/\\\/www.iemj.org\\\/en\\\/product\\\/kol-nidre-new-visions\\\/#breadcrumb\"},\"inLanguage\":\"en-US\",\"potentialAction\":[{\"@type\":\"ReadAction\",\"target\":[\"https:\\\/\\\/www.iemj.org\\\/en\\\/product\\\/kol-nidre-new-visions\\\/\"]}]},{\"@type\":\"ImageObject\",\"inLanguage\":\"en-US\",\"@id\":\"https:\\\/\\\/www.iemj.org\\\/en\\\/product\\\/kol-nidre-new-visions\\\/#primaryimage\",\"url\":\"https:\\\/\\\/www.iemj.org\\\/wp-content\\\/uploads\\\/2018\\\/10\\\/CDC4.jpg\",\"contentUrl\":\"https:\\\/\\\/www.iemj.org\\\/wp-content\\\/uploads\\\/2018\\\/10\\\/CDC4.jpg\",\"width\":350,\"height\":314},{\"@type\":\"BreadcrumbList\",\"@id\":\"https:\\\/\\\/www.iemj.org\\\/en\\\/product\\\/kol-nidre-new-visions\\\/#breadcrumb\",\"itemListElement\":[{\"@type\":\"ListItem\",\"position\":1,\"name\":\"Accueil\",\"item\":\"https:\\\/\\\/www.iemj.org\\\/en\\\/\"},{\"@type\":\"ListItem\",\"position\":2,\"name\":\"Shop\",\"item\":\"https:\\\/\\\/www.iemj.org\\\/en\\\/shop\\\/\"},{\"@type\":\"ListItem\",\"position\":3,\"name\":\"Kol Nidre &#8211; New visions\"}]},{\"@type\":\"WebSite\",\"@id\":\"https:\\\/\\\/www.iemj.org\\\/en\\\/#website\",\"url\":\"https:\\\/\\\/www.iemj.org\\\/en\\\/\",\"name\":\"Institut Europ\u00e9en des Musiques Juives\",\"description\":\"Des traditions musicales \u00e0 la port\u00e9e de tous\",\"publisher\":{\"@id\":\"https:\\\/\\\/www.iemj.org\\\/en\\\/#organization\"},\"potentialAction\":[{\"@type\":\"SearchAction\",\"target\":{\"@type\":\"EntryPoint\",\"urlTemplate\":\"https:\\\/\\\/www.iemj.org\\\/en\\\/?s={search_term_string}\"},\"query-input\":{\"@type\":\"PropertyValueSpecification\",\"valueRequired\":true,\"valueName\":\"search_term_string\"}}],\"inLanguage\":\"en-US\"},{\"@type\":\"Organization\",\"@id\":\"https:\\\/\\\/www.iemj.org\\\/en\\\/#organization\",\"name\":\"Institut Europ\u00e9en des Musiques Juives\",\"url\":\"https:\\\/\\\/www.iemj.org\\\/en\\\/\",\"logo\":{\"@type\":\"ImageObject\",\"inLanguage\":\"en-US\",\"@id\":\"https:\\\/\\\/www.iemj.org\\\/en\\\/#\\\/schema\\\/logo\\\/image\\\/\",\"url\":\"https:\\\/\\\/www.iemj.org\\\/wp-content\\\/uploads\\\/2021\\\/09\\\/Logo-IEMJ-Paypal.jpg\",\"contentUrl\":\"https:\\\/\\\/www.iemj.org\\\/wp-content\\\/uploads\\\/2021\\\/09\\\/Logo-IEMJ-Paypal.jpg\",\"width\":150,\"height\":50,\"caption\":\"Institut Europ\u00e9en des Musiques Juives\"},\"image\":{\"@id\":\"https:\\\/\\\/www.iemj.org\\\/en\\\/#\\\/schema\\\/logo\\\/image\\\/\"},\"sameAs\":[\"https:\\\/\\\/www.facebook.com\\\/MusiquesJuives\\\/\",\"https:\\\/\\\/www.instagram.com\\\/musiquesjuives\\\/\",\"https:\\\/\\\/www.youtube.com\\\/user\\\/musiquesjuives\"]}]}<\/script>\n<!-- \/ Yoast SEO plugin. -->","yoast_head_json":{"title":"Kol Nidre - New visions - Institut Europ\u00e9en des Musiques Juives","robots":{"index":"index","follow":"follow","max-snippet":"max-snippet:-1","max-image-preview":"max-image-preview:large","max-video-preview":"max-video-preview:-1"},"canonical":"https:\/\/www.iemj.org\/en\/product\/kol-nidre-new-visions\/","og_locale":"en_US","og_type":"article","og_title":"Kol Nidre - New visions - Institut Europ\u00e9en des Musiques Juives","og_description":"This new CD offers ten new musical visions of Kol Nidr\u00e9, including two world premieres: Alexandre Tansman's Kol Nidrei (manuscript, 1945) and Jean-Fran\u00e7ois Zygel's piano work.","og_url":"https:\/\/www.iemj.org\/en\/product\/kol-nidre-new-visions\/","og_site_name":"Institut Europ\u00e9en des Musiques Juives","article_publisher":"https:\/\/www.facebook.com\/MusiquesJuives\/","article_modified_time":"2021-09-13T16:17:42+00:00","og_image":[{"width":350,"height":314,"url":"https:\/\/www.iemj.org\/wp-content\/uploads\/2018\/10\/CDC4.jpg","type":"image\/jpeg"}],"twitter_card":"summary_large_image","twitter_misc":{"Est. reading time":"2 minutes"},"schema":{"@context":"https:\/\/schema.org","@graph":[{"@type":"WebPage","@id":"https:\/\/www.iemj.org\/en\/product\/kol-nidre-new-visions\/","url":"https:\/\/www.iemj.org\/en\/product\/kol-nidre-new-visions\/","name":"Kol Nidre - New visions - Institut Europ\u00e9en des Musiques Juives","isPartOf":{"@id":"https:\/\/www.iemj.org\/en\/#website"},"primaryImageOfPage":{"@id":"https:\/\/www.iemj.org\/en\/product\/kol-nidre-new-visions\/#primaryimage"},"image":{"@id":"https:\/\/www.iemj.org\/en\/product\/kol-nidre-new-visions\/#primaryimage"},"thumbnailUrl":"https:\/\/www.iemj.org\/wp-content\/uploads\/2018\/10\/CDC4.jpg","datePublished":"2018-09-11T14:06:54+00:00","dateModified":"2021-09-13T16:17:42+00:00","breadcrumb":{"@id":"https:\/\/www.iemj.org\/en\/product\/kol-nidre-new-visions\/#breadcrumb"},"inLanguage":"en-US","potentialAction":[{"@type":"ReadAction","target":["https:\/\/www.iemj.org\/en\/product\/kol-nidre-new-visions\/"]}]},{"@type":"ImageObject","inLanguage":"en-US","@id":"https:\/\/www.iemj.org\/en\/product\/kol-nidre-new-visions\/#primaryimage","url":"https:\/\/www.iemj.org\/wp-content\/uploads\/2018\/10\/CDC4.jpg","contentUrl":"https:\/\/www.iemj.org\/wp-content\/uploads\/2018\/10\/CDC4.jpg","width":350,"height":314},{"@type":"BreadcrumbList","@id":"https:\/\/www.iemj.org\/en\/product\/kol-nidre-new-visions\/#breadcrumb","itemListElement":[{"@type":"ListItem","position":1,"name":"Accueil","item":"https:\/\/www.iemj.org\/en\/"},{"@type":"ListItem","position":2,"name":"Shop","item":"https:\/\/www.iemj.org\/en\/shop\/"},{"@type":"ListItem","position":3,"name":"Kol Nidre &#8211; New visions"}]},{"@type":"WebSite","@id":"https:\/\/www.iemj.org\/en\/#website","url":"https:\/\/www.iemj.org\/en\/","name":"Institut Europ\u00e9en des Musiques Juives","description":"Des traditions musicales \u00e0 la port\u00e9e de tous","publisher":{"@id":"https:\/\/www.iemj.org\/en\/#organization"},"potentialAction":[{"@type":"SearchAction","target":{"@type":"EntryPoint","urlTemplate":"https:\/\/www.iemj.org\/en\/?s={search_term_string}"},"query-input":{"@type":"PropertyValueSpecification","valueRequired":true,"valueName":"search_term_string"}}],"inLanguage":"en-US"},{"@type":"Organization","@id":"https:\/\/www.iemj.org\/en\/#organization","name":"Institut Europ\u00e9en des Musiques Juives","url":"https:\/\/www.iemj.org\/en\/","logo":{"@type":"ImageObject","inLanguage":"en-US","@id":"https:\/\/www.iemj.org\/en\/#\/schema\/logo\/image\/","url":"https:\/\/www.iemj.org\/wp-content\/uploads\/2021\/09\/Logo-IEMJ-Paypal.jpg","contentUrl":"https:\/\/www.iemj.org\/wp-content\/uploads\/2021\/09\/Logo-IEMJ-Paypal.jpg","width":150,"height":50,"caption":"Institut Europ\u00e9en des Musiques Juives"},"image":{"@id":"https:\/\/www.iemj.org\/en\/#\/schema\/logo\/image\/"},"sameAs":["https:\/\/www.facebook.com\/MusiquesJuives\/","https:\/\/www.instagram.com\/musiquesjuives\/","https:\/\/www.youtube.com\/user\/musiquesjuives"]}]}},"_links":{"self":[{"href":"https:\/\/www.iemj.org\/en\/wp-json\/wp\/v2\/product\/1304","targetHints":{"allow":["GET"]}}],"collection":[{"href":"https:\/\/www.iemj.org\/en\/wp-json\/wp\/v2\/product"}],"about":[{"href":"https:\/\/www.iemj.org\/en\/wp-json\/wp\/v2\/types\/product"}],"replies":[{"embeddable":true,"href":"https:\/\/www.iemj.org\/en\/wp-json\/wp\/v2\/comments?post=1304"}],"wp:featuredmedia":[{"embeddable":true,"href":"https:\/\/www.iemj.org\/en\/wp-json\/wp\/v2\/media\/50682"}],"wp:attachment":[{"href":"https:\/\/www.iemj.org\/en\/wp-json\/wp\/v2\/media?parent=1304"}],"wp:term":[{"taxonomy":"product_brand","embeddable":true,"href":"https:\/\/www.iemj.org\/en\/wp-json\/wp\/v2\/product_brand?post=1304"},{"taxonomy":"product_cat","embeddable":true,"href":"https:\/\/www.iemj.org\/en\/wp-json\/wp\/v2\/product_cat?post=1304"},{"taxonomy":"product_tag","embeddable":true,"href":"https:\/\/www.iemj.org\/en\/wp-json\/wp\/v2\/product_tag?post=1304"}],"curies":[{"name":"wp","href":"https:\/\/api.w.org\/{rel}","templated":true}]}}