{"id":1424,"date":"2021-05-18T10:00:48","date_gmt":"2021-05-18T08:00:48","guid":{"rendered":"https:\/\/www.iemj.org\/produit\/jacques-offenbach-and-friends-from-the-synagogue-to-the-opera\/"},"modified":"2022-11-03T16:29:05","modified_gmt":"2022-11-03T15:29:05","slug":"jacques-offenbach-and-friends-from-the-synagogue-to-the-opera","status":"publish","type":"product","link":"https:\/\/www.iemj.org\/en\/product\/jacques-offenbach-and-friends-from-the-synagogue-to-the-opera\/","title":{"rendered":"Jacques Offenbach and Friends &#8211; From the Synagogue to the Opera"},"content":{"rendered":"<p>Few music lovers know that <a href=\"https:\/\/www.iemj.org\/en\/onlinecontent\/biographies\/offenbach-jacques-1819-1880.html?lang=en\">Jacques Offenbach<\/a>, called by Rossini &#8220;the Mozart of the Champs Elys\u00e9es&#8221;, drew some of his musical inspiration upon the synagogue chanting he learned as a child from his father Isaac Offenbach (1779-1850), musician, cantor and composer of religious music in the Cologne synagogue, in Germany.<\/p>\n<p>At the time of his arrival in Paris in 1833, and throughout his career, Jacques Offenbach (1819-1880) collaborated with other composers, who, like he, evolved from sacred synagogue music to high level lyrical art, that overtook the Parisian scene of the 19th century.<\/p>\n<p>On the occasion of the bicentenary of birth of Jacques Offenbach, this enclosed CD will enable you to discover <strong>Hebrew works by Isaac and Jacques Offenbach, Giacomo Meyerbeer, Jules Erlanger, Emile Jonas or Jacques Fromental Hal\u00e9vy <\/strong>(Parisian creation by De profundis \/ Mimaamakim commissioned in 1820 by Louis XVIII for the death of his nephew the Duke of Berry).<\/p>\n<div id=\"tw-target-text-container\" class=\"tw-ta-container tw-nfl\">\n<p id=\"tw-target-text\" class=\"tw-data-text tw-text-large tw-ta\" dir=\"ltr\" style=\"text-align: left;\"><span lang=\"en\" xml:lang=\"en\">An exceptional recording, accompanied by a sumptuous 32-page booklet, performed by the vocal ensemble La Truite Lyrique and The Hebrew Polyphonies of Strasbourg under the direction of Hector Sabo.<\/span><\/p>\n<\/div>\n<p>Extracts:<\/p>\n<p>01 &#8211; Kihlot yeini &#8211; Isaac Offenbach<\/p>\n<audio class=\"wp-audio-shortcode\" id=\"audio-1424-1\" preload=\"none\" style=\"width: 100%;\" controls=\"controls\"><source type=\"audio\/mpeg\" src=\"https:\/\/www.iemj.org\/wp-content\/uploads\/2019\/10\/01_kihlot_yeini_isaac_offenbach.mp3?_=1\" \/><a href=\"https:\/\/www.iemj.org\/wp-content\/uploads\/2019\/10\/01_kihlot_yeini_isaac_offenbach.mp3\">https:\/\/www.iemj.org\/wp-content\/uploads\/2019\/10\/01_kihlot_yeini_isaac_offenbach.mp3<\/a><\/audio>\n<p>02 &#8211; Ochamnou &#8211; Jacques Offenbach<\/p>\n<audio class=\"wp-audio-shortcode\" id=\"audio-1424-2\" preload=\"none\" style=\"width: 100%;\" controls=\"controls\"><source type=\"audio\/mpeg\" src=\"https:\/\/www.iemj.org\/wp-content\/uploads\/2019\/10\/02_ochamnou_jacques_offenbach.mp3?_=2\" \/><a href=\"https:\/\/www.iemj.org\/wp-content\/uploads\/2019\/10\/02_ochamnou_jacques_offenbach.mp3\">https:\/\/www.iemj.org\/wp-content\/uploads\/2019\/10\/02_ochamnou_jacques_offenbach.mp3<\/a><\/audio>\n<p>03 &#8211; Cantate de mariage &#8211; Emile Jonas<\/p>\n<audio class=\"wp-audio-shortcode\" id=\"audio-1424-3\" preload=\"none\" style=\"width: 100%;\" controls=\"controls\"><source type=\"audio\/mpeg\" src=\"https:\/\/www.iemj.org\/wp-content\/uploads\/2019\/10\/03_cantate_de_mariage_emile_jonas.mp3?_=3\" \/><a href=\"https:\/\/www.iemj.org\/wp-content\/uploads\/2019\/10\/03_cantate_de_mariage_emile_jonas.mp3\">https:\/\/www.iemj.org\/wp-content\/uploads\/2019\/10\/03_cantate_de_mariage_emile_jonas.mp3<\/a><\/audio>\n<p>04 &#8211; Ouvnouho yomar &#8211; Giacomo Meyerbeer<\/p>\n<audio class=\"wp-audio-shortcode\" id=\"audio-1424-4\" preload=\"none\" style=\"width: 100%;\" controls=\"controls\"><source type=\"audio\/mpeg\" src=\"https:\/\/www.iemj.org\/wp-content\/uploads\/2019\/10\/04_ouvnou_ho_yomar_giacomo_meyerbeer.mp3?_=4\" \/><a href=\"https:\/\/www.iemj.org\/wp-content\/uploads\/2019\/10\/04_ouvnou_ho_yomar_giacomo_meyerbeer.mp3\">https:\/\/www.iemj.org\/wp-content\/uploads\/2019\/10\/04_ouvnou_ho_yomar_giacomo_meyerbeer.mp3<\/a><\/audio>\n<p>05 &#8211; Mimaamakim (Ps. 130) &#8211; Ch\u0153ur &#8211; Fromental Hal\u00e9vy<\/p>\n<audio class=\"wp-audio-shortcode\" id=\"audio-1424-5\" preload=\"none\" style=\"width: 100%;\" controls=\"controls\"><source type=\"audio\/mpeg\" src=\"https:\/\/www.iemj.org\/wp-content\/uploads\/2019\/10\/05_mimaamakim_ps._130__choeur_fromental_halevy.mp3?_=5\" \/><a href=\"https:\/\/www.iemj.org\/wp-content\/uploads\/2019\/10\/05_mimaamakim_ps._130__choeur_fromental_halevy.mp3\">https:\/\/www.iemj.org\/wp-content\/uploads\/2019\/10\/05_mimaamakim_ps._130__choeur_fromental_halevy.mp3<\/a><\/audio>\n","protected":false},"excerpt":{"rendered":"<p>This enclosed CD will enable you to discover <strong>Hebrew works by Isaac and Jacques Offenbach, Jacques Fromental Hal\u00e9vy, Giacomo Meyerbeer, Jules Erlanger and Emile Jonas<\/strong><\/p>\n","protected":false},"featured_media":50712,"comment_status":"open","ping_status":"closed","template":"","meta":{"_acf_changed":false},"product_brand":[],"product_cat":[32,2243,2231,2229],"product_tag":[],"class_list":{"0":"post-1424","1":"product","2":"type-product","3":"status-publish","4":"has-post-thumbnail","6":"product_cat-cd-en-2","7":"product_cat-classical-music-cd-en","8":"product_cat-classical-music-collection-en","9":"product_cat-editions-of-the-eijm-en","10":"pa_musique-downloadable-album","11":"pa_musique-physical-album","13":"first","14":"instock","15":"featured","16":"shipping-taxable","17":"purchasable","18":"product-type-variable"},"acf":[],"yoast_head":"<!-- This site is optimized with the Yoast SEO plugin v27.3 - https:\/\/yoast.com\/product\/yoast-seo-wordpress\/ -->\n<title>Jacques Offenbach and Friends - From the Synagogue to the Opera - Institut Europ\u00e9en des Musiques Juives<\/title>\n<meta name=\"robots\" content=\"index, follow, max-snippet:-1, max-image-preview:large, max-video-preview:-1\" \/>\n<link rel=\"canonical\" href=\"https:\/\/www.iemj.org\/en\/product\/jacques-offenbach-and-friends-from-the-synagogue-to-the-opera\/\" \/>\n<meta property=\"og:locale\" content=\"en_US\" \/>\n<meta property=\"og:type\" content=\"article\" \/>\n<meta property=\"og:title\" content=\"Jacques Offenbach and Friends - From the Synagogue to the Opera - Institut Europ\u00e9en des Musiques Juives\" \/>\n<meta property=\"og:description\" content=\"This enclosed CD will enable you to discover Hebrew works by Isaac and Jacques Offenbach, Jacques Fromental Hal\u00e9vy, Giacomo Meyerbeer, Jules Erlanger and Emile Jonas\" \/>\n<meta property=\"og:url\" content=\"https:\/\/www.iemj.org\/en\/product\/jacques-offenbach-and-friends-from-the-synagogue-to-the-opera\/\" \/>\n<meta property=\"og:site_name\" content=\"Institut Europ\u00e9en des Musiques Juives\" \/>\n<meta property=\"article:publisher\" content=\"https:\/\/www.facebook.com\/MusiquesJuives\/\" \/>\n<meta property=\"article:modified_time\" content=\"2022-11-03T15:29:05+00:00\" \/>\n<meta property=\"og:image\" content=\"https:\/\/www.iemj.org\/wp-content\/uploads\/2021\/05\/CDC6.jpg\" \/>\n\t<meta property=\"og:image:width\" content=\"350\" \/>\n\t<meta property=\"og:image:height\" content=\"313\" \/>\n\t<meta property=\"og:image:type\" content=\"image\/jpeg\" \/>\n<meta name=\"twitter:card\" content=\"summary_large_image\" \/>\n<meta name=\"twitter:label1\" content=\"Est. reading time\" \/>\n\t<meta name=\"twitter:data1\" content=\"2 minutes\" \/>\n<script type=\"application\/ld+json\" class=\"yoast-schema-graph\">{\"@context\":\"https:\\\/\\\/schema.org\",\"@graph\":[{\"@type\":\"WebPage\",\"@id\":\"https:\\\/\\\/www.iemj.org\\\/en\\\/product\\\/jacques-offenbach-and-friends-from-the-synagogue-to-the-opera\\\/\",\"url\":\"https:\\\/\\\/www.iemj.org\\\/en\\\/product\\\/jacques-offenbach-and-friends-from-the-synagogue-to-the-opera\\\/\",\"name\":\"Jacques Offenbach and Friends - From the Synagogue to the Opera - Institut Europ\u00e9en des Musiques Juives\",\"isPartOf\":{\"@id\":\"https:\\\/\\\/www.iemj.org\\\/en\\\/#website\"},\"primaryImageOfPage\":{\"@id\":\"https:\\\/\\\/www.iemj.org\\\/en\\\/product\\\/jacques-offenbach-and-friends-from-the-synagogue-to-the-opera\\\/#primaryimage\"},\"image\":{\"@id\":\"https:\\\/\\\/www.iemj.org\\\/en\\\/product\\\/jacques-offenbach-and-friends-from-the-synagogue-to-the-opera\\\/#primaryimage\"},\"thumbnailUrl\":\"https:\\\/\\\/www.iemj.org\\\/wp-content\\\/uploads\\\/2021\\\/05\\\/CDC6.jpg\",\"datePublished\":\"2021-05-18T08:00:48+00:00\",\"dateModified\":\"2022-11-03T15:29:05+00:00\",\"breadcrumb\":{\"@id\":\"https:\\\/\\\/www.iemj.org\\\/en\\\/product\\\/jacques-offenbach-and-friends-from-the-synagogue-to-the-opera\\\/#breadcrumb\"},\"inLanguage\":\"en-US\",\"potentialAction\":[{\"@type\":\"ReadAction\",\"target\":[\"https:\\\/\\\/www.iemj.org\\\/en\\\/product\\\/jacques-offenbach-and-friends-from-the-synagogue-to-the-opera\\\/\"]}]},{\"@type\":\"ImageObject\",\"inLanguage\":\"en-US\",\"@id\":\"https:\\\/\\\/www.iemj.org\\\/en\\\/product\\\/jacques-offenbach-and-friends-from-the-synagogue-to-the-opera\\\/#primaryimage\",\"url\":\"https:\\\/\\\/www.iemj.org\\\/wp-content\\\/uploads\\\/2021\\\/05\\\/CDC6.jpg\",\"contentUrl\":\"https:\\\/\\\/www.iemj.org\\\/wp-content\\\/uploads\\\/2021\\\/05\\\/CDC6.jpg\",\"width\":350,\"height\":313},{\"@type\":\"BreadcrumbList\",\"@id\":\"https:\\\/\\\/www.iemj.org\\\/en\\\/product\\\/jacques-offenbach-and-friends-from-the-synagogue-to-the-opera\\\/#breadcrumb\",\"itemListElement\":[{\"@type\":\"ListItem\",\"position\":1,\"name\":\"Accueil\",\"item\":\"https:\\\/\\\/www.iemj.org\\\/en\\\/\"},{\"@type\":\"ListItem\",\"position\":2,\"name\":\"Shop\",\"item\":\"https:\\\/\\\/www.iemj.org\\\/en\\\/shop\\\/\"},{\"@type\":\"ListItem\",\"position\":3,\"name\":\"Jacques Offenbach and Friends &#8211; From the Synagogue to the Opera\"}]},{\"@type\":\"WebSite\",\"@id\":\"https:\\\/\\\/www.iemj.org\\\/en\\\/#website\",\"url\":\"https:\\\/\\\/www.iemj.org\\\/en\\\/\",\"name\":\"Institut Europ\u00e9en des Musiques Juives\",\"description\":\"Des traditions musicales \u00e0 la port\u00e9e de tous\",\"publisher\":{\"@id\":\"https:\\\/\\\/www.iemj.org\\\/en\\\/#organization\"},\"potentialAction\":[{\"@type\":\"SearchAction\",\"target\":{\"@type\":\"EntryPoint\",\"urlTemplate\":\"https:\\\/\\\/www.iemj.org\\\/en\\\/?s={search_term_string}\"},\"query-input\":{\"@type\":\"PropertyValueSpecification\",\"valueRequired\":true,\"valueName\":\"search_term_string\"}}],\"inLanguage\":\"en-US\"},{\"@type\":\"Organization\",\"@id\":\"https:\\\/\\\/www.iemj.org\\\/en\\\/#organization\",\"name\":\"Institut Europ\u00e9en des Musiques Juives\",\"url\":\"https:\\\/\\\/www.iemj.org\\\/en\\\/\",\"logo\":{\"@type\":\"ImageObject\",\"inLanguage\":\"en-US\",\"@id\":\"https:\\\/\\\/www.iemj.org\\\/en\\\/#\\\/schema\\\/logo\\\/image\\\/\",\"url\":\"https:\\\/\\\/www.iemj.org\\\/wp-content\\\/uploads\\\/2021\\\/09\\\/Logo-IEMJ-Paypal.jpg\",\"contentUrl\":\"https:\\\/\\\/www.iemj.org\\\/wp-content\\\/uploads\\\/2021\\\/09\\\/Logo-IEMJ-Paypal.jpg\",\"width\":150,\"height\":50,\"caption\":\"Institut Europ\u00e9en des Musiques Juives\"},\"image\":{\"@id\":\"https:\\\/\\\/www.iemj.org\\\/en\\\/#\\\/schema\\\/logo\\\/image\\\/\"},\"sameAs\":[\"https:\\\/\\\/www.facebook.com\\\/MusiquesJuives\\\/\",\"https:\\\/\\\/www.instagram.com\\\/musiquesjuives\\\/\",\"https:\\\/\\\/www.youtube.com\\\/user\\\/musiquesjuives\"]}]}<\/script>\n<!-- \/ Yoast SEO plugin. -->","yoast_head_json":{"title":"Jacques Offenbach and Friends - From the Synagogue to the Opera - Institut Europ\u00e9en des Musiques Juives","robots":{"index":"index","follow":"follow","max-snippet":"max-snippet:-1","max-image-preview":"max-image-preview:large","max-video-preview":"max-video-preview:-1"},"canonical":"https:\/\/www.iemj.org\/en\/product\/jacques-offenbach-and-friends-from-the-synagogue-to-the-opera\/","og_locale":"en_US","og_type":"article","og_title":"Jacques Offenbach and Friends - From the Synagogue to the Opera - Institut Europ\u00e9en des Musiques Juives","og_description":"This enclosed CD will enable you to discover Hebrew works by Isaac and Jacques Offenbach, Jacques Fromental Hal\u00e9vy, Giacomo Meyerbeer, Jules Erlanger and Emile Jonas","og_url":"https:\/\/www.iemj.org\/en\/product\/jacques-offenbach-and-friends-from-the-synagogue-to-the-opera\/","og_site_name":"Institut Europ\u00e9en des Musiques Juives","article_publisher":"https:\/\/www.facebook.com\/MusiquesJuives\/","article_modified_time":"2022-11-03T15:29:05+00:00","og_image":[{"width":350,"height":313,"url":"https:\/\/www.iemj.org\/wp-content\/uploads\/2021\/05\/CDC6.jpg","type":"image\/jpeg"}],"twitter_card":"summary_large_image","twitter_misc":{"Est. reading time":"2 minutes"},"schema":{"@context":"https:\/\/schema.org","@graph":[{"@type":"WebPage","@id":"https:\/\/www.iemj.org\/en\/product\/jacques-offenbach-and-friends-from-the-synagogue-to-the-opera\/","url":"https:\/\/www.iemj.org\/en\/product\/jacques-offenbach-and-friends-from-the-synagogue-to-the-opera\/","name":"Jacques Offenbach and Friends - From the Synagogue to the Opera - Institut Europ\u00e9en des Musiques Juives","isPartOf":{"@id":"https:\/\/www.iemj.org\/en\/#website"},"primaryImageOfPage":{"@id":"https:\/\/www.iemj.org\/en\/product\/jacques-offenbach-and-friends-from-the-synagogue-to-the-opera\/#primaryimage"},"image":{"@id":"https:\/\/www.iemj.org\/en\/product\/jacques-offenbach-and-friends-from-the-synagogue-to-the-opera\/#primaryimage"},"thumbnailUrl":"https:\/\/www.iemj.org\/wp-content\/uploads\/2021\/05\/CDC6.jpg","datePublished":"2021-05-18T08:00:48+00:00","dateModified":"2022-11-03T15:29:05+00:00","breadcrumb":{"@id":"https:\/\/www.iemj.org\/en\/product\/jacques-offenbach-and-friends-from-the-synagogue-to-the-opera\/#breadcrumb"},"inLanguage":"en-US","potentialAction":[{"@type":"ReadAction","target":["https:\/\/www.iemj.org\/en\/product\/jacques-offenbach-and-friends-from-the-synagogue-to-the-opera\/"]}]},{"@type":"ImageObject","inLanguage":"en-US","@id":"https:\/\/www.iemj.org\/en\/product\/jacques-offenbach-and-friends-from-the-synagogue-to-the-opera\/#primaryimage","url":"https:\/\/www.iemj.org\/wp-content\/uploads\/2021\/05\/CDC6.jpg","contentUrl":"https:\/\/www.iemj.org\/wp-content\/uploads\/2021\/05\/CDC6.jpg","width":350,"height":313},{"@type":"BreadcrumbList","@id":"https:\/\/www.iemj.org\/en\/product\/jacques-offenbach-and-friends-from-the-synagogue-to-the-opera\/#breadcrumb","itemListElement":[{"@type":"ListItem","position":1,"name":"Accueil","item":"https:\/\/www.iemj.org\/en\/"},{"@type":"ListItem","position":2,"name":"Shop","item":"https:\/\/www.iemj.org\/en\/shop\/"},{"@type":"ListItem","position":3,"name":"Jacques Offenbach and Friends &#8211; From the Synagogue to the Opera"}]},{"@type":"WebSite","@id":"https:\/\/www.iemj.org\/en\/#website","url":"https:\/\/www.iemj.org\/en\/","name":"Institut Europ\u00e9en des Musiques Juives","description":"Des traditions musicales \u00e0 la port\u00e9e de tous","publisher":{"@id":"https:\/\/www.iemj.org\/en\/#organization"},"potentialAction":[{"@type":"SearchAction","target":{"@type":"EntryPoint","urlTemplate":"https:\/\/www.iemj.org\/en\/?s={search_term_string}"},"query-input":{"@type":"PropertyValueSpecification","valueRequired":true,"valueName":"search_term_string"}}],"inLanguage":"en-US"},{"@type":"Organization","@id":"https:\/\/www.iemj.org\/en\/#organization","name":"Institut Europ\u00e9en des Musiques Juives","url":"https:\/\/www.iemj.org\/en\/","logo":{"@type":"ImageObject","inLanguage":"en-US","@id":"https:\/\/www.iemj.org\/en\/#\/schema\/logo\/image\/","url":"https:\/\/www.iemj.org\/wp-content\/uploads\/2021\/09\/Logo-IEMJ-Paypal.jpg","contentUrl":"https:\/\/www.iemj.org\/wp-content\/uploads\/2021\/09\/Logo-IEMJ-Paypal.jpg","width":150,"height":50,"caption":"Institut Europ\u00e9en des Musiques Juives"},"image":{"@id":"https:\/\/www.iemj.org\/en\/#\/schema\/logo\/image\/"},"sameAs":["https:\/\/www.facebook.com\/MusiquesJuives\/","https:\/\/www.instagram.com\/musiquesjuives\/","https:\/\/www.youtube.com\/user\/musiquesjuives"]}]}},"_links":{"self":[{"href":"https:\/\/www.iemj.org\/en\/wp-json\/wp\/v2\/product\/1424","targetHints":{"allow":["GET"]}}],"collection":[{"href":"https:\/\/www.iemj.org\/en\/wp-json\/wp\/v2\/product"}],"about":[{"href":"https:\/\/www.iemj.org\/en\/wp-json\/wp\/v2\/types\/product"}],"replies":[{"embeddable":true,"href":"https:\/\/www.iemj.org\/en\/wp-json\/wp\/v2\/comments?post=1424"}],"wp:featuredmedia":[{"embeddable":true,"href":"https:\/\/www.iemj.org\/en\/wp-json\/wp\/v2\/media\/50712"}],"wp:attachment":[{"href":"https:\/\/www.iemj.org\/en\/wp-json\/wp\/v2\/media?parent=1424"}],"wp:term":[{"taxonomy":"product_brand","embeddable":true,"href":"https:\/\/www.iemj.org\/en\/wp-json\/wp\/v2\/product_brand?post=1424"},{"taxonomy":"product_cat","embeddable":true,"href":"https:\/\/www.iemj.org\/en\/wp-json\/wp\/v2\/product_cat?post=1424"},{"taxonomy":"product_tag","embeddable":true,"href":"https:\/\/www.iemj.org\/en\/wp-json\/wp\/v2\/product_tag?post=1424"}],"curies":[{"name":"wp","href":"https:\/\/api.w.org\/{rel}","templated":true}]}}