{"id":246,"date":"2015-02-28T11:58:21","date_gmt":"2015-02-28T10:58:21","guid":{"rendered":"https:\/\/www.iemj.org\/produit\/azafea-une-odyssee-espagnole\/"},"modified":"2021-09-13T17:20:29","modified_gmt":"2021-09-13T15:20:29","slug":"azafea-une-odyssee-espagnole","status":"publish","type":"product","link":"https:\/\/www.iemj.org\/en\/product\/azafea-une-odyssee-espagnole\/","title":{"rendered":"Azafea &#8211; Une odyss\u00e9e espagnole"},"content":{"rendered":"<p>AZAFEA, second volume of the collection &#8220;D\u00e9couvertes&#8221; (Discoveries), invites us over the seas, on the paths of Sefaradic Jews who preserved the Spanish musical heritage, while they also adapted it to the musics of the countries where they settled (Turkey, South America, Israel&#8230;)<\/p>\n<p>French double-bass player <strong>R\u00e9my Yulzari<\/strong> and Israeli guitarist <strong>Nadav Lev<\/strong> are two soloists with amazing career trajectories that have won them worldwide praise. From New York to Jerusalem, from Tokyo to Paris, this duo\u2019s travels has taken them to the most prestigious concert halls, as they created a repertoire drawn from both art music and popular memory that results in original and tasteful programs, in which different musical genres join in a thoughtful dialogue.<\/p>\n<p>They are joined on this recording by trumpeter <strong>Frank London<\/strong> and percussionist <strong>John Hadfield<\/strong>.<\/p>\n<p>Extraits :<\/p>\n<p>01 &#8211; Avinu Malkenu, Terk in America<\/p>\n<audio class=\"wp-audio-shortcode\" id=\"audio-246-1\" preload=\"none\" style=\"width: 100%;\" controls=\"controls\"><source type=\"audio\/mpeg\" src=\"https:\/\/www.iemj.org\/wp-content\/uploads\/2015\/02\/Avinu-Malkenu-Terk-in-America-extrait.mp3?_=1\" \/><a href=\"https:\/\/www.iemj.org\/wp-content\/uploads\/2015\/02\/Avinu-Malkenu-Terk-in-America-extrait.mp3\">https:\/\/www.iemj.org\/wp-content\/uploads\/2015\/02\/Avinu-Malkenu-Terk-in-America-extrait.mp3<\/a><\/audio>\n<p>02 &#8211; Jota (Siete Canciones Populares Espa\u00f1olas)<\/p>\n<audio class=\"wp-audio-shortcode\" id=\"audio-246-2\" preload=\"none\" style=\"width: 100%;\" controls=\"controls\"><source type=\"audio\/mpeg\" src=\"https:\/\/www.iemj.org\/wp-content\/uploads\/2015\/02\/Jota-Siete-Canciones-Populares-Espanolas.mp3?_=2\" \/><a href=\"https:\/\/www.iemj.org\/wp-content\/uploads\/2015\/02\/Jota-Siete-Canciones-Populares-Espanolas.mp3\">https:\/\/www.iemj.org\/wp-content\/uploads\/2015\/02\/Jota-Siete-Canciones-Populares-Espanolas.mp3<\/a><\/audio>\n<p>09 &#8211; Nana (Siete Canciones Populares Espa\u00f1olas)<\/p>\n<audio class=\"wp-audio-shortcode\" id=\"audio-246-3\" preload=\"none\" style=\"width: 100%;\" controls=\"controls\"><source type=\"audio\/mpeg\" src=\"https:\/\/www.iemj.org\/wp-content\/uploads\/2015\/02\/Nana-Siete-Canciones-Populares-Espanolas.mp3?_=3\" \/><a href=\"https:\/\/www.iemj.org\/wp-content\/uploads\/2015\/02\/Nana-Siete-Canciones-Populares-Espanolas.mp3\">https:\/\/www.iemj.org\/wp-content\/uploads\/2015\/02\/Nana-Siete-Canciones-Populares-Espanolas.mp3<\/a><\/audio>\n<p>13 &#8211; Gnossienne<\/p>\n<audio class=\"wp-audio-shortcode\" id=\"audio-246-4\" preload=\"none\" style=\"width: 100%;\" controls=\"controls\"><source type=\"audio\/mpeg\" src=\"https:\/\/www.iemj.org\/wp-content\/uploads\/2015\/02\/Gnossienne.mp3?_=4\" \/><a href=\"https:\/\/www.iemj.org\/wp-content\/uploads\/2015\/02\/Gnossienne.mp3\">https:\/\/www.iemj.org\/wp-content\/uploads\/2015\/02\/Gnossienne.mp3<\/a><\/audio>\n","protected":false},"excerpt":{"rendered":"<p>The CD\u00a0invites us over the seas, on the paths of Sefaradic Jews who preserved the Spanish musical heritage<\/p>\n","protected":false},"featured_media":56564,"comment_status":"open","ping_status":"closed","template":"","meta":{"_acf_changed":false},"product_brand":[],"product_cat":[32,2232,2229,2245],"product_tag":[],"class_list":{"0":"post-246","1":"product","2":"type-product","3":"status-publish","4":"has-post-thumbnail","6":"product_cat-cd-en-2","7":"product_cat-discovery-collection-en","8":"product_cat-editions-of-the-eijm-en","9":"product_cat-ladino-en-en","10":"pa_musique-downloadable-album","11":"pa_musique-physical-album","13":"first","14":"instock","15":"shipping-taxable","16":"purchasable","17":"product-type-variable"},"acf":[],"yoast_head":"<!-- This site is optimized with the Yoast SEO plugin v27.3 - https:\/\/yoast.com\/product\/yoast-seo-wordpress\/ -->\n<title>Azafea - Une odyss\u00e9e espagnole - Institut Europ\u00e9en des Musiques Juives<\/title>\n<meta name=\"robots\" content=\"index, follow, max-snippet:-1, max-image-preview:large, max-video-preview:-1\" \/>\n<link rel=\"canonical\" href=\"https:\/\/www.iemj.org\/en\/product\/azafea-une-odyssee-espagnole\/\" \/>\n<meta property=\"og:locale\" content=\"en_US\" \/>\n<meta property=\"og:type\" content=\"article\" \/>\n<meta property=\"og:title\" content=\"Azafea - Une odyss\u00e9e espagnole - Institut Europ\u00e9en des Musiques Juives\" \/>\n<meta property=\"og:description\" content=\"The CD\u00a0invites us over the seas, on the paths of Sefaradic Jews who preserved the Spanish musical heritage\" \/>\n<meta property=\"og:url\" content=\"https:\/\/www.iemj.org\/en\/product\/azafea-une-odyssee-espagnole\/\" \/>\n<meta property=\"og:site_name\" content=\"Institut Europ\u00e9en des Musiques Juives\" \/>\n<meta property=\"article:publisher\" content=\"https:\/\/www.facebook.com\/MusiquesJuives\/\" \/>\n<meta property=\"article:modified_time\" content=\"2021-09-13T15:20:29+00:00\" \/>\n<meta property=\"og:image\" content=\"https:\/\/www.iemj.org\/wp-content\/uploads\/2015\/02\/CDD2.jpg\" \/>\n\t<meta property=\"og:image:width\" content=\"350\" \/>\n\t<meta property=\"og:image:height\" content=\"314\" \/>\n\t<meta property=\"og:image:type\" content=\"image\/jpeg\" \/>\n<meta name=\"twitter:card\" content=\"summary_large_image\" \/>\n<meta name=\"twitter:label1\" content=\"Est. reading time\" \/>\n\t<meta name=\"twitter:data1\" content=\"1 minute\" \/>\n<script type=\"application\/ld+json\" class=\"yoast-schema-graph\">{\"@context\":\"https:\\\/\\\/schema.org\",\"@graph\":[{\"@type\":\"WebPage\",\"@id\":\"https:\\\/\\\/www.iemj.org\\\/en\\\/product\\\/azafea-une-odyssee-espagnole\\\/\",\"url\":\"https:\\\/\\\/www.iemj.org\\\/en\\\/product\\\/azafea-une-odyssee-espagnole\\\/\",\"name\":\"Azafea - Une odyss\u00e9e espagnole - Institut Europ\u00e9en des Musiques Juives\",\"isPartOf\":{\"@id\":\"https:\\\/\\\/www.iemj.org\\\/en\\\/#website\"},\"primaryImageOfPage\":{\"@id\":\"https:\\\/\\\/www.iemj.org\\\/en\\\/product\\\/azafea-une-odyssee-espagnole\\\/#primaryimage\"},\"image\":{\"@id\":\"https:\\\/\\\/www.iemj.org\\\/en\\\/product\\\/azafea-une-odyssee-espagnole\\\/#primaryimage\"},\"thumbnailUrl\":\"https:\\\/\\\/www.iemj.org\\\/wp-content\\\/uploads\\\/2015\\\/02\\\/CDD2.jpg\",\"datePublished\":\"2015-02-28T10:58:21+00:00\",\"dateModified\":\"2021-09-13T15:20:29+00:00\",\"breadcrumb\":{\"@id\":\"https:\\\/\\\/www.iemj.org\\\/en\\\/product\\\/azafea-une-odyssee-espagnole\\\/#breadcrumb\"},\"inLanguage\":\"en-US\",\"potentialAction\":[{\"@type\":\"ReadAction\",\"target\":[\"https:\\\/\\\/www.iemj.org\\\/en\\\/product\\\/azafea-une-odyssee-espagnole\\\/\"]}]},{\"@type\":\"ImageObject\",\"inLanguage\":\"en-US\",\"@id\":\"https:\\\/\\\/www.iemj.org\\\/en\\\/product\\\/azafea-une-odyssee-espagnole\\\/#primaryimage\",\"url\":\"https:\\\/\\\/www.iemj.org\\\/wp-content\\\/uploads\\\/2015\\\/02\\\/CDD2.jpg\",\"contentUrl\":\"https:\\\/\\\/www.iemj.org\\\/wp-content\\\/uploads\\\/2015\\\/02\\\/CDD2.jpg\",\"width\":350,\"height\":314,\"caption\":\"Couv CDD2 - Azafea\"},{\"@type\":\"BreadcrumbList\",\"@id\":\"https:\\\/\\\/www.iemj.org\\\/en\\\/product\\\/azafea-une-odyssee-espagnole\\\/#breadcrumb\",\"itemListElement\":[{\"@type\":\"ListItem\",\"position\":1,\"name\":\"Accueil\",\"item\":\"https:\\\/\\\/www.iemj.org\\\/en\\\/\"},{\"@type\":\"ListItem\",\"position\":2,\"name\":\"Shop\",\"item\":\"https:\\\/\\\/www.iemj.org\\\/en\\\/shop\\\/\"},{\"@type\":\"ListItem\",\"position\":3,\"name\":\"Azafea &#8211; Une odyss\u00e9e espagnole\"}]},{\"@type\":\"WebSite\",\"@id\":\"https:\\\/\\\/www.iemj.org\\\/en\\\/#website\",\"url\":\"https:\\\/\\\/www.iemj.org\\\/en\\\/\",\"name\":\"Institut Europ\u00e9en des Musiques Juives\",\"description\":\"Des traditions musicales \u00e0 la port\u00e9e de tous\",\"publisher\":{\"@id\":\"https:\\\/\\\/www.iemj.org\\\/en\\\/#organization\"},\"potentialAction\":[{\"@type\":\"SearchAction\",\"target\":{\"@type\":\"EntryPoint\",\"urlTemplate\":\"https:\\\/\\\/www.iemj.org\\\/en\\\/?s={search_term_string}\"},\"query-input\":{\"@type\":\"PropertyValueSpecification\",\"valueRequired\":true,\"valueName\":\"search_term_string\"}}],\"inLanguage\":\"en-US\"},{\"@type\":\"Organization\",\"@id\":\"https:\\\/\\\/www.iemj.org\\\/en\\\/#organization\",\"name\":\"Institut Europ\u00e9en des Musiques Juives\",\"url\":\"https:\\\/\\\/www.iemj.org\\\/en\\\/\",\"logo\":{\"@type\":\"ImageObject\",\"inLanguage\":\"en-US\",\"@id\":\"https:\\\/\\\/www.iemj.org\\\/en\\\/#\\\/schema\\\/logo\\\/image\\\/\",\"url\":\"https:\\\/\\\/www.iemj.org\\\/wp-content\\\/uploads\\\/2021\\\/09\\\/Logo-IEMJ-Paypal.jpg\",\"contentUrl\":\"https:\\\/\\\/www.iemj.org\\\/wp-content\\\/uploads\\\/2021\\\/09\\\/Logo-IEMJ-Paypal.jpg\",\"width\":150,\"height\":50,\"caption\":\"Institut Europ\u00e9en des Musiques Juives\"},\"image\":{\"@id\":\"https:\\\/\\\/www.iemj.org\\\/en\\\/#\\\/schema\\\/logo\\\/image\\\/\"},\"sameAs\":[\"https:\\\/\\\/www.facebook.com\\\/MusiquesJuives\\\/\",\"https:\\\/\\\/www.instagram.com\\\/musiquesjuives\\\/\",\"https:\\\/\\\/www.youtube.com\\\/user\\\/musiquesjuives\"]}]}<\/script>\n<!-- \/ Yoast SEO plugin. -->","yoast_head_json":{"title":"Azafea - Une odyss\u00e9e espagnole - Institut Europ\u00e9en des Musiques Juives","robots":{"index":"index","follow":"follow","max-snippet":"max-snippet:-1","max-image-preview":"max-image-preview:large","max-video-preview":"max-video-preview:-1"},"canonical":"https:\/\/www.iemj.org\/en\/product\/azafea-une-odyssee-espagnole\/","og_locale":"en_US","og_type":"article","og_title":"Azafea - Une odyss\u00e9e espagnole - Institut Europ\u00e9en des Musiques Juives","og_description":"The CD\u00a0invites us over the seas, on the paths of Sefaradic Jews who preserved the Spanish musical heritage","og_url":"https:\/\/www.iemj.org\/en\/product\/azafea-une-odyssee-espagnole\/","og_site_name":"Institut Europ\u00e9en des Musiques Juives","article_publisher":"https:\/\/www.facebook.com\/MusiquesJuives\/","article_modified_time":"2021-09-13T15:20:29+00:00","og_image":[{"width":350,"height":314,"url":"https:\/\/www.iemj.org\/wp-content\/uploads\/2015\/02\/CDD2.jpg","type":"image\/jpeg"}],"twitter_card":"summary_large_image","twitter_misc":{"Est. reading time":"1 minute"},"schema":{"@context":"https:\/\/schema.org","@graph":[{"@type":"WebPage","@id":"https:\/\/www.iemj.org\/en\/product\/azafea-une-odyssee-espagnole\/","url":"https:\/\/www.iemj.org\/en\/product\/azafea-une-odyssee-espagnole\/","name":"Azafea - Une odyss\u00e9e espagnole - Institut Europ\u00e9en des Musiques Juives","isPartOf":{"@id":"https:\/\/www.iemj.org\/en\/#website"},"primaryImageOfPage":{"@id":"https:\/\/www.iemj.org\/en\/product\/azafea-une-odyssee-espagnole\/#primaryimage"},"image":{"@id":"https:\/\/www.iemj.org\/en\/product\/azafea-une-odyssee-espagnole\/#primaryimage"},"thumbnailUrl":"https:\/\/www.iemj.org\/wp-content\/uploads\/2015\/02\/CDD2.jpg","datePublished":"2015-02-28T10:58:21+00:00","dateModified":"2021-09-13T15:20:29+00:00","breadcrumb":{"@id":"https:\/\/www.iemj.org\/en\/product\/azafea-une-odyssee-espagnole\/#breadcrumb"},"inLanguage":"en-US","potentialAction":[{"@type":"ReadAction","target":["https:\/\/www.iemj.org\/en\/product\/azafea-une-odyssee-espagnole\/"]}]},{"@type":"ImageObject","inLanguage":"en-US","@id":"https:\/\/www.iemj.org\/en\/product\/azafea-une-odyssee-espagnole\/#primaryimage","url":"https:\/\/www.iemj.org\/wp-content\/uploads\/2015\/02\/CDD2.jpg","contentUrl":"https:\/\/www.iemj.org\/wp-content\/uploads\/2015\/02\/CDD2.jpg","width":350,"height":314,"caption":"Couv CDD2 - Azafea"},{"@type":"BreadcrumbList","@id":"https:\/\/www.iemj.org\/en\/product\/azafea-une-odyssee-espagnole\/#breadcrumb","itemListElement":[{"@type":"ListItem","position":1,"name":"Accueil","item":"https:\/\/www.iemj.org\/en\/"},{"@type":"ListItem","position":2,"name":"Shop","item":"https:\/\/www.iemj.org\/en\/shop\/"},{"@type":"ListItem","position":3,"name":"Azafea &#8211; Une odyss\u00e9e espagnole"}]},{"@type":"WebSite","@id":"https:\/\/www.iemj.org\/en\/#website","url":"https:\/\/www.iemj.org\/en\/","name":"Institut Europ\u00e9en des Musiques Juives","description":"Des traditions musicales \u00e0 la port\u00e9e de tous","publisher":{"@id":"https:\/\/www.iemj.org\/en\/#organization"},"potentialAction":[{"@type":"SearchAction","target":{"@type":"EntryPoint","urlTemplate":"https:\/\/www.iemj.org\/en\/?s={search_term_string}"},"query-input":{"@type":"PropertyValueSpecification","valueRequired":true,"valueName":"search_term_string"}}],"inLanguage":"en-US"},{"@type":"Organization","@id":"https:\/\/www.iemj.org\/en\/#organization","name":"Institut Europ\u00e9en des Musiques Juives","url":"https:\/\/www.iemj.org\/en\/","logo":{"@type":"ImageObject","inLanguage":"en-US","@id":"https:\/\/www.iemj.org\/en\/#\/schema\/logo\/image\/","url":"https:\/\/www.iemj.org\/wp-content\/uploads\/2021\/09\/Logo-IEMJ-Paypal.jpg","contentUrl":"https:\/\/www.iemj.org\/wp-content\/uploads\/2021\/09\/Logo-IEMJ-Paypal.jpg","width":150,"height":50,"caption":"Institut Europ\u00e9en des Musiques Juives"},"image":{"@id":"https:\/\/www.iemj.org\/en\/#\/schema\/logo\/image\/"},"sameAs":["https:\/\/www.facebook.com\/MusiquesJuives\/","https:\/\/www.instagram.com\/musiquesjuives\/","https:\/\/www.youtube.com\/user\/musiquesjuives"]}]}},"_links":{"self":[{"href":"https:\/\/www.iemj.org\/en\/wp-json\/wp\/v2\/product\/246","targetHints":{"allow":["GET"]}}],"collection":[{"href":"https:\/\/www.iemj.org\/en\/wp-json\/wp\/v2\/product"}],"about":[{"href":"https:\/\/www.iemj.org\/en\/wp-json\/wp\/v2\/types\/product"}],"replies":[{"embeddable":true,"href":"https:\/\/www.iemj.org\/en\/wp-json\/wp\/v2\/comments?post=246"}],"wp:featuredmedia":[{"embeddable":true,"href":"https:\/\/www.iemj.org\/en\/wp-json\/wp\/v2\/media\/56564"}],"wp:attachment":[{"href":"https:\/\/www.iemj.org\/en\/wp-json\/wp\/v2\/media?parent=246"}],"wp:term":[{"taxonomy":"product_brand","embeddable":true,"href":"https:\/\/www.iemj.org\/en\/wp-json\/wp\/v2\/product_brand?post=246"},{"taxonomy":"product_cat","embeddable":true,"href":"https:\/\/www.iemj.org\/en\/wp-json\/wp\/v2\/product_cat?post=246"},{"taxonomy":"product_tag","embeddable":true,"href":"https:\/\/www.iemj.org\/en\/wp-json\/wp\/v2\/product_tag?post=246"}],"curies":[{"name":"wp","href":"https:\/\/api.w.org\/{rel}","templated":true}]}}