{"id":86462,"date":"2022-07-27T15:43:37","date_gmt":"2022-07-27T13:43:39","guid":{"rendered":"https:\/\/www.iemj.org\/?post_type=product&#038;p=86462"},"modified":"2023-03-27T01:00:26","modified_gmt":"2023-03-26T23:00:26","slug":"kalarash-klezmer-music-yiddish-and-french-songs","status":"publish","type":"product","link":"https:\/\/www.iemj.org\/en\/product\/kalarash-klezmer-music-yiddish-and-french-songs\/","title":{"rendered":"KALARASH \u2013 KLEZMER MUSIC, YIDDISH AND FRENCH SONGS"},"content":{"rendered":"<p>The group Kalarash has been exploring traditional music from Eastern Europe and the Balkans for 12 years. Composed of Agathe Llorca (vocals, violin, mandolin), David Lefebvre (vocals, guitar, cymbalum), Erik Jankowsky (double bass), Vincent P\u00e9rier (clarinet) and Elsa IIIe (accordion), Kalarash performs regularly in France and around the world to liven up dances or shows that never leave their listeners indifferent<\/p>\n<p>The name of the group refers to a well-known klezmer tune, but also to a small town in Moldova (C\u0103l\u0103ra\u0219i which means \u201cThe Horsemen\u201d), whose streets resound with tunes inspired by Romanian, Gypsy and klezmer folklore. With this claim, Kalarash draws inspiration from these small string orchestras, the taraf for Romanian lautar music or the kapelye for klezmer music, and performs dance tunes, sometimes ceremonial, sometimes lively, traditional Yiddish and cabaret songs, Romanian ballads and other surprises.<\/p>\n<p>Kalarash has released three CDs: Tirez la roulotte (2015), Mes joyeux compagnons (2019) and Nos chevauch\u00e9es (2021). The present compilation gathers the main klezmer music tunes, Yiddish and French songs from these albums, as well as several previously unreleased pieces. A great discovery!<\/p>\n<h1>Extracts<\/h1>\n<p>MAZLTOV ZELDA (Extract)<\/p>\n<audio class=\"wp-audio-shortcode\" id=\"audio-86462-1\" preload=\"none\" style=\"width: 100%;\" controls=\"controls\"><source type=\"audio\/mpeg\" src=\"https:\/\/www.iemj.org\/wp-content\/uploads\/2022\/07\/01-MAZLTOV-ZELDA.mp3?_=1\" \/><a href=\"https:\/\/www.iemj.org\/wp-content\/uploads\/2022\/07\/01-MAZLTOV-ZELDA.mp3\">https:\/\/www.iemj.org\/wp-content\/uploads\/2022\/07\/01-MAZLTOV-ZELDA.mp3<\/a><\/audio>\n<p>&nbsp;<\/p>\n<p>MES JOYEUX COMPAGNONS (Extract)<\/p>\n<audio class=\"wp-audio-shortcode\" id=\"audio-86462-2\" preload=\"none\" style=\"width: 100%;\" controls=\"controls\"><source type=\"audio\/mpeg\" src=\"https:\/\/www.iemj.org\/wp-content\/uploads\/2022\/07\/02-MES-JOYEUX-COMPAGNONS.mp3?_=2\" \/><a href=\"https:\/\/www.iemj.org\/wp-content\/uploads\/2022\/07\/02-MES-JOYEUX-COMPAGNONS.mp3\">https:\/\/www.iemj.org\/wp-content\/uploads\/2022\/07\/02-MES-JOYEUX-COMPAGNONS.mp3<\/a><\/audio>\n<p>&nbsp;<\/p>\n<p>YASH (Extract)<\/p>\n<audio class=\"wp-audio-shortcode\" id=\"audio-86462-3\" preload=\"none\" style=\"width: 100%;\" controls=\"controls\"><source type=\"audio\/mpeg\" src=\"https:\/\/www.iemj.org\/wp-content\/uploads\/2022\/07\/05-YASH.mp3?_=3\" \/><a href=\"https:\/\/www.iemj.org\/wp-content\/uploads\/2022\/07\/05-YASH.mp3\">https:\/\/www.iemj.org\/wp-content\/uploads\/2022\/07\/05-YASH.mp3<\/a><\/audio>\n<p>&nbsp;<\/p>\n<p>SAKHNOVSKIS SKOTSHNE (Extract)<\/p>\n<audio class=\"wp-audio-shortcode\" id=\"audio-86462-4\" preload=\"none\" style=\"width: 100%;\" controls=\"controls\"><source type=\"audio\/mpeg\" src=\"https:\/\/www.iemj.org\/wp-content\/uploads\/2022\/07\/06-SAKHNOVSKIS-SKOTSHNE.mp3?_=4\" \/><a href=\"https:\/\/www.iemj.org\/wp-content\/uploads\/2022\/07\/06-SAKHNOVSKIS-SKOTSHNE.mp3\">https:\/\/www.iemj.org\/wp-content\/uploads\/2022\/07\/06-SAKHNOVSKIS-SKOTSHNE.mp3<\/a><\/audio>\n<p>&nbsp;<\/p>\n<p>A HOPKELE (Extract)<\/p>\n<audio class=\"wp-audio-shortcode\" id=\"audio-86462-5\" preload=\"none\" style=\"width: 100%;\" controls=\"controls\"><source type=\"audio\/mpeg\" src=\"https:\/\/www.iemj.org\/wp-content\/uploads\/2022\/07\/08-A-HOPKELE.mp3?_=5\" \/><a href=\"https:\/\/www.iemj.org\/wp-content\/uploads\/2022\/07\/08-A-HOPKELE.mp3\">https:\/\/www.iemj.org\/wp-content\/uploads\/2022\/07\/08-A-HOPKELE.mp3<\/a><\/audio>\n<p>&nbsp;<\/p>\n<p>A VOLEKH (Extract)<\/p>\n<audio class=\"wp-audio-shortcode\" id=\"audio-86462-6\" preload=\"none\" style=\"width: 100%;\" controls=\"controls\"><source type=\"audio\/mpeg\" src=\"https:\/\/www.iemj.org\/wp-content\/uploads\/2022\/07\/09-A-VOLEKH.mp3?_=6\" \/><a href=\"https:\/\/www.iemj.org\/wp-content\/uploads\/2022\/07\/09-A-VOLEKH.mp3\">https:\/\/www.iemj.org\/wp-content\/uploads\/2022\/07\/09-A-VOLEKH.mp3<\/a><\/audio>\n<p>&nbsp;<\/p>\n<p>LEBEDIK FREYLEKH (Extract)<\/p>\n<audio class=\"wp-audio-shortcode\" id=\"audio-86462-7\" preload=\"none\" style=\"width: 100%;\" controls=\"controls\"><source type=\"audio\/mpeg\" src=\"https:\/\/www.iemj.org\/wp-content\/uploads\/2022\/07\/10-LEBEDIK-FREYLEKH.mp3?_=7\" \/><a href=\"https:\/\/www.iemj.org\/wp-content\/uploads\/2022\/07\/10-LEBEDIK-FREYLEKH.mp3\">https:\/\/www.iemj.org\/wp-content\/uploads\/2022\/07\/10-LEBEDIK-FREYLEKH.mp3<\/a><\/audio>\n<p>&nbsp;<\/p>\n<p>TIREZ LA ROULOTTE (Extract)<\/p>\n<audio class=\"wp-audio-shortcode\" id=\"audio-86462-8\" preload=\"none\" style=\"width: 100%;\" controls=\"controls\"><source type=\"audio\/mpeg\" src=\"https:\/\/www.iemj.org\/wp-content\/uploads\/2022\/07\/11-TIREZ-LA-ROULOTTE.mp3?_=8\" \/><a href=\"https:\/\/www.iemj.org\/wp-content\/uploads\/2022\/07\/11-TIREZ-LA-ROULOTTE.mp3\">https:\/\/www.iemj.org\/wp-content\/uploads\/2022\/07\/11-TIREZ-LA-ROULOTTE.mp3<\/a><\/audio>\n<p>&nbsp;<\/p>\n<p>RIKUD (Extract)<\/p>\n<audio class=\"wp-audio-shortcode\" id=\"audio-86462-9\" preload=\"none\" style=\"width: 100%;\" controls=\"controls\"><source type=\"audio\/mpeg\" src=\"https:\/\/www.iemj.org\/wp-content\/uploads\/2022\/07\/12-RIKUD.mp3?_=9\" \/><a href=\"https:\/\/www.iemj.org\/wp-content\/uploads\/2022\/07\/12-RIKUD.mp3\">https:\/\/www.iemj.org\/wp-content\/uploads\/2022\/07\/12-RIKUD.mp3<\/a><\/audio>\n<p>&nbsp;<\/p>\n<p>IKH BIN A BORDER BAY MAYN VAYB (Extract)<\/p>\n<audio class=\"wp-audio-shortcode\" id=\"audio-86462-10\" preload=\"none\" style=\"width: 100%;\" controls=\"controls\"><source type=\"audio\/mpeg\" src=\"https:\/\/www.iemj.org\/wp-content\/uploads\/2022\/07\/14-IKH-BIN-A-BORDER-BAY-MAYN-VAYB.mp3?_=10\" \/><a href=\"https:\/\/www.iemj.org\/wp-content\/uploads\/2022\/07\/14-IKH-BIN-A-BORDER-BAY-MAYN-VAYB.mp3\">https:\/\/www.iemj.org\/wp-content\/uploads\/2022\/07\/14-IKH-BIN-A-BORDER-BAY-MAYN-VAYB.mp3<\/a><\/audio>\n<p>&nbsp;<\/p>\n<p>HALEVAY (Extract)<\/p>\n<audio class=\"wp-audio-shortcode\" id=\"audio-86462-11\" preload=\"none\" style=\"width: 100%;\" controls=\"controls\"><source type=\"audio\/mpeg\" src=\"https:\/\/www.iemj.org\/wp-content\/uploads\/2022\/07\/16-HALEVAY.mp3?_=11\" \/><a href=\"https:\/\/www.iemj.org\/wp-content\/uploads\/2022\/07\/16-HALEVAY.mp3\">https:\/\/www.iemj.org\/wp-content\/uploads\/2022\/07\/16-HALEVAY.mp3<\/a><\/audio>\n<h1><\/h1>\n<h1><\/h1>\n","protected":false},"excerpt":{"rendered":"<p>This 8th CD of the <strong>Dicovery Collection<\/strong> gathers klezmer music, Yiddish and French songs by Kalarash, a French group that has been exploring the traditional music from Eastern Europe and the Balkans for 12 years.<\/p>\n","protected":false},"featured_media":86392,"comment_status":"open","ping_status":"closed","template":"","meta":{"_acf_changed":false},"product_brand":[],"product_cat":[32,2232,2229,2247],"product_tag":[],"class_list":{"0":"post-86462","1":"product","2":"type-product","3":"status-publish","4":"has-post-thumbnail","6":"product_cat-cd-en-2","7":"product_cat-discovery-collection-en","8":"product_cat-editions-of-the-eijm-en","9":"product_cat-klezmer-yiddish-en-en","10":"pa_musique-downloadable-album","11":"pa_musique-physical-album","13":"first","14":"instock","15":"featured","16":"shipping-taxable","17":"purchasable","18":"product-type-variable"},"acf":[],"yoast_head":"<!-- This site is optimized with the Yoast SEO plugin v27.3 - https:\/\/yoast.com\/product\/yoast-seo-wordpress\/ -->\n<title>KALARASH \u2013 KLEZMER MUSIC, YIDDISH AND FRENCH SONGS - Institut Europ\u00e9en des Musiques Juives<\/title>\n<meta name=\"robots\" content=\"index, follow, max-snippet:-1, max-image-preview:large, max-video-preview:-1\" \/>\n<link rel=\"canonical\" href=\"https:\/\/www.iemj.org\/en\/product\/kalarash-klezmer-music-yiddish-and-french-songs\/\" \/>\n<meta property=\"og:locale\" content=\"en_US\" \/>\n<meta property=\"og:type\" content=\"article\" \/>\n<meta property=\"og:title\" content=\"KALARASH \u2013 KLEZMER MUSIC, YIDDISH AND FRENCH SONGS - Institut Europ\u00e9en des Musiques Juives\" \/>\n<meta property=\"og:description\" content=\"This 8th CD of the Dicovery Collection gathers klezmer music, Yiddish and French songs by Kalarash, a French group that has been exploring the traditional music from Eastern Europe and the Balkans for 12 years.\" \/>\n<meta property=\"og:url\" content=\"https:\/\/www.iemj.org\/en\/product\/kalarash-klezmer-music-yiddish-and-french-songs\/\" \/>\n<meta property=\"og:site_name\" content=\"Institut Europ\u00e9en des Musiques Juives\" \/>\n<meta property=\"article:publisher\" content=\"https:\/\/www.facebook.com\/MusiquesJuives\/\" \/>\n<meta property=\"article:modified_time\" content=\"2023-03-26T23:00:26+00:00\" \/>\n<meta property=\"og:image\" content=\"https:\/\/www.iemj.org\/wp-content\/uploads\/2022\/07\/CDD8.jpg\" \/>\n\t<meta property=\"og:image:width\" content=\"350\" \/>\n\t<meta property=\"og:image:height\" content=\"314\" \/>\n\t<meta property=\"og:image:type\" content=\"image\/jpeg\" \/>\n<meta name=\"twitter:card\" content=\"summary_large_image\" \/>\n<meta name=\"twitter:label1\" content=\"Est. reading time\" \/>\n\t<meta name=\"twitter:data1\" content=\"2 minutes\" \/>\n<script type=\"application\/ld+json\" class=\"yoast-schema-graph\">{\"@context\":\"https:\\\/\\\/schema.org\",\"@graph\":[{\"@type\":\"WebPage\",\"@id\":\"https:\\\/\\\/www.iemj.org\\\/en\\\/product\\\/kalarash-klezmer-music-yiddish-and-french-songs\\\/\",\"url\":\"https:\\\/\\\/www.iemj.org\\\/en\\\/product\\\/kalarash-klezmer-music-yiddish-and-french-songs\\\/\",\"name\":\"KALARASH \u2013 KLEZMER MUSIC, YIDDISH AND FRENCH SONGS - Institut Europ\u00e9en des Musiques Juives\",\"isPartOf\":{\"@id\":\"https:\\\/\\\/www.iemj.org\\\/en\\\/#website\"},\"primaryImageOfPage\":{\"@id\":\"https:\\\/\\\/www.iemj.org\\\/en\\\/product\\\/kalarash-klezmer-music-yiddish-and-french-songs\\\/#primaryimage\"},\"image\":{\"@id\":\"https:\\\/\\\/www.iemj.org\\\/en\\\/product\\\/kalarash-klezmer-music-yiddish-and-french-songs\\\/#primaryimage\"},\"thumbnailUrl\":\"https:\\\/\\\/www.iemj.org\\\/wp-content\\\/uploads\\\/2022\\\/07\\\/CDD8.jpg\",\"datePublished\":\"2022-07-27T13:43:39+00:00\",\"dateModified\":\"2023-03-26T23:00:26+00:00\",\"breadcrumb\":{\"@id\":\"https:\\\/\\\/www.iemj.org\\\/en\\\/product\\\/kalarash-klezmer-music-yiddish-and-french-songs\\\/#breadcrumb\"},\"inLanguage\":\"en-US\",\"potentialAction\":[{\"@type\":\"ReadAction\",\"target\":[\"https:\\\/\\\/www.iemj.org\\\/en\\\/product\\\/kalarash-klezmer-music-yiddish-and-french-songs\\\/\"]}]},{\"@type\":\"ImageObject\",\"inLanguage\":\"en-US\",\"@id\":\"https:\\\/\\\/www.iemj.org\\\/en\\\/product\\\/kalarash-klezmer-music-yiddish-and-french-songs\\\/#primaryimage\",\"url\":\"https:\\\/\\\/www.iemj.org\\\/wp-content\\\/uploads\\\/2022\\\/07\\\/CDD8.jpg\",\"contentUrl\":\"https:\\\/\\\/www.iemj.org\\\/wp-content\\\/uploads\\\/2022\\\/07\\\/CDD8.jpg\",\"width\":350,\"height\":314},{\"@type\":\"BreadcrumbList\",\"@id\":\"https:\\\/\\\/www.iemj.org\\\/en\\\/product\\\/kalarash-klezmer-music-yiddish-and-french-songs\\\/#breadcrumb\",\"itemListElement\":[{\"@type\":\"ListItem\",\"position\":1,\"name\":\"Accueil\",\"item\":\"https:\\\/\\\/www.iemj.org\\\/en\\\/\"},{\"@type\":\"ListItem\",\"position\":2,\"name\":\"Shop\",\"item\":\"https:\\\/\\\/www.iemj.org\\\/en\\\/shop\\\/\"},{\"@type\":\"ListItem\",\"position\":3,\"name\":\"KALARASH \u2013 KLEZMER MUSIC, YIDDISH AND FRENCH SONGS\"}]},{\"@type\":\"WebSite\",\"@id\":\"https:\\\/\\\/www.iemj.org\\\/en\\\/#website\",\"url\":\"https:\\\/\\\/www.iemj.org\\\/en\\\/\",\"name\":\"Institut Europ\u00e9en des Musiques Juives\",\"description\":\"Des traditions musicales \u00e0 la port\u00e9e de tous\",\"publisher\":{\"@id\":\"https:\\\/\\\/www.iemj.org\\\/en\\\/#organization\"},\"potentialAction\":[{\"@type\":\"SearchAction\",\"target\":{\"@type\":\"EntryPoint\",\"urlTemplate\":\"https:\\\/\\\/www.iemj.org\\\/en\\\/?s={search_term_string}\"},\"query-input\":{\"@type\":\"PropertyValueSpecification\",\"valueRequired\":true,\"valueName\":\"search_term_string\"}}],\"inLanguage\":\"en-US\"},{\"@type\":\"Organization\",\"@id\":\"https:\\\/\\\/www.iemj.org\\\/en\\\/#organization\",\"name\":\"Institut Europ\u00e9en des Musiques Juives\",\"url\":\"https:\\\/\\\/www.iemj.org\\\/en\\\/\",\"logo\":{\"@type\":\"ImageObject\",\"inLanguage\":\"en-US\",\"@id\":\"https:\\\/\\\/www.iemj.org\\\/en\\\/#\\\/schema\\\/logo\\\/image\\\/\",\"url\":\"https:\\\/\\\/www.iemj.org\\\/wp-content\\\/uploads\\\/2021\\\/09\\\/Logo-IEMJ-Paypal.jpg\",\"contentUrl\":\"https:\\\/\\\/www.iemj.org\\\/wp-content\\\/uploads\\\/2021\\\/09\\\/Logo-IEMJ-Paypal.jpg\",\"width\":150,\"height\":50,\"caption\":\"Institut Europ\u00e9en des Musiques Juives\"},\"image\":{\"@id\":\"https:\\\/\\\/www.iemj.org\\\/en\\\/#\\\/schema\\\/logo\\\/image\\\/\"},\"sameAs\":[\"https:\\\/\\\/www.facebook.com\\\/MusiquesJuives\\\/\",\"https:\\\/\\\/www.instagram.com\\\/musiquesjuives\\\/\",\"https:\\\/\\\/www.youtube.com\\\/user\\\/musiquesjuives\"]}]}<\/script>\n<!-- \/ Yoast SEO plugin. -->","yoast_head_json":{"title":"KALARASH \u2013 KLEZMER MUSIC, YIDDISH AND FRENCH SONGS - Institut Europ\u00e9en des Musiques Juives","robots":{"index":"index","follow":"follow","max-snippet":"max-snippet:-1","max-image-preview":"max-image-preview:large","max-video-preview":"max-video-preview:-1"},"canonical":"https:\/\/www.iemj.org\/en\/product\/kalarash-klezmer-music-yiddish-and-french-songs\/","og_locale":"en_US","og_type":"article","og_title":"KALARASH \u2013 KLEZMER MUSIC, YIDDISH AND FRENCH SONGS - Institut Europ\u00e9en des Musiques Juives","og_description":"This 8th CD of the Dicovery Collection gathers klezmer music, Yiddish and French songs by Kalarash, a French group that has been exploring the traditional music from Eastern Europe and the Balkans for 12 years.","og_url":"https:\/\/www.iemj.org\/en\/product\/kalarash-klezmer-music-yiddish-and-french-songs\/","og_site_name":"Institut Europ\u00e9en des Musiques Juives","article_publisher":"https:\/\/www.facebook.com\/MusiquesJuives\/","article_modified_time":"2023-03-26T23:00:26+00:00","og_image":[{"width":350,"height":314,"url":"https:\/\/www.iemj.org\/wp-content\/uploads\/2022\/07\/CDD8.jpg","type":"image\/jpeg"}],"twitter_card":"summary_large_image","twitter_misc":{"Est. reading time":"2 minutes"},"schema":{"@context":"https:\/\/schema.org","@graph":[{"@type":"WebPage","@id":"https:\/\/www.iemj.org\/en\/product\/kalarash-klezmer-music-yiddish-and-french-songs\/","url":"https:\/\/www.iemj.org\/en\/product\/kalarash-klezmer-music-yiddish-and-french-songs\/","name":"KALARASH \u2013 KLEZMER MUSIC, YIDDISH AND FRENCH SONGS - Institut Europ\u00e9en des Musiques Juives","isPartOf":{"@id":"https:\/\/www.iemj.org\/en\/#website"},"primaryImageOfPage":{"@id":"https:\/\/www.iemj.org\/en\/product\/kalarash-klezmer-music-yiddish-and-french-songs\/#primaryimage"},"image":{"@id":"https:\/\/www.iemj.org\/en\/product\/kalarash-klezmer-music-yiddish-and-french-songs\/#primaryimage"},"thumbnailUrl":"https:\/\/www.iemj.org\/wp-content\/uploads\/2022\/07\/CDD8.jpg","datePublished":"2022-07-27T13:43:39+00:00","dateModified":"2023-03-26T23:00:26+00:00","breadcrumb":{"@id":"https:\/\/www.iemj.org\/en\/product\/kalarash-klezmer-music-yiddish-and-french-songs\/#breadcrumb"},"inLanguage":"en-US","potentialAction":[{"@type":"ReadAction","target":["https:\/\/www.iemj.org\/en\/product\/kalarash-klezmer-music-yiddish-and-french-songs\/"]}]},{"@type":"ImageObject","inLanguage":"en-US","@id":"https:\/\/www.iemj.org\/en\/product\/kalarash-klezmer-music-yiddish-and-french-songs\/#primaryimage","url":"https:\/\/www.iemj.org\/wp-content\/uploads\/2022\/07\/CDD8.jpg","contentUrl":"https:\/\/www.iemj.org\/wp-content\/uploads\/2022\/07\/CDD8.jpg","width":350,"height":314},{"@type":"BreadcrumbList","@id":"https:\/\/www.iemj.org\/en\/product\/kalarash-klezmer-music-yiddish-and-french-songs\/#breadcrumb","itemListElement":[{"@type":"ListItem","position":1,"name":"Accueil","item":"https:\/\/www.iemj.org\/en\/"},{"@type":"ListItem","position":2,"name":"Shop","item":"https:\/\/www.iemj.org\/en\/shop\/"},{"@type":"ListItem","position":3,"name":"KALARASH \u2013 KLEZMER MUSIC, YIDDISH AND FRENCH SONGS"}]},{"@type":"WebSite","@id":"https:\/\/www.iemj.org\/en\/#website","url":"https:\/\/www.iemj.org\/en\/","name":"Institut Europ\u00e9en des Musiques Juives","description":"Des traditions musicales \u00e0 la port\u00e9e de tous","publisher":{"@id":"https:\/\/www.iemj.org\/en\/#organization"},"potentialAction":[{"@type":"SearchAction","target":{"@type":"EntryPoint","urlTemplate":"https:\/\/www.iemj.org\/en\/?s={search_term_string}"},"query-input":{"@type":"PropertyValueSpecification","valueRequired":true,"valueName":"search_term_string"}}],"inLanguage":"en-US"},{"@type":"Organization","@id":"https:\/\/www.iemj.org\/en\/#organization","name":"Institut Europ\u00e9en des Musiques Juives","url":"https:\/\/www.iemj.org\/en\/","logo":{"@type":"ImageObject","inLanguage":"en-US","@id":"https:\/\/www.iemj.org\/en\/#\/schema\/logo\/image\/","url":"https:\/\/www.iemj.org\/wp-content\/uploads\/2021\/09\/Logo-IEMJ-Paypal.jpg","contentUrl":"https:\/\/www.iemj.org\/wp-content\/uploads\/2021\/09\/Logo-IEMJ-Paypal.jpg","width":150,"height":50,"caption":"Institut Europ\u00e9en des Musiques Juives"},"image":{"@id":"https:\/\/www.iemj.org\/en\/#\/schema\/logo\/image\/"},"sameAs":["https:\/\/www.facebook.com\/MusiquesJuives\/","https:\/\/www.instagram.com\/musiquesjuives\/","https:\/\/www.youtube.com\/user\/musiquesjuives"]}]}},"_links":{"self":[{"href":"https:\/\/www.iemj.org\/en\/wp-json\/wp\/v2\/product\/86462","targetHints":{"allow":["GET"]}}],"collection":[{"href":"https:\/\/www.iemj.org\/en\/wp-json\/wp\/v2\/product"}],"about":[{"href":"https:\/\/www.iemj.org\/en\/wp-json\/wp\/v2\/types\/product"}],"replies":[{"embeddable":true,"href":"https:\/\/www.iemj.org\/en\/wp-json\/wp\/v2\/comments?post=86462"}],"wp:featuredmedia":[{"embeddable":true,"href":"https:\/\/www.iemj.org\/en\/wp-json\/wp\/v2\/media\/86392"}],"wp:attachment":[{"href":"https:\/\/www.iemj.org\/en\/wp-json\/wp\/v2\/media?parent=86462"}],"wp:term":[{"taxonomy":"product_brand","embeddable":true,"href":"https:\/\/www.iemj.org\/en\/wp-json\/wp\/v2\/product_brand?post=86462"},{"taxonomy":"product_cat","embeddable":true,"href":"https:\/\/www.iemj.org\/en\/wp-json\/wp\/v2\/product_cat?post=86462"},{"taxonomy":"product_tag","embeddable":true,"href":"https:\/\/www.iemj.org\/en\/wp-json\/wp\/v2\/product_tag?post=86462"}],"curies":[{"name":"wp","href":"https:\/\/api.w.org\/{rel}","templated":true}]}}