{"id":944,"date":"2016-02-11T10:57:22","date_gmt":"2016-02-11T09:57:22","guid":{"rendered":"https:\/\/www.iemj.org\/produit\/matrouz-simon-elbaz\/"},"modified":"2023-01-17T12:41:14","modified_gmt":"2023-01-17T11:41:14","slug":"matrouz-simon-elbaz","status":"publish","type":"product","link":"https:\/\/www.iemj.org\/en\/product\/matrouz-simon-elbaz\/","title":{"rendered":"Matrouz (Simon Elbaz) CD\/DVD"},"content":{"rendered":"<div class=\"row intro\">\n<div class=\"col-sm-8\">\n<div class=\"chapo\">\n<p>Matrouz &#8211; in Arab, what is embroidered &#8211; is of oral tradition. Recalling this heritage of judeo-arab culture linked to hebraic, muslim and christian Andalusia, Simon Elbaz got first inspired by this art based on the alternating languages, Arab and Hebrew.<\/p>\n<\/div>\n<\/div>\n<\/div>\n<div class=\"texte\">\n<p>He could have kept and seen this heritage as an object of nostalgia; instead, he decided te renew it combining the sacred and profane and dealing with the interweaving of:<br \/>\nlanguages: Hebrew and Arab for example, with French, Latin, judeo-Spanish&#8230;<br \/>\nmusic: north Africa and Andalusia, judeo-spanish, oriental, medieval\u2026<br \/>\ndifferent ways of expression: music, songs, story-telling and theate rwhich, for the first time, \u00ab goes on stage \u00bb in the Matrouz repertoire.<\/p>\n<p>Box containing a CD and a DVD<\/p>\n<p>Extraits :<\/p>\n<p>01 &#8211; Al Andaloussia-Corason, Valse \u00e0 l\u2019Andalousie<\/p>\n<audio class=\"wp-audio-shortcode\" id=\"audio-944-1\" preload=\"none\" style=\"width: 100%;\" controls=\"controls\"><source type=\"audio\/mpeg\" src=\"https:\/\/www.iemj.org\/wp-content\/uploads\/2016\/01\/cd_787_01.mp3?_=1\" \/><a href=\"https:\/\/www.iemj.org\/wp-content\/uploads\/2016\/01\/cd_787_01.mp3\">https:\/\/www.iemj.org\/wp-content\/uploads\/2016\/01\/cd_787_01.mp3<\/a><\/audio>\n<p>02 &#8211; Le Mendiant Aveugle, La m\u00e9lop\u00e9e du clairvoyant<\/p>\n<audio class=\"wp-audio-shortcode\" id=\"audio-944-2\" preload=\"none\" style=\"width: 100%;\" controls=\"controls\"><source type=\"audio\/mpeg\" src=\"https:\/\/www.iemj.org\/wp-content\/uploads\/2016\/01\/cd_787_02.mp3?_=2\" \/><a href=\"https:\/\/www.iemj.org\/wp-content\/uploads\/2016\/01\/cd_787_02.mp3\">https:\/\/www.iemj.org\/wp-content\/uploads\/2016\/01\/cd_787_02.mp3<\/a><\/audio>\n<p>03 &#8211; El Adone-Qoum Tara, Viens voir<\/p>\n<audio class=\"wp-audio-shortcode\" id=\"audio-944-3\" preload=\"none\" style=\"width: 100%;\" controls=\"controls\"><source type=\"audio\/mpeg\" src=\"https:\/\/www.iemj.org\/wp-content\/uploads\/2016\/01\/cd_787_03.mp3?_=3\" \/><a href=\"https:\/\/www.iemj.org\/wp-content\/uploads\/2016\/01\/cd_787_03.mp3\">https:\/\/www.iemj.org\/wp-content\/uploads\/2016\/01\/cd_787_03.mp3<\/a><\/audio>\n<p>04 &#8211; Avinou-Abouna, Chant d\u2019Abraham<\/p>\n<audio class=\"wp-audio-shortcode\" id=\"audio-944-4\" preload=\"none\" style=\"width: 100%;\" controls=\"controls\"><source type=\"audio\/mpeg\" src=\"https:\/\/www.iemj.org\/wp-content\/uploads\/2016\/01\/cd_787_05.mp3?_=4\" \/><a href=\"https:\/\/www.iemj.org\/wp-content\/uploads\/2016\/01\/cd_787_05.mp3\">https:\/\/www.iemj.org\/wp-content\/uploads\/2016\/01\/cd_787_05.mp3<\/a><\/audio>\n<p>05 &#8211; Chams-Chemech, Hymne au soleil<\/p>\n<audio class=\"wp-audio-shortcode\" id=\"audio-944-5\" preload=\"none\" style=\"width: 100%;\" controls=\"controls\"><source type=\"audio\/mpeg\" src=\"https:\/\/www.iemj.org\/wp-content\/uploads\/2016\/01\/cd_787_06.mp3?_=5\" \/><a href=\"https:\/\/www.iemj.org\/wp-content\/uploads\/2016\/01\/cd_787_06.mp3\">https:\/\/www.iemj.org\/wp-content\/uploads\/2016\/01\/cd_787_06.mp3<\/a><\/audio>\n<\/div>\n","protected":false},"excerpt":{"rendered":"<p>Matrouz &#8211; in Arab, what is embroidered &#8211; is of oral tradition. Recalling this heritage of judeo-arab culture linked to hebraic, muslim and christian Andalusia, Simon Elbaz got first inspired by this art based on the alternating languages, Arab and Hebrew.<\/p>\n","protected":false},"featured_media":57571,"comment_status":"open","ping_status":"closed","template":"","meta":{"_acf_changed":false},"product_brand":[],"product_cat":[32,2251,2228],"product_tag":[],"class_list":{"0":"post-944","1":"product","2":"type-product","3":"status-publish","4":"has-post-thumbnail","6":"product_cat-cd-en-2","7":"product_cat-oriental-cd-en","8":"product_cat-other-publishers-en","10":"first","11":"outofstock","12":"shipping-taxable","13":"purchasable","14":"product-type-simple"},"acf":[],"yoast_head":"<!-- This site is optimized with the Yoast SEO plugin v27.3 - https:\/\/yoast.com\/product\/yoast-seo-wordpress\/ -->\n<title>Matrouz (Simon Elbaz) CD\/DVD - Institut Europ\u00e9en des Musiques Juives<\/title>\n<meta name=\"robots\" content=\"index, follow, max-snippet:-1, max-image-preview:large, max-video-preview:-1\" \/>\n<link rel=\"canonical\" href=\"https:\/\/www.iemj.org\/en\/product\/matrouz-simon-elbaz\/\" \/>\n<meta property=\"og:locale\" content=\"en_US\" \/>\n<meta property=\"og:type\" content=\"article\" \/>\n<meta property=\"og:title\" content=\"Matrouz (Simon Elbaz) CD\/DVD - Institut Europ\u00e9en des Musiques Juives\" \/>\n<meta property=\"og:description\" content=\"Matrouz - in Arab, what is embroidered - is of oral tradition. Recalling this heritage of judeo-arab culture linked to hebraic, muslim and christian Andalusia, Simon Elbaz got first inspired by this art based on the alternating languages, Arab and Hebrew.\" \/>\n<meta property=\"og:url\" content=\"https:\/\/www.iemj.org\/en\/product\/matrouz-simon-elbaz\/\" \/>\n<meta property=\"og:site_name\" content=\"Institut Europ\u00e9en des Musiques Juives\" \/>\n<meta property=\"article:publisher\" content=\"https:\/\/www.facebook.com\/MusiquesJuives\/\" \/>\n<meta property=\"article:modified_time\" content=\"2023-01-17T11:41:14+00:00\" \/>\n<meta property=\"og:image\" content=\"https:\/\/www.iemj.org\/wp-content\/uploads\/2016\/02\/COUV-CD-Matrouz-e1643895788160.jpg\" \/>\n\t<meta property=\"og:image:width\" content=\"266\" \/>\n\t<meta property=\"og:image:height\" content=\"350\" \/>\n\t<meta property=\"og:image:type\" content=\"image\/jpeg\" \/>\n<meta name=\"twitter:card\" content=\"summary_large_image\" \/>\n<meta name=\"twitter:label1\" content=\"Est. reading time\" \/>\n\t<meta name=\"twitter:data1\" content=\"1 minute\" \/>\n<script type=\"application\/ld+json\" class=\"yoast-schema-graph\">{\"@context\":\"https:\\\/\\\/schema.org\",\"@graph\":[{\"@type\":\"WebPage\",\"@id\":\"https:\\\/\\\/www.iemj.org\\\/en\\\/product\\\/matrouz-simon-elbaz\\\/\",\"url\":\"https:\\\/\\\/www.iemj.org\\\/en\\\/product\\\/matrouz-simon-elbaz\\\/\",\"name\":\"Matrouz (Simon Elbaz) CD\\\/DVD - Institut Europ\u00e9en des Musiques Juives\",\"isPartOf\":{\"@id\":\"https:\\\/\\\/www.iemj.org\\\/en\\\/#website\"},\"primaryImageOfPage\":{\"@id\":\"https:\\\/\\\/www.iemj.org\\\/en\\\/product\\\/matrouz-simon-elbaz\\\/#primaryimage\"},\"image\":{\"@id\":\"https:\\\/\\\/www.iemj.org\\\/en\\\/product\\\/matrouz-simon-elbaz\\\/#primaryimage\"},\"thumbnailUrl\":\"https:\\\/\\\/www.iemj.org\\\/wp-content\\\/uploads\\\/2016\\\/02\\\/COUV-CD-Matrouz-e1643895788160.jpg\",\"datePublished\":\"2016-02-11T09:57:22+00:00\",\"dateModified\":\"2023-01-17T11:41:14+00:00\",\"breadcrumb\":{\"@id\":\"https:\\\/\\\/www.iemj.org\\\/en\\\/product\\\/matrouz-simon-elbaz\\\/#breadcrumb\"},\"inLanguage\":\"en-US\",\"potentialAction\":[{\"@type\":\"ReadAction\",\"target\":[\"https:\\\/\\\/www.iemj.org\\\/en\\\/product\\\/matrouz-simon-elbaz\\\/\"]}]},{\"@type\":\"ImageObject\",\"inLanguage\":\"en-US\",\"@id\":\"https:\\\/\\\/www.iemj.org\\\/en\\\/product\\\/matrouz-simon-elbaz\\\/#primaryimage\",\"url\":\"https:\\\/\\\/www.iemj.org\\\/wp-content\\\/uploads\\\/2016\\\/02\\\/COUV-CD-Matrouz-e1643895788160.jpg\",\"contentUrl\":\"https:\\\/\\\/www.iemj.org\\\/wp-content\\\/uploads\\\/2016\\\/02\\\/COUV-CD-Matrouz-e1643895788160.jpg\",\"width\":266,\"height\":350,\"caption\":\"COUV CD Matrouz\"},{\"@type\":\"BreadcrumbList\",\"@id\":\"https:\\\/\\\/www.iemj.org\\\/en\\\/product\\\/matrouz-simon-elbaz\\\/#breadcrumb\",\"itemListElement\":[{\"@type\":\"ListItem\",\"position\":1,\"name\":\"Accueil\",\"item\":\"https:\\\/\\\/www.iemj.org\\\/en\\\/\"},{\"@type\":\"ListItem\",\"position\":2,\"name\":\"Shop\",\"item\":\"https:\\\/\\\/www.iemj.org\\\/en\\\/shop\\\/\"},{\"@type\":\"ListItem\",\"position\":3,\"name\":\"Matrouz (Simon Elbaz) CD\\\/DVD\"}]},{\"@type\":\"WebSite\",\"@id\":\"https:\\\/\\\/www.iemj.org\\\/en\\\/#website\",\"url\":\"https:\\\/\\\/www.iemj.org\\\/en\\\/\",\"name\":\"Institut Europ\u00e9en des Musiques Juives\",\"description\":\"Des traditions musicales \u00e0 la port\u00e9e de tous\",\"publisher\":{\"@id\":\"https:\\\/\\\/www.iemj.org\\\/en\\\/#organization\"},\"potentialAction\":[{\"@type\":\"SearchAction\",\"target\":{\"@type\":\"EntryPoint\",\"urlTemplate\":\"https:\\\/\\\/www.iemj.org\\\/en\\\/?s={search_term_string}\"},\"query-input\":{\"@type\":\"PropertyValueSpecification\",\"valueRequired\":true,\"valueName\":\"search_term_string\"}}],\"inLanguage\":\"en-US\"},{\"@type\":\"Organization\",\"@id\":\"https:\\\/\\\/www.iemj.org\\\/en\\\/#organization\",\"name\":\"Institut Europ\u00e9en des Musiques Juives\",\"url\":\"https:\\\/\\\/www.iemj.org\\\/en\\\/\",\"logo\":{\"@type\":\"ImageObject\",\"inLanguage\":\"en-US\",\"@id\":\"https:\\\/\\\/www.iemj.org\\\/en\\\/#\\\/schema\\\/logo\\\/image\\\/\",\"url\":\"https:\\\/\\\/www.iemj.org\\\/wp-content\\\/uploads\\\/2021\\\/09\\\/Logo-IEMJ-Paypal.jpg\",\"contentUrl\":\"https:\\\/\\\/www.iemj.org\\\/wp-content\\\/uploads\\\/2021\\\/09\\\/Logo-IEMJ-Paypal.jpg\",\"width\":150,\"height\":50,\"caption\":\"Institut Europ\u00e9en des Musiques Juives\"},\"image\":{\"@id\":\"https:\\\/\\\/www.iemj.org\\\/en\\\/#\\\/schema\\\/logo\\\/image\\\/\"},\"sameAs\":[\"https:\\\/\\\/www.facebook.com\\\/MusiquesJuives\\\/\",\"https:\\\/\\\/www.instagram.com\\\/musiquesjuives\\\/\",\"https:\\\/\\\/www.youtube.com\\\/user\\\/musiquesjuives\"]}]}<\/script>\n<!-- \/ Yoast SEO plugin. -->","yoast_head_json":{"title":"Matrouz (Simon Elbaz) CD\/DVD - Institut Europ\u00e9en des Musiques Juives","robots":{"index":"index","follow":"follow","max-snippet":"max-snippet:-1","max-image-preview":"max-image-preview:large","max-video-preview":"max-video-preview:-1"},"canonical":"https:\/\/www.iemj.org\/en\/product\/matrouz-simon-elbaz\/","og_locale":"en_US","og_type":"article","og_title":"Matrouz (Simon Elbaz) CD\/DVD - Institut Europ\u00e9en des Musiques Juives","og_description":"Matrouz - in Arab, what is embroidered - is of oral tradition. Recalling this heritage of judeo-arab culture linked to hebraic, muslim and christian Andalusia, Simon Elbaz got first inspired by this art based on the alternating languages, Arab and Hebrew.","og_url":"https:\/\/www.iemj.org\/en\/product\/matrouz-simon-elbaz\/","og_site_name":"Institut Europ\u00e9en des Musiques Juives","article_publisher":"https:\/\/www.facebook.com\/MusiquesJuives\/","article_modified_time":"2023-01-17T11:41:14+00:00","og_image":[{"width":266,"height":350,"url":"https:\/\/www.iemj.org\/wp-content\/uploads\/2016\/02\/COUV-CD-Matrouz-e1643895788160.jpg","type":"image\/jpeg"}],"twitter_card":"summary_large_image","twitter_misc":{"Est. reading time":"1 minute"},"schema":{"@context":"https:\/\/schema.org","@graph":[{"@type":"WebPage","@id":"https:\/\/www.iemj.org\/en\/product\/matrouz-simon-elbaz\/","url":"https:\/\/www.iemj.org\/en\/product\/matrouz-simon-elbaz\/","name":"Matrouz (Simon Elbaz) CD\/DVD - Institut Europ\u00e9en des Musiques Juives","isPartOf":{"@id":"https:\/\/www.iemj.org\/en\/#website"},"primaryImageOfPage":{"@id":"https:\/\/www.iemj.org\/en\/product\/matrouz-simon-elbaz\/#primaryimage"},"image":{"@id":"https:\/\/www.iemj.org\/en\/product\/matrouz-simon-elbaz\/#primaryimage"},"thumbnailUrl":"https:\/\/www.iemj.org\/wp-content\/uploads\/2016\/02\/COUV-CD-Matrouz-e1643895788160.jpg","datePublished":"2016-02-11T09:57:22+00:00","dateModified":"2023-01-17T11:41:14+00:00","breadcrumb":{"@id":"https:\/\/www.iemj.org\/en\/product\/matrouz-simon-elbaz\/#breadcrumb"},"inLanguage":"en-US","potentialAction":[{"@type":"ReadAction","target":["https:\/\/www.iemj.org\/en\/product\/matrouz-simon-elbaz\/"]}]},{"@type":"ImageObject","inLanguage":"en-US","@id":"https:\/\/www.iemj.org\/en\/product\/matrouz-simon-elbaz\/#primaryimage","url":"https:\/\/www.iemj.org\/wp-content\/uploads\/2016\/02\/COUV-CD-Matrouz-e1643895788160.jpg","contentUrl":"https:\/\/www.iemj.org\/wp-content\/uploads\/2016\/02\/COUV-CD-Matrouz-e1643895788160.jpg","width":266,"height":350,"caption":"COUV CD Matrouz"},{"@type":"BreadcrumbList","@id":"https:\/\/www.iemj.org\/en\/product\/matrouz-simon-elbaz\/#breadcrumb","itemListElement":[{"@type":"ListItem","position":1,"name":"Accueil","item":"https:\/\/www.iemj.org\/en\/"},{"@type":"ListItem","position":2,"name":"Shop","item":"https:\/\/www.iemj.org\/en\/shop\/"},{"@type":"ListItem","position":3,"name":"Matrouz (Simon Elbaz) CD\/DVD"}]},{"@type":"WebSite","@id":"https:\/\/www.iemj.org\/en\/#website","url":"https:\/\/www.iemj.org\/en\/","name":"Institut Europ\u00e9en des Musiques Juives","description":"Des traditions musicales \u00e0 la port\u00e9e de tous","publisher":{"@id":"https:\/\/www.iemj.org\/en\/#organization"},"potentialAction":[{"@type":"SearchAction","target":{"@type":"EntryPoint","urlTemplate":"https:\/\/www.iemj.org\/en\/?s={search_term_string}"},"query-input":{"@type":"PropertyValueSpecification","valueRequired":true,"valueName":"search_term_string"}}],"inLanguage":"en-US"},{"@type":"Organization","@id":"https:\/\/www.iemj.org\/en\/#organization","name":"Institut Europ\u00e9en des Musiques Juives","url":"https:\/\/www.iemj.org\/en\/","logo":{"@type":"ImageObject","inLanguage":"en-US","@id":"https:\/\/www.iemj.org\/en\/#\/schema\/logo\/image\/","url":"https:\/\/www.iemj.org\/wp-content\/uploads\/2021\/09\/Logo-IEMJ-Paypal.jpg","contentUrl":"https:\/\/www.iemj.org\/wp-content\/uploads\/2021\/09\/Logo-IEMJ-Paypal.jpg","width":150,"height":50,"caption":"Institut Europ\u00e9en des Musiques Juives"},"image":{"@id":"https:\/\/www.iemj.org\/en\/#\/schema\/logo\/image\/"},"sameAs":["https:\/\/www.facebook.com\/MusiquesJuives\/","https:\/\/www.instagram.com\/musiquesjuives\/","https:\/\/www.youtube.com\/user\/musiquesjuives"]}]}},"_links":{"self":[{"href":"https:\/\/www.iemj.org\/en\/wp-json\/wp\/v2\/product\/944","targetHints":{"allow":["GET"]}}],"collection":[{"href":"https:\/\/www.iemj.org\/en\/wp-json\/wp\/v2\/product"}],"about":[{"href":"https:\/\/www.iemj.org\/en\/wp-json\/wp\/v2\/types\/product"}],"replies":[{"embeddable":true,"href":"https:\/\/www.iemj.org\/en\/wp-json\/wp\/v2\/comments?post=944"}],"wp:featuredmedia":[{"embeddable":true,"href":"https:\/\/www.iemj.org\/en\/wp-json\/wp\/v2\/media\/57571"}],"wp:attachment":[{"href":"https:\/\/www.iemj.org\/en\/wp-json\/wp\/v2\/media?parent=944"}],"wp:term":[{"taxonomy":"product_brand","embeddable":true,"href":"https:\/\/www.iemj.org\/en\/wp-json\/wp\/v2\/product_brand?post=944"},{"taxonomy":"product_cat","embeddable":true,"href":"https:\/\/www.iemj.org\/en\/wp-json\/wp\/v2\/product_cat?post=944"},{"taxonomy":"product_tag","embeddable":true,"href":"https:\/\/www.iemj.org\/en\/wp-json\/wp\/v2\/product_tag?post=944"}],"curies":[{"name":"wp","href":"https:\/\/api.w.org\/{rel}","templated":true}]}}