{"id":40809,"date":"2021-05-17T12:42:53","date_gmt":"2021-05-17T10:42:53","guid":{"rendered":"https:\/\/www.iemj.org\/?page_id=40809"},"modified":"2021-07-13T16:31:37","modified_gmt":"2021-07-13T14:31:37","slug":"cgv","status":"publish","type":"page","link":"https:\/\/www.iemj.org\/es\/cgv\/","title":{"rendered":"CGV"},"content":{"rendered":"\t\t<div data-elementor-type=\"wp-page\" data-elementor-id=\"40809\" class=\"elementor elementor-40809 elementor-25106\" data-elementor-post-type=\"page\">\n\t\t\t\t\t\t<section class=\"elementor-section elementor-top-section elementor-element elementor-element-30ebed5e elementor-section-boxed elementor-section-height-default elementor-section-height-default\" data-id=\"30ebed5e\" data-element_type=\"section\" data-e-type=\"section\">\n\t\t\t\t\t\t<div class=\"elementor-container elementor-column-gap-default\">\n\t\t\t\t\t<div class=\"elementor-column elementor-col-100 elementor-top-column elementor-element elementor-element-f3d63a1\" data-id=\"f3d63a1\" data-element_type=\"column\" data-e-type=\"column\">\n\t\t\t<div class=\"elementor-widget-wrap elementor-element-populated\">\n\t\t\t\t\t\t<div class=\"elementor-element elementor-element-61675a0e elementor-widget elementor-widget-text-editor\" data-id=\"61675a0e\" data-element_type=\"widget\" data-e-type=\"widget\" data-widget_type=\"text-editor.default\">\n\t\t\t\t<div class=\"elementor-widget-container\">\n\t\t\t\t\t\t\t\t\t<div class=\"rte\">\n<h2>Condiciones generales de venta (texto en franc\u00e9s)<\/h2>\n<h2>Conditions g\u00e9n\u00e9rales de ventes<\/h2>\n<p>Nos prix sont donn\u00e9s en Euros et sont \u00e9tablis en tenant compte des conditions \u00e9conomiques en vigueur au moment de l&#8217;\u00e9tablissement de notre tarif.<br \/>\nToute variation de ces conditions peut entrainer une r\u00e9vision de celui-ci.<\/p>\n<p>L\u2019Institut Europ\u00e9en des Musiques Juives \u00e9tant une Association Loi de 1901 n\u2019est pas, pour le moment soumis \u00e0 TVA. Le jour o\u00f9 tel sera le cas, nos tarifs seront r\u00e9ajust\u00e9s en cons\u00e9quence<\/p>\n<h2>Livraison<\/h2>\n<p>Toutes nos marchandises voyagent aux risques et p\u00e9rils de l\u2019acheteur quel que soit le mode de transport ou les modalit\u00e9s de r\u00e8glement du prix du transport, franco ou port d\u00fb, et nonobstant les dispositions relatives \u00e0 la r\u00e9serve de propri\u00e9t\u00e9. Il est recommand\u00e9 de ne pas accepter un colis, sans r\u00e9serves aupr\u00e8s du transporteur, avant d\u2019en avoir v\u00e9rifi\u00e9 le contenu.<\/p>\n<p>Les produits seront envoy\u00e9s \u00e0 l&#8217;adresse de livraison que l&#8217;acheteur a indiqu\u00e9e lors du processus de commande. Les d\u00e9lais de livraison moyens sont de 4 jours en cas de disponibilit\u00e9 de la marchandise. L\u2019Institut Europ\u00e9en des Musiques Juives ne pourra \u00eatre tenu comme responsable d&#8217;un \u00e9ventuel retard d\u00fb \u00e0 une perte de colis du transporteur, ainsi que d&#8217;une indisponibilit\u00e9 du produit chez le fournisseur d&#8217;origine.<\/p>\n<p>La participation aux frais de pr\u00e9paration et d&#8217;exp\u00e9dition s&#8217;entend TTC.<\/p>\n<p>Les produits seront accompagn\u00e9s d&#8217;une facture. Les produits voyagent aux risques et p\u00e9rils du destinataire.\u00a0 Celui-ci se doit de v\u00e9rifier son colis \u00e0 l&#8217;arriv\u00e9e. Le client dispose d&#8217;un d\u00e9lai de 48 heures pour \u00e9mettre d&#8217;\u00e9ventuelles r\u00e9serves aupr\u00e8s du transporteur en cas de manquant ou de d\u00e9gradation. Ces r\u00e9serves devront \u00eatre transmises \u00e0 L\u2019Institut Europ\u00e9en des Musiques Juives dans un d\u00e9lai maximal de deux jours ouvrables. Toute r\u00e9serve \u00e9mise hors de ce d\u00e9lai ne sera pas accept\u00e9e et n&#8217;engagera aucune responsabilit\u00e9 de la part L\u2019Institut Europ\u00e9en des Musiques Juives vis \u00e0 vis de l&#8217;utilisateur.<\/p>\n<p>L\u2019Institut Europ\u00e9en des Musiques Juives livre les colis partout en France m\u00e9tropolitaine et \u00e0 l&#8217;\u00e9tranger.<\/p>\n<p>Le colis sera livr\u00e9 par voie postale \u00e0 l&#8217;adresse du destinataire.<\/p>\n<h2>Annulations, remboursements et retours<\/h2>\n<h2>marchandises<\/h2>\n<p>Conform\u00e9ment aux dispositions du Code de la consommation \u00e0 distance, vous disposez \u00e0 compter de la livraison du mat\u00e9riel d&#8217;un d\u00e9lai de 7 jours ouvrables pour retourner le produit command\u00e9 pour \u00e9change ou remboursement. Pour ce faire, le produit retourn\u00e9 \u00e0 vos frais et avec assurance, devra imp\u00e9rativement \u00eatre dans son emballage d&#8217;origine, intact, accompagn\u00e9 le cas \u00e9ch\u00e9ant de tous les accessoires, notice d&#8217;emploi et documentation.<\/p>\n<p>Un courrier d&#8217;accompagnement explicatif en AR (avec copie li\u00e9e en interne \u00e0 l&#8217;emballage du produit) devra \u00eatre adress\u00e9 dans le m\u00eame temps \u00e0 :<br \/>\nL\u2019Institut Europ\u00e9en des Musiques Juives, 29 rue Marcel Duchamp, 75013 PARIS, France<\/p>\n<p>Dans le cas d&#8217;un remboursement, celui-ci sera effectu\u00e9 dans le mois suivant la r\u00e9ception du produit par l\u2019Institut Europ\u00e9en des Musiques Juives. Les produits retourn\u00e9s incomplets, mal conditionn\u00e9s, ouverts, endommag\u00e9s ou salis ne seront pas repris.<\/p>\n<h2>Confidentialit\u00e9<\/h2>\n<p>L\u2019Institut Europ\u00e9en des Musiques Juives s&#8217;engage aupr\u00e8s de vous, visiteurs et clients de notre site, afin de vous garantir la confidentialit\u00e9 des informations personnelles que vous nous fournissez. Cela veut dire :<\/p>\n<p>&#8211; Caract\u00e8re volatile des donn\u00e9es recueillies sur le site de l\u2019Institut Europ\u00e9en des Musiques Juives<\/p>\n<p>&#8211; Protection des donn\u00e9es personnelles<\/p>\n<p>&#8211; S\u00e9curit\u00e9 des transactions<\/p>\n<p>&#8211; Respect de la loi Informatique et Libert\u00e9s<\/p>\n<h2>Protection des donn\u00e9es personnelles<\/h2>\n<p>En tant que site marchand, le commer\u00e7ant recueille un certain nombre d&#8217;informations n\u00e9cessaires au traitement des commandes.<br \/>\nLe commer\u00e7ant traite toutes ces informations avec la plus grande confidentialit\u00e9.<br \/>\nLe traitement automatis\u00e9 d&#8217;informations nominatives sur le site du commer\u00e7ant a \u00e9t\u00e9 d\u00e9clar\u00e9 aupr\u00e8s de la Commission Nationale de l&#8217;Informatique et des Libert\u00e9s.<\/p>\n<h2>S\u00e9curit\u00e9 des transactions<\/h2>\n<p>Le paiement par carte de cr\u00e9dit est assur\u00e9 soit par Paypal soit par Atos, reconnus pour leur fiabilit\u00e9 en mati\u00e8re de transactions sur Internet. La transaction qui se fait entre vous et Paypal ou Atos est crypt\u00e9e (SSL). Les informations bancaires que vous donnez, crypt\u00e9es sur votre propre ordinateur, ne circuleront jamais en clair sur Internet.<br \/>\nAucun num\u00e9ro de carte bancaire n&#8217;est stock\u00e9 \u00e0 l\u2019Institut Europ\u00e9en des Musiques Juives<\/p>\n<h2>Respect des r\u00e9glementations fran\u00e7aise et europ\u00e9enne<\/h2>\n<p>Conform\u00e9ment \u00e0 la loi Informatique et Libert\u00e9s en date du 6 janvier 1978, vous disposez d&#8217;un droit d&#8217;acc\u00e8s, de rectification, de modification et de suppression concernant les donn\u00e9es qui vous concernent. Vous pouvez exercer ce droit en nous envoyant un courrier \u00e0 l&#8217;adresse suivante :<br \/>\nInstitut Europ\u00e9en des Musiques Juives, 29 rue Marcel Duchamp, 75013 Paris, France<\/p>\n<p>T\u00e9l\u00e9phone\u00a0: +33 (0)1 45 82 20 52<\/p>\n<p>SIRET\u00a0: 527\u00a0777\u00a0882 00012 APE: 9499Z<\/p>\n<\/div>\n\t\t\t\t\t\t\t\t<\/div>\n\t\t\t\t<\/div>\n\t\t\t\t\t<\/div>\n\t\t<\/div>\n\t\t\t\t\t<\/div>\n\t\t<\/section>\n\t\t\t\t<\/div>\n\t\t","protected":false},"excerpt":{"rendered":"<p>Condiciones generales de venta (texto en franc\u00e9s) Conditions g\u00e9n\u00e9rales de ventes Nos prix sont donn\u00e9s en Euros et sont \u00e9tablis en tenant compte des conditions \u00e9conomiques en vigueur au moment<\/p>\n","protected":false},"author":1230,"featured_media":0,"parent":0,"menu_order":0,"comment_status":"closed","ping_status":"closed","template":"","meta":{"_acf_changed":false,"footnotes":""},"categories":[],"tags":[],"class_list":["post-40809","page","type-page","status-publish","hentry"],"acf":[],"yoast_head":"<!-- This site is optimized with the Yoast SEO plugin v27.3 - https:\/\/yoast.com\/product\/yoast-seo-wordpress\/ -->\n<title>CGV - Institut Europ\u00e9en des Musiques Juives<\/title>\n<meta name=\"robots\" content=\"index, follow, max-snippet:-1, max-image-preview:large, max-video-preview:-1\" \/>\n<link rel=\"canonical\" href=\"https:\/\/www.iemj.org\/es\/cgv\/\" \/>\n<meta property=\"og:locale\" content=\"es_ES\" \/>\n<meta property=\"og:type\" content=\"article\" \/>\n<meta property=\"og:title\" content=\"CGV - Institut Europ\u00e9en des Musiques Juives\" \/>\n<meta property=\"og:description\" content=\"Condiciones generales de venta (texto en franc\u00e9s) Conditions g\u00e9n\u00e9rales de ventes Nos prix sont donn\u00e9s en Euros et sont \u00e9tablis en tenant compte des conditions \u00e9conomiques en vigueur au moment\" \/>\n<meta property=\"og:url\" content=\"https:\/\/www.iemj.org\/es\/cgv\/\" \/>\n<meta property=\"og:site_name\" content=\"Institut Europ\u00e9en des Musiques Juives\" \/>\n<meta property=\"article:publisher\" content=\"https:\/\/www.facebook.com\/MusiquesJuives\/\" \/>\n<meta property=\"article:modified_time\" content=\"2021-07-13T14:31:37+00:00\" \/>\n<meta name=\"twitter:card\" content=\"summary_large_image\" \/>\n<meta name=\"twitter:label1\" content=\"Tiempo de lectura\" \/>\n\t<meta name=\"twitter:data1\" content=\"4 minutos\" \/>\n<script type=\"application\/ld+json\" class=\"yoast-schema-graph\">{\"@context\":\"https:\\\/\\\/schema.org\",\"@graph\":[{\"@type\":\"WebPage\",\"@id\":\"https:\\\/\\\/www.iemj.org\\\/es\\\/cgv\\\/\",\"url\":\"https:\\\/\\\/www.iemj.org\\\/es\\\/cgv\\\/\",\"name\":\"CGV - Institut Europ\u00e9en des Musiques Juives\",\"isPartOf\":{\"@id\":\"https:\\\/\\\/www.iemj.org\\\/es\\\/#website\"},\"datePublished\":\"2021-05-17T10:42:53+00:00\",\"dateModified\":\"2021-07-13T14:31:37+00:00\",\"breadcrumb\":{\"@id\":\"https:\\\/\\\/www.iemj.org\\\/es\\\/cgv\\\/#breadcrumb\"},\"inLanguage\":\"es\",\"potentialAction\":[{\"@type\":\"ReadAction\",\"target\":[\"https:\\\/\\\/www.iemj.org\\\/es\\\/cgv\\\/\"]}]},{\"@type\":\"BreadcrumbList\",\"@id\":\"https:\\\/\\\/www.iemj.org\\\/es\\\/cgv\\\/#breadcrumb\",\"itemListElement\":[{\"@type\":\"ListItem\",\"position\":1,\"name\":\"Accueil\",\"item\":\"https:\\\/\\\/www.iemj.org\\\/es\\\/\"},{\"@type\":\"ListItem\",\"position\":2,\"name\":\"CGV\"}]},{\"@type\":\"WebSite\",\"@id\":\"https:\\\/\\\/www.iemj.org\\\/es\\\/#website\",\"url\":\"https:\\\/\\\/www.iemj.org\\\/es\\\/\",\"name\":\"Institut Europ\u00e9en des Musiques Juives\",\"description\":\"Des traditions musicales \u00e0 la port\u00e9e de tous\",\"publisher\":{\"@id\":\"https:\\\/\\\/www.iemj.org\\\/es\\\/#organization\"},\"potentialAction\":[{\"@type\":\"SearchAction\",\"target\":{\"@type\":\"EntryPoint\",\"urlTemplate\":\"https:\\\/\\\/www.iemj.org\\\/es\\\/?s={search_term_string}\"},\"query-input\":{\"@type\":\"PropertyValueSpecification\",\"valueRequired\":true,\"valueName\":\"search_term_string\"}}],\"inLanguage\":\"es\"},{\"@type\":\"Organization\",\"@id\":\"https:\\\/\\\/www.iemj.org\\\/es\\\/#organization\",\"name\":\"Institut Europ\u00e9en des Musiques Juives\",\"url\":\"https:\\\/\\\/www.iemj.org\\\/es\\\/\",\"logo\":{\"@type\":\"ImageObject\",\"inLanguage\":\"es\",\"@id\":\"https:\\\/\\\/www.iemj.org\\\/es\\\/#\\\/schema\\\/logo\\\/image\\\/\",\"url\":\"https:\\\/\\\/www.iemj.org\\\/wp-content\\\/uploads\\\/2021\\\/09\\\/Logo-IEMJ-Paypal.jpg\",\"contentUrl\":\"https:\\\/\\\/www.iemj.org\\\/wp-content\\\/uploads\\\/2021\\\/09\\\/Logo-IEMJ-Paypal.jpg\",\"width\":150,\"height\":50,\"caption\":\"Institut Europ\u00e9en des Musiques Juives\"},\"image\":{\"@id\":\"https:\\\/\\\/www.iemj.org\\\/es\\\/#\\\/schema\\\/logo\\\/image\\\/\"},\"sameAs\":[\"https:\\\/\\\/www.facebook.com\\\/MusiquesJuives\\\/\",\"https:\\\/\\\/www.instagram.com\\\/musiquesjuives\\\/\",\"https:\\\/\\\/www.youtube.com\\\/user\\\/musiquesjuives\"]}]}<\/script>\n<!-- \/ Yoast SEO plugin. -->","yoast_head_json":{"title":"CGV - Institut Europ\u00e9en des Musiques Juives","robots":{"index":"index","follow":"follow","max-snippet":"max-snippet:-1","max-image-preview":"max-image-preview:large","max-video-preview":"max-video-preview:-1"},"canonical":"https:\/\/www.iemj.org\/es\/cgv\/","og_locale":"es_ES","og_type":"article","og_title":"CGV - Institut Europ\u00e9en des Musiques Juives","og_description":"Condiciones generales de venta (texto en franc\u00e9s) Conditions g\u00e9n\u00e9rales de ventes Nos prix sont donn\u00e9s en Euros et sont \u00e9tablis en tenant compte des conditions \u00e9conomiques en vigueur au moment","og_url":"https:\/\/www.iemj.org\/es\/cgv\/","og_site_name":"Institut Europ\u00e9en des Musiques Juives","article_publisher":"https:\/\/www.facebook.com\/MusiquesJuives\/","article_modified_time":"2021-07-13T14:31:37+00:00","twitter_card":"summary_large_image","twitter_misc":{"Tiempo de lectura":"4 minutos"},"schema":{"@context":"https:\/\/schema.org","@graph":[{"@type":"WebPage","@id":"https:\/\/www.iemj.org\/es\/cgv\/","url":"https:\/\/www.iemj.org\/es\/cgv\/","name":"CGV - Institut Europ\u00e9en des Musiques Juives","isPartOf":{"@id":"https:\/\/www.iemj.org\/es\/#website"},"datePublished":"2021-05-17T10:42:53+00:00","dateModified":"2021-07-13T14:31:37+00:00","breadcrumb":{"@id":"https:\/\/www.iemj.org\/es\/cgv\/#breadcrumb"},"inLanguage":"es","potentialAction":[{"@type":"ReadAction","target":["https:\/\/www.iemj.org\/es\/cgv\/"]}]},{"@type":"BreadcrumbList","@id":"https:\/\/www.iemj.org\/es\/cgv\/#breadcrumb","itemListElement":[{"@type":"ListItem","position":1,"name":"Accueil","item":"https:\/\/www.iemj.org\/es\/"},{"@type":"ListItem","position":2,"name":"CGV"}]},{"@type":"WebSite","@id":"https:\/\/www.iemj.org\/es\/#website","url":"https:\/\/www.iemj.org\/es\/","name":"Institut Europ\u00e9en des Musiques Juives","description":"Des traditions musicales \u00e0 la port\u00e9e de tous","publisher":{"@id":"https:\/\/www.iemj.org\/es\/#organization"},"potentialAction":[{"@type":"SearchAction","target":{"@type":"EntryPoint","urlTemplate":"https:\/\/www.iemj.org\/es\/?s={search_term_string}"},"query-input":{"@type":"PropertyValueSpecification","valueRequired":true,"valueName":"search_term_string"}}],"inLanguage":"es"},{"@type":"Organization","@id":"https:\/\/www.iemj.org\/es\/#organization","name":"Institut Europ\u00e9en des Musiques Juives","url":"https:\/\/www.iemj.org\/es\/","logo":{"@type":"ImageObject","inLanguage":"es","@id":"https:\/\/www.iemj.org\/es\/#\/schema\/logo\/image\/","url":"https:\/\/www.iemj.org\/wp-content\/uploads\/2021\/09\/Logo-IEMJ-Paypal.jpg","contentUrl":"https:\/\/www.iemj.org\/wp-content\/uploads\/2021\/09\/Logo-IEMJ-Paypal.jpg","width":150,"height":50,"caption":"Institut Europ\u00e9en des Musiques Juives"},"image":{"@id":"https:\/\/www.iemj.org\/es\/#\/schema\/logo\/image\/"},"sameAs":["https:\/\/www.facebook.com\/MusiquesJuives\/","https:\/\/www.instagram.com\/musiquesjuives\/","https:\/\/www.youtube.com\/user\/musiquesjuives"]}]}},"_links":{"self":[{"href":"https:\/\/www.iemj.org\/es\/wp-json\/wp\/v2\/pages\/40809","targetHints":{"allow":["GET"]}}],"collection":[{"href":"https:\/\/www.iemj.org\/es\/wp-json\/wp\/v2\/pages"}],"about":[{"href":"https:\/\/www.iemj.org\/es\/wp-json\/wp\/v2\/types\/page"}],"author":[{"embeddable":true,"href":"https:\/\/www.iemj.org\/es\/wp-json\/wp\/v2\/users\/1230"}],"replies":[{"embeddable":true,"href":"https:\/\/www.iemj.org\/es\/wp-json\/wp\/v2\/comments?post=40809"}],"version-history":[{"count":0,"href":"https:\/\/www.iemj.org\/es\/wp-json\/wp\/v2\/pages\/40809\/revisions"}],"wp:attachment":[{"href":"https:\/\/www.iemj.org\/es\/wp-json\/wp\/v2\/media?parent=40809"}],"wp:term":[{"taxonomy":"category","embeddable":true,"href":"https:\/\/www.iemj.org\/es\/wp-json\/wp\/v2\/categories?post=40809"},{"taxonomy":"post_tag","embeddable":true,"href":"https:\/\/www.iemj.org\/es\/wp-json\/wp\/v2\/tags?post=40809"}],"curies":[{"name":"wp","href":"https:\/\/api.w.org\/{rel}","templated":true}]}}