{"id":49411,"date":"2018-06-05T09:55:34","date_gmt":"2018-06-05T07:55:34","guid":{"rendered":"https:\/\/www.iemj.org\/produit\/movsessian-and-vialatte-twenty-nigunim-for-clarinet-and-piano-printed-score\/"},"modified":"2025-04-23T16:07:30","modified_gmt":"2025-04-23T14:07:30","slug":"movsessian-and-vialatte-twenty-nigunim-for-clarinet-and-piano-printed-score","status":"publish","type":"product","link":"https:\/\/www.iemj.org\/es\/produit\/movsessian-and-vialatte-twenty-nigunim-for-clarinet-and-piano-printed-score\/","title":{"rendered":"Movsessian and Vialatte &#8211; Twenty nigunim for clarinet and piano"},"content":{"rendered":"<p><em>The emergence of the Hasidic movement in Podolia, in the second half of the 18th century, went along with the creation of a new type of singing, half way between religious music and popular music: the Nigun.<\/em><\/p>\n<p><em>The Nigun (literaly \u00ab\u00a0tune\u00a0\u00bb) is based on a simple melody, sometimes accompanied by short onomatopoeias such as \u00ab doy doy doy \u00bb or \u00ab ya-ba-bam \u00bb generally repeated several times. Movements of the body can also go along with the Nigunim (plural of Nigun) leading to a kind of trance. <\/em><\/p>\n<p><em>In the Jewish tradition, the Nigunim are colored with improvisations. When composing and performing these 20 Nigunim of this score, Claudine Movsessian and Martine Vialatte attempted to recall the spirit of this original musical form. They tried to transcribe the most precisely and accurately the structure of these 20 Nigunim. Some improvised passages have not been transcribed (in particular the reprises), allowing the musician to create his own improvisation.<\/em><\/p>\n<p><em><span id=\"result_box\" lang=\"en\" xml:lang=\"en\">This musical score is intended as a method of initiation to klezmer music, its ornaments, its silences and its joyful nostalgia. To accompany the musicians in this process, <strong>the sound files of these 20 nigunim will be sent free to any purchaser of the score<\/strong>.<\/span><\/em><\/p>\n<p>Extraits :<\/p>\n<p>01 &#8211; NIGUN Dansant<\/p>\n<audio class=\"wp-audio-shortcode\" id=\"audio-49411-1\" preload=\"none\" style=\"width: 100%;\" controls=\"controls\"><source type=\"audio\/mpeg\" src=\"https:\/\/www.iemj.org\/wp-content\/uploads\/2018\/06\/Nigun-dansant-extrait.mp3?_=1\" \/><a href=\"https:\/\/www.iemj.org\/wp-content\/uploads\/2018\/06\/Nigun-dansant-extrait.mp3\">https:\/\/www.iemj.org\/wp-content\/uploads\/2018\/06\/Nigun-dansant-extrait.mp3<\/a><\/audio>\n<p>15 &#8211; NIGUN Joyeux<\/p>\n<audio class=\"wp-audio-shortcode\" id=\"audio-49411-2\" preload=\"none\" style=\"width: 100%;\" controls=\"controls\"><source type=\"audio\/mpeg\" src=\"https:\/\/www.iemj.org\/wp-content\/uploads\/2021\/06\/Nigun-joyeux-extrait.mp3?_=2\" \/><a href=\"https:\/\/www.iemj.org\/wp-content\/uploads\/2021\/06\/Nigun-joyeux-extrait.mp3\">https:\/\/www.iemj.org\/wp-content\/uploads\/2021\/06\/Nigun-joyeux-extrait.mp3<\/a><\/audio>\n<p>18 &#8211; NIGUN Libre 2<\/p>\n<audio class=\"wp-audio-shortcode\" id=\"audio-49411-3\" preload=\"none\" style=\"width: 100%;\" controls=\"controls\"><source type=\"audio\/mpeg\" src=\"https:\/\/www.iemj.org\/wp-content\/uploads\/2021\/06\/Nigun-libre-2-extrait.mp3?_=3\" \/><a href=\"https:\/\/www.iemj.org\/wp-content\/uploads\/2021\/06\/Nigun-libre-2-extrait.mp3\">https:\/\/www.iemj.org\/wp-content\/uploads\/2021\/06\/Nigun-libre-2-extrait.mp3<\/a><\/audio>\n<p>20 &#8211; NIGUN La Ronde<\/p>\n<audio class=\"wp-audio-shortcode\" id=\"audio-49411-4\" preload=\"none\" style=\"width: 100%;\" controls=\"controls\"><source type=\"audio\/mpeg\" src=\"https:\/\/www.iemj.org\/wp-content\/uploads\/2021\/06\/Nigun-la-ronde-extrait.mp3?_=4\" \/><a href=\"https:\/\/www.iemj.org\/wp-content\/uploads\/2021\/06\/Nigun-la-ronde-extrait.mp3\">https:\/\/www.iemj.org\/wp-content\/uploads\/2021\/06\/Nigun-la-ronde-extrait.mp3<\/a><\/audio>\n<p>07 &#8211; NIGUN Traditionnel<\/p>\n<audio class=\"wp-audio-shortcode\" id=\"audio-49411-5\" preload=\"none\" style=\"width: 100%;\" controls=\"controls\"><source type=\"audio\/mpeg\" src=\"https:\/\/www.iemj.org\/wp-content\/uploads\/2021\/06\/Nigun-traditionnel-extrait.mp3?_=5\" \/><a href=\"https:\/\/www.iemj.org\/wp-content\/uploads\/2021\/06\/Nigun-traditionnel-extrait.mp3\">https:\/\/www.iemj.org\/wp-content\/uploads\/2021\/06\/Nigun-traditionnel-extrait.mp3<\/a><\/audio>\n<p>09 &#8211; NIGUN Contrapuntique<\/p>\n<audio class=\"wp-audio-shortcode\" id=\"audio-49411-6\" preload=\"none\" style=\"width: 100%;\" controls=\"controls\"><source type=\"audio\/mpeg\" src=\"https:\/\/www.iemj.org\/wp-content\/uploads\/2021\/06\/Nigun-contrapuntique-extrait.mp3?_=6\" \/><a href=\"https:\/\/www.iemj.org\/wp-content\/uploads\/2021\/06\/Nigun-contrapuntique-extrait.mp3\">https:\/\/www.iemj.org\/wp-content\/uploads\/2021\/06\/Nigun-contrapuntique-extrait.mp3<\/a><\/audio>\n","protected":false},"excerpt":{"rendered":"<p>Movsessian and Vialatte &#8211; Twenty nigunim for clarinet and piano<\/p>\n<p><em><span id=\"result_box\" lang=\"en\" xml:lang=\"en\">A method of initiation to klezmer music<\/span><\/em><\/p>\n<p><span style=\"background-color: #fbe329; color: #0f00ff;\"><strong>EXISTS AS A PRINTED OR DOWNLOADABLE SCORE<\/strong><\/span><\/p>\n","protected":false},"featured_media":64659,"comment_status":"open","ping_status":"closed","template":"","meta":{"_acf_changed":false},"product_brand":[],"product_cat":[2375,2338,2362,1666,1999,2406,2403],"product_tag":[],"class_list":{"0":"post-49411","1":"product","2":"type-product","3":"status-publish","4":"has-post-thumbnail","6":"product_cat-clarinete-es","7":"product_cat-duo-es","8":"product_cat-klezmer-yiddish-es","9":"product_cat-movsessian-vialatte-es","10":"product_cat-partituras-es","11":"product_cat-partituras-a-descargar","12":"product_cat-partituras-impresas","13":"pa_partition-descargable","14":"pa_partition-impreso","16":"first","17":"instock","18":"shipping-taxable","19":"purchasable","20":"product-type-variable"},"acf":[],"yoast_head":"<!-- This site is optimized with the Yoast SEO plugin v27.3 - https:\/\/yoast.com\/product\/yoast-seo-wordpress\/ -->\n<title>Movsessian and Vialatte - Twenty nigunim for clarinet and piano - Institut Europ\u00e9en des Musiques Juives<\/title>\n<meta name=\"robots\" content=\"index, follow, max-snippet:-1, max-image-preview:large, max-video-preview:-1\" \/>\n<link rel=\"canonical\" href=\"https:\/\/www.iemj.org\/es\/produit\/movsessian-and-vialatte-twenty-nigunim-for-clarinet-and-piano-printed-score\/\" \/>\n<meta property=\"og:locale\" content=\"es_ES\" \/>\n<meta property=\"og:type\" content=\"article\" \/>\n<meta property=\"og:title\" content=\"Movsessian and Vialatte - Twenty nigunim for clarinet and piano - Institut Europ\u00e9en des Musiques Juives\" \/>\n<meta property=\"og:description\" content=\"Movsessian and Vialatte - Twenty nigunim for clarinet and piano  A method of initiation to klezmer music  EXISTS AS A PRINTED OR DOWNLOADABLE SCORE\" \/>\n<meta property=\"og:url\" content=\"https:\/\/www.iemj.org\/es\/produit\/movsessian-and-vialatte-twenty-nigunim-for-clarinet-and-piano-printed-score\/\" \/>\n<meta property=\"og:site_name\" content=\"Institut Europ\u00e9en des Musiques Juives\" \/>\n<meta property=\"article:publisher\" content=\"https:\/\/www.facebook.com\/MusiquesJuives\/\" \/>\n<meta property=\"article:modified_time\" content=\"2025-04-23T14:07:30+00:00\" \/>\n<meta property=\"og:image\" content=\"https:\/\/www.iemj.org\/wp-content\/uploads\/2018\/04\/Couverture-partition-Movsessian.jpg\" \/>\n\t<meta property=\"og:image:width\" content=\"547\" \/>\n\t<meta property=\"og:image:height\" content=\"489\" \/>\n\t<meta property=\"og:image:type\" content=\"image\/jpeg\" \/>\n<meta name=\"twitter:card\" content=\"summary_large_image\" \/>\n<meta name=\"twitter:label1\" content=\"Tiempo de lectura\" \/>\n\t<meta name=\"twitter:data1\" content=\"1 minuto\" \/>\n<script type=\"application\/ld+json\" class=\"yoast-schema-graph\">{\"@context\":\"https:\\\/\\\/schema.org\",\"@graph\":[{\"@type\":\"WebPage\",\"@id\":\"https:\\\/\\\/www.iemj.org\\\/es\\\/produit\\\/movsessian-and-vialatte-twenty-nigunim-for-clarinet-and-piano-printed-score\\\/\",\"url\":\"https:\\\/\\\/www.iemj.org\\\/es\\\/produit\\\/movsessian-and-vialatte-twenty-nigunim-for-clarinet-and-piano-printed-score\\\/\",\"name\":\"Movsessian and Vialatte - Twenty nigunim for clarinet and piano - Institut Europ\u00e9en des Musiques Juives\",\"isPartOf\":{\"@id\":\"https:\\\/\\\/www.iemj.org\\\/es\\\/#website\"},\"primaryImageOfPage\":{\"@id\":\"https:\\\/\\\/www.iemj.org\\\/es\\\/produit\\\/movsessian-and-vialatte-twenty-nigunim-for-clarinet-and-piano-printed-score\\\/#primaryimage\"},\"image\":{\"@id\":\"https:\\\/\\\/www.iemj.org\\\/es\\\/produit\\\/movsessian-and-vialatte-twenty-nigunim-for-clarinet-and-piano-printed-score\\\/#primaryimage\"},\"thumbnailUrl\":\"https:\\\/\\\/www.iemj.org\\\/wp-content\\\/uploads\\\/2018\\\/04\\\/Couverture-partition-Movsessian.jpg\",\"datePublished\":\"2018-06-05T07:55:34+00:00\",\"dateModified\":\"2025-04-23T14:07:30+00:00\",\"breadcrumb\":{\"@id\":\"https:\\\/\\\/www.iemj.org\\\/es\\\/produit\\\/movsessian-and-vialatte-twenty-nigunim-for-clarinet-and-piano-printed-score\\\/#breadcrumb\"},\"inLanguage\":\"es\",\"potentialAction\":[{\"@type\":\"ReadAction\",\"target\":[\"https:\\\/\\\/www.iemj.org\\\/es\\\/produit\\\/movsessian-and-vialatte-twenty-nigunim-for-clarinet-and-piano-printed-score\\\/\"]}]},{\"@type\":\"ImageObject\",\"inLanguage\":\"es\",\"@id\":\"https:\\\/\\\/www.iemj.org\\\/es\\\/produit\\\/movsessian-and-vialatte-twenty-nigunim-for-clarinet-and-piano-printed-score\\\/#primaryimage\",\"url\":\"https:\\\/\\\/www.iemj.org\\\/wp-content\\\/uploads\\\/2018\\\/04\\\/Couverture-partition-Movsessian.jpg\",\"contentUrl\":\"https:\\\/\\\/www.iemj.org\\\/wp-content\\\/uploads\\\/2018\\\/04\\\/Couverture-partition-Movsessian.jpg\",\"width\":547,\"height\":489},{\"@type\":\"BreadcrumbList\",\"@id\":\"https:\\\/\\\/www.iemj.org\\\/es\\\/produit\\\/movsessian-and-vialatte-twenty-nigunim-for-clarinet-and-piano-printed-score\\\/#breadcrumb\",\"itemListElement\":[{\"@type\":\"ListItem\",\"position\":1,\"name\":\"Accueil\",\"item\":\"https:\\\/\\\/www.iemj.org\\\/es\\\/\"},{\"@type\":\"ListItem\",\"position\":2,\"name\":\"Tienda\",\"item\":\"https:\\\/\\\/www.iemj.org\\\/es\\\/tienda\\\/\"},{\"@type\":\"ListItem\",\"position\":3,\"name\":\"Movsessian and Vialatte &#8211; Twenty nigunim for clarinet and piano\"}]},{\"@type\":\"WebSite\",\"@id\":\"https:\\\/\\\/www.iemj.org\\\/es\\\/#website\",\"url\":\"https:\\\/\\\/www.iemj.org\\\/es\\\/\",\"name\":\"Institut Europ\u00e9en des Musiques Juives\",\"description\":\"Des traditions musicales \u00e0 la port\u00e9e de tous\",\"publisher\":{\"@id\":\"https:\\\/\\\/www.iemj.org\\\/es\\\/#organization\"},\"potentialAction\":[{\"@type\":\"SearchAction\",\"target\":{\"@type\":\"EntryPoint\",\"urlTemplate\":\"https:\\\/\\\/www.iemj.org\\\/es\\\/?s={search_term_string}\"},\"query-input\":{\"@type\":\"PropertyValueSpecification\",\"valueRequired\":true,\"valueName\":\"search_term_string\"}}],\"inLanguage\":\"es\"},{\"@type\":\"Organization\",\"@id\":\"https:\\\/\\\/www.iemj.org\\\/es\\\/#organization\",\"name\":\"Institut Europ\u00e9en des Musiques Juives\",\"url\":\"https:\\\/\\\/www.iemj.org\\\/es\\\/\",\"logo\":{\"@type\":\"ImageObject\",\"inLanguage\":\"es\",\"@id\":\"https:\\\/\\\/www.iemj.org\\\/es\\\/#\\\/schema\\\/logo\\\/image\\\/\",\"url\":\"https:\\\/\\\/www.iemj.org\\\/wp-content\\\/uploads\\\/2021\\\/09\\\/Logo-IEMJ-Paypal.jpg\",\"contentUrl\":\"https:\\\/\\\/www.iemj.org\\\/wp-content\\\/uploads\\\/2021\\\/09\\\/Logo-IEMJ-Paypal.jpg\",\"width\":150,\"height\":50,\"caption\":\"Institut Europ\u00e9en des Musiques Juives\"},\"image\":{\"@id\":\"https:\\\/\\\/www.iemj.org\\\/es\\\/#\\\/schema\\\/logo\\\/image\\\/\"},\"sameAs\":[\"https:\\\/\\\/www.facebook.com\\\/MusiquesJuives\\\/\",\"https:\\\/\\\/www.instagram.com\\\/musiquesjuives\\\/\",\"https:\\\/\\\/www.youtube.com\\\/user\\\/musiquesjuives\"]}]}<\/script>\n<!-- \/ Yoast SEO plugin. -->","yoast_head_json":{"title":"Movsessian and Vialatte - Twenty nigunim for clarinet and piano - Institut Europ\u00e9en des Musiques Juives","robots":{"index":"index","follow":"follow","max-snippet":"max-snippet:-1","max-image-preview":"max-image-preview:large","max-video-preview":"max-video-preview:-1"},"canonical":"https:\/\/www.iemj.org\/es\/produit\/movsessian-and-vialatte-twenty-nigunim-for-clarinet-and-piano-printed-score\/","og_locale":"es_ES","og_type":"article","og_title":"Movsessian and Vialatte - Twenty nigunim for clarinet and piano - Institut Europ\u00e9en des Musiques Juives","og_description":"Movsessian and Vialatte - Twenty nigunim for clarinet and piano  A method of initiation to klezmer music  EXISTS AS A PRINTED OR DOWNLOADABLE SCORE","og_url":"https:\/\/www.iemj.org\/es\/produit\/movsessian-and-vialatte-twenty-nigunim-for-clarinet-and-piano-printed-score\/","og_site_name":"Institut Europ\u00e9en des Musiques Juives","article_publisher":"https:\/\/www.facebook.com\/MusiquesJuives\/","article_modified_time":"2025-04-23T14:07:30+00:00","og_image":[{"width":547,"height":489,"url":"https:\/\/www.iemj.org\/wp-content\/uploads\/2018\/04\/Couverture-partition-Movsessian.jpg","type":"image\/jpeg"}],"twitter_card":"summary_large_image","twitter_misc":{"Tiempo de lectura":"1 minuto"},"schema":{"@context":"https:\/\/schema.org","@graph":[{"@type":"WebPage","@id":"https:\/\/www.iemj.org\/es\/produit\/movsessian-and-vialatte-twenty-nigunim-for-clarinet-and-piano-printed-score\/","url":"https:\/\/www.iemj.org\/es\/produit\/movsessian-and-vialatte-twenty-nigunim-for-clarinet-and-piano-printed-score\/","name":"Movsessian and Vialatte - Twenty nigunim for clarinet and piano - Institut Europ\u00e9en des Musiques Juives","isPartOf":{"@id":"https:\/\/www.iemj.org\/es\/#website"},"primaryImageOfPage":{"@id":"https:\/\/www.iemj.org\/es\/produit\/movsessian-and-vialatte-twenty-nigunim-for-clarinet-and-piano-printed-score\/#primaryimage"},"image":{"@id":"https:\/\/www.iemj.org\/es\/produit\/movsessian-and-vialatte-twenty-nigunim-for-clarinet-and-piano-printed-score\/#primaryimage"},"thumbnailUrl":"https:\/\/www.iemj.org\/wp-content\/uploads\/2018\/04\/Couverture-partition-Movsessian.jpg","datePublished":"2018-06-05T07:55:34+00:00","dateModified":"2025-04-23T14:07:30+00:00","breadcrumb":{"@id":"https:\/\/www.iemj.org\/es\/produit\/movsessian-and-vialatte-twenty-nigunim-for-clarinet-and-piano-printed-score\/#breadcrumb"},"inLanguage":"es","potentialAction":[{"@type":"ReadAction","target":["https:\/\/www.iemj.org\/es\/produit\/movsessian-and-vialatte-twenty-nigunim-for-clarinet-and-piano-printed-score\/"]}]},{"@type":"ImageObject","inLanguage":"es","@id":"https:\/\/www.iemj.org\/es\/produit\/movsessian-and-vialatte-twenty-nigunim-for-clarinet-and-piano-printed-score\/#primaryimage","url":"https:\/\/www.iemj.org\/wp-content\/uploads\/2018\/04\/Couverture-partition-Movsessian.jpg","contentUrl":"https:\/\/www.iemj.org\/wp-content\/uploads\/2018\/04\/Couverture-partition-Movsessian.jpg","width":547,"height":489},{"@type":"BreadcrumbList","@id":"https:\/\/www.iemj.org\/es\/produit\/movsessian-and-vialatte-twenty-nigunim-for-clarinet-and-piano-printed-score\/#breadcrumb","itemListElement":[{"@type":"ListItem","position":1,"name":"Accueil","item":"https:\/\/www.iemj.org\/es\/"},{"@type":"ListItem","position":2,"name":"Tienda","item":"https:\/\/www.iemj.org\/es\/tienda\/"},{"@type":"ListItem","position":3,"name":"Movsessian and Vialatte &#8211; Twenty nigunim for clarinet and piano"}]},{"@type":"WebSite","@id":"https:\/\/www.iemj.org\/es\/#website","url":"https:\/\/www.iemj.org\/es\/","name":"Institut Europ\u00e9en des Musiques Juives","description":"Des traditions musicales \u00e0 la port\u00e9e de tous","publisher":{"@id":"https:\/\/www.iemj.org\/es\/#organization"},"potentialAction":[{"@type":"SearchAction","target":{"@type":"EntryPoint","urlTemplate":"https:\/\/www.iemj.org\/es\/?s={search_term_string}"},"query-input":{"@type":"PropertyValueSpecification","valueRequired":true,"valueName":"search_term_string"}}],"inLanguage":"es"},{"@type":"Organization","@id":"https:\/\/www.iemj.org\/es\/#organization","name":"Institut Europ\u00e9en des Musiques Juives","url":"https:\/\/www.iemj.org\/es\/","logo":{"@type":"ImageObject","inLanguage":"es","@id":"https:\/\/www.iemj.org\/es\/#\/schema\/logo\/image\/","url":"https:\/\/www.iemj.org\/wp-content\/uploads\/2021\/09\/Logo-IEMJ-Paypal.jpg","contentUrl":"https:\/\/www.iemj.org\/wp-content\/uploads\/2021\/09\/Logo-IEMJ-Paypal.jpg","width":150,"height":50,"caption":"Institut Europ\u00e9en des Musiques Juives"},"image":{"@id":"https:\/\/www.iemj.org\/es\/#\/schema\/logo\/image\/"},"sameAs":["https:\/\/www.facebook.com\/MusiquesJuives\/","https:\/\/www.instagram.com\/musiquesjuives\/","https:\/\/www.youtube.com\/user\/musiquesjuives"]}]}},"_links":{"self":[{"href":"https:\/\/www.iemj.org\/es\/wp-json\/wp\/v2\/product\/49411","targetHints":{"allow":["GET"]}}],"collection":[{"href":"https:\/\/www.iemj.org\/es\/wp-json\/wp\/v2\/product"}],"about":[{"href":"https:\/\/www.iemj.org\/es\/wp-json\/wp\/v2\/types\/product"}],"replies":[{"embeddable":true,"href":"https:\/\/www.iemj.org\/es\/wp-json\/wp\/v2\/comments?post=49411"}],"wp:featuredmedia":[{"embeddable":true,"href":"https:\/\/www.iemj.org\/es\/wp-json\/wp\/v2\/media\/64659"}],"wp:attachment":[{"href":"https:\/\/www.iemj.org\/es\/wp-json\/wp\/v2\/media?parent=49411"}],"wp:term":[{"taxonomy":"product_brand","embeddable":true,"href":"https:\/\/www.iemj.org\/es\/wp-json\/wp\/v2\/product_brand?post=49411"},{"taxonomy":"product_cat","embeddable":true,"href":"https:\/\/www.iemj.org\/es\/wp-json\/wp\/v2\/product_cat?post=49411"},{"taxonomy":"product_tag","embeddable":true,"href":"https:\/\/www.iemj.org\/es\/wp-json\/wp\/v2\/product_tag?post=49411"}],"curies":[{"name":"wp","href":"https:\/\/api.w.org\/{rel}","templated":true}]}}