{"id":56884,"date":"2015-02-28T11:49:24","date_gmt":"2015-02-28T10:49:24","guid":{"rendered":"https:\/\/www.iemj.org\/produit\/les-psaumes-des-juifs-de-constantine\/"},"modified":"2021-09-13T16:27:24","modified_gmt":"2021-09-13T14:27:24","slug":"les-psaumes-des-juifs-de-constantine","status":"publish","type":"product","link":"https:\/\/www.iemj.org\/es\/produit\/les-psaumes-des-juifs-de-constantine\/","title":{"rendered":"Les Psaumes des Juifs de Constantine"},"content":{"rendered":"<p>Extraits :<\/p>\n<p>01 &#8211; Le-David Adonay (Psaume 27)<\/p>\n<audio class=\"wp-audio-shortcode\" id=\"audio-56884-1\" preload=\"none\" style=\"width: 100%;\" controls=\"controls\"><source type=\"audio\/mpeg\" src=\"https:\/\/www.iemj.org\/wp-content\/uploads\/2015\/02\/Le-David-Adonay-Psaume-27.mp3?_=1\" \/><a href=\"https:\/\/www.iemj.org\/wp-content\/uploads\/2015\/02\/Le-David-Adonay-Psaume-27.mp3\">https:\/\/www.iemj.org\/wp-content\/uploads\/2015\/02\/Le-David-Adonay-Psaume-27.mp3<\/a><\/audio>\n<p>03 &#8211; Le-David Baroukh Adonay Tsouri (Psaume 144)<\/p>\n<audio class=\"wp-audio-shortcode\" id=\"audio-56884-2\" preload=\"none\" style=\"width: 100%;\" controls=\"controls\"><source type=\"audio\/mpeg\" src=\"https:\/\/www.iemj.org\/wp-content\/uploads\/2015\/02\/Le-David-Baroukh-Adonay-Tsouri-Psaume-144.mp3?_=2\" \/><a href=\"https:\/\/www.iemj.org\/wp-content\/uploads\/2015\/02\/Le-David-Baroukh-Adonay-Tsouri-Psaume-144.mp3\">https:\/\/www.iemj.org\/wp-content\/uploads\/2015\/02\/Le-David-Baroukh-Adonay-Tsouri-Psaume-144.mp3<\/a><\/audio>\n<p>05 &#8211; Hallelou Et Adonay Kol Goyim (Psaume 117)<\/p>\n<audio class=\"wp-audio-shortcode\" id=\"audio-56884-3\" preload=\"none\" style=\"width: 100%;\" controls=\"controls\"><source type=\"audio\/mpeg\" src=\"https:\/\/www.iemj.org\/wp-content\/uploads\/2015\/02\/Hallelou-Et-Adonay-Kol-Goyim-Psaume-117.mp3?_=3\" \/><a href=\"https:\/\/www.iemj.org\/wp-content\/uploads\/2015\/02\/Hallelou-Et-Adonay-Kol-Goyim-Psaume-117.mp3\">https:\/\/www.iemj.org\/wp-content\/uploads\/2015\/02\/Hallelou-Et-Adonay-Kol-Goyim-Psaume-117.mp3<\/a><\/audio>\n<p>07 &#8211; Chir Hama&#8217;alot le-David, Hine ma tov (Psaume 133)<\/p>\n<audio class=\"wp-audio-shortcode\" id=\"audio-56884-4\" preload=\"none\" style=\"width: 100%;\" controls=\"controls\"><source type=\"audio\/mpeg\" src=\"https:\/\/www.iemj.org\/wp-content\/uploads\/2015\/02\/Chir-Hamaalot-le-David-Hine-ma-tov-Psaume-133.mp3?_=4\" \/><a href=\"https:\/\/www.iemj.org\/wp-content\/uploads\/2015\/02\/Chir-Hamaalot-le-David-Hine-ma-tov-Psaume-133.mp3\">https:\/\/www.iemj.org\/wp-content\/uploads\/2015\/02\/Chir-Hamaalot-le-David-Hine-ma-tov-Psaume-133.mp3<\/a><\/audio>\n","protected":false},"excerpt":{"rendered":"<p><span id=\"result_box\" lang=\"en\" xml:lang=\"en\"><\/span>This CD presents the psalms of the Jews of Constantine (Algeria) chanted in the traditional manner. The husky and nasal tone of the singers which is reminiscent of flamenco singing powerfully evokes the vocal traditions at the Arab courts of Medieval Spain.<\/p>\n","protected":false},"featured_media":56843,"comment_status":"open","ping_status":"closed","template":"","meta":{"_acf_changed":false},"product_brand":[],"product_cat":[1993,2315,2304,2321,2328],"product_tag":[],"class_list":{"0":"post-56884","1":"product","2":"type-product","3":"status-publish","4":"has-post-thumbnail","6":"product_cat-cd-es","7":"product_cat-coleccion-pmjf","8":"product_cat-ediciones-del-iemj-es","9":"product_cat-liturgicocd-es","10":"product_cat-oriental-cd-es","11":"pa_musique-album-descargable","12":"pa_musique-album-fisico-es","14":"first","15":"instock","16":"shipping-taxable","17":"purchasable","18":"product-type-variable"},"acf":[],"yoast_head":"<!-- This site is optimized with the Yoast SEO plugin v27.3 - https:\/\/yoast.com\/product\/yoast-seo-wordpress\/ -->\n<title>Les Psaumes des Juifs de Constantine - Institut Europ\u00e9en des Musiques Juives<\/title>\n<meta name=\"robots\" content=\"index, follow, max-snippet:-1, max-image-preview:large, max-video-preview:-1\" \/>\n<link rel=\"canonical\" href=\"https:\/\/www.iemj.org\/es\/produit\/les-psaumes-des-juifs-de-constantine\/\" \/>\n<meta property=\"og:locale\" content=\"es_ES\" \/>\n<meta property=\"og:type\" content=\"article\" \/>\n<meta property=\"og:title\" content=\"Les Psaumes des Juifs de Constantine - Institut Europ\u00e9en des Musiques Juives\" \/>\n<meta property=\"og:description\" content=\"This CD presents the psalms of the Jews of Constantine (Algeria) chanted in the traditional manner. The husky and nasal tone of the singers which is reminiscent of flamenco singing powerfully evokes the vocal traditions at the Arab courts of Medieval Spain.\" \/>\n<meta property=\"og:url\" content=\"https:\/\/www.iemj.org\/es\/produit\/les-psaumes-des-juifs-de-constantine\/\" \/>\n<meta property=\"og:site_name\" content=\"Institut Europ\u00e9en des Musiques Juives\" \/>\n<meta property=\"article:publisher\" content=\"https:\/\/www.facebook.com\/MusiquesJuives\/\" \/>\n<meta property=\"article:modified_time\" content=\"2021-09-13T14:27:24+00:00\" \/>\n<meta property=\"og:image\" content=\"https:\/\/www.iemj.org\/wp-content\/uploads\/2021\/07\/CD-PMJF-11.jpg\" \/>\n\t<meta property=\"og:image:width\" content=\"350\" \/>\n\t<meta property=\"og:image:height\" content=\"350\" \/>\n\t<meta property=\"og:image:type\" content=\"image\/jpeg\" \/>\n<meta name=\"twitter:card\" content=\"summary_large_image\" \/>\n<script type=\"application\/ld+json\" class=\"yoast-schema-graph\">{\"@context\":\"https:\\\/\\\/schema.org\",\"@graph\":[{\"@type\":\"WebPage\",\"@id\":\"https:\\\/\\\/www.iemj.org\\\/es\\\/produit\\\/les-psaumes-des-juifs-de-constantine\\\/\",\"url\":\"https:\\\/\\\/www.iemj.org\\\/es\\\/produit\\\/les-psaumes-des-juifs-de-constantine\\\/\",\"name\":\"Les Psaumes des Juifs de Constantine - Institut Europ\u00e9en des Musiques Juives\",\"isPartOf\":{\"@id\":\"https:\\\/\\\/www.iemj.org\\\/es\\\/#website\"},\"primaryImageOfPage\":{\"@id\":\"https:\\\/\\\/www.iemj.org\\\/es\\\/produit\\\/les-psaumes-des-juifs-de-constantine\\\/#primaryimage\"},\"image\":{\"@id\":\"https:\\\/\\\/www.iemj.org\\\/es\\\/produit\\\/les-psaumes-des-juifs-de-constantine\\\/#primaryimage\"},\"thumbnailUrl\":\"https:\\\/\\\/www.iemj.org\\\/wp-content\\\/uploads\\\/2021\\\/07\\\/CD-PMJF-11.jpg\",\"datePublished\":\"2015-02-28T10:49:24+00:00\",\"dateModified\":\"2021-09-13T14:27:24+00:00\",\"breadcrumb\":{\"@id\":\"https:\\\/\\\/www.iemj.org\\\/es\\\/produit\\\/les-psaumes-des-juifs-de-constantine\\\/#breadcrumb\"},\"inLanguage\":\"es\",\"potentialAction\":[{\"@type\":\"ReadAction\",\"target\":[\"https:\\\/\\\/www.iemj.org\\\/es\\\/produit\\\/les-psaumes-des-juifs-de-constantine\\\/\"]}]},{\"@type\":\"ImageObject\",\"inLanguage\":\"es\",\"@id\":\"https:\\\/\\\/www.iemj.org\\\/es\\\/produit\\\/les-psaumes-des-juifs-de-constantine\\\/#primaryimage\",\"url\":\"https:\\\/\\\/www.iemj.org\\\/wp-content\\\/uploads\\\/2021\\\/07\\\/CD-PMJF-11.jpg\",\"contentUrl\":\"https:\\\/\\\/www.iemj.org\\\/wp-content\\\/uploads\\\/2021\\\/07\\\/CD-PMJF-11.jpg\",\"width\":350,\"height\":350,\"caption\":\"COUC CD PMJF 11 Psaumes Juifs de Constantine\"},{\"@type\":\"BreadcrumbList\",\"@id\":\"https:\\\/\\\/www.iemj.org\\\/es\\\/produit\\\/les-psaumes-des-juifs-de-constantine\\\/#breadcrumb\",\"itemListElement\":[{\"@type\":\"ListItem\",\"position\":1,\"name\":\"Accueil\",\"item\":\"https:\\\/\\\/www.iemj.org\\\/es\\\/\"},{\"@type\":\"ListItem\",\"position\":2,\"name\":\"Tienda\",\"item\":\"https:\\\/\\\/www.iemj.org\\\/es\\\/tienda\\\/\"},{\"@type\":\"ListItem\",\"position\":3,\"name\":\"Les Psaumes des Juifs de Constantine\"}]},{\"@type\":\"WebSite\",\"@id\":\"https:\\\/\\\/www.iemj.org\\\/es\\\/#website\",\"url\":\"https:\\\/\\\/www.iemj.org\\\/es\\\/\",\"name\":\"Institut Europ\u00e9en des Musiques Juives\",\"description\":\"Des traditions musicales \u00e0 la port\u00e9e de tous\",\"publisher\":{\"@id\":\"https:\\\/\\\/www.iemj.org\\\/es\\\/#organization\"},\"potentialAction\":[{\"@type\":\"SearchAction\",\"target\":{\"@type\":\"EntryPoint\",\"urlTemplate\":\"https:\\\/\\\/www.iemj.org\\\/es\\\/?s={search_term_string}\"},\"query-input\":{\"@type\":\"PropertyValueSpecification\",\"valueRequired\":true,\"valueName\":\"search_term_string\"}}],\"inLanguage\":\"es\"},{\"@type\":\"Organization\",\"@id\":\"https:\\\/\\\/www.iemj.org\\\/es\\\/#organization\",\"name\":\"Institut Europ\u00e9en des Musiques Juives\",\"url\":\"https:\\\/\\\/www.iemj.org\\\/es\\\/\",\"logo\":{\"@type\":\"ImageObject\",\"inLanguage\":\"es\",\"@id\":\"https:\\\/\\\/www.iemj.org\\\/es\\\/#\\\/schema\\\/logo\\\/image\\\/\",\"url\":\"https:\\\/\\\/www.iemj.org\\\/wp-content\\\/uploads\\\/2021\\\/09\\\/Logo-IEMJ-Paypal.jpg\",\"contentUrl\":\"https:\\\/\\\/www.iemj.org\\\/wp-content\\\/uploads\\\/2021\\\/09\\\/Logo-IEMJ-Paypal.jpg\",\"width\":150,\"height\":50,\"caption\":\"Institut Europ\u00e9en des Musiques Juives\"},\"image\":{\"@id\":\"https:\\\/\\\/www.iemj.org\\\/es\\\/#\\\/schema\\\/logo\\\/image\\\/\"},\"sameAs\":[\"https:\\\/\\\/www.facebook.com\\\/MusiquesJuives\\\/\",\"https:\\\/\\\/www.instagram.com\\\/musiquesjuives\\\/\",\"https:\\\/\\\/www.youtube.com\\\/user\\\/musiquesjuives\"]}]}<\/script>\n<!-- \/ Yoast SEO plugin. -->","yoast_head_json":{"title":"Les Psaumes des Juifs de Constantine - Institut Europ\u00e9en des Musiques Juives","robots":{"index":"index","follow":"follow","max-snippet":"max-snippet:-1","max-image-preview":"max-image-preview:large","max-video-preview":"max-video-preview:-1"},"canonical":"https:\/\/www.iemj.org\/es\/produit\/les-psaumes-des-juifs-de-constantine\/","og_locale":"es_ES","og_type":"article","og_title":"Les Psaumes des Juifs de Constantine - Institut Europ\u00e9en des Musiques Juives","og_description":"This CD presents the psalms of the Jews of Constantine (Algeria) chanted in the traditional manner. The husky and nasal tone of the singers which is reminiscent of flamenco singing powerfully evokes the vocal traditions at the Arab courts of Medieval Spain.","og_url":"https:\/\/www.iemj.org\/es\/produit\/les-psaumes-des-juifs-de-constantine\/","og_site_name":"Institut Europ\u00e9en des Musiques Juives","article_publisher":"https:\/\/www.facebook.com\/MusiquesJuives\/","article_modified_time":"2021-09-13T14:27:24+00:00","og_image":[{"width":350,"height":350,"url":"https:\/\/www.iemj.org\/wp-content\/uploads\/2021\/07\/CD-PMJF-11.jpg","type":"image\/jpeg"}],"twitter_card":"summary_large_image","schema":{"@context":"https:\/\/schema.org","@graph":[{"@type":"WebPage","@id":"https:\/\/www.iemj.org\/es\/produit\/les-psaumes-des-juifs-de-constantine\/","url":"https:\/\/www.iemj.org\/es\/produit\/les-psaumes-des-juifs-de-constantine\/","name":"Les Psaumes des Juifs de Constantine - Institut Europ\u00e9en des Musiques Juives","isPartOf":{"@id":"https:\/\/www.iemj.org\/es\/#website"},"primaryImageOfPage":{"@id":"https:\/\/www.iemj.org\/es\/produit\/les-psaumes-des-juifs-de-constantine\/#primaryimage"},"image":{"@id":"https:\/\/www.iemj.org\/es\/produit\/les-psaumes-des-juifs-de-constantine\/#primaryimage"},"thumbnailUrl":"https:\/\/www.iemj.org\/wp-content\/uploads\/2021\/07\/CD-PMJF-11.jpg","datePublished":"2015-02-28T10:49:24+00:00","dateModified":"2021-09-13T14:27:24+00:00","breadcrumb":{"@id":"https:\/\/www.iemj.org\/es\/produit\/les-psaumes-des-juifs-de-constantine\/#breadcrumb"},"inLanguage":"es","potentialAction":[{"@type":"ReadAction","target":["https:\/\/www.iemj.org\/es\/produit\/les-psaumes-des-juifs-de-constantine\/"]}]},{"@type":"ImageObject","inLanguage":"es","@id":"https:\/\/www.iemj.org\/es\/produit\/les-psaumes-des-juifs-de-constantine\/#primaryimage","url":"https:\/\/www.iemj.org\/wp-content\/uploads\/2021\/07\/CD-PMJF-11.jpg","contentUrl":"https:\/\/www.iemj.org\/wp-content\/uploads\/2021\/07\/CD-PMJF-11.jpg","width":350,"height":350,"caption":"COUC CD PMJF 11 Psaumes Juifs de Constantine"},{"@type":"BreadcrumbList","@id":"https:\/\/www.iemj.org\/es\/produit\/les-psaumes-des-juifs-de-constantine\/#breadcrumb","itemListElement":[{"@type":"ListItem","position":1,"name":"Accueil","item":"https:\/\/www.iemj.org\/es\/"},{"@type":"ListItem","position":2,"name":"Tienda","item":"https:\/\/www.iemj.org\/es\/tienda\/"},{"@type":"ListItem","position":3,"name":"Les Psaumes des Juifs de Constantine"}]},{"@type":"WebSite","@id":"https:\/\/www.iemj.org\/es\/#website","url":"https:\/\/www.iemj.org\/es\/","name":"Institut Europ\u00e9en des Musiques Juives","description":"Des traditions musicales \u00e0 la port\u00e9e de tous","publisher":{"@id":"https:\/\/www.iemj.org\/es\/#organization"},"potentialAction":[{"@type":"SearchAction","target":{"@type":"EntryPoint","urlTemplate":"https:\/\/www.iemj.org\/es\/?s={search_term_string}"},"query-input":{"@type":"PropertyValueSpecification","valueRequired":true,"valueName":"search_term_string"}}],"inLanguage":"es"},{"@type":"Organization","@id":"https:\/\/www.iemj.org\/es\/#organization","name":"Institut Europ\u00e9en des Musiques Juives","url":"https:\/\/www.iemj.org\/es\/","logo":{"@type":"ImageObject","inLanguage":"es","@id":"https:\/\/www.iemj.org\/es\/#\/schema\/logo\/image\/","url":"https:\/\/www.iemj.org\/wp-content\/uploads\/2021\/09\/Logo-IEMJ-Paypal.jpg","contentUrl":"https:\/\/www.iemj.org\/wp-content\/uploads\/2021\/09\/Logo-IEMJ-Paypal.jpg","width":150,"height":50,"caption":"Institut Europ\u00e9en des Musiques Juives"},"image":{"@id":"https:\/\/www.iemj.org\/es\/#\/schema\/logo\/image\/"},"sameAs":["https:\/\/www.facebook.com\/MusiquesJuives\/","https:\/\/www.instagram.com\/musiquesjuives\/","https:\/\/www.youtube.com\/user\/musiquesjuives"]}]}},"_links":{"self":[{"href":"https:\/\/www.iemj.org\/es\/wp-json\/wp\/v2\/product\/56884","targetHints":{"allow":["GET"]}}],"collection":[{"href":"https:\/\/www.iemj.org\/es\/wp-json\/wp\/v2\/product"}],"about":[{"href":"https:\/\/www.iemj.org\/es\/wp-json\/wp\/v2\/types\/product"}],"replies":[{"embeddable":true,"href":"https:\/\/www.iemj.org\/es\/wp-json\/wp\/v2\/comments?post=56884"}],"wp:featuredmedia":[{"embeddable":true,"href":"https:\/\/www.iemj.org\/es\/wp-json\/wp\/v2\/media\/56843"}],"wp:attachment":[{"href":"https:\/\/www.iemj.org\/es\/wp-json\/wp\/v2\/media?parent=56884"}],"wp:term":[{"taxonomy":"product_brand","embeddable":true,"href":"https:\/\/www.iemj.org\/es\/wp-json\/wp\/v2\/product_brand?post=56884"},{"taxonomy":"product_cat","embeddable":true,"href":"https:\/\/www.iemj.org\/es\/wp-json\/wp\/v2\/product_cat?post=56884"},{"taxonomy":"product_tag","embeddable":true,"href":"https:\/\/www.iemj.org\/es\/wp-json\/wp\/v2\/product_tag?post=56884"}],"curies":[{"name":"wp","href":"https:\/\/api.w.org\/{rel}","templated":true}]}}