{"id":56941,"date":"2015-02-28T11:32:36","date_gmt":"2015-02-28T10:32:36","guid":{"rendered":"https:\/\/www.iemj.org\/produit\/jacques-grober-chansons-yiddish-d-hier-et-d-aujourd-hui\/"},"modified":"2021-09-13T15:01:23","modified_gmt":"2021-09-13T13:01:23","slug":"jacques-grober-chansons-yiddish-d-hier-et-d-aujourd-hui","status":"publish","type":"product","link":"https:\/\/www.iemj.org\/es\/produit\/jacques-grober-chansons-yiddish-d-hier-et-d-aujourd-hui\/","title":{"rendered":"Jacques Grober &#8211; yiddish songs of yesterday and to-day"},"content":{"rendered":"<p>Extraits :<\/p>\n<p>01 &#8211; S&#8217;iz nito keyn nekhtn<\/p>\n<audio class=\"wp-audio-shortcode\" id=\"audio-56941-1\" preload=\"none\" style=\"width: 100%;\" controls=\"controls\"><source type=\"audio\/mpeg\" src=\"https:\/\/www.iemj.org\/wp-content\/uploads\/2015\/02\/Siz-nito-keyn-nekhtn.mp3?_=1\" \/><a href=\"https:\/\/www.iemj.org\/wp-content\/uploads\/2015\/02\/Siz-nito-keyn-nekhtn.mp3\">https:\/\/www.iemj.org\/wp-content\/uploads\/2015\/02\/Siz-nito-keyn-nekhtn.mp3<\/a><\/audio>\n<p>03 &#8211; Besarabye<\/p>\n<audio class=\"wp-audio-shortcode\" id=\"audio-56941-2\" preload=\"none\" style=\"width: 100%;\" controls=\"controls\"><source type=\"audio\/mpeg\" src=\"https:\/\/www.iemj.org\/wp-content\/uploads\/2018\/10\/vl7-besarabye-ext.mp3?_=2\" \/><a href=\"https:\/\/www.iemj.org\/wp-content\/uploads\/2018\/10\/vl7-besarabye-ext.mp3\">https:\/\/www.iemj.org\/wp-content\/uploads\/2018\/10\/vl7-besarabye-ext.mp3<\/a><\/audio>\n<p>10 &#8211; Rap zikh oyf !<\/p>\n<audio class=\"wp-audio-shortcode\" id=\"audio-56941-3\" preload=\"none\" style=\"width: 100%;\" controls=\"controls\"><source type=\"audio\/mpeg\" src=\"https:\/\/www.iemj.org\/wp-content\/uploads\/2015\/02\/Rap-zikh-oyf-.mp3?_=3\" \/><a href=\"https:\/\/www.iemj.org\/wp-content\/uploads\/2015\/02\/Rap-zikh-oyf-.mp3\">https:\/\/www.iemj.org\/wp-content\/uploads\/2015\/02\/Rap-zikh-oyf-.mp3<\/a><\/audio>\n<p>14 &#8211; Tshiriboym<\/p>\n<audio class=\"wp-audio-shortcode\" id=\"audio-56941-4\" preload=\"none\" style=\"width: 100%;\" controls=\"controls\"><source type=\"audio\/mpeg\" src=\"https:\/\/www.iemj.org\/wp-content\/uploads\/2015\/02\/Tshiriboym.mp3?_=4\" \/><a href=\"https:\/\/www.iemj.org\/wp-content\/uploads\/2015\/02\/Tshiriboym.mp3\">https:\/\/www.iemj.org\/wp-content\/uploads\/2015\/02\/Tshiriboym.mp3<\/a><\/audio>\n","protected":false},"excerpt":{"rendered":"<p><span lang=\"en-us\" xml:lang=\"en-us\">With influences from hassidic, klezmer, rap music and swing, this CD presents the work of Jacques Grober (1951- 2006), one of the rare artists to have followed in the footsteps of Yiddish singer-song writers. Over the past 30 years, Mr Grober has been perpetuating and renewing Yiddish music in France.<\/span><\/p>\n","protected":false},"featured_media":56823,"comment_status":"open","ping_status":"closed","template":"","meta":{"_acf_changed":false},"product_brand":[],"product_cat":[1993,2315,2304,2299],"product_tag":[],"class_list":{"0":"post-56941","1":"product","2":"type-product","3":"status-publish","4":"has-post-thumbnail","6":"product_cat-cd-es","7":"product_cat-coleccion-pmjf","8":"product_cat-ediciones-del-iemj-es","9":"product_cat-klezmer-yiddish-en-en-es","10":"pa_musique-album-descargable","11":"pa_musique-album-fisico-es","13":"first","14":"instock","15":"shipping-taxable","16":"purchasable","17":"product-type-variable"},"acf":[],"yoast_head":"<!-- This site is optimized with the Yoast SEO plugin v27.3 - https:\/\/yoast.com\/product\/yoast-seo-wordpress\/ -->\n<title>Jacques Grober - yiddish songs of yesterday and to-day - Institut Europ\u00e9en des Musiques Juives<\/title>\n<meta name=\"robots\" content=\"index, follow, max-snippet:-1, max-image-preview:large, max-video-preview:-1\" \/>\n<link rel=\"canonical\" href=\"https:\/\/www.iemj.org\/es\/produit\/jacques-grober-chansons-yiddish-d-hier-et-d-aujourd-hui\/\" \/>\n<meta property=\"og:locale\" content=\"es_ES\" \/>\n<meta property=\"og:type\" content=\"article\" \/>\n<meta property=\"og:title\" content=\"Jacques Grober - yiddish songs of yesterday and to-day - Institut Europ\u00e9en des Musiques Juives\" \/>\n<meta property=\"og:description\" content=\"With influences from hassidic, klezmer, rap music and swing, this CD presents the work of Jacques Grober (1951- 2006), one of the rare artists to have followed in the footsteps of Yiddish singer-song writers. Over the past 30 years, Mr Grober has been perpetuating and renewing Yiddish music in France.\" \/>\n<meta property=\"og:url\" content=\"https:\/\/www.iemj.org\/es\/produit\/jacques-grober-chansons-yiddish-d-hier-et-d-aujourd-hui\/\" \/>\n<meta property=\"og:site_name\" content=\"Institut Europ\u00e9en des Musiques Juives\" \/>\n<meta property=\"article:publisher\" content=\"https:\/\/www.facebook.com\/MusiquesJuives\/\" \/>\n<meta property=\"article:modified_time\" content=\"2021-09-13T13:01:23+00:00\" \/>\n<meta property=\"og:image\" content=\"https:\/\/www.iemj.org\/wp-content\/uploads\/2021\/07\/CD-PMJF-7.jpg\" \/>\n\t<meta property=\"og:image:width\" content=\"350\" \/>\n\t<meta property=\"og:image:height\" content=\"350\" \/>\n\t<meta property=\"og:image:type\" content=\"image\/jpeg\" \/>\n<meta name=\"twitter:card\" content=\"summary_large_image\" \/>\n<script type=\"application\/ld+json\" class=\"yoast-schema-graph\">{\"@context\":\"https:\\\/\\\/schema.org\",\"@graph\":[{\"@type\":\"WebPage\",\"@id\":\"https:\\\/\\\/www.iemj.org\\\/es\\\/produit\\\/jacques-grober-chansons-yiddish-d-hier-et-d-aujourd-hui\\\/\",\"url\":\"https:\\\/\\\/www.iemj.org\\\/es\\\/produit\\\/jacques-grober-chansons-yiddish-d-hier-et-d-aujourd-hui\\\/\",\"name\":\"Jacques Grober - yiddish songs of yesterday and to-day - Institut Europ\u00e9en des Musiques Juives\",\"isPartOf\":{\"@id\":\"https:\\\/\\\/www.iemj.org\\\/es\\\/#website\"},\"primaryImageOfPage\":{\"@id\":\"https:\\\/\\\/www.iemj.org\\\/es\\\/produit\\\/jacques-grober-chansons-yiddish-d-hier-et-d-aujourd-hui\\\/#primaryimage\"},\"image\":{\"@id\":\"https:\\\/\\\/www.iemj.org\\\/es\\\/produit\\\/jacques-grober-chansons-yiddish-d-hier-et-d-aujourd-hui\\\/#primaryimage\"},\"thumbnailUrl\":\"https:\\\/\\\/www.iemj.org\\\/wp-content\\\/uploads\\\/2021\\\/07\\\/CD-PMJF-7.jpg\",\"datePublished\":\"2015-02-28T10:32:36+00:00\",\"dateModified\":\"2021-09-13T13:01:23+00:00\",\"breadcrumb\":{\"@id\":\"https:\\\/\\\/www.iemj.org\\\/es\\\/produit\\\/jacques-grober-chansons-yiddish-d-hier-et-d-aujourd-hui\\\/#breadcrumb\"},\"inLanguage\":\"es\",\"potentialAction\":[{\"@type\":\"ReadAction\",\"target\":[\"https:\\\/\\\/www.iemj.org\\\/es\\\/produit\\\/jacques-grober-chansons-yiddish-d-hier-et-d-aujourd-hui\\\/\"]}]},{\"@type\":\"ImageObject\",\"inLanguage\":\"es\",\"@id\":\"https:\\\/\\\/www.iemj.org\\\/es\\\/produit\\\/jacques-grober-chansons-yiddish-d-hier-et-d-aujourd-hui\\\/#primaryimage\",\"url\":\"https:\\\/\\\/www.iemj.org\\\/wp-content\\\/uploads\\\/2021\\\/07\\\/CD-PMJF-7.jpg\",\"contentUrl\":\"https:\\\/\\\/www.iemj.org\\\/wp-content\\\/uploads\\\/2021\\\/07\\\/CD-PMJF-7.jpg\",\"width\":350,\"height\":350,\"caption\":\"COUV CD PMJF 7 - Jacques Grober\"},{\"@type\":\"BreadcrumbList\",\"@id\":\"https:\\\/\\\/www.iemj.org\\\/es\\\/produit\\\/jacques-grober-chansons-yiddish-d-hier-et-d-aujourd-hui\\\/#breadcrumb\",\"itemListElement\":[{\"@type\":\"ListItem\",\"position\":1,\"name\":\"Accueil\",\"item\":\"https:\\\/\\\/www.iemj.org\\\/es\\\/\"},{\"@type\":\"ListItem\",\"position\":2,\"name\":\"Tienda\",\"item\":\"https:\\\/\\\/www.iemj.org\\\/es\\\/tienda\\\/\"},{\"@type\":\"ListItem\",\"position\":3,\"name\":\"Jacques Grober &#8211; yiddish songs of yesterday and to-day\"}]},{\"@type\":\"WebSite\",\"@id\":\"https:\\\/\\\/www.iemj.org\\\/es\\\/#website\",\"url\":\"https:\\\/\\\/www.iemj.org\\\/es\\\/\",\"name\":\"Institut Europ\u00e9en des Musiques Juives\",\"description\":\"Des traditions musicales \u00e0 la port\u00e9e de tous\",\"publisher\":{\"@id\":\"https:\\\/\\\/www.iemj.org\\\/es\\\/#organization\"},\"potentialAction\":[{\"@type\":\"SearchAction\",\"target\":{\"@type\":\"EntryPoint\",\"urlTemplate\":\"https:\\\/\\\/www.iemj.org\\\/es\\\/?s={search_term_string}\"},\"query-input\":{\"@type\":\"PropertyValueSpecification\",\"valueRequired\":true,\"valueName\":\"search_term_string\"}}],\"inLanguage\":\"es\"},{\"@type\":\"Organization\",\"@id\":\"https:\\\/\\\/www.iemj.org\\\/es\\\/#organization\",\"name\":\"Institut Europ\u00e9en des Musiques Juives\",\"url\":\"https:\\\/\\\/www.iemj.org\\\/es\\\/\",\"logo\":{\"@type\":\"ImageObject\",\"inLanguage\":\"es\",\"@id\":\"https:\\\/\\\/www.iemj.org\\\/es\\\/#\\\/schema\\\/logo\\\/image\\\/\",\"url\":\"https:\\\/\\\/www.iemj.org\\\/wp-content\\\/uploads\\\/2021\\\/09\\\/Logo-IEMJ-Paypal.jpg\",\"contentUrl\":\"https:\\\/\\\/www.iemj.org\\\/wp-content\\\/uploads\\\/2021\\\/09\\\/Logo-IEMJ-Paypal.jpg\",\"width\":150,\"height\":50,\"caption\":\"Institut Europ\u00e9en des Musiques Juives\"},\"image\":{\"@id\":\"https:\\\/\\\/www.iemj.org\\\/es\\\/#\\\/schema\\\/logo\\\/image\\\/\"},\"sameAs\":[\"https:\\\/\\\/www.facebook.com\\\/MusiquesJuives\\\/\",\"https:\\\/\\\/www.instagram.com\\\/musiquesjuives\\\/\",\"https:\\\/\\\/www.youtube.com\\\/user\\\/musiquesjuives\"]}]}<\/script>\n<!-- \/ Yoast SEO plugin. -->","yoast_head_json":{"title":"Jacques Grober - yiddish songs of yesterday and to-day - Institut Europ\u00e9en des Musiques Juives","robots":{"index":"index","follow":"follow","max-snippet":"max-snippet:-1","max-image-preview":"max-image-preview:large","max-video-preview":"max-video-preview:-1"},"canonical":"https:\/\/www.iemj.org\/es\/produit\/jacques-grober-chansons-yiddish-d-hier-et-d-aujourd-hui\/","og_locale":"es_ES","og_type":"article","og_title":"Jacques Grober - yiddish songs of yesterday and to-day - Institut Europ\u00e9en des Musiques Juives","og_description":"With influences from hassidic, klezmer, rap music and swing, this CD presents the work of Jacques Grober (1951- 2006), one of the rare artists to have followed in the footsteps of Yiddish singer-song writers. Over the past 30 years, Mr Grober has been perpetuating and renewing Yiddish music in France.","og_url":"https:\/\/www.iemj.org\/es\/produit\/jacques-grober-chansons-yiddish-d-hier-et-d-aujourd-hui\/","og_site_name":"Institut Europ\u00e9en des Musiques Juives","article_publisher":"https:\/\/www.facebook.com\/MusiquesJuives\/","article_modified_time":"2021-09-13T13:01:23+00:00","og_image":[{"width":350,"height":350,"url":"https:\/\/www.iemj.org\/wp-content\/uploads\/2021\/07\/CD-PMJF-7.jpg","type":"image\/jpeg"}],"twitter_card":"summary_large_image","schema":{"@context":"https:\/\/schema.org","@graph":[{"@type":"WebPage","@id":"https:\/\/www.iemj.org\/es\/produit\/jacques-grober-chansons-yiddish-d-hier-et-d-aujourd-hui\/","url":"https:\/\/www.iemj.org\/es\/produit\/jacques-grober-chansons-yiddish-d-hier-et-d-aujourd-hui\/","name":"Jacques Grober - yiddish songs of yesterday and to-day - Institut Europ\u00e9en des Musiques Juives","isPartOf":{"@id":"https:\/\/www.iemj.org\/es\/#website"},"primaryImageOfPage":{"@id":"https:\/\/www.iemj.org\/es\/produit\/jacques-grober-chansons-yiddish-d-hier-et-d-aujourd-hui\/#primaryimage"},"image":{"@id":"https:\/\/www.iemj.org\/es\/produit\/jacques-grober-chansons-yiddish-d-hier-et-d-aujourd-hui\/#primaryimage"},"thumbnailUrl":"https:\/\/www.iemj.org\/wp-content\/uploads\/2021\/07\/CD-PMJF-7.jpg","datePublished":"2015-02-28T10:32:36+00:00","dateModified":"2021-09-13T13:01:23+00:00","breadcrumb":{"@id":"https:\/\/www.iemj.org\/es\/produit\/jacques-grober-chansons-yiddish-d-hier-et-d-aujourd-hui\/#breadcrumb"},"inLanguage":"es","potentialAction":[{"@type":"ReadAction","target":["https:\/\/www.iemj.org\/es\/produit\/jacques-grober-chansons-yiddish-d-hier-et-d-aujourd-hui\/"]}]},{"@type":"ImageObject","inLanguage":"es","@id":"https:\/\/www.iemj.org\/es\/produit\/jacques-grober-chansons-yiddish-d-hier-et-d-aujourd-hui\/#primaryimage","url":"https:\/\/www.iemj.org\/wp-content\/uploads\/2021\/07\/CD-PMJF-7.jpg","contentUrl":"https:\/\/www.iemj.org\/wp-content\/uploads\/2021\/07\/CD-PMJF-7.jpg","width":350,"height":350,"caption":"COUV CD PMJF 7 - Jacques Grober"},{"@type":"BreadcrumbList","@id":"https:\/\/www.iemj.org\/es\/produit\/jacques-grober-chansons-yiddish-d-hier-et-d-aujourd-hui\/#breadcrumb","itemListElement":[{"@type":"ListItem","position":1,"name":"Accueil","item":"https:\/\/www.iemj.org\/es\/"},{"@type":"ListItem","position":2,"name":"Tienda","item":"https:\/\/www.iemj.org\/es\/tienda\/"},{"@type":"ListItem","position":3,"name":"Jacques Grober &#8211; yiddish songs of yesterday and to-day"}]},{"@type":"WebSite","@id":"https:\/\/www.iemj.org\/es\/#website","url":"https:\/\/www.iemj.org\/es\/","name":"Institut Europ\u00e9en des Musiques Juives","description":"Des traditions musicales \u00e0 la port\u00e9e de tous","publisher":{"@id":"https:\/\/www.iemj.org\/es\/#organization"},"potentialAction":[{"@type":"SearchAction","target":{"@type":"EntryPoint","urlTemplate":"https:\/\/www.iemj.org\/es\/?s={search_term_string}"},"query-input":{"@type":"PropertyValueSpecification","valueRequired":true,"valueName":"search_term_string"}}],"inLanguage":"es"},{"@type":"Organization","@id":"https:\/\/www.iemj.org\/es\/#organization","name":"Institut Europ\u00e9en des Musiques Juives","url":"https:\/\/www.iemj.org\/es\/","logo":{"@type":"ImageObject","inLanguage":"es","@id":"https:\/\/www.iemj.org\/es\/#\/schema\/logo\/image\/","url":"https:\/\/www.iemj.org\/wp-content\/uploads\/2021\/09\/Logo-IEMJ-Paypal.jpg","contentUrl":"https:\/\/www.iemj.org\/wp-content\/uploads\/2021\/09\/Logo-IEMJ-Paypal.jpg","width":150,"height":50,"caption":"Institut Europ\u00e9en des Musiques Juives"},"image":{"@id":"https:\/\/www.iemj.org\/es\/#\/schema\/logo\/image\/"},"sameAs":["https:\/\/www.facebook.com\/MusiquesJuives\/","https:\/\/www.instagram.com\/musiquesjuives\/","https:\/\/www.youtube.com\/user\/musiquesjuives"]}]}},"_links":{"self":[{"href":"https:\/\/www.iemj.org\/es\/wp-json\/wp\/v2\/product\/56941","targetHints":{"allow":["GET"]}}],"collection":[{"href":"https:\/\/www.iemj.org\/es\/wp-json\/wp\/v2\/product"}],"about":[{"href":"https:\/\/www.iemj.org\/es\/wp-json\/wp\/v2\/types\/product"}],"replies":[{"embeddable":true,"href":"https:\/\/www.iemj.org\/es\/wp-json\/wp\/v2\/comments?post=56941"}],"wp:featuredmedia":[{"embeddable":true,"href":"https:\/\/www.iemj.org\/es\/wp-json\/wp\/v2\/media\/56823"}],"wp:attachment":[{"href":"https:\/\/www.iemj.org\/es\/wp-json\/wp\/v2\/media?parent=56941"}],"wp:term":[{"taxonomy":"product_brand","embeddable":true,"href":"https:\/\/www.iemj.org\/es\/wp-json\/wp\/v2\/product_brand?post=56941"},{"taxonomy":"product_cat","embeddable":true,"href":"https:\/\/www.iemj.org\/es\/wp-json\/wp\/v2\/product_cat?post=56941"},{"taxonomy":"product_tag","embeddable":true,"href":"https:\/\/www.iemj.org\/es\/wp-json\/wp\/v2\/product_tag?post=56941"}],"curies":[{"name":"wp","href":"https:\/\/api.w.org\/{rel}","templated":true}]}}