{"id":56968,"date":"2015-02-28T11:25:24","date_gmt":"2015-02-28T10:25:24","guid":{"rendered":"https:\/\/www.iemj.org\/produit\/fernand-halphen-melodies-pour-piano-et-musique-de-chambre\/"},"modified":"2021-09-12T19:01:35","modified_gmt":"2021-09-12T17:01:35","slug":"fernand-halphen-melodies-pour-piano-et-musique-de-chambre","status":"publish","type":"product","link":"https:\/\/www.iemj.org\/es\/produit\/fernand-halphen-melodies-pour-piano-et-musique-de-chambre\/","title":{"rendered":"Fernand Halphen &#8211; M\u00e9lodies pour piano et musique de chambre"},"content":{"rendered":"<p>Extraits :<\/p>\n<p>01 &#8211; Sous l&#8217;\u00e9pais Sycomore<\/p>\n<audio class=\"wp-audio-shortcode\" id=\"audio-56968-1\" preload=\"none\" style=\"width: 100%;\" controls=\"controls\"><source type=\"audio\/mpeg\" src=\"https:\/\/www.iemj.org\/wp-content\/uploads\/2015\/02\/Sous-lepais-Sycomore.mp3?_=1\" \/><a href=\"https:\/\/www.iemj.org\/wp-content\/uploads\/2015\/02\/Sous-lepais-Sycomore.mp3\">https:\/\/www.iemj.org\/wp-content\/uploads\/2015\/02\/Sous-lepais-Sycomore.mp3<\/a><\/audio>\n<p>25 &#8211; Orientale<\/p>\n<audio class=\"wp-audio-shortcode\" id=\"audio-56968-2\" preload=\"none\" style=\"width: 100%;\" controls=\"controls\"><source type=\"audio\/mpeg\" src=\"https:\/\/www.iemj.org\/wp-content\/uploads\/2015\/02\/Orientale.mp3?_=2\" \/><a href=\"https:\/\/www.iemj.org\/wp-content\/uploads\/2015\/02\/Orientale.mp3\">https:\/\/www.iemj.org\/wp-content\/uploads\/2015\/02\/Orientale.mp3<\/a><\/audio>\n<p>37 &#8211; Sur la Cisse<\/p>\n<audio class=\"wp-audio-shortcode\" id=\"audio-56968-3\" preload=\"none\" style=\"width: 100%;\" controls=\"controls\"><source type=\"audio\/mpeg\" src=\"https:\/\/www.iemj.org\/wp-content\/uploads\/2015\/02\/Sur-la-Cisse.mp3?_=3\" \/><a href=\"https:\/\/www.iemj.org\/wp-content\/uploads\/2015\/02\/Sur-la-Cisse.mp3\">https:\/\/www.iemj.org\/wp-content\/uploads\/2015\/02\/Sur-la-Cisse.mp3<\/a><\/audio>\n<p>47 &#8211; Andante Religioso<\/p>\n<audio class=\"wp-audio-shortcode\" id=\"audio-56968-4\" preload=\"none\" style=\"width: 100%;\" controls=\"controls\"><source type=\"audio\/mpeg\" src=\"https:\/\/www.iemj.org\/wp-content\/uploads\/2018\/10\/vl5_andante_religioso-ext-2.mp3?_=4\" \/><a href=\"https:\/\/www.iemj.org\/wp-content\/uploads\/2018\/10\/vl5_andante_religioso-ext-2.mp3\">https:\/\/www.iemj.org\/wp-content\/uploads\/2018\/10\/vl5_andante_religioso-ext-2.mp3<\/a><\/audio>\n","protected":false},"excerpt":{"rendered":"<p><span lang=\"en-us\" xml:lang=\"en-us\">Pupil of Gabriel Faur\u00e9 and Jules Massenet, Second winner of the Grand Prix de Rome in 1896, Fernand Halphen (1872-1917 ) is the author of numerous melodies, pieces for piano and chamber music. This album\u00a0received the 2007 Orph\u00e9e d&#8217;or for the best melody interpretation from the Acad\u00e9mie du Disque Lyrique.<\/span><\/p>\n","protected":false},"featured_media":56813,"comment_status":"open","ping_status":"closed","template":"","meta":{"_acf_changed":false},"product_brand":[],"product_cat":[1993,2315,2304,2323],"product_tag":[],"class_list":{"0":"post-56968","1":"product","2":"type-product","3":"status-publish","4":"has-post-thumbnail","6":"product_cat-cd-es","7":"product_cat-coleccion-pmjf","8":"product_cat-ediciones-del-iemj-es","9":"product_cat-musica-clasica","10":"pa_musique-album-descargable","11":"pa_musique-album-fisico-es","13":"first","14":"instock","15":"shipping-taxable","16":"purchasable","17":"product-type-variable"},"acf":[],"yoast_head":"<!-- This site is optimized with the Yoast SEO plugin v27.3 - https:\/\/yoast.com\/product\/yoast-seo-wordpress\/ -->\n<title>Fernand Halphen - M\u00e9lodies pour piano et musique de chambre - Institut Europ\u00e9en des Musiques Juives<\/title>\n<meta name=\"robots\" content=\"index, follow, max-snippet:-1, max-image-preview:large, max-video-preview:-1\" \/>\n<link rel=\"canonical\" href=\"https:\/\/www.iemj.org\/es\/produit\/fernand-halphen-melodies-pour-piano-et-musique-de-chambre\/\" \/>\n<meta property=\"og:locale\" content=\"es_ES\" \/>\n<meta property=\"og:type\" content=\"article\" \/>\n<meta property=\"og:title\" content=\"Fernand Halphen - M\u00e9lodies pour piano et musique de chambre - Institut Europ\u00e9en des Musiques Juives\" \/>\n<meta property=\"og:description\" content=\"Pupil of Gabriel Faur\u00e9 and Jules Massenet, Second winner of the Grand Prix de Rome in 1896, Fernand Halphen (1872-1917 ) is the author of numerous melodies, pieces for piano and chamber music. This album\u00a0received the 2007 Orph\u00e9e d&#039;or for the best melody interpretation from the Acad\u00e9mie du Disque Lyrique.\" \/>\n<meta property=\"og:url\" content=\"https:\/\/www.iemj.org\/es\/produit\/fernand-halphen-melodies-pour-piano-et-musique-de-chambre\/\" \/>\n<meta property=\"og:site_name\" content=\"Institut Europ\u00e9en des Musiques Juives\" \/>\n<meta property=\"article:publisher\" content=\"https:\/\/www.facebook.com\/MusiquesJuives\/\" \/>\n<meta property=\"article:modified_time\" content=\"2021-09-12T17:01:35+00:00\" \/>\n<meta property=\"og:image\" content=\"https:\/\/www.iemj.org\/wp-content\/uploads\/2021\/07\/CD-PMJF-5.jpg\" \/>\n\t<meta property=\"og:image:width\" content=\"350\" \/>\n\t<meta property=\"og:image:height\" content=\"350\" \/>\n\t<meta property=\"og:image:type\" content=\"image\/jpeg\" \/>\n<meta name=\"twitter:card\" content=\"summary_large_image\" \/>\n<script type=\"application\/ld+json\" class=\"yoast-schema-graph\">{\"@context\":\"https:\\\/\\\/schema.org\",\"@graph\":[{\"@type\":\"WebPage\",\"@id\":\"https:\\\/\\\/www.iemj.org\\\/es\\\/produit\\\/fernand-halphen-melodies-pour-piano-et-musique-de-chambre\\\/\",\"url\":\"https:\\\/\\\/www.iemj.org\\\/es\\\/produit\\\/fernand-halphen-melodies-pour-piano-et-musique-de-chambre\\\/\",\"name\":\"Fernand Halphen - M\u00e9lodies pour piano et musique de chambre - Institut Europ\u00e9en des Musiques Juives\",\"isPartOf\":{\"@id\":\"https:\\\/\\\/www.iemj.org\\\/es\\\/#website\"},\"primaryImageOfPage\":{\"@id\":\"https:\\\/\\\/www.iemj.org\\\/es\\\/produit\\\/fernand-halphen-melodies-pour-piano-et-musique-de-chambre\\\/#primaryimage\"},\"image\":{\"@id\":\"https:\\\/\\\/www.iemj.org\\\/es\\\/produit\\\/fernand-halphen-melodies-pour-piano-et-musique-de-chambre\\\/#primaryimage\"},\"thumbnailUrl\":\"https:\\\/\\\/www.iemj.org\\\/wp-content\\\/uploads\\\/2021\\\/07\\\/CD-PMJF-5.jpg\",\"datePublished\":\"2015-02-28T10:25:24+00:00\",\"dateModified\":\"2021-09-12T17:01:35+00:00\",\"breadcrumb\":{\"@id\":\"https:\\\/\\\/www.iemj.org\\\/es\\\/produit\\\/fernand-halphen-melodies-pour-piano-et-musique-de-chambre\\\/#breadcrumb\"},\"inLanguage\":\"es\",\"potentialAction\":[{\"@type\":\"ReadAction\",\"target\":[\"https:\\\/\\\/www.iemj.org\\\/es\\\/produit\\\/fernand-halphen-melodies-pour-piano-et-musique-de-chambre\\\/\"]}]},{\"@type\":\"ImageObject\",\"inLanguage\":\"es\",\"@id\":\"https:\\\/\\\/www.iemj.org\\\/es\\\/produit\\\/fernand-halphen-melodies-pour-piano-et-musique-de-chambre\\\/#primaryimage\",\"url\":\"https:\\\/\\\/www.iemj.org\\\/wp-content\\\/uploads\\\/2021\\\/07\\\/CD-PMJF-5.jpg\",\"contentUrl\":\"https:\\\/\\\/www.iemj.org\\\/wp-content\\\/uploads\\\/2021\\\/07\\\/CD-PMJF-5.jpg\",\"width\":350,\"height\":350,\"caption\":\"COUV CD PMJF 5 - Fernand Halphen\"},{\"@type\":\"BreadcrumbList\",\"@id\":\"https:\\\/\\\/www.iemj.org\\\/es\\\/produit\\\/fernand-halphen-melodies-pour-piano-et-musique-de-chambre\\\/#breadcrumb\",\"itemListElement\":[{\"@type\":\"ListItem\",\"position\":1,\"name\":\"Accueil\",\"item\":\"https:\\\/\\\/www.iemj.org\\\/es\\\/\"},{\"@type\":\"ListItem\",\"position\":2,\"name\":\"Tienda\",\"item\":\"https:\\\/\\\/www.iemj.org\\\/es\\\/tienda\\\/\"},{\"@type\":\"ListItem\",\"position\":3,\"name\":\"Fernand Halphen &#8211; M\u00e9lodies pour piano et musique de chambre\"}]},{\"@type\":\"WebSite\",\"@id\":\"https:\\\/\\\/www.iemj.org\\\/es\\\/#website\",\"url\":\"https:\\\/\\\/www.iemj.org\\\/es\\\/\",\"name\":\"Institut Europ\u00e9en des Musiques Juives\",\"description\":\"Des traditions musicales \u00e0 la port\u00e9e de tous\",\"publisher\":{\"@id\":\"https:\\\/\\\/www.iemj.org\\\/es\\\/#organization\"},\"potentialAction\":[{\"@type\":\"SearchAction\",\"target\":{\"@type\":\"EntryPoint\",\"urlTemplate\":\"https:\\\/\\\/www.iemj.org\\\/es\\\/?s={search_term_string}\"},\"query-input\":{\"@type\":\"PropertyValueSpecification\",\"valueRequired\":true,\"valueName\":\"search_term_string\"}}],\"inLanguage\":\"es\"},{\"@type\":\"Organization\",\"@id\":\"https:\\\/\\\/www.iemj.org\\\/es\\\/#organization\",\"name\":\"Institut Europ\u00e9en des Musiques Juives\",\"url\":\"https:\\\/\\\/www.iemj.org\\\/es\\\/\",\"logo\":{\"@type\":\"ImageObject\",\"inLanguage\":\"es\",\"@id\":\"https:\\\/\\\/www.iemj.org\\\/es\\\/#\\\/schema\\\/logo\\\/image\\\/\",\"url\":\"https:\\\/\\\/www.iemj.org\\\/wp-content\\\/uploads\\\/2021\\\/09\\\/Logo-IEMJ-Paypal.jpg\",\"contentUrl\":\"https:\\\/\\\/www.iemj.org\\\/wp-content\\\/uploads\\\/2021\\\/09\\\/Logo-IEMJ-Paypal.jpg\",\"width\":150,\"height\":50,\"caption\":\"Institut Europ\u00e9en des Musiques Juives\"},\"image\":{\"@id\":\"https:\\\/\\\/www.iemj.org\\\/es\\\/#\\\/schema\\\/logo\\\/image\\\/\"},\"sameAs\":[\"https:\\\/\\\/www.facebook.com\\\/MusiquesJuives\\\/\",\"https:\\\/\\\/www.instagram.com\\\/musiquesjuives\\\/\",\"https:\\\/\\\/www.youtube.com\\\/user\\\/musiquesjuives\"]}]}<\/script>\n<!-- \/ Yoast SEO plugin. -->","yoast_head_json":{"title":"Fernand Halphen - M\u00e9lodies pour piano et musique de chambre - Institut Europ\u00e9en des Musiques Juives","robots":{"index":"index","follow":"follow","max-snippet":"max-snippet:-1","max-image-preview":"max-image-preview:large","max-video-preview":"max-video-preview:-1"},"canonical":"https:\/\/www.iemj.org\/es\/produit\/fernand-halphen-melodies-pour-piano-et-musique-de-chambre\/","og_locale":"es_ES","og_type":"article","og_title":"Fernand Halphen - M\u00e9lodies pour piano et musique de chambre - Institut Europ\u00e9en des Musiques Juives","og_description":"Pupil of Gabriel Faur\u00e9 and Jules Massenet, Second winner of the Grand Prix de Rome in 1896, Fernand Halphen (1872-1917 ) is the author of numerous melodies, pieces for piano and chamber music. This album\u00a0received the 2007 Orph\u00e9e d'or for the best melody interpretation from the Acad\u00e9mie du Disque Lyrique.","og_url":"https:\/\/www.iemj.org\/es\/produit\/fernand-halphen-melodies-pour-piano-et-musique-de-chambre\/","og_site_name":"Institut Europ\u00e9en des Musiques Juives","article_publisher":"https:\/\/www.facebook.com\/MusiquesJuives\/","article_modified_time":"2021-09-12T17:01:35+00:00","og_image":[{"width":350,"height":350,"url":"https:\/\/www.iemj.org\/wp-content\/uploads\/2021\/07\/CD-PMJF-5.jpg","type":"image\/jpeg"}],"twitter_card":"summary_large_image","schema":{"@context":"https:\/\/schema.org","@graph":[{"@type":"WebPage","@id":"https:\/\/www.iemj.org\/es\/produit\/fernand-halphen-melodies-pour-piano-et-musique-de-chambre\/","url":"https:\/\/www.iemj.org\/es\/produit\/fernand-halphen-melodies-pour-piano-et-musique-de-chambre\/","name":"Fernand Halphen - M\u00e9lodies pour piano et musique de chambre - Institut Europ\u00e9en des Musiques Juives","isPartOf":{"@id":"https:\/\/www.iemj.org\/es\/#website"},"primaryImageOfPage":{"@id":"https:\/\/www.iemj.org\/es\/produit\/fernand-halphen-melodies-pour-piano-et-musique-de-chambre\/#primaryimage"},"image":{"@id":"https:\/\/www.iemj.org\/es\/produit\/fernand-halphen-melodies-pour-piano-et-musique-de-chambre\/#primaryimage"},"thumbnailUrl":"https:\/\/www.iemj.org\/wp-content\/uploads\/2021\/07\/CD-PMJF-5.jpg","datePublished":"2015-02-28T10:25:24+00:00","dateModified":"2021-09-12T17:01:35+00:00","breadcrumb":{"@id":"https:\/\/www.iemj.org\/es\/produit\/fernand-halphen-melodies-pour-piano-et-musique-de-chambre\/#breadcrumb"},"inLanguage":"es","potentialAction":[{"@type":"ReadAction","target":["https:\/\/www.iemj.org\/es\/produit\/fernand-halphen-melodies-pour-piano-et-musique-de-chambre\/"]}]},{"@type":"ImageObject","inLanguage":"es","@id":"https:\/\/www.iemj.org\/es\/produit\/fernand-halphen-melodies-pour-piano-et-musique-de-chambre\/#primaryimage","url":"https:\/\/www.iemj.org\/wp-content\/uploads\/2021\/07\/CD-PMJF-5.jpg","contentUrl":"https:\/\/www.iemj.org\/wp-content\/uploads\/2021\/07\/CD-PMJF-5.jpg","width":350,"height":350,"caption":"COUV CD PMJF 5 - Fernand Halphen"},{"@type":"BreadcrumbList","@id":"https:\/\/www.iemj.org\/es\/produit\/fernand-halphen-melodies-pour-piano-et-musique-de-chambre\/#breadcrumb","itemListElement":[{"@type":"ListItem","position":1,"name":"Accueil","item":"https:\/\/www.iemj.org\/es\/"},{"@type":"ListItem","position":2,"name":"Tienda","item":"https:\/\/www.iemj.org\/es\/tienda\/"},{"@type":"ListItem","position":3,"name":"Fernand Halphen &#8211; M\u00e9lodies pour piano et musique de chambre"}]},{"@type":"WebSite","@id":"https:\/\/www.iemj.org\/es\/#website","url":"https:\/\/www.iemj.org\/es\/","name":"Institut Europ\u00e9en des Musiques Juives","description":"Des traditions musicales \u00e0 la port\u00e9e de tous","publisher":{"@id":"https:\/\/www.iemj.org\/es\/#organization"},"potentialAction":[{"@type":"SearchAction","target":{"@type":"EntryPoint","urlTemplate":"https:\/\/www.iemj.org\/es\/?s={search_term_string}"},"query-input":{"@type":"PropertyValueSpecification","valueRequired":true,"valueName":"search_term_string"}}],"inLanguage":"es"},{"@type":"Organization","@id":"https:\/\/www.iemj.org\/es\/#organization","name":"Institut Europ\u00e9en des Musiques Juives","url":"https:\/\/www.iemj.org\/es\/","logo":{"@type":"ImageObject","inLanguage":"es","@id":"https:\/\/www.iemj.org\/es\/#\/schema\/logo\/image\/","url":"https:\/\/www.iemj.org\/wp-content\/uploads\/2021\/09\/Logo-IEMJ-Paypal.jpg","contentUrl":"https:\/\/www.iemj.org\/wp-content\/uploads\/2021\/09\/Logo-IEMJ-Paypal.jpg","width":150,"height":50,"caption":"Institut Europ\u00e9en des Musiques Juives"},"image":{"@id":"https:\/\/www.iemj.org\/es\/#\/schema\/logo\/image\/"},"sameAs":["https:\/\/www.facebook.com\/MusiquesJuives\/","https:\/\/www.instagram.com\/musiquesjuives\/","https:\/\/www.youtube.com\/user\/musiquesjuives"]}]}},"_links":{"self":[{"href":"https:\/\/www.iemj.org\/es\/wp-json\/wp\/v2\/product\/56968","targetHints":{"allow":["GET"]}}],"collection":[{"href":"https:\/\/www.iemj.org\/es\/wp-json\/wp\/v2\/product"}],"about":[{"href":"https:\/\/www.iemj.org\/es\/wp-json\/wp\/v2\/types\/product"}],"replies":[{"embeddable":true,"href":"https:\/\/www.iemj.org\/es\/wp-json\/wp\/v2\/comments?post=56968"}],"wp:featuredmedia":[{"embeddable":true,"href":"https:\/\/www.iemj.org\/es\/wp-json\/wp\/v2\/media\/56813"}],"wp:attachment":[{"href":"https:\/\/www.iemj.org\/es\/wp-json\/wp\/v2\/media?parent=56968"}],"wp:term":[{"taxonomy":"product_brand","embeddable":true,"href":"https:\/\/www.iemj.org\/es\/wp-json\/wp\/v2\/product_brand?post=56968"},{"taxonomy":"product_cat","embeddable":true,"href":"https:\/\/www.iemj.org\/es\/wp-json\/wp\/v2\/product_cat?post=56968"},{"taxonomy":"product_tag","embeddable":true,"href":"https:\/\/www.iemj.org\/es\/wp-json\/wp\/v2\/product_tag?post=56968"}],"curies":[{"name":"wp","href":"https:\/\/api.w.org\/{rel}","templated":true}]}}