{"id":40521,"date":"2021-05-14T11:52:49","date_gmt":"2021-05-14T09:52:49","guid":{"rendered":"https:\/\/www.iemj.org\/?page_id=40521"},"modified":"2023-12-19T14:23:27","modified_gmt":"2023-12-19T13:23:27","slug":"catalogo-delle-collezioni-2","status":"publish","type":"page","link":"https:\/\/www.iemj.org\/it\/le-collezioni\/catalogo-delle-collezioni-2\/","title":{"rendered":"Catalogo delle collezioni"},"content":{"rendered":"<p><strong>Scoprite migliaia di documenti (audio, video, foto, spartiti, libri, ecc.) nel catalogo IEMJ.<\/strong><\/p>\n<p><a href=\"http:\/\/www.rachelnet.net\/F\/?func=file&amp;file_name=find-b&amp;local_base=rebie&amp;con_lng=eng\" target=\"_blank\" rel=\"noopener\">Le collezioni dell&#8217;Istituto europeo di musiche Ebraiche possono essere consultate su Rachel<\/a>, la Rete europea delle biblioteche di Judaica e Hebraica, un polo associato alla BNF, che raggruppa le principali biblioteche ebraiche francesi (la biblioteca dell&#8217;Alliance Isra\u00e9lite Universelle, la Maison de la Culture Yiddish, il S\u00e9minaire Isra\u00e9lite de France, la mediateca del Mus\u00e9e d&#8217;Art et d&#8217;Histoire du Juda\u00efsme, ecc.)<\/p>\n<p>Sul nostro <a href=\"http:\/\/www.rachelnet.net\/F\/?func=file&amp;file_name=find-b&amp;local_base=rebie&amp;con_lng=eng\" target=\"_blank\" rel=\"noopener\">catalogo online<\/a> \u00e8 possibile effettuare due tipi di ricerca: <strong>semplice<\/strong> o <strong>multi-criterio<\/strong> ed accedere a migliaia di documenti.<\/p>\n\n\n<div class=\"wp-block-buttons is-content-justification-center is-layout-flex wp-container-core-buttons-is-layout-16018d1d wp-block-buttons-is-layout-flex\">\n<div class=\"wp-block-button\"><a class=\"wp-block-button__link has-white-color has-text-color has-background wp-element-button\" style=\"background-color:#3c4b98\"><strong>Consultare il catalogo<\/strong><\/a><\/div>\n<\/div>\n\n\n\n<hr class=\"wp-block-separator has-alpha-channel-opacity\"\/>\n\n\n\n<div data-wp-interactive=\"core\/file\" class=\"wp-block-file\"><object data-wp-bind--hidden=\"!state.hasPdfPreview\" hidden class=\"wp-block-file__embed\" data=\"https:\/\/www.iemj.org\/wp-content\/uploads\/2022\/12\/User-Guide-for-using-the-EIJMs-Catalogue.pdf\" type=\"application\/pdf\" style=\"width:100%;height:600px\" aria-label=\"Incorporamento di User-Guide-for-using-the-EIJMs-Catalogue.\"><\/object><a id=\"wp-block-file--media-8b1ee92c-81fe-400d-a4f9-6c6c5aaf53ea\" href=\"https:\/\/www.iemj.org\/wp-content\/uploads\/2022\/12\/User-Guide-for-using-the-EIJMs-Catalogue.pdf\">User-Guide-for-using-the-EIJMs-Catalogue<\/a><a href=\"https:\/\/www.iemj.org\/wp-content\/uploads\/2022\/12\/User-Guide-for-using-the-EIJMs-Catalogue.pdf\" class=\"wp-block-file__button wp-element-button\" download aria-describedby=\"wp-block-file--media-8b1ee92c-81fe-400d-a4f9-6c6c5aaf53ea\">Scaricare<\/a><\/div>\n","protected":false},"excerpt":{"rendered":"<p>Scoprite migliaia di documenti (audio, video, foto, spartiti, libri, ecc.) nel catalogo IEMJ. Le collezioni dell&#8217;Istituto europeo di musiche Ebraiche possono essere consultate su Rachel, la Rete europea delle biblioteche<\/p>\n","protected":false},"author":1045,"featured_media":91394,"parent":40506,"menu_order":2,"comment_status":"closed","ping_status":"closed","template":"","meta":{"_acf_changed":false,"footnotes":""},"categories":[1559],"tags":[],"class_list":["post-40521","page","type-page","status-publish","has-post-thumbnail","hentry","category-le-collezioni-it"],"acf":[],"yoast_head":"<!-- This site is optimized with the Yoast SEO plugin v27.3 - https:\/\/yoast.com\/product\/yoast-seo-wordpress\/ -->\n<title>Catalogo delle collezioni - Institut Europ\u00e9en des Musiques Juives<\/title>\n<meta name=\"robots\" content=\"index, follow, max-snippet:-1, max-image-preview:large, max-video-preview:-1\" \/>\n<link rel=\"canonical\" href=\"https:\/\/www.iemj.org\/it\/le-collezioni\/catalogo-delle-collezioni-2\/\" \/>\n<meta property=\"og:locale\" content=\"it_IT\" \/>\n<meta property=\"og:type\" content=\"article\" \/>\n<meta property=\"og:title\" content=\"Catalogo delle collezioni - Institut Europ\u00e9en des Musiques Juives\" \/>\n<meta property=\"og:description\" content=\"Scoprite migliaia di documenti (audio, video, foto, spartiti, libri, ecc.) nel catalogo IEMJ. Le collezioni dell&#8217;Istituto europeo di musiche Ebraiche possono essere consultate su Rachel, la Rete europea delle biblioteche\" \/>\n<meta property=\"og:url\" content=\"https:\/\/www.iemj.org\/it\/le-collezioni\/catalogo-delle-collezioni-2\/\" \/>\n<meta property=\"og:site_name\" content=\"Institut Europ\u00e9en des Musiques Juives\" \/>\n<meta property=\"article:publisher\" content=\"https:\/\/www.facebook.com\/MusiquesJuives\/\" \/>\n<meta property=\"article:modified_time\" content=\"2023-12-19T13:23:27+00:00\" \/>\n<meta property=\"og:image\" content=\"https:\/\/www.iemj.org\/wp-content\/uploads\/2022\/12\/Logo-Catalogue-des-colletions.jpg\" \/>\n\t<meta property=\"og:image:width\" content=\"377\" \/>\n\t<meta property=\"og:image:height\" content=\"379\" \/>\n\t<meta property=\"og:image:type\" content=\"image\/jpeg\" \/>\n<meta name=\"twitter:card\" content=\"summary_large_image\" \/>\n<meta name=\"twitter:label1\" content=\"Tempo di lettura stimato\" \/>\n\t<meta name=\"twitter:data1\" content=\"1 minuto\" \/>\n<script type=\"application\/ld+json\" class=\"yoast-schema-graph\">{\"@context\":\"https:\\\/\\\/schema.org\",\"@graph\":[{\"@type\":\"WebPage\",\"@id\":\"https:\\\/\\\/www.iemj.org\\\/it\\\/le-collezioni\\\/catalogo-delle-collezioni-2\\\/\",\"url\":\"https:\\\/\\\/www.iemj.org\\\/it\\\/le-collezioni\\\/catalogo-delle-collezioni-2\\\/\",\"name\":\"Catalogo delle collezioni - Institut Europ\u00e9en des Musiques Juives\",\"isPartOf\":{\"@id\":\"https:\\\/\\\/www.iemj.org\\\/it\\\/#website\"},\"primaryImageOfPage\":{\"@id\":\"https:\\\/\\\/www.iemj.org\\\/it\\\/le-collezioni\\\/catalogo-delle-collezioni-2\\\/#primaryimage\"},\"image\":{\"@id\":\"https:\\\/\\\/www.iemj.org\\\/it\\\/le-collezioni\\\/catalogo-delle-collezioni-2\\\/#primaryimage\"},\"thumbnailUrl\":\"https:\\\/\\\/www.iemj.org\\\/wp-content\\\/uploads\\\/2022\\\/12\\\/Logo-Catalogue-des-colletions.jpg\",\"datePublished\":\"2021-05-14T09:52:49+00:00\",\"dateModified\":\"2023-12-19T13:23:27+00:00\",\"breadcrumb\":{\"@id\":\"https:\\\/\\\/www.iemj.org\\\/it\\\/le-collezioni\\\/catalogo-delle-collezioni-2\\\/#breadcrumb\"},\"inLanguage\":\"it-IT\",\"potentialAction\":[{\"@type\":\"ReadAction\",\"target\":[\"https:\\\/\\\/www.iemj.org\\\/it\\\/le-collezioni\\\/catalogo-delle-collezioni-2\\\/\"]}]},{\"@type\":\"ImageObject\",\"inLanguage\":\"it-IT\",\"@id\":\"https:\\\/\\\/www.iemj.org\\\/it\\\/le-collezioni\\\/catalogo-delle-collezioni-2\\\/#primaryimage\",\"url\":\"https:\\\/\\\/www.iemj.org\\\/wp-content\\\/uploads\\\/2022\\\/12\\\/Logo-Catalogue-des-colletions.jpg\",\"contentUrl\":\"https:\\\/\\\/www.iemj.org\\\/wp-content\\\/uploads\\\/2022\\\/12\\\/Logo-Catalogue-des-colletions.jpg\",\"width\":377,\"height\":379},{\"@type\":\"BreadcrumbList\",\"@id\":\"https:\\\/\\\/www.iemj.org\\\/it\\\/le-collezioni\\\/catalogo-delle-collezioni-2\\\/#breadcrumb\",\"itemListElement\":[{\"@type\":\"ListItem\",\"position\":1,\"name\":\"Accueil\",\"item\":\"https:\\\/\\\/www.iemj.org\\\/it\\\/\"},{\"@type\":\"ListItem\",\"position\":2,\"name\":\"Le collezioni\",\"item\":\"https:\\\/\\\/www.iemj.org\\\/it\\\/le-collezioni\\\/\"},{\"@type\":\"ListItem\",\"position\":3,\"name\":\"Catalogo delle collezioni\"}]},{\"@type\":\"WebSite\",\"@id\":\"https:\\\/\\\/www.iemj.org\\\/it\\\/#website\",\"url\":\"https:\\\/\\\/www.iemj.org\\\/it\\\/\",\"name\":\"Institut Europ\u00e9en des Musiques Juives\",\"description\":\"Des traditions musicales \u00e0 la port\u00e9e de tous\",\"publisher\":{\"@id\":\"https:\\\/\\\/www.iemj.org\\\/it\\\/#organization\"},\"potentialAction\":[{\"@type\":\"SearchAction\",\"target\":{\"@type\":\"EntryPoint\",\"urlTemplate\":\"https:\\\/\\\/www.iemj.org\\\/it\\\/?s={search_term_string}\"},\"query-input\":{\"@type\":\"PropertyValueSpecification\",\"valueRequired\":true,\"valueName\":\"search_term_string\"}}],\"inLanguage\":\"it-IT\"},{\"@type\":\"Organization\",\"@id\":\"https:\\\/\\\/www.iemj.org\\\/it\\\/#organization\",\"name\":\"Institut Europ\u00e9en des Musiques Juives\",\"url\":\"https:\\\/\\\/www.iemj.org\\\/it\\\/\",\"logo\":{\"@type\":\"ImageObject\",\"inLanguage\":\"it-IT\",\"@id\":\"https:\\\/\\\/www.iemj.org\\\/it\\\/#\\\/schema\\\/logo\\\/image\\\/\",\"url\":\"https:\\\/\\\/www.iemj.org\\\/wp-content\\\/uploads\\\/2021\\\/09\\\/Logo-IEMJ-Paypal.jpg\",\"contentUrl\":\"https:\\\/\\\/www.iemj.org\\\/wp-content\\\/uploads\\\/2021\\\/09\\\/Logo-IEMJ-Paypal.jpg\",\"width\":150,\"height\":50,\"caption\":\"Institut Europ\u00e9en des Musiques Juives\"},\"image\":{\"@id\":\"https:\\\/\\\/www.iemj.org\\\/it\\\/#\\\/schema\\\/logo\\\/image\\\/\"},\"sameAs\":[\"https:\\\/\\\/www.facebook.com\\\/MusiquesJuives\\\/\",\"https:\\\/\\\/www.instagram.com\\\/musiquesjuives\\\/\",\"https:\\\/\\\/www.youtube.com\\\/user\\\/musiquesjuives\"]}]}<\/script>\n<!-- \/ Yoast SEO plugin. -->","yoast_head_json":{"title":"Catalogo delle collezioni - Institut Europ\u00e9en des Musiques Juives","robots":{"index":"index","follow":"follow","max-snippet":"max-snippet:-1","max-image-preview":"max-image-preview:large","max-video-preview":"max-video-preview:-1"},"canonical":"https:\/\/www.iemj.org\/it\/le-collezioni\/catalogo-delle-collezioni-2\/","og_locale":"it_IT","og_type":"article","og_title":"Catalogo delle collezioni - Institut Europ\u00e9en des Musiques Juives","og_description":"Scoprite migliaia di documenti (audio, video, foto, spartiti, libri, ecc.) nel catalogo IEMJ. Le collezioni dell&#8217;Istituto europeo di musiche Ebraiche possono essere consultate su Rachel, la Rete europea delle biblioteche","og_url":"https:\/\/www.iemj.org\/it\/le-collezioni\/catalogo-delle-collezioni-2\/","og_site_name":"Institut Europ\u00e9en des Musiques Juives","article_publisher":"https:\/\/www.facebook.com\/MusiquesJuives\/","article_modified_time":"2023-12-19T13:23:27+00:00","og_image":[{"width":377,"height":379,"url":"https:\/\/www.iemj.org\/wp-content\/uploads\/2022\/12\/Logo-Catalogue-des-colletions.jpg","type":"image\/jpeg"}],"twitter_card":"summary_large_image","twitter_misc":{"Tempo di lettura stimato":"1 minuto"},"schema":{"@context":"https:\/\/schema.org","@graph":[{"@type":"WebPage","@id":"https:\/\/www.iemj.org\/it\/le-collezioni\/catalogo-delle-collezioni-2\/","url":"https:\/\/www.iemj.org\/it\/le-collezioni\/catalogo-delle-collezioni-2\/","name":"Catalogo delle collezioni - Institut Europ\u00e9en des Musiques Juives","isPartOf":{"@id":"https:\/\/www.iemj.org\/it\/#website"},"primaryImageOfPage":{"@id":"https:\/\/www.iemj.org\/it\/le-collezioni\/catalogo-delle-collezioni-2\/#primaryimage"},"image":{"@id":"https:\/\/www.iemj.org\/it\/le-collezioni\/catalogo-delle-collezioni-2\/#primaryimage"},"thumbnailUrl":"https:\/\/www.iemj.org\/wp-content\/uploads\/2022\/12\/Logo-Catalogue-des-colletions.jpg","datePublished":"2021-05-14T09:52:49+00:00","dateModified":"2023-12-19T13:23:27+00:00","breadcrumb":{"@id":"https:\/\/www.iemj.org\/it\/le-collezioni\/catalogo-delle-collezioni-2\/#breadcrumb"},"inLanguage":"it-IT","potentialAction":[{"@type":"ReadAction","target":["https:\/\/www.iemj.org\/it\/le-collezioni\/catalogo-delle-collezioni-2\/"]}]},{"@type":"ImageObject","inLanguage":"it-IT","@id":"https:\/\/www.iemj.org\/it\/le-collezioni\/catalogo-delle-collezioni-2\/#primaryimage","url":"https:\/\/www.iemj.org\/wp-content\/uploads\/2022\/12\/Logo-Catalogue-des-colletions.jpg","contentUrl":"https:\/\/www.iemj.org\/wp-content\/uploads\/2022\/12\/Logo-Catalogue-des-colletions.jpg","width":377,"height":379},{"@type":"BreadcrumbList","@id":"https:\/\/www.iemj.org\/it\/le-collezioni\/catalogo-delle-collezioni-2\/#breadcrumb","itemListElement":[{"@type":"ListItem","position":1,"name":"Accueil","item":"https:\/\/www.iemj.org\/it\/"},{"@type":"ListItem","position":2,"name":"Le collezioni","item":"https:\/\/www.iemj.org\/it\/le-collezioni\/"},{"@type":"ListItem","position":3,"name":"Catalogo delle collezioni"}]},{"@type":"WebSite","@id":"https:\/\/www.iemj.org\/it\/#website","url":"https:\/\/www.iemj.org\/it\/","name":"Institut Europ\u00e9en des Musiques Juives","description":"Des traditions musicales \u00e0 la port\u00e9e de tous","publisher":{"@id":"https:\/\/www.iemj.org\/it\/#organization"},"potentialAction":[{"@type":"SearchAction","target":{"@type":"EntryPoint","urlTemplate":"https:\/\/www.iemj.org\/it\/?s={search_term_string}"},"query-input":{"@type":"PropertyValueSpecification","valueRequired":true,"valueName":"search_term_string"}}],"inLanguage":"it-IT"},{"@type":"Organization","@id":"https:\/\/www.iemj.org\/it\/#organization","name":"Institut Europ\u00e9en des Musiques Juives","url":"https:\/\/www.iemj.org\/it\/","logo":{"@type":"ImageObject","inLanguage":"it-IT","@id":"https:\/\/www.iemj.org\/it\/#\/schema\/logo\/image\/","url":"https:\/\/www.iemj.org\/wp-content\/uploads\/2021\/09\/Logo-IEMJ-Paypal.jpg","contentUrl":"https:\/\/www.iemj.org\/wp-content\/uploads\/2021\/09\/Logo-IEMJ-Paypal.jpg","width":150,"height":50,"caption":"Institut Europ\u00e9en des Musiques Juives"},"image":{"@id":"https:\/\/www.iemj.org\/it\/#\/schema\/logo\/image\/"},"sameAs":["https:\/\/www.facebook.com\/MusiquesJuives\/","https:\/\/www.instagram.com\/musiquesjuives\/","https:\/\/www.youtube.com\/user\/musiquesjuives"]}]}},"_links":{"self":[{"href":"https:\/\/www.iemj.org\/it\/wp-json\/wp\/v2\/pages\/40521","targetHints":{"allow":["GET"]}}],"collection":[{"href":"https:\/\/www.iemj.org\/it\/wp-json\/wp\/v2\/pages"}],"about":[{"href":"https:\/\/www.iemj.org\/it\/wp-json\/wp\/v2\/types\/page"}],"author":[{"embeddable":true,"href":"https:\/\/www.iemj.org\/it\/wp-json\/wp\/v2\/users\/1045"}],"replies":[{"embeddable":true,"href":"https:\/\/www.iemj.org\/it\/wp-json\/wp\/v2\/comments?post=40521"}],"version-history":[{"count":0,"href":"https:\/\/www.iemj.org\/it\/wp-json\/wp\/v2\/pages\/40521\/revisions"}],"up":[{"embeddable":true,"href":"https:\/\/www.iemj.org\/it\/wp-json\/wp\/v2\/pages\/40506"}],"wp:featuredmedia":[{"embeddable":true,"href":"https:\/\/www.iemj.org\/it\/wp-json\/wp\/v2\/media\/91394"}],"wp:attachment":[{"href":"https:\/\/www.iemj.org\/it\/wp-json\/wp\/v2\/media?parent=40521"}],"wp:term":[{"taxonomy":"category","embeddable":true,"href":"https:\/\/www.iemj.org\/it\/wp-json\/wp\/v2\/categories?post=40521"},{"taxonomy":"post_tag","embeddable":true,"href":"https:\/\/www.iemj.org\/it\/wp-json\/wp\/v2\/tags?post=40521"}],"curies":[{"name":"wp","href":"https:\/\/api.w.org\/{rel}","templated":true}]}}