{"id":50671,"date":"2018-10-23T11:27:36","date_gmt":"2018-10-23T09:27:36","guid":{"rendered":"https:\/\/www.iemj.org\/produit\/itai-daniel-mahzor-hayim\/"},"modified":"2025-07-01T00:00:18","modified_gmt":"2025-06-30T22:00:18","slug":"itai-daniel-mahzor-hayim","status":"publish","type":"product","link":"https:\/\/www.iemj.org\/it\/produit\/itai-daniel-mahzor-hayim\/","title":{"rendered":"Ita\u00ef Daniel &#8211; Mahzor Hayim"},"content":{"rendered":"<p><em>Few are the composers who devote a major part of their work to Jewish liturgical music. Itai Daniel, the French-Israeli\u00a0pianist, orchestra conductor and composer, is one of them.<\/em><\/p>\n<p><em>After important musical studies in Israel and the USA, <\/em><em>Itai Daniel settled in Paris to devote himself to composing. In 2009, <\/em><em>Itai<\/em><em> Daniel was hired as the conductor of the Copernic Choral Ensemble in Paris, now recognized as one of the best Jewish choirs in Europe.<\/em><\/p>\n<p><em>Author of numerous works, his music oscillates between classicism and modernity, in a unique blend that gives it a very special flavor. Much of his work is related to vocal music of Jewish inspiration. His choral compositions include prayers such as <\/em>Hashkiveinu<em>, <\/em>Hevenu Shalom Aleichem<em>, <\/em>Shalom Rav<em>, <\/em>Kaddish<em>, <\/em>Oseh Shalom, \u2026 <em>He has also composed three important cantatas for choir:<\/em> Machzor Chayim<em> (2006),\u00a0<\/em>Shema Koleinu<em> (2007)\u00a0and<\/em> Bereshit <em>(2008), as well as over twenty melodies for voice and piano solo from Jewish melodies.<\/em><\/p>\n<p><em>This unique record, performed by <\/em>Ita\u00ef Daniel, Anne-Sophie Durand, Aviva Timonier, Yska Benzakoun, Thomas Macfarlane, Fran\u00e7ois Olivier, <em>and the<\/em> Francis Bardot <em>Choirs leads us into the deepest part of the Jewish soul<\/em><\/p>\n<p>Extraits :<\/p>\n<p>01 &#8211; Ma Tovou Ohaleiha Ya\u2019akov<\/p>\n<audio class=\"wp-audio-shortcode\" id=\"audio-50671-1\" preload=\"none\" style=\"width: 100%;\" controls=\"controls\"><source type=\"audio\/mpeg\" src=\"https:\/\/www.iemj.org\/wp-content\/uploads\/2018\/10\/01_ma_tovou_ohaleiha_yaakov-2.mp3?_=1\" \/><a href=\"https:\/\/www.iemj.org\/wp-content\/uploads\/2018\/10\/01_ma_tovou_ohaleiha_yaakov-2.mp3\">https:\/\/www.iemj.org\/wp-content\/uploads\/2018\/10\/01_ma_tovou_ohaleiha_yaakov-2.mp3<\/a><\/audio>\n<p>02 &#8211; Adon Olam<\/p>\n<audio class=\"wp-audio-shortcode\" id=\"audio-50671-2\" preload=\"none\" style=\"width: 100%;\" controls=\"controls\"><source type=\"audio\/mpeg\" src=\"https:\/\/www.iemj.org\/wp-content\/uploads\/2018\/10\/02_adon_olam-2.mp3?_=2\" \/><a href=\"https:\/\/www.iemj.org\/wp-content\/uploads\/2018\/10\/02_adon_olam-2.mp3\">https:\/\/www.iemj.org\/wp-content\/uploads\/2018\/10\/02_adon_olam-2.mp3<\/a><\/audio>\n<p>03 &#8211; Kedousha<\/p>\n<audio class=\"wp-audio-shortcode\" id=\"audio-50671-3\" preload=\"none\" style=\"width: 100%;\" controls=\"controls\"><source type=\"audio\/mpeg\" src=\"https:\/\/www.iemj.org\/wp-content\/uploads\/2018\/10\/03_kedousha-2.mp3?_=3\" \/><a href=\"https:\/\/www.iemj.org\/wp-content\/uploads\/2018\/10\/03_kedousha-2.mp3\">https:\/\/www.iemj.org\/wp-content\/uploads\/2018\/10\/03_kedousha-2.mp3<\/a><\/audio>\n<p>04 &#8211; Shema<\/p>\n<audio class=\"wp-audio-shortcode\" id=\"audio-50671-4\" preload=\"none\" style=\"width: 100%;\" controls=\"controls\"><source type=\"audio\/mpeg\" src=\"https:\/\/www.iemj.org\/wp-content\/uploads\/2018\/10\/04_shema-2.mp3?_=4\" \/><a href=\"https:\/\/www.iemj.org\/wp-content\/uploads\/2018\/10\/04_shema-2.mp3\">https:\/\/www.iemj.org\/wp-content\/uploads\/2018\/10\/04_shema-2.mp3<\/a><\/audio>\n<p>05 &#8211; Kaddish<\/p>\n<audio class=\"wp-audio-shortcode\" id=\"audio-50671-5\" preload=\"none\" style=\"width: 100%;\" controls=\"controls\"><source type=\"audio\/mpeg\" src=\"https:\/\/www.iemj.org\/wp-content\/uploads\/2018\/10\/05_kaddish-2.mp3?_=5\" \/><a href=\"https:\/\/www.iemj.org\/wp-content\/uploads\/2018\/10\/05_kaddish-2.mp3\">https:\/\/www.iemj.org\/wp-content\/uploads\/2018\/10\/05_kaddish-2.mp3<\/a><\/audio>\n<p>06 &#8211; El Mal\u00e9 Rahamim<\/p>\n<audio class=\"wp-audio-shortcode\" id=\"audio-50671-6\" preload=\"none\" style=\"width: 100%;\" controls=\"controls\"><source type=\"audio\/mpeg\" src=\"https:\/\/www.iemj.org\/wp-content\/uploads\/2018\/10\/06_el_male_rahamim.mp3?_=6\" \/><a href=\"https:\/\/www.iemj.org\/wp-content\/uploads\/2018\/10\/06_el_male_rahamim.mp3\">https:\/\/www.iemj.org\/wp-content\/uploads\/2018\/10\/06_el_male_rahamim.mp3<\/a><\/audio>\n<p>07 &#8211; Oss\u00e9 Shalom Bimromav<\/p>\n<audio class=\"wp-audio-shortcode\" id=\"audio-50671-7\" preload=\"none\" style=\"width: 100%;\" controls=\"controls\"><source type=\"audio\/mpeg\" src=\"https:\/\/www.iemj.org\/wp-content\/uploads\/2018\/10\/07_osse_shalom_bimromav.mp3?_=7\" \/><a href=\"https:\/\/www.iemj.org\/wp-content\/uploads\/2018\/10\/07_osse_shalom_bimromav.mp3\">https:\/\/www.iemj.org\/wp-content\/uploads\/2018\/10\/07_osse_shalom_bimromav.mp3<\/a><\/audio>\n<p>08 &#8211; \u00c9l\u00e9gie pour violoncelle et piano<\/p>\n<audio class=\"wp-audio-shortcode\" id=\"audio-50671-8\" preload=\"none\" style=\"width: 100%;\" controls=\"controls\"><source type=\"audio\/mpeg\" src=\"https:\/\/www.iemj.org\/wp-content\/uploads\/2018\/10\/08_elegie_pour_violoncelle_et_piano.mp3?_=8\" \/><a href=\"https:\/\/www.iemj.org\/wp-content\/uploads\/2018\/10\/08_elegie_pour_violoncelle_et_piano.mp3\">https:\/\/www.iemj.org\/wp-content\/uploads\/2018\/10\/08_elegie_pour_violoncelle_et_piano.mp3<\/a><\/audio>\n<p>09 &#8211; Shema Koleinou<\/p>\n<audio class=\"wp-audio-shortcode\" id=\"audio-50671-9\" preload=\"none\" style=\"width: 100%;\" controls=\"controls\"><source type=\"audio\/mpeg\" src=\"https:\/\/www.iemj.org\/wp-content\/uploads\/2018\/10\/09_shema_koleinou-2.mp3?_=9\" \/><a href=\"https:\/\/www.iemj.org\/wp-content\/uploads\/2018\/10\/09_shema_koleinou-2.mp3\">https:\/\/www.iemj.org\/wp-content\/uploads\/2018\/10\/09_shema_koleinou-2.mp3<\/a><\/audio>\n<p>10 &#8211; Lakol Zman veEt<\/p>\n<audio class=\"wp-audio-shortcode\" id=\"audio-50671-10\" preload=\"none\" style=\"width: 100%;\" controls=\"controls\"><source type=\"audio\/mpeg\" src=\"https:\/\/www.iemj.org\/wp-content\/uploads\/2018\/10\/10_lakol_zman_veet-2.mp3?_=10\" \/><a href=\"https:\/\/www.iemj.org\/wp-content\/uploads\/2018\/10\/10_lakol_zman_veet-2.mp3\">https:\/\/www.iemj.org\/wp-content\/uploads\/2018\/10\/10_lakol_zman_veet-2.mp3<\/a><\/audio>\n<p>11 &#8211; Vaykhoulou haShamayim<\/p>\n<audio class=\"wp-audio-shortcode\" id=\"audio-50671-11\" preload=\"none\" style=\"width: 100%;\" controls=\"controls\"><source type=\"audio\/mpeg\" src=\"https:\/\/www.iemj.org\/wp-content\/uploads\/2018\/10\/11_vaykhoulou_hashamayim-2.mp3?_=11\" \/><a href=\"https:\/\/www.iemj.org\/wp-content\/uploads\/2018\/10\/11_vaykhoulou_hashamayim-2.mp3\">https:\/\/www.iemj.org\/wp-content\/uploads\/2018\/10\/11_vaykhoulou_hashamayim-2.mp3<\/a><\/audio>\n<p>12 &#8211; Hashkiveinou<\/p>\n<audio class=\"wp-audio-shortcode\" id=\"audio-50671-12\" preload=\"none\" style=\"width: 100%;\" controls=\"controls\"><source type=\"audio\/mpeg\" src=\"https:\/\/www.iemj.org\/wp-content\/uploads\/2018\/10\/12_hashkiveinou-2.mp3?_=12\" \/><a href=\"https:\/\/www.iemj.org\/wp-content\/uploads\/2018\/10\/12_hashkiveinou-2.mp3\">https:\/\/www.iemj.org\/wp-content\/uploads\/2018\/10\/12_hashkiveinou-2.mp3<\/a><\/audio>\n","protected":false},"excerpt":{"rendered":"<p><em>A French-Israeli pianist, conductor and composer, Itai Daniel is the author of an inspired and sensitive jewish musical opus, revealed by this CD. A unique discovery !<\/em><\/p>\n","protected":false},"featured_media":50689,"comment_status":"open","ping_status":"closed","template":"","meta":{"_acf_changed":false},"product_brand":[],"product_cat":[1992,2311,2302,2324],"product_tag":[],"class_list":{"0":"post-50671","1":"product","2":"type-product","3":"status-publish","4":"has-post-thumbnail","6":"product_cat-cd-it","7":"product_cat-collezione-classici","8":"product_cat-edizioni-delliemj-it","9":"product_cat-musica-classica-cd-it","10":"pa_musique-album-fisico-it","11":"pa_musique-album-scaricabile-it","13":"first","14":"instock","15":"shipping-taxable","16":"purchasable","17":"product-type-variable"},"acf":[],"yoast_head":"<!-- This site is optimized with the Yoast SEO plugin v27.3 - https:\/\/yoast.com\/product\/yoast-seo-wordpress\/ -->\n<title>Ita\u00ef Daniel - Mahzor Hayim - Institut Europ\u00e9en des Musiques Juives<\/title>\n<meta name=\"robots\" content=\"index, follow, max-snippet:-1, max-image-preview:large, max-video-preview:-1\" \/>\n<link rel=\"canonical\" href=\"https:\/\/www.iemj.org\/it\/produit\/itai-daniel-mahzor-hayim\/\" \/>\n<meta property=\"og:locale\" content=\"it_IT\" \/>\n<meta property=\"og:type\" content=\"article\" \/>\n<meta property=\"og:title\" content=\"Ita\u00ef Daniel - Mahzor Hayim - Institut Europ\u00e9en des Musiques Juives\" \/>\n<meta property=\"og:description\" content=\"A French-Israeli pianist, conductor and composer, Itai Daniel is the author of an inspired and sensitive jewish musical opus, revealed by this CD. A unique discovery !\" \/>\n<meta property=\"og:url\" content=\"https:\/\/www.iemj.org\/it\/produit\/itai-daniel-mahzor-hayim\/\" \/>\n<meta property=\"og:site_name\" content=\"Institut Europ\u00e9en des Musiques Juives\" \/>\n<meta property=\"article:publisher\" content=\"https:\/\/www.facebook.com\/MusiquesJuives\/\" \/>\n<meta property=\"article:modified_time\" content=\"2025-06-30T22:00:18+00:00\" \/>\n<meta property=\"og:image\" content=\"https:\/\/www.iemj.org\/wp-content\/uploads\/2018\/10\/CDC5.jpg\" \/>\n\t<meta property=\"og:image:width\" content=\"350\" \/>\n\t<meta property=\"og:image:height\" content=\"314\" \/>\n\t<meta property=\"og:image:type\" content=\"image\/jpeg\" \/>\n<meta name=\"twitter:card\" content=\"summary_large_image\" \/>\n<meta name=\"twitter:label1\" content=\"Tempo di lettura stimato\" \/>\n\t<meta name=\"twitter:data1\" content=\"2 minuti\" \/>\n<script type=\"application\/ld+json\" class=\"yoast-schema-graph\">{\"@context\":\"https:\\\/\\\/schema.org\",\"@graph\":[{\"@type\":\"WebPage\",\"@id\":\"https:\\\/\\\/www.iemj.org\\\/it\\\/produit\\\/itai-daniel-mahzor-hayim\\\/\",\"url\":\"https:\\\/\\\/www.iemj.org\\\/it\\\/produit\\\/itai-daniel-mahzor-hayim\\\/\",\"name\":\"Ita\u00ef Daniel - Mahzor Hayim - Institut Europ\u00e9en des Musiques Juives\",\"isPartOf\":{\"@id\":\"https:\\\/\\\/www.iemj.org\\\/it\\\/#website\"},\"primaryImageOfPage\":{\"@id\":\"https:\\\/\\\/www.iemj.org\\\/it\\\/produit\\\/itai-daniel-mahzor-hayim\\\/#primaryimage\"},\"image\":{\"@id\":\"https:\\\/\\\/www.iemj.org\\\/it\\\/produit\\\/itai-daniel-mahzor-hayim\\\/#primaryimage\"},\"thumbnailUrl\":\"https:\\\/\\\/www.iemj.org\\\/wp-content\\\/uploads\\\/2018\\\/10\\\/CDC5.jpg\",\"datePublished\":\"2018-10-23T09:27:36+00:00\",\"dateModified\":\"2025-06-30T22:00:18+00:00\",\"breadcrumb\":{\"@id\":\"https:\\\/\\\/www.iemj.org\\\/it\\\/produit\\\/itai-daniel-mahzor-hayim\\\/#breadcrumb\"},\"inLanguage\":\"it-IT\",\"potentialAction\":[{\"@type\":\"ReadAction\",\"target\":[\"https:\\\/\\\/www.iemj.org\\\/it\\\/produit\\\/itai-daniel-mahzor-hayim\\\/\"]}]},{\"@type\":\"ImageObject\",\"inLanguage\":\"it-IT\",\"@id\":\"https:\\\/\\\/www.iemj.org\\\/it\\\/produit\\\/itai-daniel-mahzor-hayim\\\/#primaryimage\",\"url\":\"https:\\\/\\\/www.iemj.org\\\/wp-content\\\/uploads\\\/2018\\\/10\\\/CDC5.jpg\",\"contentUrl\":\"https:\\\/\\\/www.iemj.org\\\/wp-content\\\/uploads\\\/2018\\\/10\\\/CDC5.jpg\",\"width\":350,\"height\":314},{\"@type\":\"BreadcrumbList\",\"@id\":\"https:\\\/\\\/www.iemj.org\\\/it\\\/produit\\\/itai-daniel-mahzor-hayim\\\/#breadcrumb\",\"itemListElement\":[{\"@type\":\"ListItem\",\"position\":1,\"name\":\"Accueil\",\"item\":\"https:\\\/\\\/www.iemj.org\\\/it\\\/\"},{\"@type\":\"ListItem\",\"position\":2,\"name\":\"Boutique\",\"item\":\"https:\\\/\\\/www.iemj.org\\\/it\\\/negozio\\\/\"},{\"@type\":\"ListItem\",\"position\":3,\"name\":\"Ita\u00ef Daniel &#8211; Mahzor Hayim\"}]},{\"@type\":\"WebSite\",\"@id\":\"https:\\\/\\\/www.iemj.org\\\/it\\\/#website\",\"url\":\"https:\\\/\\\/www.iemj.org\\\/it\\\/\",\"name\":\"Institut Europ\u00e9en des Musiques Juives\",\"description\":\"Des traditions musicales \u00e0 la port\u00e9e de tous\",\"publisher\":{\"@id\":\"https:\\\/\\\/www.iemj.org\\\/it\\\/#organization\"},\"potentialAction\":[{\"@type\":\"SearchAction\",\"target\":{\"@type\":\"EntryPoint\",\"urlTemplate\":\"https:\\\/\\\/www.iemj.org\\\/it\\\/?s={search_term_string}\"},\"query-input\":{\"@type\":\"PropertyValueSpecification\",\"valueRequired\":true,\"valueName\":\"search_term_string\"}}],\"inLanguage\":\"it-IT\"},{\"@type\":\"Organization\",\"@id\":\"https:\\\/\\\/www.iemj.org\\\/it\\\/#organization\",\"name\":\"Institut Europ\u00e9en des Musiques Juives\",\"url\":\"https:\\\/\\\/www.iemj.org\\\/it\\\/\",\"logo\":{\"@type\":\"ImageObject\",\"inLanguage\":\"it-IT\",\"@id\":\"https:\\\/\\\/www.iemj.org\\\/it\\\/#\\\/schema\\\/logo\\\/image\\\/\",\"url\":\"https:\\\/\\\/www.iemj.org\\\/wp-content\\\/uploads\\\/2021\\\/09\\\/Logo-IEMJ-Paypal.jpg\",\"contentUrl\":\"https:\\\/\\\/www.iemj.org\\\/wp-content\\\/uploads\\\/2021\\\/09\\\/Logo-IEMJ-Paypal.jpg\",\"width\":150,\"height\":50,\"caption\":\"Institut Europ\u00e9en des Musiques Juives\"},\"image\":{\"@id\":\"https:\\\/\\\/www.iemj.org\\\/it\\\/#\\\/schema\\\/logo\\\/image\\\/\"},\"sameAs\":[\"https:\\\/\\\/www.facebook.com\\\/MusiquesJuives\\\/\",\"https:\\\/\\\/www.instagram.com\\\/musiquesjuives\\\/\",\"https:\\\/\\\/www.youtube.com\\\/user\\\/musiquesjuives\"]}]}<\/script>\n<!-- \/ Yoast SEO plugin. -->","yoast_head_json":{"title":"Ita\u00ef Daniel - Mahzor Hayim - Institut Europ\u00e9en des Musiques Juives","robots":{"index":"index","follow":"follow","max-snippet":"max-snippet:-1","max-image-preview":"max-image-preview:large","max-video-preview":"max-video-preview:-1"},"canonical":"https:\/\/www.iemj.org\/it\/produit\/itai-daniel-mahzor-hayim\/","og_locale":"it_IT","og_type":"article","og_title":"Ita\u00ef Daniel - Mahzor Hayim - Institut Europ\u00e9en des Musiques Juives","og_description":"A French-Israeli pianist, conductor and composer, Itai Daniel is the author of an inspired and sensitive jewish musical opus, revealed by this CD. A unique discovery !","og_url":"https:\/\/www.iemj.org\/it\/produit\/itai-daniel-mahzor-hayim\/","og_site_name":"Institut Europ\u00e9en des Musiques Juives","article_publisher":"https:\/\/www.facebook.com\/MusiquesJuives\/","article_modified_time":"2025-06-30T22:00:18+00:00","og_image":[{"width":350,"height":314,"url":"https:\/\/www.iemj.org\/wp-content\/uploads\/2018\/10\/CDC5.jpg","type":"image\/jpeg"}],"twitter_card":"summary_large_image","twitter_misc":{"Tempo di lettura stimato":"2 minuti"},"schema":{"@context":"https:\/\/schema.org","@graph":[{"@type":"WebPage","@id":"https:\/\/www.iemj.org\/it\/produit\/itai-daniel-mahzor-hayim\/","url":"https:\/\/www.iemj.org\/it\/produit\/itai-daniel-mahzor-hayim\/","name":"Ita\u00ef Daniel - Mahzor Hayim - Institut Europ\u00e9en des Musiques Juives","isPartOf":{"@id":"https:\/\/www.iemj.org\/it\/#website"},"primaryImageOfPage":{"@id":"https:\/\/www.iemj.org\/it\/produit\/itai-daniel-mahzor-hayim\/#primaryimage"},"image":{"@id":"https:\/\/www.iemj.org\/it\/produit\/itai-daniel-mahzor-hayim\/#primaryimage"},"thumbnailUrl":"https:\/\/www.iemj.org\/wp-content\/uploads\/2018\/10\/CDC5.jpg","datePublished":"2018-10-23T09:27:36+00:00","dateModified":"2025-06-30T22:00:18+00:00","breadcrumb":{"@id":"https:\/\/www.iemj.org\/it\/produit\/itai-daniel-mahzor-hayim\/#breadcrumb"},"inLanguage":"it-IT","potentialAction":[{"@type":"ReadAction","target":["https:\/\/www.iemj.org\/it\/produit\/itai-daniel-mahzor-hayim\/"]}]},{"@type":"ImageObject","inLanguage":"it-IT","@id":"https:\/\/www.iemj.org\/it\/produit\/itai-daniel-mahzor-hayim\/#primaryimage","url":"https:\/\/www.iemj.org\/wp-content\/uploads\/2018\/10\/CDC5.jpg","contentUrl":"https:\/\/www.iemj.org\/wp-content\/uploads\/2018\/10\/CDC5.jpg","width":350,"height":314},{"@type":"BreadcrumbList","@id":"https:\/\/www.iemj.org\/it\/produit\/itai-daniel-mahzor-hayim\/#breadcrumb","itemListElement":[{"@type":"ListItem","position":1,"name":"Accueil","item":"https:\/\/www.iemj.org\/it\/"},{"@type":"ListItem","position":2,"name":"Boutique","item":"https:\/\/www.iemj.org\/it\/negozio\/"},{"@type":"ListItem","position":3,"name":"Ita\u00ef Daniel &#8211; Mahzor Hayim"}]},{"@type":"WebSite","@id":"https:\/\/www.iemj.org\/it\/#website","url":"https:\/\/www.iemj.org\/it\/","name":"Institut Europ\u00e9en des Musiques Juives","description":"Des traditions musicales \u00e0 la port\u00e9e de tous","publisher":{"@id":"https:\/\/www.iemj.org\/it\/#organization"},"potentialAction":[{"@type":"SearchAction","target":{"@type":"EntryPoint","urlTemplate":"https:\/\/www.iemj.org\/it\/?s={search_term_string}"},"query-input":{"@type":"PropertyValueSpecification","valueRequired":true,"valueName":"search_term_string"}}],"inLanguage":"it-IT"},{"@type":"Organization","@id":"https:\/\/www.iemj.org\/it\/#organization","name":"Institut Europ\u00e9en des Musiques Juives","url":"https:\/\/www.iemj.org\/it\/","logo":{"@type":"ImageObject","inLanguage":"it-IT","@id":"https:\/\/www.iemj.org\/it\/#\/schema\/logo\/image\/","url":"https:\/\/www.iemj.org\/wp-content\/uploads\/2021\/09\/Logo-IEMJ-Paypal.jpg","contentUrl":"https:\/\/www.iemj.org\/wp-content\/uploads\/2021\/09\/Logo-IEMJ-Paypal.jpg","width":150,"height":50,"caption":"Institut Europ\u00e9en des Musiques Juives"},"image":{"@id":"https:\/\/www.iemj.org\/it\/#\/schema\/logo\/image\/"},"sameAs":["https:\/\/www.facebook.com\/MusiquesJuives\/","https:\/\/www.instagram.com\/musiquesjuives\/","https:\/\/www.youtube.com\/user\/musiquesjuives"]}]}},"_links":{"self":[{"href":"https:\/\/www.iemj.org\/it\/wp-json\/wp\/v2\/product\/50671","targetHints":{"allow":["GET"]}}],"collection":[{"href":"https:\/\/www.iemj.org\/it\/wp-json\/wp\/v2\/product"}],"about":[{"href":"https:\/\/www.iemj.org\/it\/wp-json\/wp\/v2\/types\/product"}],"replies":[{"embeddable":true,"href":"https:\/\/www.iemj.org\/it\/wp-json\/wp\/v2\/comments?post=50671"}],"wp:featuredmedia":[{"embeddable":true,"href":"https:\/\/www.iemj.org\/it\/wp-json\/wp\/v2\/media\/50689"}],"wp:attachment":[{"href":"https:\/\/www.iemj.org\/it\/wp-json\/wp\/v2\/media?parent=50671"}],"wp:term":[{"taxonomy":"product_brand","embeddable":true,"href":"https:\/\/www.iemj.org\/it\/wp-json\/wp\/v2\/product_brand?post=50671"},{"taxonomy":"product_cat","embeddable":true,"href":"https:\/\/www.iemj.org\/it\/wp-json\/wp\/v2\/product_cat?post=50671"},{"taxonomy":"product_tag","embeddable":true,"href":"https:\/\/www.iemj.org\/it\/wp-json\/wp\/v2\/product_tag?post=50671"}],"curies":[{"name":"wp","href":"https:\/\/api.w.org\/{rel}","templated":true}]}}