{"id":56610,"date":"2015-02-28T12:03:24","date_gmt":"2015-02-28T11:03:24","guid":{"rendered":"https:\/\/www.iemj.org\/produit\/yiddishe-fantazye\/"},"modified":"2025-12-11T15:39:31","modified_gmt":"2025-12-11T14:39:31","slug":"yiddishe-fantazye","status":"publish","type":"product","link":"https:\/\/www.iemj.org\/it\/produit\/yiddishe-fantazye\/","title":{"rendered":"Yiddishe Fantazye"},"content":{"rendered":"<p>Yiddishe Fantazie takes us deep into the universe of Eastern European Jewish music, long before the accordion and the clarinet became inseparable from klezmer music.<br class=\"autobr\" \/>At that time, the main instruments were the violin, the hammered dulcimer (tsimbl) and the bass (cello or double bass). During weddings, the musicians made the audience dance, but also cry. \u201cGod\u201d was a common word that was pronounced \u201cGott\u201d, and that went along with music and vodka in good spirits.<\/p>\n<p>Extraits :<\/p>\n<p>01 &#8211; Prologue<\/p>\n<audio class=\"wp-audio-shortcode\" id=\"audio-56610-1\" preload=\"none\" style=\"width: 100%;\" controls=\"controls\"><source type=\"audio\/mpeg\" src=\"https:\/\/www.iemj.org\/wp-content\/uploads\/2015\/02\/Prologue.mp3?_=1\" \/><a href=\"https:\/\/www.iemj.org\/wp-content\/uploads\/2015\/02\/Prologue.mp3\">https:\/\/www.iemj.org\/wp-content\/uploads\/2015\/02\/Prologue.mp3<\/a><\/audio>\n<p>04 &#8211; Romanian Fantaisie Nr 2<\/p>\n<audio class=\"wp-audio-shortcode\" id=\"audio-56610-2\" preload=\"none\" style=\"width: 100%;\" controls=\"controls\"><source type=\"audio\/mpeg\" src=\"https:\/\/www.iemj.org\/wp-content\/uploads\/2014\/12\/romanian_fantasie_no2_site_iemj.mp3?_=2\" \/><a href=\"https:\/\/www.iemj.org\/wp-content\/uploads\/2014\/12\/romanian_fantasie_no2_site_iemj.mp3\">https:\/\/www.iemj.org\/wp-content\/uploads\/2014\/12\/romanian_fantasie_no2_site_iemj.mp3<\/a><\/audio>\n<p>05 &#8211; Sirba de L\u00e9on Schwartz<\/p>\n<audio class=\"wp-audio-shortcode\" id=\"audio-56610-3\" preload=\"none\" style=\"width: 100%;\" controls=\"controls\"><source type=\"audio\/mpeg\" src=\"https:\/\/www.iemj.org\/wp-content\/uploads\/2014\/11\/sirba_de_leon_schwartz_site_iemj.mp3?_=3\" \/><a href=\"https:\/\/www.iemj.org\/wp-content\/uploads\/2014\/11\/sirba_de_leon_schwartz_site_iemj.mp3\">https:\/\/www.iemj.org\/wp-content\/uploads\/2014\/11\/sirba_de_leon_schwartz_site_iemj.mp3<\/a><\/audio>\n<p>16 &#8211; Fun der Khupe<\/p>\n<audio class=\"wp-audio-shortcode\" id=\"audio-56610-4\" preload=\"none\" style=\"width: 100%;\" controls=\"controls\"><source type=\"audio\/mpeg\" src=\"https:\/\/www.iemj.org\/wp-content\/uploads\/2015\/02\/Fun-der-Khupe-extrait.mp3?_=4\" \/><a href=\"https:\/\/www.iemj.org\/wp-content\/uploads\/2015\/02\/Fun-der-Khupe-extrait.mp3\">https:\/\/www.iemj.org\/wp-content\/uploads\/2015\/02\/Fun-der-Khupe-extrait.mp3<\/a><\/audio>\n","protected":false},"excerpt":{"rendered":"<p>From old klezmer recordings and poetic texts in Yiddish, the Weisberger\/Branthomme\/Triestan Trio gives us an authentic and delicious music. To be listened without moderation.<\/p>\n<p><span style=\"color: #ff0000;\"><strong>Physical album out of stock, but downloadable album still available<\/strong><\/span><\/p>\n","protected":false},"featured_media":51016,"comment_status":"open","ping_status":"closed","template":"","meta":{"_acf_changed":false},"product_brand":[],"product_cat":[1992,2313,2302,2296],"product_tag":[],"class_list":{"0":"post-56610","1":"product","2":"type-product","3":"status-publish","4":"has-post-thumbnail","6":"product_cat-cd-it","7":"product_cat-collezione-scoperte","8":"product_cat-edizioni-delliemj-it","9":"product_cat-klezmer-yiddish-en-en-it","10":"pa_musique-album-fisico-it","11":"pa_musique-album-scaricabile-it","13":"first","14":"instock","15":"shipping-taxable","16":"purchasable","17":"product-type-variable"},"acf":[],"yoast_head":"<!-- This site is optimized with the Yoast SEO plugin v27.3 - https:\/\/yoast.com\/product\/yoast-seo-wordpress\/ -->\n<title>Yiddishe Fantazye - Institut Europ\u00e9en des Musiques Juives<\/title>\n<meta name=\"robots\" content=\"index, follow, max-snippet:-1, max-image-preview:large, max-video-preview:-1\" \/>\n<link rel=\"canonical\" href=\"https:\/\/www.iemj.org\/it\/produit\/yiddishe-fantazye\/\" \/>\n<meta property=\"og:locale\" content=\"it_IT\" \/>\n<meta property=\"og:type\" content=\"article\" \/>\n<meta property=\"og:title\" content=\"Yiddishe Fantazye - Institut Europ\u00e9en des Musiques Juives\" \/>\n<meta property=\"og:description\" content=\"From old klezmer recordings and poetic texts in Yiddish, the Weisberger\/Branthomme\/Triestan Trio gives us an authentic and delicious music. To be listened without moderation.  Physical album out of stock, but downloadable album still available\" \/>\n<meta property=\"og:url\" content=\"https:\/\/www.iemj.org\/it\/produit\/yiddishe-fantazye\/\" \/>\n<meta property=\"og:site_name\" content=\"Institut Europ\u00e9en des Musiques Juives\" \/>\n<meta property=\"article:publisher\" content=\"https:\/\/www.facebook.com\/MusiquesJuives\/\" \/>\n<meta property=\"article:modified_time\" content=\"2025-12-11T14:39:31+00:00\" \/>\n<meta property=\"og:image\" content=\"https:\/\/www.iemj.org\/wp-content\/uploads\/2015\/02\/CDD3.jpg\" \/>\n\t<meta property=\"og:image:width\" content=\"350\" \/>\n\t<meta property=\"og:image:height\" content=\"314\" \/>\n\t<meta property=\"og:image:type\" content=\"image\/jpeg\" \/>\n<meta name=\"twitter:card\" content=\"summary_large_image\" \/>\n<meta name=\"twitter:label1\" content=\"Tempo di lettura stimato\" \/>\n\t<meta name=\"twitter:data1\" content=\"1 minuto\" \/>\n<script type=\"application\/ld+json\" class=\"yoast-schema-graph\">{\"@context\":\"https:\\\/\\\/schema.org\",\"@graph\":[{\"@type\":\"WebPage\",\"@id\":\"https:\\\/\\\/www.iemj.org\\\/it\\\/produit\\\/yiddishe-fantazye\\\/\",\"url\":\"https:\\\/\\\/www.iemj.org\\\/it\\\/produit\\\/yiddishe-fantazye\\\/\",\"name\":\"Yiddishe Fantazye - Institut Europ\u00e9en des Musiques Juives\",\"isPartOf\":{\"@id\":\"https:\\\/\\\/www.iemj.org\\\/it\\\/#website\"},\"primaryImageOfPage\":{\"@id\":\"https:\\\/\\\/www.iemj.org\\\/it\\\/produit\\\/yiddishe-fantazye\\\/#primaryimage\"},\"image\":{\"@id\":\"https:\\\/\\\/www.iemj.org\\\/it\\\/produit\\\/yiddishe-fantazye\\\/#primaryimage\"},\"thumbnailUrl\":\"https:\\\/\\\/www.iemj.org\\\/wp-content\\\/uploads\\\/2015\\\/02\\\/CDD3.jpg\",\"datePublished\":\"2015-02-28T11:03:24+00:00\",\"dateModified\":\"2025-12-11T14:39:31+00:00\",\"breadcrumb\":{\"@id\":\"https:\\\/\\\/www.iemj.org\\\/it\\\/produit\\\/yiddishe-fantazye\\\/#breadcrumb\"},\"inLanguage\":\"it-IT\",\"potentialAction\":[{\"@type\":\"ReadAction\",\"target\":[\"https:\\\/\\\/www.iemj.org\\\/it\\\/produit\\\/yiddishe-fantazye\\\/\"]}]},{\"@type\":\"ImageObject\",\"inLanguage\":\"it-IT\",\"@id\":\"https:\\\/\\\/www.iemj.org\\\/it\\\/produit\\\/yiddishe-fantazye\\\/#primaryimage\",\"url\":\"https:\\\/\\\/www.iemj.org\\\/wp-content\\\/uploads\\\/2015\\\/02\\\/CDD3.jpg\",\"contentUrl\":\"https:\\\/\\\/www.iemj.org\\\/wp-content\\\/uploads\\\/2015\\\/02\\\/CDD3.jpg\",\"width\":350,\"height\":314,\"caption\":\"????????????????????????????\"},{\"@type\":\"BreadcrumbList\",\"@id\":\"https:\\\/\\\/www.iemj.org\\\/it\\\/produit\\\/yiddishe-fantazye\\\/#breadcrumb\",\"itemListElement\":[{\"@type\":\"ListItem\",\"position\":1,\"name\":\"Accueil\",\"item\":\"https:\\\/\\\/www.iemj.org\\\/it\\\/\"},{\"@type\":\"ListItem\",\"position\":2,\"name\":\"Boutique\",\"item\":\"https:\\\/\\\/www.iemj.org\\\/it\\\/negozio\\\/\"},{\"@type\":\"ListItem\",\"position\":3,\"name\":\"Yiddishe Fantazye\"}]},{\"@type\":\"WebSite\",\"@id\":\"https:\\\/\\\/www.iemj.org\\\/it\\\/#website\",\"url\":\"https:\\\/\\\/www.iemj.org\\\/it\\\/\",\"name\":\"Institut Europ\u00e9en des Musiques Juives\",\"description\":\"Des traditions musicales \u00e0 la port\u00e9e de tous\",\"publisher\":{\"@id\":\"https:\\\/\\\/www.iemj.org\\\/it\\\/#organization\"},\"potentialAction\":[{\"@type\":\"SearchAction\",\"target\":{\"@type\":\"EntryPoint\",\"urlTemplate\":\"https:\\\/\\\/www.iemj.org\\\/it\\\/?s={search_term_string}\"},\"query-input\":{\"@type\":\"PropertyValueSpecification\",\"valueRequired\":true,\"valueName\":\"search_term_string\"}}],\"inLanguage\":\"it-IT\"},{\"@type\":\"Organization\",\"@id\":\"https:\\\/\\\/www.iemj.org\\\/it\\\/#organization\",\"name\":\"Institut Europ\u00e9en des Musiques Juives\",\"url\":\"https:\\\/\\\/www.iemj.org\\\/it\\\/\",\"logo\":{\"@type\":\"ImageObject\",\"inLanguage\":\"it-IT\",\"@id\":\"https:\\\/\\\/www.iemj.org\\\/it\\\/#\\\/schema\\\/logo\\\/image\\\/\",\"url\":\"https:\\\/\\\/www.iemj.org\\\/wp-content\\\/uploads\\\/2021\\\/09\\\/Logo-IEMJ-Paypal.jpg\",\"contentUrl\":\"https:\\\/\\\/www.iemj.org\\\/wp-content\\\/uploads\\\/2021\\\/09\\\/Logo-IEMJ-Paypal.jpg\",\"width\":150,\"height\":50,\"caption\":\"Institut Europ\u00e9en des Musiques Juives\"},\"image\":{\"@id\":\"https:\\\/\\\/www.iemj.org\\\/it\\\/#\\\/schema\\\/logo\\\/image\\\/\"},\"sameAs\":[\"https:\\\/\\\/www.facebook.com\\\/MusiquesJuives\\\/\",\"https:\\\/\\\/www.instagram.com\\\/musiquesjuives\\\/\",\"https:\\\/\\\/www.youtube.com\\\/user\\\/musiquesjuives\"]}]}<\/script>\n<!-- \/ Yoast SEO plugin. -->","yoast_head_json":{"title":"Yiddishe Fantazye - Institut Europ\u00e9en des Musiques Juives","robots":{"index":"index","follow":"follow","max-snippet":"max-snippet:-1","max-image-preview":"max-image-preview:large","max-video-preview":"max-video-preview:-1"},"canonical":"https:\/\/www.iemj.org\/it\/produit\/yiddishe-fantazye\/","og_locale":"it_IT","og_type":"article","og_title":"Yiddishe Fantazye - Institut Europ\u00e9en des Musiques Juives","og_description":"From old klezmer recordings and poetic texts in Yiddish, the Weisberger\/Branthomme\/Triestan Trio gives us an authentic and delicious music. To be listened without moderation.  Physical album out of stock, but downloadable album still available","og_url":"https:\/\/www.iemj.org\/it\/produit\/yiddishe-fantazye\/","og_site_name":"Institut Europ\u00e9en des Musiques Juives","article_publisher":"https:\/\/www.facebook.com\/MusiquesJuives\/","article_modified_time":"2025-12-11T14:39:31+00:00","og_image":[{"width":350,"height":314,"url":"https:\/\/www.iemj.org\/wp-content\/uploads\/2015\/02\/CDD3.jpg","type":"image\/jpeg"}],"twitter_card":"summary_large_image","twitter_misc":{"Tempo di lettura stimato":"1 minuto"},"schema":{"@context":"https:\/\/schema.org","@graph":[{"@type":"WebPage","@id":"https:\/\/www.iemj.org\/it\/produit\/yiddishe-fantazye\/","url":"https:\/\/www.iemj.org\/it\/produit\/yiddishe-fantazye\/","name":"Yiddishe Fantazye - Institut Europ\u00e9en des Musiques Juives","isPartOf":{"@id":"https:\/\/www.iemj.org\/it\/#website"},"primaryImageOfPage":{"@id":"https:\/\/www.iemj.org\/it\/produit\/yiddishe-fantazye\/#primaryimage"},"image":{"@id":"https:\/\/www.iemj.org\/it\/produit\/yiddishe-fantazye\/#primaryimage"},"thumbnailUrl":"https:\/\/www.iemj.org\/wp-content\/uploads\/2015\/02\/CDD3.jpg","datePublished":"2015-02-28T11:03:24+00:00","dateModified":"2025-12-11T14:39:31+00:00","breadcrumb":{"@id":"https:\/\/www.iemj.org\/it\/produit\/yiddishe-fantazye\/#breadcrumb"},"inLanguage":"it-IT","potentialAction":[{"@type":"ReadAction","target":["https:\/\/www.iemj.org\/it\/produit\/yiddishe-fantazye\/"]}]},{"@type":"ImageObject","inLanguage":"it-IT","@id":"https:\/\/www.iemj.org\/it\/produit\/yiddishe-fantazye\/#primaryimage","url":"https:\/\/www.iemj.org\/wp-content\/uploads\/2015\/02\/CDD3.jpg","contentUrl":"https:\/\/www.iemj.org\/wp-content\/uploads\/2015\/02\/CDD3.jpg","width":350,"height":314,"caption":"????????????????????????????"},{"@type":"BreadcrumbList","@id":"https:\/\/www.iemj.org\/it\/produit\/yiddishe-fantazye\/#breadcrumb","itemListElement":[{"@type":"ListItem","position":1,"name":"Accueil","item":"https:\/\/www.iemj.org\/it\/"},{"@type":"ListItem","position":2,"name":"Boutique","item":"https:\/\/www.iemj.org\/it\/negozio\/"},{"@type":"ListItem","position":3,"name":"Yiddishe Fantazye"}]},{"@type":"WebSite","@id":"https:\/\/www.iemj.org\/it\/#website","url":"https:\/\/www.iemj.org\/it\/","name":"Institut Europ\u00e9en des Musiques Juives","description":"Des traditions musicales \u00e0 la port\u00e9e de tous","publisher":{"@id":"https:\/\/www.iemj.org\/it\/#organization"},"potentialAction":[{"@type":"SearchAction","target":{"@type":"EntryPoint","urlTemplate":"https:\/\/www.iemj.org\/it\/?s={search_term_string}"},"query-input":{"@type":"PropertyValueSpecification","valueRequired":true,"valueName":"search_term_string"}}],"inLanguage":"it-IT"},{"@type":"Organization","@id":"https:\/\/www.iemj.org\/it\/#organization","name":"Institut Europ\u00e9en des Musiques Juives","url":"https:\/\/www.iemj.org\/it\/","logo":{"@type":"ImageObject","inLanguage":"it-IT","@id":"https:\/\/www.iemj.org\/it\/#\/schema\/logo\/image\/","url":"https:\/\/www.iemj.org\/wp-content\/uploads\/2021\/09\/Logo-IEMJ-Paypal.jpg","contentUrl":"https:\/\/www.iemj.org\/wp-content\/uploads\/2021\/09\/Logo-IEMJ-Paypal.jpg","width":150,"height":50,"caption":"Institut Europ\u00e9en des Musiques Juives"},"image":{"@id":"https:\/\/www.iemj.org\/it\/#\/schema\/logo\/image\/"},"sameAs":["https:\/\/www.facebook.com\/MusiquesJuives\/","https:\/\/www.instagram.com\/musiquesjuives\/","https:\/\/www.youtube.com\/user\/musiquesjuives"]}]}},"_links":{"self":[{"href":"https:\/\/www.iemj.org\/it\/wp-json\/wp\/v2\/product\/56610","targetHints":{"allow":["GET"]}}],"collection":[{"href":"https:\/\/www.iemj.org\/it\/wp-json\/wp\/v2\/product"}],"about":[{"href":"https:\/\/www.iemj.org\/it\/wp-json\/wp\/v2\/types\/product"}],"replies":[{"embeddable":true,"href":"https:\/\/www.iemj.org\/it\/wp-json\/wp\/v2\/comments?post=56610"}],"wp:featuredmedia":[{"embeddable":true,"href":"https:\/\/www.iemj.org\/it\/wp-json\/wp\/v2\/media\/51016"}],"wp:attachment":[{"href":"https:\/\/www.iemj.org\/it\/wp-json\/wp\/v2\/media?parent=56610"}],"wp:term":[{"taxonomy":"product_brand","embeddable":true,"href":"https:\/\/www.iemj.org\/it\/wp-json\/wp\/v2\/product_brand?post=56610"},{"taxonomy":"product_cat","embeddable":true,"href":"https:\/\/www.iemj.org\/it\/wp-json\/wp\/v2\/product_cat?post=56610"},{"taxonomy":"product_tag","embeddable":true,"href":"https:\/\/www.iemj.org\/it\/wp-json\/wp\/v2\/product_tag?post=56610"}],"curies":[{"name":"wp","href":"https:\/\/api.w.org\/{rel}","templated":true}]}}