{"id":56866,"date":"2015-02-28T11:52:31","date_gmt":"2015-02-28T10:52:31","guid":{"rendered":"https:\/\/www.iemj.org\/produit\/juifs-et-trouveres\/"},"modified":"2021-09-13T16:33:58","modified_gmt":"2021-09-13T14:33:58","slug":"juifs-et-trouveres","status":"publish","type":"product","link":"https:\/\/www.iemj.org\/it\/produit\/juifs-et-trouveres\/","title":{"rendered":"Juifs et Trouv\u00e8res"},"content":{"rendered":"<p>During this harsh period between the burning of the Talmud (1242-1244) and the major expulsion of 1306, the Jewish people maintain the same way of living, and the same language as that of the Christians. They also have in common the same taste for books, monuments, fairs, joy of living and popular songs.<br class=\"autobr\" \/>The songs from the Jewish communities of that time reflects the day to day life of the Jews, and the happy and sad events that created the rhythm of their lives. We hear the vocal expression of a population, the keeper of its rituals and traditions, that was nevertheless totally integrated with its environment. Speaking in the O\u00efl language, only the prayers, liturgical poems and studies remain in Hebrew.<\/p>\n<p>The books and manuscripts that have come to us, and all the poems, are in French and in Hebrew.<\/p>\n<p>Extraits :<\/p>\n<p>01 &#8211; Shalfu Tzarim (Po\u00e8me liturgique)<\/p>\n<audio class=\"wp-audio-shortcode\" id=\"audio-56866-1\" preload=\"none\" style=\"width: 100%;\" controls=\"controls\"><source type=\"audio\/mpeg\" src=\"https:\/\/www.iemj.org\/wp-content\/uploads\/2015\/02\/Shalfu-Tzarim-Poeme-liturgique.mp3?_=1\" \/><a href=\"https:\/\/www.iemj.org\/wp-content\/uploads\/2015\/02\/Shalfu-Tzarim-Poeme-liturgique.mp3\">https:\/\/www.iemj.org\/wp-content\/uploads\/2015\/02\/Shalfu-Tzarim-Poeme-liturgique.mp3<\/a><\/audio>\n<p>03 &#8211; El-givat Ha-levona (Chanson de mariage)<\/p>\n<audio class=\"wp-audio-shortcode\" id=\"audio-56866-2\" preload=\"none\" style=\"width: 100%;\" controls=\"controls\"><source type=\"audio\/mpeg\" src=\"https:\/\/www.iemj.org\/wp-content\/uploads\/2014\/09\/cd_track_03_ex.mp3?_=2\" \/><a href=\"https:\/\/www.iemj.org\/wp-content\/uploads\/2014\/09\/cd_track_03_ex.mp3\">https:\/\/www.iemj.org\/wp-content\/uploads\/2014\/09\/cd_track_03_ex.mp3<\/a><\/audio>\n<p>07 &#8211; Ne puis ma grant joie celer (Chanson de Jacob)<\/p>\n<audio class=\"wp-audio-shortcode\" id=\"audio-56866-3\" preload=\"none\" style=\"width: 100%;\" controls=\"controls\"><source type=\"audio\/mpeg\" src=\"https:\/\/www.iemj.org\/wp-content\/uploads\/2015\/02\/Ne-puis-ma-grant-joie-celer-Chanson-de-Jacob.mp3?_=3\" \/><a href=\"https:\/\/www.iemj.org\/wp-content\/uploads\/2015\/02\/Ne-puis-ma-grant-joie-celer-Chanson-de-Jacob.mp3\">https:\/\/www.iemj.org\/wp-content\/uploads\/2015\/02\/Ne-puis-ma-grant-joie-celer-Chanson-de-Jacob.mp3<\/a><\/audio>\n<p>11 &#8211; Deror Yikra (Chanson de Chabbat)<\/p>\n<audio class=\"wp-audio-shortcode\" id=\"audio-56866-4\" preload=\"none\" style=\"width: 100%;\" controls=\"controls\"><source type=\"audio\/mpeg\" src=\"https:\/\/www.iemj.org\/wp-content\/uploads\/2015\/02\/Deror-Yikra-Chanson-de-Chabbat.mp3?_=4\" \/><a href=\"https:\/\/www.iemj.org\/wp-content\/uploads\/2015\/02\/Deror-Yikra-Chanson-de-Chabbat.mp3\">https:\/\/www.iemj.org\/wp-content\/uploads\/2015\/02\/Deror-Yikra-Chanson-de-Chabbat.mp3<\/a><\/audio>\n","protected":false},"excerpt":{"rendered":"<p class=\"soustitre\"><strong>Jewish songs in the 13th century in old French and Hebrew<\/strong><\/p>\n<p class=\"soustitre\">This 12th CD of the collection Patrimoines musicaux des Juifs de France is dedicated to religious and festive songs from the Jewish communities based in the North of France (Flanders, Picardy, Artois, Champagne\u2026) in the second half of the 13th century.<\/p>\n","protected":false},"featured_media":56847,"comment_status":"open","ping_status":"closed","template":"","meta":{"_acf_changed":false},"product_brand":[],"product_cat":[1992,2314,2302,2322],"product_tag":[],"class_list":{"0":"post-56866","1":"product","2":"type-product","3":"status-publish","4":"has-post-thumbnail","6":"product_cat-cd-it","7":"product_cat-collezione-pmjf","8":"product_cat-edizioni-delliemj-it","9":"product_cat-liturgico-cd-it","10":"pa_musique-album-fisico-it","11":"pa_musique-album-scaricabile-it","13":"first","14":"instock","15":"shipping-taxable","16":"purchasable","17":"product-type-variable"},"acf":[],"yoast_head":"<!-- This site is optimized with the Yoast SEO plugin v27.3 - https:\/\/yoast.com\/product\/yoast-seo-wordpress\/ -->\n<title>Juifs et Trouv\u00e8res - Institut Europ\u00e9en des Musiques Juives<\/title>\n<meta name=\"robots\" content=\"index, follow, max-snippet:-1, max-image-preview:large, max-video-preview:-1\" \/>\n<link rel=\"canonical\" href=\"https:\/\/www.iemj.org\/it\/produit\/juifs-et-trouveres\/\" \/>\n<meta property=\"og:locale\" content=\"it_IT\" \/>\n<meta property=\"og:type\" content=\"article\" \/>\n<meta property=\"og:title\" content=\"Juifs et Trouv\u00e8res - Institut Europ\u00e9en des Musiques Juives\" \/>\n<meta property=\"og:description\" content=\"Jewish songs in the 13th century in old French and Hebrew This 12th CD of the collection Patrimoines musicaux des Juifs de France is dedicated to religious and festive songs from the Jewish communities based in the North of France (Flanders, Picardy, Artois, Champagne\u2026) in the second half of the 13th century.\" \/>\n<meta property=\"og:url\" content=\"https:\/\/www.iemj.org\/it\/produit\/juifs-et-trouveres\/\" \/>\n<meta property=\"og:site_name\" content=\"Institut Europ\u00e9en des Musiques Juives\" \/>\n<meta property=\"article:publisher\" content=\"https:\/\/www.facebook.com\/MusiquesJuives\/\" \/>\n<meta property=\"article:modified_time\" content=\"2021-09-13T14:33:58+00:00\" \/>\n<meta property=\"og:image\" content=\"https:\/\/www.iemj.org\/wp-content\/uploads\/2021\/07\/CD-PMJF-12.jpg\" \/>\n\t<meta property=\"og:image:width\" content=\"350\" \/>\n\t<meta property=\"og:image:height\" content=\"350\" \/>\n\t<meta property=\"og:image:type\" content=\"image\/jpeg\" \/>\n<meta name=\"twitter:card\" content=\"summary_large_image\" \/>\n<meta name=\"twitter:label1\" content=\"Tempo di lettura stimato\" \/>\n\t<meta name=\"twitter:data1\" content=\"1 minuto\" \/>\n<script type=\"application\/ld+json\" class=\"yoast-schema-graph\">{\"@context\":\"https:\\\/\\\/schema.org\",\"@graph\":[{\"@type\":\"WebPage\",\"@id\":\"https:\\\/\\\/www.iemj.org\\\/it\\\/produit\\\/juifs-et-trouveres\\\/\",\"url\":\"https:\\\/\\\/www.iemj.org\\\/it\\\/produit\\\/juifs-et-trouveres\\\/\",\"name\":\"Juifs et Trouv\u00e8res - Institut Europ\u00e9en des Musiques Juives\",\"isPartOf\":{\"@id\":\"https:\\\/\\\/www.iemj.org\\\/it\\\/#website\"},\"primaryImageOfPage\":{\"@id\":\"https:\\\/\\\/www.iemj.org\\\/it\\\/produit\\\/juifs-et-trouveres\\\/#primaryimage\"},\"image\":{\"@id\":\"https:\\\/\\\/www.iemj.org\\\/it\\\/produit\\\/juifs-et-trouveres\\\/#primaryimage\"},\"thumbnailUrl\":\"https:\\\/\\\/www.iemj.org\\\/wp-content\\\/uploads\\\/2021\\\/07\\\/CD-PMJF-12.jpg\",\"datePublished\":\"2015-02-28T10:52:31+00:00\",\"dateModified\":\"2021-09-13T14:33:58+00:00\",\"breadcrumb\":{\"@id\":\"https:\\\/\\\/www.iemj.org\\\/it\\\/produit\\\/juifs-et-trouveres\\\/#breadcrumb\"},\"inLanguage\":\"it-IT\",\"potentialAction\":[{\"@type\":\"ReadAction\",\"target\":[\"https:\\\/\\\/www.iemj.org\\\/it\\\/produit\\\/juifs-et-trouveres\\\/\"]}]},{\"@type\":\"ImageObject\",\"inLanguage\":\"it-IT\",\"@id\":\"https:\\\/\\\/www.iemj.org\\\/it\\\/produit\\\/juifs-et-trouveres\\\/#primaryimage\",\"url\":\"https:\\\/\\\/www.iemj.org\\\/wp-content\\\/uploads\\\/2021\\\/07\\\/CD-PMJF-12.jpg\",\"contentUrl\":\"https:\\\/\\\/www.iemj.org\\\/wp-content\\\/uploads\\\/2021\\\/07\\\/CD-PMJF-12.jpg\",\"width\":350,\"height\":350,\"caption\":\"COUV\"},{\"@type\":\"BreadcrumbList\",\"@id\":\"https:\\\/\\\/www.iemj.org\\\/it\\\/produit\\\/juifs-et-trouveres\\\/#breadcrumb\",\"itemListElement\":[{\"@type\":\"ListItem\",\"position\":1,\"name\":\"Accueil\",\"item\":\"https:\\\/\\\/www.iemj.org\\\/it\\\/\"},{\"@type\":\"ListItem\",\"position\":2,\"name\":\"Boutique\",\"item\":\"https:\\\/\\\/www.iemj.org\\\/it\\\/negozio\\\/\"},{\"@type\":\"ListItem\",\"position\":3,\"name\":\"Juifs et Trouv\u00e8res\"}]},{\"@type\":\"WebSite\",\"@id\":\"https:\\\/\\\/www.iemj.org\\\/it\\\/#website\",\"url\":\"https:\\\/\\\/www.iemj.org\\\/it\\\/\",\"name\":\"Institut Europ\u00e9en des Musiques Juives\",\"description\":\"Des traditions musicales \u00e0 la port\u00e9e de tous\",\"publisher\":{\"@id\":\"https:\\\/\\\/www.iemj.org\\\/it\\\/#organization\"},\"potentialAction\":[{\"@type\":\"SearchAction\",\"target\":{\"@type\":\"EntryPoint\",\"urlTemplate\":\"https:\\\/\\\/www.iemj.org\\\/it\\\/?s={search_term_string}\"},\"query-input\":{\"@type\":\"PropertyValueSpecification\",\"valueRequired\":true,\"valueName\":\"search_term_string\"}}],\"inLanguage\":\"it-IT\"},{\"@type\":\"Organization\",\"@id\":\"https:\\\/\\\/www.iemj.org\\\/it\\\/#organization\",\"name\":\"Institut Europ\u00e9en des Musiques Juives\",\"url\":\"https:\\\/\\\/www.iemj.org\\\/it\\\/\",\"logo\":{\"@type\":\"ImageObject\",\"inLanguage\":\"it-IT\",\"@id\":\"https:\\\/\\\/www.iemj.org\\\/it\\\/#\\\/schema\\\/logo\\\/image\\\/\",\"url\":\"https:\\\/\\\/www.iemj.org\\\/wp-content\\\/uploads\\\/2021\\\/09\\\/Logo-IEMJ-Paypal.jpg\",\"contentUrl\":\"https:\\\/\\\/www.iemj.org\\\/wp-content\\\/uploads\\\/2021\\\/09\\\/Logo-IEMJ-Paypal.jpg\",\"width\":150,\"height\":50,\"caption\":\"Institut Europ\u00e9en des Musiques Juives\"},\"image\":{\"@id\":\"https:\\\/\\\/www.iemj.org\\\/it\\\/#\\\/schema\\\/logo\\\/image\\\/\"},\"sameAs\":[\"https:\\\/\\\/www.facebook.com\\\/MusiquesJuives\\\/\",\"https:\\\/\\\/www.instagram.com\\\/musiquesjuives\\\/\",\"https:\\\/\\\/www.youtube.com\\\/user\\\/musiquesjuives\"]}]}<\/script>\n<!-- \/ Yoast SEO plugin. -->","yoast_head_json":{"title":"Juifs et Trouv\u00e8res - Institut Europ\u00e9en des Musiques Juives","robots":{"index":"index","follow":"follow","max-snippet":"max-snippet:-1","max-image-preview":"max-image-preview:large","max-video-preview":"max-video-preview:-1"},"canonical":"https:\/\/www.iemj.org\/it\/produit\/juifs-et-trouveres\/","og_locale":"it_IT","og_type":"article","og_title":"Juifs et Trouv\u00e8res - Institut Europ\u00e9en des Musiques Juives","og_description":"Jewish songs in the 13th century in old French and Hebrew This 12th CD of the collection Patrimoines musicaux des Juifs de France is dedicated to religious and festive songs from the Jewish communities based in the North of France (Flanders, Picardy, Artois, Champagne\u2026) in the second half of the 13th century.","og_url":"https:\/\/www.iemj.org\/it\/produit\/juifs-et-trouveres\/","og_site_name":"Institut Europ\u00e9en des Musiques Juives","article_publisher":"https:\/\/www.facebook.com\/MusiquesJuives\/","article_modified_time":"2021-09-13T14:33:58+00:00","og_image":[{"width":350,"height":350,"url":"https:\/\/www.iemj.org\/wp-content\/uploads\/2021\/07\/CD-PMJF-12.jpg","type":"image\/jpeg"}],"twitter_card":"summary_large_image","twitter_misc":{"Tempo di lettura stimato":"1 minuto"},"schema":{"@context":"https:\/\/schema.org","@graph":[{"@type":"WebPage","@id":"https:\/\/www.iemj.org\/it\/produit\/juifs-et-trouveres\/","url":"https:\/\/www.iemj.org\/it\/produit\/juifs-et-trouveres\/","name":"Juifs et Trouv\u00e8res - Institut Europ\u00e9en des Musiques Juives","isPartOf":{"@id":"https:\/\/www.iemj.org\/it\/#website"},"primaryImageOfPage":{"@id":"https:\/\/www.iemj.org\/it\/produit\/juifs-et-trouveres\/#primaryimage"},"image":{"@id":"https:\/\/www.iemj.org\/it\/produit\/juifs-et-trouveres\/#primaryimage"},"thumbnailUrl":"https:\/\/www.iemj.org\/wp-content\/uploads\/2021\/07\/CD-PMJF-12.jpg","datePublished":"2015-02-28T10:52:31+00:00","dateModified":"2021-09-13T14:33:58+00:00","breadcrumb":{"@id":"https:\/\/www.iemj.org\/it\/produit\/juifs-et-trouveres\/#breadcrumb"},"inLanguage":"it-IT","potentialAction":[{"@type":"ReadAction","target":["https:\/\/www.iemj.org\/it\/produit\/juifs-et-trouveres\/"]}]},{"@type":"ImageObject","inLanguage":"it-IT","@id":"https:\/\/www.iemj.org\/it\/produit\/juifs-et-trouveres\/#primaryimage","url":"https:\/\/www.iemj.org\/wp-content\/uploads\/2021\/07\/CD-PMJF-12.jpg","contentUrl":"https:\/\/www.iemj.org\/wp-content\/uploads\/2021\/07\/CD-PMJF-12.jpg","width":350,"height":350,"caption":"COUV"},{"@type":"BreadcrumbList","@id":"https:\/\/www.iemj.org\/it\/produit\/juifs-et-trouveres\/#breadcrumb","itemListElement":[{"@type":"ListItem","position":1,"name":"Accueil","item":"https:\/\/www.iemj.org\/it\/"},{"@type":"ListItem","position":2,"name":"Boutique","item":"https:\/\/www.iemj.org\/it\/negozio\/"},{"@type":"ListItem","position":3,"name":"Juifs et Trouv\u00e8res"}]},{"@type":"WebSite","@id":"https:\/\/www.iemj.org\/it\/#website","url":"https:\/\/www.iemj.org\/it\/","name":"Institut Europ\u00e9en des Musiques Juives","description":"Des traditions musicales \u00e0 la port\u00e9e de tous","publisher":{"@id":"https:\/\/www.iemj.org\/it\/#organization"},"potentialAction":[{"@type":"SearchAction","target":{"@type":"EntryPoint","urlTemplate":"https:\/\/www.iemj.org\/it\/?s={search_term_string}"},"query-input":{"@type":"PropertyValueSpecification","valueRequired":true,"valueName":"search_term_string"}}],"inLanguage":"it-IT"},{"@type":"Organization","@id":"https:\/\/www.iemj.org\/it\/#organization","name":"Institut Europ\u00e9en des Musiques Juives","url":"https:\/\/www.iemj.org\/it\/","logo":{"@type":"ImageObject","inLanguage":"it-IT","@id":"https:\/\/www.iemj.org\/it\/#\/schema\/logo\/image\/","url":"https:\/\/www.iemj.org\/wp-content\/uploads\/2021\/09\/Logo-IEMJ-Paypal.jpg","contentUrl":"https:\/\/www.iemj.org\/wp-content\/uploads\/2021\/09\/Logo-IEMJ-Paypal.jpg","width":150,"height":50,"caption":"Institut Europ\u00e9en des Musiques Juives"},"image":{"@id":"https:\/\/www.iemj.org\/it\/#\/schema\/logo\/image\/"},"sameAs":["https:\/\/www.facebook.com\/MusiquesJuives\/","https:\/\/www.instagram.com\/musiquesjuives\/","https:\/\/www.youtube.com\/user\/musiquesjuives"]}]}},"_links":{"self":[{"href":"https:\/\/www.iemj.org\/it\/wp-json\/wp\/v2\/product\/56866","targetHints":{"allow":["GET"]}}],"collection":[{"href":"https:\/\/www.iemj.org\/it\/wp-json\/wp\/v2\/product"}],"about":[{"href":"https:\/\/www.iemj.org\/it\/wp-json\/wp\/v2\/types\/product"}],"replies":[{"embeddable":true,"href":"https:\/\/www.iemj.org\/it\/wp-json\/wp\/v2\/comments?post=56866"}],"wp:featuredmedia":[{"embeddable":true,"href":"https:\/\/www.iemj.org\/it\/wp-json\/wp\/v2\/media\/56847"}],"wp:attachment":[{"href":"https:\/\/www.iemj.org\/it\/wp-json\/wp\/v2\/media?parent=56866"}],"wp:term":[{"taxonomy":"product_brand","embeddable":true,"href":"https:\/\/www.iemj.org\/it\/wp-json\/wp\/v2\/product_brand?post=56866"},{"taxonomy":"product_cat","embeddable":true,"href":"https:\/\/www.iemj.org\/it\/wp-json\/wp\/v2\/product_cat?post=56866"},{"taxonomy":"product_tag","embeddable":true,"href":"https:\/\/www.iemj.org\/it\/wp-json\/wp\/v2\/product_tag?post=56866"}],"curies":[{"name":"wp","href":"https:\/\/api.w.org\/{rel}","templated":true}]}}