{"id":57424,"date":"2019-03-26T12:34:25","date_gmt":"2019-03-26T11:34:25","guid":{"rendered":"https:\/\/www.iemj.org\/produit\/horse-raddish-haskalah\/"},"modified":"2021-07-21T15:27:57","modified_gmt":"2021-07-21T13:27:57","slug":"horse-raddish-haskalah","status":"publish","type":"product","link":"https:\/\/www.iemj.org\/it\/produit\/horse-raddish-haskalah\/","title":{"rendered":"Horse Raddish &#8211; Haskalah"},"content":{"rendered":"<p><span lang=\"en\" xml:lang=\"en\">This new album o f Horse Raddish explores new imaginary territories, inspired by Yiddish folklore, jazz and contemporary music. Sometimes rock, sometimes baroque, titles arouse us alternately arouse tenderness, humor and rage. <\/span><\/p>\n<p id=\"tw-target-text\" class=\"tw-data-text tw-ta tw-text-small\" dir=\"ltr\" style=\"text-align: left;\"><span lang=\"en\" xml:lang=\"en\">The title of the album is borrowed from the movement of the same name initiated by Moses Mendelssohn in the mid-eighteenth century. He evokes the revolution of enlightenment through the filter of Jewish identity in a modernist vision, a reformed thought in search of a utopian and humanist society. A more pious than pious wish that makes us travel to the borders of a fantastic universe, variegated with vibrant colors and a mixture of cultures. We can easily guess unarmed superheroes, characters in search of universal or intimate love who would be interested in secular domains such as literature, philosophy, music and music. mathematics. Result of several years of concerts where the narrative force has taken its place, these universes militate for a folklore tomorrow.<\/span><\/p>\n<p>Extraits:<\/p>\n<p>01 &#8211; Golem &amp; Comics &#8211; (Michel Schick)<\/p>\n<audio class=\"wp-audio-shortcode\" id=\"audio-57424-1\" preload=\"none\" style=\"width: 100%;\" controls=\"controls\"><source type=\"audio\/mpeg\" src=\"https:\/\/www.iemj.org\/wp-content\/uploads\/2019\/03\/01_-_golem_comics_-_michel_schick_.mp3?_=1\" \/><a href=\"https:\/\/www.iemj.org\/wp-content\/uploads\/2019\/03\/01_-_golem_comics_-_michel_schick_.mp3\">https:\/\/www.iemj.org\/wp-content\/uploads\/2019\/03\/01_-_golem_comics_-_michel_schick_.mp3<\/a><\/audio>\n<p>02 &#8211; Shtetl &#8211; (Michel Ta\u00efeb)<\/p>\n<audio class=\"wp-audio-shortcode\" id=\"audio-57424-2\" preload=\"none\" style=\"width: 100%;\" controls=\"controls\"><source type=\"audio\/mpeg\" src=\"https:\/\/www.iemj.org\/wp-content\/uploads\/2019\/03\/02_-_shtetl_-_michel_taieb_.mp3?_=2\" \/><a href=\"https:\/\/www.iemj.org\/wp-content\/uploads\/2019\/03\/02_-_shtetl_-_michel_taieb_.mp3\">https:\/\/www.iemj.org\/wp-content\/uploads\/2019\/03\/02_-_shtetl_-_michel_taieb_.mp3<\/a><\/audio>\n<p>03 &#8211; Klezmer de Chine &#8211; (Michel Schick)<\/p>\n<audio class=\"wp-audio-shortcode\" id=\"audio-57424-3\" preload=\"none\" style=\"width: 100%;\" controls=\"controls\"><source type=\"audio\/mpeg\" src=\"https:\/\/www.iemj.org\/wp-content\/uploads\/2019\/03\/03_-_klezmer_de_chine_-_michel_schick_.mp3?_=3\" \/><a href=\"https:\/\/www.iemj.org\/wp-content\/uploads\/2019\/03\/03_-_klezmer_de_chine_-_michel_schick_.mp3\">https:\/\/www.iemj.org\/wp-content\/uploads\/2019\/03\/03_-_klezmer_de_chine_-_michel_schick_.mp3<\/a><\/audio>\n<p>04 &#8211; D&#8217;Hiver Souhaits 1 &#8211; (Cedric Chatelain)<\/p>\n<audio class=\"wp-audio-shortcode\" id=\"audio-57424-4\" preload=\"none\" style=\"width: 100%;\" controls=\"controls\"><source type=\"audio\/mpeg\" src=\"https:\/\/www.iemj.org\/wp-content\/uploads\/2019\/03\/04_-_d_hiver_souhaits_1_-_cedric_chatelain_.mp3?_=4\" \/><a href=\"https:\/\/www.iemj.org\/wp-content\/uploads\/2019\/03\/04_-_d_hiver_souhaits_1_-_cedric_chatelain_.mp3\">https:\/\/www.iemj.org\/wp-content\/uploads\/2019\/03\/04_-_d_hiver_souhaits_1_-_cedric_chatelain_.mp3<\/a><\/audio>\n<p>05 &#8211; Nadia \u00e0 la poutre &#8211; (Michel Schick)<\/p>\n<audio class=\"wp-audio-shortcode\" id=\"audio-57424-5\" preload=\"none\" style=\"width: 100%;\" controls=\"controls\"><source type=\"audio\/mpeg\" src=\"https:\/\/www.iemj.org\/wp-content\/uploads\/2019\/03\/05_-_nadia_a_la_poutre_-_michel_schick_.mp3?_=5\" \/><a href=\"https:\/\/www.iemj.org\/wp-content\/uploads\/2019\/03\/05_-_nadia_a_la_poutre_-_michel_schick_.mp3\">https:\/\/www.iemj.org\/wp-content\/uploads\/2019\/03\/05_-_nadia_a_la_poutre_-_michel_schick_.mp3<\/a><\/audio>\n<p>06 &#8211; La Haskalah des Cachinski &#8211; (Michel Schick)<\/p>\n<audio class=\"wp-audio-shortcode\" id=\"audio-57424-6\" preload=\"none\" style=\"width: 100%;\" controls=\"controls\"><source type=\"audio\/mpeg\" src=\"https:\/\/www.iemj.org\/wp-content\/uploads\/2019\/03\/06_-_la_haskalah_des_cachinski_-_michel_schick_.mp3?_=6\" \/><a href=\"https:\/\/www.iemj.org\/wp-content\/uploads\/2019\/03\/06_-_la_haskalah_des_cachinski_-_michel_schick_.mp3\">https:\/\/www.iemj.org\/wp-content\/uploads\/2019\/03\/06_-_la_haskalah_des_cachinski_-_michel_schick_.mp3<\/a><\/audio>\n<p>07 &#8211; Buenos Aires &#8211; (Traditionnel, Collection Ruth Rubin)<\/p>\n<audio class=\"wp-audio-shortcode\" id=\"audio-57424-7\" preload=\"none\" style=\"width: 100%;\" controls=\"controls\"><source type=\"audio\/mpeg\" src=\"https:\/\/www.iemj.org\/wp-content\/uploads\/2019\/03\/07_-_buenos_aires_-_traditionnel_collection_ruth_rubin_.mp3?_=7\" \/><a href=\"https:\/\/www.iemj.org\/wp-content\/uploads\/2019\/03\/07_-_buenos_aires_-_traditionnel_collection_ruth_rubin_.mp3\">https:\/\/www.iemj.org\/wp-content\/uploads\/2019\/03\/07_-_buenos_aires_-_traditionnel_collection_ruth_rubin_.mp3<\/a><\/audio>\n<p>08 &#8211; Brooklin Peanuts &#8211; (Michel Ta\u00cfeb)<\/p>\n<audio class=\"wp-audio-shortcode\" id=\"audio-57424-8\" preload=\"none\" style=\"width: 100%;\" controls=\"controls\"><source type=\"audio\/mpeg\" src=\"https:\/\/www.iemj.org\/wp-content\/uploads\/2019\/03\/08_-_brooklin_peanuts_-_michel_taieb_.mp3?_=8\" \/><a href=\"https:\/\/www.iemj.org\/wp-content\/uploads\/2019\/03\/08_-_brooklin_peanuts_-_michel_taieb_.mp3\">https:\/\/www.iemj.org\/wp-content\/uploads\/2019\/03\/08_-_brooklin_peanuts_-_michel_taieb_.mp3<\/a><\/audio>\n","protected":false},"excerpt":{"rendered":"<p id=\"tw-target-text\" class=\"tw-data-text tw-ta tw-text-small\" dir=\"ltr\" style=\"text-align: left; height: 48px;\"><span lang=\"en\" xml:lang=\"en\">New Horse Raddish album venturing along the path of original creation.<\/span><\/p>\n","protected":false},"featured_media":57622,"comment_status":"open","ping_status":"closed","template":"","meta":{"_acf_changed":false},"product_brand":[],"product_cat":[2297,1992,2296],"product_tag":[],"class_list":{"0":"post-57424","1":"product","2":"type-product","3":"status-publish","4":"has-post-thumbnail","6":"product_cat-altri-editori-it","7":"product_cat-cd-it","8":"product_cat-klezmer-yiddish-en-en-it","10":"first","11":"instock","12":"shipping-taxable","13":"purchasable","14":"product-type-simple"},"acf":[],"yoast_head":"<!-- This site is optimized with the Yoast SEO plugin v27.3 - https:\/\/yoast.com\/product\/yoast-seo-wordpress\/ -->\n<title>Horse Raddish - Haskalah - Institut Europ\u00e9en des Musiques Juives<\/title>\n<meta name=\"robots\" content=\"index, follow, max-snippet:-1, max-image-preview:large, max-video-preview:-1\" \/>\n<link rel=\"canonical\" href=\"https:\/\/www.iemj.org\/it\/produit\/horse-raddish-haskalah\/\" \/>\n<meta property=\"og:locale\" content=\"it_IT\" \/>\n<meta property=\"og:type\" content=\"article\" \/>\n<meta property=\"og:title\" content=\"Horse Raddish - Haskalah - Institut Europ\u00e9en des Musiques Juives\" \/>\n<meta property=\"og:description\" content=\"New Horse Raddish album venturing along the path of original creation.\" \/>\n<meta property=\"og:url\" content=\"https:\/\/www.iemj.org\/it\/produit\/horse-raddish-haskalah\/\" \/>\n<meta property=\"og:site_name\" content=\"Institut Europ\u00e9en des Musiques Juives\" \/>\n<meta property=\"article:publisher\" content=\"https:\/\/www.facebook.com\/MusiquesJuives\/\" \/>\n<meta property=\"article:modified_time\" content=\"2021-07-21T13:27:57+00:00\" \/>\n<meta property=\"og:image\" content=\"https:\/\/www.iemj.org\/wp-content\/uploads\/2019\/03\/COUV-CD-Horse-Raddish.jpg\" \/>\n\t<meta property=\"og:image:width\" content=\"350\" \/>\n\t<meta property=\"og:image:height\" content=\"314\" \/>\n\t<meta property=\"og:image:type\" content=\"image\/jpeg\" \/>\n<meta name=\"twitter:card\" content=\"summary_large_image\" \/>\n<meta name=\"twitter:label1\" content=\"Tempo di lettura stimato\" \/>\n\t<meta name=\"twitter:data1\" content=\"2 minuti\" \/>\n<script type=\"application\/ld+json\" class=\"yoast-schema-graph\">{\"@context\":\"https:\\\/\\\/schema.org\",\"@graph\":[{\"@type\":\"WebPage\",\"@id\":\"https:\\\/\\\/www.iemj.org\\\/it\\\/produit\\\/horse-raddish-haskalah\\\/\",\"url\":\"https:\\\/\\\/www.iemj.org\\\/it\\\/produit\\\/horse-raddish-haskalah\\\/\",\"name\":\"Horse Raddish - Haskalah - Institut Europ\u00e9en des Musiques Juives\",\"isPartOf\":{\"@id\":\"https:\\\/\\\/www.iemj.org\\\/it\\\/#website\"},\"primaryImageOfPage\":{\"@id\":\"https:\\\/\\\/www.iemj.org\\\/it\\\/produit\\\/horse-raddish-haskalah\\\/#primaryimage\"},\"image\":{\"@id\":\"https:\\\/\\\/www.iemj.org\\\/it\\\/produit\\\/horse-raddish-haskalah\\\/#primaryimage\"},\"thumbnailUrl\":\"https:\\\/\\\/www.iemj.org\\\/wp-content\\\/uploads\\\/2019\\\/03\\\/COUV-CD-Horse-Raddish.jpg\",\"datePublished\":\"2019-03-26T11:34:25+00:00\",\"dateModified\":\"2021-07-21T13:27:57+00:00\",\"breadcrumb\":{\"@id\":\"https:\\\/\\\/www.iemj.org\\\/it\\\/produit\\\/horse-raddish-haskalah\\\/#breadcrumb\"},\"inLanguage\":\"it-IT\",\"potentialAction\":[{\"@type\":\"ReadAction\",\"target\":[\"https:\\\/\\\/www.iemj.org\\\/it\\\/produit\\\/horse-raddish-haskalah\\\/\"]}]},{\"@type\":\"ImageObject\",\"inLanguage\":\"it-IT\",\"@id\":\"https:\\\/\\\/www.iemj.org\\\/it\\\/produit\\\/horse-raddish-haskalah\\\/#primaryimage\",\"url\":\"https:\\\/\\\/www.iemj.org\\\/wp-content\\\/uploads\\\/2019\\\/03\\\/COUV-CD-Horse-Raddish.jpg\",\"contentUrl\":\"https:\\\/\\\/www.iemj.org\\\/wp-content\\\/uploads\\\/2019\\\/03\\\/COUV-CD-Horse-Raddish.jpg\",\"width\":350,\"height\":314,\"caption\":\"COUV CD Horse Raddish\"},{\"@type\":\"BreadcrumbList\",\"@id\":\"https:\\\/\\\/www.iemj.org\\\/it\\\/produit\\\/horse-raddish-haskalah\\\/#breadcrumb\",\"itemListElement\":[{\"@type\":\"ListItem\",\"position\":1,\"name\":\"Accueil\",\"item\":\"https:\\\/\\\/www.iemj.org\\\/it\\\/\"},{\"@type\":\"ListItem\",\"position\":2,\"name\":\"Boutique\",\"item\":\"https:\\\/\\\/www.iemj.org\\\/it\\\/negozio\\\/\"},{\"@type\":\"ListItem\",\"position\":3,\"name\":\"Horse Raddish &#8211; Haskalah\"}]},{\"@type\":\"WebSite\",\"@id\":\"https:\\\/\\\/www.iemj.org\\\/it\\\/#website\",\"url\":\"https:\\\/\\\/www.iemj.org\\\/it\\\/\",\"name\":\"Institut Europ\u00e9en des Musiques Juives\",\"description\":\"Des traditions musicales \u00e0 la port\u00e9e de tous\",\"publisher\":{\"@id\":\"https:\\\/\\\/www.iemj.org\\\/it\\\/#organization\"},\"potentialAction\":[{\"@type\":\"SearchAction\",\"target\":{\"@type\":\"EntryPoint\",\"urlTemplate\":\"https:\\\/\\\/www.iemj.org\\\/it\\\/?s={search_term_string}\"},\"query-input\":{\"@type\":\"PropertyValueSpecification\",\"valueRequired\":true,\"valueName\":\"search_term_string\"}}],\"inLanguage\":\"it-IT\"},{\"@type\":\"Organization\",\"@id\":\"https:\\\/\\\/www.iemj.org\\\/it\\\/#organization\",\"name\":\"Institut Europ\u00e9en des Musiques Juives\",\"url\":\"https:\\\/\\\/www.iemj.org\\\/it\\\/\",\"logo\":{\"@type\":\"ImageObject\",\"inLanguage\":\"it-IT\",\"@id\":\"https:\\\/\\\/www.iemj.org\\\/it\\\/#\\\/schema\\\/logo\\\/image\\\/\",\"url\":\"https:\\\/\\\/www.iemj.org\\\/wp-content\\\/uploads\\\/2021\\\/09\\\/Logo-IEMJ-Paypal.jpg\",\"contentUrl\":\"https:\\\/\\\/www.iemj.org\\\/wp-content\\\/uploads\\\/2021\\\/09\\\/Logo-IEMJ-Paypal.jpg\",\"width\":150,\"height\":50,\"caption\":\"Institut Europ\u00e9en des Musiques Juives\"},\"image\":{\"@id\":\"https:\\\/\\\/www.iemj.org\\\/it\\\/#\\\/schema\\\/logo\\\/image\\\/\"},\"sameAs\":[\"https:\\\/\\\/www.facebook.com\\\/MusiquesJuives\\\/\",\"https:\\\/\\\/www.instagram.com\\\/musiquesjuives\\\/\",\"https:\\\/\\\/www.youtube.com\\\/user\\\/musiquesjuives\"]}]}<\/script>\n<!-- \/ Yoast SEO plugin. -->","yoast_head_json":{"title":"Horse Raddish - Haskalah - Institut Europ\u00e9en des Musiques Juives","robots":{"index":"index","follow":"follow","max-snippet":"max-snippet:-1","max-image-preview":"max-image-preview:large","max-video-preview":"max-video-preview:-1"},"canonical":"https:\/\/www.iemj.org\/it\/produit\/horse-raddish-haskalah\/","og_locale":"it_IT","og_type":"article","og_title":"Horse Raddish - Haskalah - Institut Europ\u00e9en des Musiques Juives","og_description":"New Horse Raddish album venturing along the path of original creation.","og_url":"https:\/\/www.iemj.org\/it\/produit\/horse-raddish-haskalah\/","og_site_name":"Institut Europ\u00e9en des Musiques Juives","article_publisher":"https:\/\/www.facebook.com\/MusiquesJuives\/","article_modified_time":"2021-07-21T13:27:57+00:00","og_image":[{"width":350,"height":314,"url":"https:\/\/www.iemj.org\/wp-content\/uploads\/2019\/03\/COUV-CD-Horse-Raddish.jpg","type":"image\/jpeg"}],"twitter_card":"summary_large_image","twitter_misc":{"Tempo di lettura stimato":"2 minuti"},"schema":{"@context":"https:\/\/schema.org","@graph":[{"@type":"WebPage","@id":"https:\/\/www.iemj.org\/it\/produit\/horse-raddish-haskalah\/","url":"https:\/\/www.iemj.org\/it\/produit\/horse-raddish-haskalah\/","name":"Horse Raddish - Haskalah - Institut Europ\u00e9en des Musiques Juives","isPartOf":{"@id":"https:\/\/www.iemj.org\/it\/#website"},"primaryImageOfPage":{"@id":"https:\/\/www.iemj.org\/it\/produit\/horse-raddish-haskalah\/#primaryimage"},"image":{"@id":"https:\/\/www.iemj.org\/it\/produit\/horse-raddish-haskalah\/#primaryimage"},"thumbnailUrl":"https:\/\/www.iemj.org\/wp-content\/uploads\/2019\/03\/COUV-CD-Horse-Raddish.jpg","datePublished":"2019-03-26T11:34:25+00:00","dateModified":"2021-07-21T13:27:57+00:00","breadcrumb":{"@id":"https:\/\/www.iemj.org\/it\/produit\/horse-raddish-haskalah\/#breadcrumb"},"inLanguage":"it-IT","potentialAction":[{"@type":"ReadAction","target":["https:\/\/www.iemj.org\/it\/produit\/horse-raddish-haskalah\/"]}]},{"@type":"ImageObject","inLanguage":"it-IT","@id":"https:\/\/www.iemj.org\/it\/produit\/horse-raddish-haskalah\/#primaryimage","url":"https:\/\/www.iemj.org\/wp-content\/uploads\/2019\/03\/COUV-CD-Horse-Raddish.jpg","contentUrl":"https:\/\/www.iemj.org\/wp-content\/uploads\/2019\/03\/COUV-CD-Horse-Raddish.jpg","width":350,"height":314,"caption":"COUV CD Horse Raddish"},{"@type":"BreadcrumbList","@id":"https:\/\/www.iemj.org\/it\/produit\/horse-raddish-haskalah\/#breadcrumb","itemListElement":[{"@type":"ListItem","position":1,"name":"Accueil","item":"https:\/\/www.iemj.org\/it\/"},{"@type":"ListItem","position":2,"name":"Boutique","item":"https:\/\/www.iemj.org\/it\/negozio\/"},{"@type":"ListItem","position":3,"name":"Horse Raddish &#8211; Haskalah"}]},{"@type":"WebSite","@id":"https:\/\/www.iemj.org\/it\/#website","url":"https:\/\/www.iemj.org\/it\/","name":"Institut Europ\u00e9en des Musiques Juives","description":"Des traditions musicales \u00e0 la port\u00e9e de tous","publisher":{"@id":"https:\/\/www.iemj.org\/it\/#organization"},"potentialAction":[{"@type":"SearchAction","target":{"@type":"EntryPoint","urlTemplate":"https:\/\/www.iemj.org\/it\/?s={search_term_string}"},"query-input":{"@type":"PropertyValueSpecification","valueRequired":true,"valueName":"search_term_string"}}],"inLanguage":"it-IT"},{"@type":"Organization","@id":"https:\/\/www.iemj.org\/it\/#organization","name":"Institut Europ\u00e9en des Musiques Juives","url":"https:\/\/www.iemj.org\/it\/","logo":{"@type":"ImageObject","inLanguage":"it-IT","@id":"https:\/\/www.iemj.org\/it\/#\/schema\/logo\/image\/","url":"https:\/\/www.iemj.org\/wp-content\/uploads\/2021\/09\/Logo-IEMJ-Paypal.jpg","contentUrl":"https:\/\/www.iemj.org\/wp-content\/uploads\/2021\/09\/Logo-IEMJ-Paypal.jpg","width":150,"height":50,"caption":"Institut Europ\u00e9en des Musiques Juives"},"image":{"@id":"https:\/\/www.iemj.org\/it\/#\/schema\/logo\/image\/"},"sameAs":["https:\/\/www.facebook.com\/MusiquesJuives\/","https:\/\/www.instagram.com\/musiquesjuives\/","https:\/\/www.youtube.com\/user\/musiquesjuives"]}]}},"_links":{"self":[{"href":"https:\/\/www.iemj.org\/it\/wp-json\/wp\/v2\/product\/57424","targetHints":{"allow":["GET"]}}],"collection":[{"href":"https:\/\/www.iemj.org\/it\/wp-json\/wp\/v2\/product"}],"about":[{"href":"https:\/\/www.iemj.org\/it\/wp-json\/wp\/v2\/types\/product"}],"replies":[{"embeddable":true,"href":"https:\/\/www.iemj.org\/it\/wp-json\/wp\/v2\/comments?post=57424"}],"wp:featuredmedia":[{"embeddable":true,"href":"https:\/\/www.iemj.org\/it\/wp-json\/wp\/v2\/media\/57622"}],"wp:attachment":[{"href":"https:\/\/www.iemj.org\/it\/wp-json\/wp\/v2\/media?parent=57424"}],"wp:term":[{"taxonomy":"product_brand","embeddable":true,"href":"https:\/\/www.iemj.org\/it\/wp-json\/wp\/v2\/product_brand?post=57424"},{"taxonomy":"product_cat","embeddable":true,"href":"https:\/\/www.iemj.org\/it\/wp-json\/wp\/v2\/product_cat?post=57424"},{"taxonomy":"product_tag","embeddable":true,"href":"https:\/\/www.iemj.org\/it\/wp-json\/wp\/v2\/product_tag?post=57424"}],"curies":[{"name":"wp","href":"https:\/\/api.w.org\/{rel}","templated":true}]}}