{"id":57562,"date":"2015-02-01T16:15:17","date_gmt":"2015-03-26T15:15:17","guid":{"rendered":"https:\/\/www.iemj.org\/produit\/eva-golgevit-is-still-singing\/"},"modified":"2021-09-14T16:42:54","modified_gmt":"2021-09-14T14:42:54","slug":"eva-golgevit-is-still-singing","status":"publish","type":"product","link":"https:\/\/www.iemj.org\/it\/produit\/eva-golgevit-is-still-singing\/","title":{"rendered":"Eva Golgevit is still singing"},"content":{"rendered":"<p>Includes 41 songs qnd 6 poems with lyrics in yiddish, translitteration, and translation into french.<\/p>\n<p>Extraits :<\/p>\n<p>A Lidele in yidish<\/p>\n<audio class=\"wp-audio-shortcode\" id=\"audio-57562-1\" preload=\"none\" style=\"width: 100%;\" controls=\"controls\"><source type=\"audio\/mpeg\" src=\"https:\/\/www.iemj.org\/wp-content\/uploads\/2015\/03\/A-Lidele-in-yidish-extrait.mp3?_=1\" \/><a href=\"https:\/\/www.iemj.org\/wp-content\/uploads\/2015\/03\/A-Lidele-in-yidish-extrait.mp3\">https:\/\/www.iemj.org\/wp-content\/uploads\/2015\/03\/A-Lidele-in-yidish-extrait.mp3<\/a><\/audio>\n<p>Di Mashke<\/p>\n<audio class=\"wp-audio-shortcode\" id=\"audio-57562-2\" preload=\"none\" style=\"width: 100%;\" controls=\"controls\"><source type=\"audio\/mpeg\" src=\"https:\/\/www.iemj.org\/wp-content\/uploads\/2015\/03\/Di-Mashke-extrait.mp3?_=2\" \/><a href=\"https:\/\/www.iemj.org\/wp-content\/uploads\/2015\/03\/Di-Mashke-extrait.mp3\">https:\/\/www.iemj.org\/wp-content\/uploads\/2015\/03\/Di-Mashke-extrait.mp3<\/a><\/audio>\n<p>Lomir zikh iberbetn<\/p>\n<audio class=\"wp-audio-shortcode\" id=\"audio-57562-3\" preload=\"none\" style=\"width: 100%;\" controls=\"controls\"><source type=\"audio\/mpeg\" src=\"https:\/\/www.iemj.org\/wp-content\/uploads\/2015\/03\/Lomir-zikh-iberbetn-extrait.mp3?_=3\" \/><a href=\"https:\/\/www.iemj.org\/wp-content\/uploads\/2015\/03\/Lomir-zikh-iberbetn-extrait.mp3\">https:\/\/www.iemj.org\/wp-content\/uploads\/2015\/03\/Lomir-zikh-iberbetn-extrait.mp3<\/a><\/audio>\n<p>Yankele<\/p>\n<audio class=\"wp-audio-shortcode\" id=\"audio-57562-4\" preload=\"none\" style=\"width: 100%;\" controls=\"controls\"><source type=\"audio\/mpeg\" src=\"https:\/\/www.iemj.org\/wp-content\/uploads\/2015\/03\/Yankele-extrait.mp3?_=4\" \/><a href=\"https:\/\/www.iemj.org\/wp-content\/uploads\/2015\/03\/Yankele-extrait.mp3\">https:\/\/www.iemj.org\/wp-content\/uploads\/2015\/03\/Yankele-extrait.mp3<\/a><\/audio>\n","protected":false},"excerpt":{"rendered":"<p>Eva Golgevit is still singing. Songs and poems in yiddish. Book with 2 CDs<\/p>\n","protected":false},"featured_media":64275,"comment_status":"open","ping_status":"closed","template":"","meta":{"_acf_changed":false},"product_brand":[],"product_cat":[2297,1992,2296,1996],"product_tag":[],"class_list":{"0":"post-57562","1":"product","2":"type-product","3":"status-publish","4":"has-post-thumbnail","6":"product_cat-altri-editori-it","7":"product_cat-cd-it","8":"product_cat-klezmer-yiddish-en-en-it","9":"product_cat-libri-it","11":"first","12":"instock","13":"shipping-taxable","14":"purchasable","15":"product-type-simple"},"acf":[],"yoast_head":"<!-- This site is optimized with the Yoast SEO plugin v27.3 - https:\/\/yoast.com\/product\/yoast-seo-wordpress\/ -->\n<title>Eva Golgevit is still singing - Institut Europ\u00e9en des Musiques Juives<\/title>\n<meta name=\"robots\" content=\"index, follow, max-snippet:-1, max-image-preview:large, max-video-preview:-1\" \/>\n<link rel=\"canonical\" href=\"https:\/\/www.iemj.org\/it\/produit\/eva-golgevit-is-still-singing\/\" \/>\n<meta property=\"og:locale\" content=\"it_IT\" \/>\n<meta property=\"og:type\" content=\"article\" \/>\n<meta property=\"og:title\" content=\"Eva Golgevit is still singing - Institut Europ\u00e9en des Musiques Juives\" \/>\n<meta property=\"og:description\" content=\"Eva Golgevit is still singing. Songs and poems in yiddish. Book with 2 CDs\" \/>\n<meta property=\"og:url\" content=\"https:\/\/www.iemj.org\/it\/produit\/eva-golgevit-is-still-singing\/\" \/>\n<meta property=\"og:site_name\" content=\"Institut Europ\u00e9en des Musiques Juives\" \/>\n<meta property=\"article:publisher\" content=\"https:\/\/www.facebook.com\/MusiquesJuives\/\" \/>\n<meta property=\"article:modified_time\" content=\"2021-09-14T14:42:54+00:00\" \/>\n<meta property=\"og:image\" content=\"https:\/\/www.iemj.org\/wp-content\/uploads\/2015\/02\/COUV-CD-Eva-Golgevit.jpg\" \/>\n\t<meta property=\"og:image:width\" content=\"547\" \/>\n\t<meta property=\"og:image:height\" content=\"489\" \/>\n\t<meta property=\"og:image:type\" content=\"image\/jpeg\" \/>\n<meta name=\"twitter:card\" content=\"summary_large_image\" \/>\n<script type=\"application\/ld+json\" class=\"yoast-schema-graph\">{\"@context\":\"https:\\\/\\\/schema.org\",\"@graph\":[{\"@type\":\"WebPage\",\"@id\":\"https:\\\/\\\/www.iemj.org\\\/it\\\/produit\\\/eva-golgevit-is-still-singing\\\/\",\"url\":\"https:\\\/\\\/www.iemj.org\\\/it\\\/produit\\\/eva-golgevit-is-still-singing\\\/\",\"name\":\"Eva Golgevit is still singing - Institut Europ\u00e9en des Musiques Juives\",\"isPartOf\":{\"@id\":\"https:\\\/\\\/www.iemj.org\\\/it\\\/#website\"},\"primaryImageOfPage\":{\"@id\":\"https:\\\/\\\/www.iemj.org\\\/it\\\/produit\\\/eva-golgevit-is-still-singing\\\/#primaryimage\"},\"image\":{\"@id\":\"https:\\\/\\\/www.iemj.org\\\/it\\\/produit\\\/eva-golgevit-is-still-singing\\\/#primaryimage\"},\"thumbnailUrl\":\"https:\\\/\\\/www.iemj.org\\\/wp-content\\\/uploads\\\/2015\\\/02\\\/COUV-CD-Eva-Golgevit.jpg\",\"datePublished\":\"2015-03-26T15:15:17+00:00\",\"dateModified\":\"2021-09-14T14:42:54+00:00\",\"breadcrumb\":{\"@id\":\"https:\\\/\\\/www.iemj.org\\\/it\\\/produit\\\/eva-golgevit-is-still-singing\\\/#breadcrumb\"},\"inLanguage\":\"it-IT\",\"potentialAction\":[{\"@type\":\"ReadAction\",\"target\":[\"https:\\\/\\\/www.iemj.org\\\/it\\\/produit\\\/eva-golgevit-is-still-singing\\\/\"]}]},{\"@type\":\"ImageObject\",\"inLanguage\":\"it-IT\",\"@id\":\"https:\\\/\\\/www.iemj.org\\\/it\\\/produit\\\/eva-golgevit-is-still-singing\\\/#primaryimage\",\"url\":\"https:\\\/\\\/www.iemj.org\\\/wp-content\\\/uploads\\\/2015\\\/02\\\/COUV-CD-Eva-Golgevit.jpg\",\"contentUrl\":\"https:\\\/\\\/www.iemj.org\\\/wp-content\\\/uploads\\\/2015\\\/02\\\/COUV-CD-Eva-Golgevit.jpg\",\"width\":547,\"height\":489},{\"@type\":\"BreadcrumbList\",\"@id\":\"https:\\\/\\\/www.iemj.org\\\/it\\\/produit\\\/eva-golgevit-is-still-singing\\\/#breadcrumb\",\"itemListElement\":[{\"@type\":\"ListItem\",\"position\":1,\"name\":\"Accueil\",\"item\":\"https:\\\/\\\/www.iemj.org\\\/it\\\/\"},{\"@type\":\"ListItem\",\"position\":2,\"name\":\"Boutique\",\"item\":\"https:\\\/\\\/www.iemj.org\\\/it\\\/negozio\\\/\"},{\"@type\":\"ListItem\",\"position\":3,\"name\":\"Eva Golgevit is still singing\"}]},{\"@type\":\"WebSite\",\"@id\":\"https:\\\/\\\/www.iemj.org\\\/it\\\/#website\",\"url\":\"https:\\\/\\\/www.iemj.org\\\/it\\\/\",\"name\":\"Institut Europ\u00e9en des Musiques Juives\",\"description\":\"Des traditions musicales \u00e0 la port\u00e9e de tous\",\"publisher\":{\"@id\":\"https:\\\/\\\/www.iemj.org\\\/it\\\/#organization\"},\"potentialAction\":[{\"@type\":\"SearchAction\",\"target\":{\"@type\":\"EntryPoint\",\"urlTemplate\":\"https:\\\/\\\/www.iemj.org\\\/it\\\/?s={search_term_string}\"},\"query-input\":{\"@type\":\"PropertyValueSpecification\",\"valueRequired\":true,\"valueName\":\"search_term_string\"}}],\"inLanguage\":\"it-IT\"},{\"@type\":\"Organization\",\"@id\":\"https:\\\/\\\/www.iemj.org\\\/it\\\/#organization\",\"name\":\"Institut Europ\u00e9en des Musiques Juives\",\"url\":\"https:\\\/\\\/www.iemj.org\\\/it\\\/\",\"logo\":{\"@type\":\"ImageObject\",\"inLanguage\":\"it-IT\",\"@id\":\"https:\\\/\\\/www.iemj.org\\\/it\\\/#\\\/schema\\\/logo\\\/image\\\/\",\"url\":\"https:\\\/\\\/www.iemj.org\\\/wp-content\\\/uploads\\\/2021\\\/09\\\/Logo-IEMJ-Paypal.jpg\",\"contentUrl\":\"https:\\\/\\\/www.iemj.org\\\/wp-content\\\/uploads\\\/2021\\\/09\\\/Logo-IEMJ-Paypal.jpg\",\"width\":150,\"height\":50,\"caption\":\"Institut Europ\u00e9en des Musiques Juives\"},\"image\":{\"@id\":\"https:\\\/\\\/www.iemj.org\\\/it\\\/#\\\/schema\\\/logo\\\/image\\\/\"},\"sameAs\":[\"https:\\\/\\\/www.facebook.com\\\/MusiquesJuives\\\/\",\"https:\\\/\\\/www.instagram.com\\\/musiquesjuives\\\/\",\"https:\\\/\\\/www.youtube.com\\\/user\\\/musiquesjuives\"]}]}<\/script>\n<!-- \/ Yoast SEO plugin. -->","yoast_head_json":{"title":"Eva Golgevit is still singing - Institut Europ\u00e9en des Musiques Juives","robots":{"index":"index","follow":"follow","max-snippet":"max-snippet:-1","max-image-preview":"max-image-preview:large","max-video-preview":"max-video-preview:-1"},"canonical":"https:\/\/www.iemj.org\/it\/produit\/eva-golgevit-is-still-singing\/","og_locale":"it_IT","og_type":"article","og_title":"Eva Golgevit is still singing - Institut Europ\u00e9en des Musiques Juives","og_description":"Eva Golgevit is still singing. Songs and poems in yiddish. Book with 2 CDs","og_url":"https:\/\/www.iemj.org\/it\/produit\/eva-golgevit-is-still-singing\/","og_site_name":"Institut Europ\u00e9en des Musiques Juives","article_publisher":"https:\/\/www.facebook.com\/MusiquesJuives\/","article_modified_time":"2021-09-14T14:42:54+00:00","og_image":[{"width":547,"height":489,"url":"https:\/\/www.iemj.org\/wp-content\/uploads\/2015\/02\/COUV-CD-Eva-Golgevit.jpg","type":"image\/jpeg"}],"twitter_card":"summary_large_image","schema":{"@context":"https:\/\/schema.org","@graph":[{"@type":"WebPage","@id":"https:\/\/www.iemj.org\/it\/produit\/eva-golgevit-is-still-singing\/","url":"https:\/\/www.iemj.org\/it\/produit\/eva-golgevit-is-still-singing\/","name":"Eva Golgevit is still singing - Institut Europ\u00e9en des Musiques Juives","isPartOf":{"@id":"https:\/\/www.iemj.org\/it\/#website"},"primaryImageOfPage":{"@id":"https:\/\/www.iemj.org\/it\/produit\/eva-golgevit-is-still-singing\/#primaryimage"},"image":{"@id":"https:\/\/www.iemj.org\/it\/produit\/eva-golgevit-is-still-singing\/#primaryimage"},"thumbnailUrl":"https:\/\/www.iemj.org\/wp-content\/uploads\/2015\/02\/COUV-CD-Eva-Golgevit.jpg","datePublished":"2015-03-26T15:15:17+00:00","dateModified":"2021-09-14T14:42:54+00:00","breadcrumb":{"@id":"https:\/\/www.iemj.org\/it\/produit\/eva-golgevit-is-still-singing\/#breadcrumb"},"inLanguage":"it-IT","potentialAction":[{"@type":"ReadAction","target":["https:\/\/www.iemj.org\/it\/produit\/eva-golgevit-is-still-singing\/"]}]},{"@type":"ImageObject","inLanguage":"it-IT","@id":"https:\/\/www.iemj.org\/it\/produit\/eva-golgevit-is-still-singing\/#primaryimage","url":"https:\/\/www.iemj.org\/wp-content\/uploads\/2015\/02\/COUV-CD-Eva-Golgevit.jpg","contentUrl":"https:\/\/www.iemj.org\/wp-content\/uploads\/2015\/02\/COUV-CD-Eva-Golgevit.jpg","width":547,"height":489},{"@type":"BreadcrumbList","@id":"https:\/\/www.iemj.org\/it\/produit\/eva-golgevit-is-still-singing\/#breadcrumb","itemListElement":[{"@type":"ListItem","position":1,"name":"Accueil","item":"https:\/\/www.iemj.org\/it\/"},{"@type":"ListItem","position":2,"name":"Boutique","item":"https:\/\/www.iemj.org\/it\/negozio\/"},{"@type":"ListItem","position":3,"name":"Eva Golgevit is still singing"}]},{"@type":"WebSite","@id":"https:\/\/www.iemj.org\/it\/#website","url":"https:\/\/www.iemj.org\/it\/","name":"Institut Europ\u00e9en des Musiques Juives","description":"Des traditions musicales \u00e0 la port\u00e9e de tous","publisher":{"@id":"https:\/\/www.iemj.org\/it\/#organization"},"potentialAction":[{"@type":"SearchAction","target":{"@type":"EntryPoint","urlTemplate":"https:\/\/www.iemj.org\/it\/?s={search_term_string}"},"query-input":{"@type":"PropertyValueSpecification","valueRequired":true,"valueName":"search_term_string"}}],"inLanguage":"it-IT"},{"@type":"Organization","@id":"https:\/\/www.iemj.org\/it\/#organization","name":"Institut Europ\u00e9en des Musiques Juives","url":"https:\/\/www.iemj.org\/it\/","logo":{"@type":"ImageObject","inLanguage":"it-IT","@id":"https:\/\/www.iemj.org\/it\/#\/schema\/logo\/image\/","url":"https:\/\/www.iemj.org\/wp-content\/uploads\/2021\/09\/Logo-IEMJ-Paypal.jpg","contentUrl":"https:\/\/www.iemj.org\/wp-content\/uploads\/2021\/09\/Logo-IEMJ-Paypal.jpg","width":150,"height":50,"caption":"Institut Europ\u00e9en des Musiques Juives"},"image":{"@id":"https:\/\/www.iemj.org\/it\/#\/schema\/logo\/image\/"},"sameAs":["https:\/\/www.facebook.com\/MusiquesJuives\/","https:\/\/www.instagram.com\/musiquesjuives\/","https:\/\/www.youtube.com\/user\/musiquesjuives"]}]}},"_links":{"self":[{"href":"https:\/\/www.iemj.org\/it\/wp-json\/wp\/v2\/product\/57562","targetHints":{"allow":["GET"]}}],"collection":[{"href":"https:\/\/www.iemj.org\/it\/wp-json\/wp\/v2\/product"}],"about":[{"href":"https:\/\/www.iemj.org\/it\/wp-json\/wp\/v2\/types\/product"}],"replies":[{"embeddable":true,"href":"https:\/\/www.iemj.org\/it\/wp-json\/wp\/v2\/comments?post=57562"}],"wp:featuredmedia":[{"embeddable":true,"href":"https:\/\/www.iemj.org\/it\/wp-json\/wp\/v2\/media\/64275"}],"wp:attachment":[{"href":"https:\/\/www.iemj.org\/it\/wp-json\/wp\/v2\/media?parent=57562"}],"wp:term":[{"taxonomy":"product_brand","embeddable":true,"href":"https:\/\/www.iemj.org\/it\/wp-json\/wp\/v2\/product_brand?post=57562"},{"taxonomy":"product_cat","embeddable":true,"href":"https:\/\/www.iemj.org\/it\/wp-json\/wp\/v2\/product_cat?post=57562"},{"taxonomy":"product_tag","embeddable":true,"href":"https:\/\/www.iemj.org\/it\/wp-json\/wp\/v2\/product_tag?post=57562"}],"curies":[{"name":"wp","href":"https:\/\/api.w.org\/{rel}","templated":true}]}}