{"id":64105,"date":"2015-03-19T09:11:09","date_gmt":"2015-03-19T08:11:09","guid":{"rendered":"https:\/\/www.iemj.org\/produit\/coplas-sefardies-1st-serie\/"},"modified":"2022-09-08T12:43:15","modified_gmt":"2022-09-08T10:43:15","slug":"coplas-sefardies-1st-serie","status":"publish","type":"product","link":"https:\/\/www.iemj.org\/it\/produit\/coplas-sefardies-1st-serie\/","title":{"rendered":"Hemsi &#8211; Coplas Sefardies (1st serie)"},"content":{"rendered":"<p>First booklet of\u00a0Coplas Sefardies by\u00a0Alberto Hemsi<\/p>\n<p>Lyrics and music scores of\u00a0:<\/p>\n<p>1 &#8211; Yo lomi una muchacha &#8230;<\/p>\n<p>2 &#8211; Durme, durme, hermosa donzella &#8230;<\/p>\n<p>3 &#8211; No pasech por la mi sala &#8230;<\/p>\n<p>4 &#8211; Dicho me avian dicho &#8230;<\/p>\n<p>5 &#8211; Mi sposica esta en el bano &#8230;<\/p>\n<p>6 &#8211; Ansi dize la nuestra novia<\/p>\n","protected":false},"excerpt":{"rendered":"<p>Hemsi &#8211; Coplas Sefardies (1st serie)<\/p>\n<p><strong>The Original edition of Coplas Sefardies<\/strong> printed in 1932 in Alexandria, composed by Alberto Hemsi <strong>being sold out<\/strong>, <strong>a new fac-simile version is replacing.<\/strong><\/p>\n","protected":false},"featured_media":64302,"comment_status":"open","ping_status":"closed","template":"","meta":{"_acf_changed":false},"product_brand":[],"product_cat":[2355,2337,2358,1661,2000,2402,2400],"product_tag":[],"class_list":{"0":"post-64105","1":"product","2":"type-product","3":"status-publish","4":"has-post-thumbnail","6":"product_cat-classico","7":"product_cat-duo-it","8":"product_cat-giudeo-spagnolo-it","9":"product_cat-hemsi-alberto-it","10":"product_cat-spartiti-it","11":"product_cat-spartiti-stampati","12":"product_cat-voce","14":"first","15":"instock","16":"shipping-taxable","17":"purchasable","18":"product-type-simple"},"acf":[],"yoast_head":"<!-- This site is optimized with the Yoast SEO plugin v27.3 - https:\/\/yoast.com\/product\/yoast-seo-wordpress\/ -->\n<title>Hemsi - Coplas Sefardies (1st serie) - Institut Europ\u00e9en des Musiques Juives<\/title>\n<meta name=\"robots\" content=\"index, follow, max-snippet:-1, max-image-preview:large, max-video-preview:-1\" \/>\n<link rel=\"canonical\" href=\"https:\/\/www.iemj.org\/it\/produit\/coplas-sefardies-1st-serie\/\" \/>\n<meta property=\"og:locale\" content=\"it_IT\" \/>\n<meta property=\"og:type\" content=\"article\" \/>\n<meta property=\"og:title\" content=\"Hemsi - Coplas Sefardies (1st serie) - Institut Europ\u00e9en des Musiques Juives\" \/>\n<meta property=\"og:description\" content=\"Hemsi - Coplas Sefardies (1st serie)  The Original edition of Coplas Sefardies printed in 1932 in Alexandria, composed by Alberto Hemsi being sold out, a new fac-simile version is replacing.\" \/>\n<meta property=\"og:url\" content=\"https:\/\/www.iemj.org\/it\/produit\/coplas-sefardies-1st-serie\/\" \/>\n<meta property=\"og:site_name\" content=\"Institut Europ\u00e9en des Musiques Juives\" \/>\n<meta property=\"article:publisher\" content=\"https:\/\/www.facebook.com\/MusiquesJuives\/\" \/>\n<meta property=\"article:modified_time\" content=\"2022-09-08T10:43:15+00:00\" \/>\n<meta property=\"og:image\" content=\"https:\/\/www.iemj.org\/wp-content\/uploads\/2015\/03\/Couverture-partition-Coplas-Serie-1-e1631707937733.jpg\" \/>\n\t<meta property=\"og:image:width\" content=\"547\" \/>\n\t<meta property=\"og:image:height\" content=\"489\" \/>\n\t<meta property=\"og:image:type\" content=\"image\/jpeg\" \/>\n<meta name=\"twitter:card\" content=\"summary_large_image\" \/>\n<script type=\"application\/ld+json\" class=\"yoast-schema-graph\">{\"@context\":\"https:\\\/\\\/schema.org\",\"@graph\":[{\"@type\":\"WebPage\",\"@id\":\"https:\\\/\\\/www.iemj.org\\\/it\\\/produit\\\/coplas-sefardies-1st-serie\\\/\",\"url\":\"https:\\\/\\\/www.iemj.org\\\/it\\\/produit\\\/coplas-sefardies-1st-serie\\\/\",\"name\":\"Hemsi - Coplas Sefardies (1st serie) - Institut Europ\u00e9en des Musiques Juives\",\"isPartOf\":{\"@id\":\"https:\\\/\\\/www.iemj.org\\\/it\\\/#website\"},\"primaryImageOfPage\":{\"@id\":\"https:\\\/\\\/www.iemj.org\\\/it\\\/produit\\\/coplas-sefardies-1st-serie\\\/#primaryimage\"},\"image\":{\"@id\":\"https:\\\/\\\/www.iemj.org\\\/it\\\/produit\\\/coplas-sefardies-1st-serie\\\/#primaryimage\"},\"thumbnailUrl\":\"https:\\\/\\\/www.iemj.org\\\/wp-content\\\/uploads\\\/2015\\\/03\\\/Couverture-partition-Coplas-Serie-1-e1631707937733.jpg\",\"datePublished\":\"2015-03-19T08:11:09+00:00\",\"dateModified\":\"2022-09-08T10:43:15+00:00\",\"breadcrumb\":{\"@id\":\"https:\\\/\\\/www.iemj.org\\\/it\\\/produit\\\/coplas-sefardies-1st-serie\\\/#breadcrumb\"},\"inLanguage\":\"it-IT\",\"potentialAction\":[{\"@type\":\"ReadAction\",\"target\":[\"https:\\\/\\\/www.iemj.org\\\/it\\\/produit\\\/coplas-sefardies-1st-serie\\\/\"]}]},{\"@type\":\"ImageObject\",\"inLanguage\":\"it-IT\",\"@id\":\"https:\\\/\\\/www.iemj.org\\\/it\\\/produit\\\/coplas-sefardies-1st-serie\\\/#primaryimage\",\"url\":\"https:\\\/\\\/www.iemj.org\\\/wp-content\\\/uploads\\\/2015\\\/03\\\/Couverture-partition-Coplas-Serie-1-e1631707937733.jpg\",\"contentUrl\":\"https:\\\/\\\/www.iemj.org\\\/wp-content\\\/uploads\\\/2015\\\/03\\\/Couverture-partition-Coplas-Serie-1-e1631707937733.jpg\",\"width\":547,\"height\":489},{\"@type\":\"BreadcrumbList\",\"@id\":\"https:\\\/\\\/www.iemj.org\\\/it\\\/produit\\\/coplas-sefardies-1st-serie\\\/#breadcrumb\",\"itemListElement\":[{\"@type\":\"ListItem\",\"position\":1,\"name\":\"Accueil\",\"item\":\"https:\\\/\\\/www.iemj.org\\\/it\\\/\"},{\"@type\":\"ListItem\",\"position\":2,\"name\":\"Boutique\",\"item\":\"https:\\\/\\\/www.iemj.org\\\/it\\\/negozio\\\/\"},{\"@type\":\"ListItem\",\"position\":3,\"name\":\"Hemsi &#8211; Coplas Sefardies (1st serie)\"}]},{\"@type\":\"WebSite\",\"@id\":\"https:\\\/\\\/www.iemj.org\\\/it\\\/#website\",\"url\":\"https:\\\/\\\/www.iemj.org\\\/it\\\/\",\"name\":\"Institut Europ\u00e9en des Musiques Juives\",\"description\":\"Des traditions musicales \u00e0 la port\u00e9e de tous\",\"publisher\":{\"@id\":\"https:\\\/\\\/www.iemj.org\\\/it\\\/#organization\"},\"potentialAction\":[{\"@type\":\"SearchAction\",\"target\":{\"@type\":\"EntryPoint\",\"urlTemplate\":\"https:\\\/\\\/www.iemj.org\\\/it\\\/?s={search_term_string}\"},\"query-input\":{\"@type\":\"PropertyValueSpecification\",\"valueRequired\":true,\"valueName\":\"search_term_string\"}}],\"inLanguage\":\"it-IT\"},{\"@type\":\"Organization\",\"@id\":\"https:\\\/\\\/www.iemj.org\\\/it\\\/#organization\",\"name\":\"Institut Europ\u00e9en des Musiques Juives\",\"url\":\"https:\\\/\\\/www.iemj.org\\\/it\\\/\",\"logo\":{\"@type\":\"ImageObject\",\"inLanguage\":\"it-IT\",\"@id\":\"https:\\\/\\\/www.iemj.org\\\/it\\\/#\\\/schema\\\/logo\\\/image\\\/\",\"url\":\"https:\\\/\\\/www.iemj.org\\\/wp-content\\\/uploads\\\/2021\\\/09\\\/Logo-IEMJ-Paypal.jpg\",\"contentUrl\":\"https:\\\/\\\/www.iemj.org\\\/wp-content\\\/uploads\\\/2021\\\/09\\\/Logo-IEMJ-Paypal.jpg\",\"width\":150,\"height\":50,\"caption\":\"Institut Europ\u00e9en des Musiques Juives\"},\"image\":{\"@id\":\"https:\\\/\\\/www.iemj.org\\\/it\\\/#\\\/schema\\\/logo\\\/image\\\/\"},\"sameAs\":[\"https:\\\/\\\/www.facebook.com\\\/MusiquesJuives\\\/\",\"https:\\\/\\\/www.instagram.com\\\/musiquesjuives\\\/\",\"https:\\\/\\\/www.youtube.com\\\/user\\\/musiquesjuives\"]}]}<\/script>\n<!-- \/ Yoast SEO plugin. -->","yoast_head_json":{"title":"Hemsi - Coplas Sefardies (1st serie) - Institut Europ\u00e9en des Musiques Juives","robots":{"index":"index","follow":"follow","max-snippet":"max-snippet:-1","max-image-preview":"max-image-preview:large","max-video-preview":"max-video-preview:-1"},"canonical":"https:\/\/www.iemj.org\/it\/produit\/coplas-sefardies-1st-serie\/","og_locale":"it_IT","og_type":"article","og_title":"Hemsi - Coplas Sefardies (1st serie) - Institut Europ\u00e9en des Musiques Juives","og_description":"Hemsi - Coplas Sefardies (1st serie)  The Original edition of Coplas Sefardies printed in 1932 in Alexandria, composed by Alberto Hemsi being sold out, a new fac-simile version is replacing.","og_url":"https:\/\/www.iemj.org\/it\/produit\/coplas-sefardies-1st-serie\/","og_site_name":"Institut Europ\u00e9en des Musiques Juives","article_publisher":"https:\/\/www.facebook.com\/MusiquesJuives\/","article_modified_time":"2022-09-08T10:43:15+00:00","og_image":[{"width":547,"height":489,"url":"https:\/\/www.iemj.org\/wp-content\/uploads\/2015\/03\/Couverture-partition-Coplas-Serie-1-e1631707937733.jpg","type":"image\/jpeg"}],"twitter_card":"summary_large_image","schema":{"@context":"https:\/\/schema.org","@graph":[{"@type":"WebPage","@id":"https:\/\/www.iemj.org\/it\/produit\/coplas-sefardies-1st-serie\/","url":"https:\/\/www.iemj.org\/it\/produit\/coplas-sefardies-1st-serie\/","name":"Hemsi - Coplas Sefardies (1st serie) - Institut Europ\u00e9en des Musiques Juives","isPartOf":{"@id":"https:\/\/www.iemj.org\/it\/#website"},"primaryImageOfPage":{"@id":"https:\/\/www.iemj.org\/it\/produit\/coplas-sefardies-1st-serie\/#primaryimage"},"image":{"@id":"https:\/\/www.iemj.org\/it\/produit\/coplas-sefardies-1st-serie\/#primaryimage"},"thumbnailUrl":"https:\/\/www.iemj.org\/wp-content\/uploads\/2015\/03\/Couverture-partition-Coplas-Serie-1-e1631707937733.jpg","datePublished":"2015-03-19T08:11:09+00:00","dateModified":"2022-09-08T10:43:15+00:00","breadcrumb":{"@id":"https:\/\/www.iemj.org\/it\/produit\/coplas-sefardies-1st-serie\/#breadcrumb"},"inLanguage":"it-IT","potentialAction":[{"@type":"ReadAction","target":["https:\/\/www.iemj.org\/it\/produit\/coplas-sefardies-1st-serie\/"]}]},{"@type":"ImageObject","inLanguage":"it-IT","@id":"https:\/\/www.iemj.org\/it\/produit\/coplas-sefardies-1st-serie\/#primaryimage","url":"https:\/\/www.iemj.org\/wp-content\/uploads\/2015\/03\/Couverture-partition-Coplas-Serie-1-e1631707937733.jpg","contentUrl":"https:\/\/www.iemj.org\/wp-content\/uploads\/2015\/03\/Couverture-partition-Coplas-Serie-1-e1631707937733.jpg","width":547,"height":489},{"@type":"BreadcrumbList","@id":"https:\/\/www.iemj.org\/it\/produit\/coplas-sefardies-1st-serie\/#breadcrumb","itemListElement":[{"@type":"ListItem","position":1,"name":"Accueil","item":"https:\/\/www.iemj.org\/it\/"},{"@type":"ListItem","position":2,"name":"Boutique","item":"https:\/\/www.iemj.org\/it\/negozio\/"},{"@type":"ListItem","position":3,"name":"Hemsi &#8211; Coplas Sefardies (1st serie)"}]},{"@type":"WebSite","@id":"https:\/\/www.iemj.org\/it\/#website","url":"https:\/\/www.iemj.org\/it\/","name":"Institut Europ\u00e9en des Musiques Juives","description":"Des traditions musicales \u00e0 la port\u00e9e de tous","publisher":{"@id":"https:\/\/www.iemj.org\/it\/#organization"},"potentialAction":[{"@type":"SearchAction","target":{"@type":"EntryPoint","urlTemplate":"https:\/\/www.iemj.org\/it\/?s={search_term_string}"},"query-input":{"@type":"PropertyValueSpecification","valueRequired":true,"valueName":"search_term_string"}}],"inLanguage":"it-IT"},{"@type":"Organization","@id":"https:\/\/www.iemj.org\/it\/#organization","name":"Institut Europ\u00e9en des Musiques Juives","url":"https:\/\/www.iemj.org\/it\/","logo":{"@type":"ImageObject","inLanguage":"it-IT","@id":"https:\/\/www.iemj.org\/it\/#\/schema\/logo\/image\/","url":"https:\/\/www.iemj.org\/wp-content\/uploads\/2021\/09\/Logo-IEMJ-Paypal.jpg","contentUrl":"https:\/\/www.iemj.org\/wp-content\/uploads\/2021\/09\/Logo-IEMJ-Paypal.jpg","width":150,"height":50,"caption":"Institut Europ\u00e9en des Musiques Juives"},"image":{"@id":"https:\/\/www.iemj.org\/it\/#\/schema\/logo\/image\/"},"sameAs":["https:\/\/www.facebook.com\/MusiquesJuives\/","https:\/\/www.instagram.com\/musiquesjuives\/","https:\/\/www.youtube.com\/user\/musiquesjuives"]}]}},"_links":{"self":[{"href":"https:\/\/www.iemj.org\/it\/wp-json\/wp\/v2\/product\/64105","targetHints":{"allow":["GET"]}}],"collection":[{"href":"https:\/\/www.iemj.org\/it\/wp-json\/wp\/v2\/product"}],"about":[{"href":"https:\/\/www.iemj.org\/it\/wp-json\/wp\/v2\/types\/product"}],"replies":[{"embeddable":true,"href":"https:\/\/www.iemj.org\/it\/wp-json\/wp\/v2\/comments?post=64105"}],"wp:featuredmedia":[{"embeddable":true,"href":"https:\/\/www.iemj.org\/it\/wp-json\/wp\/v2\/media\/64302"}],"wp:attachment":[{"href":"https:\/\/www.iemj.org\/it\/wp-json\/wp\/v2\/media?parent=64105"}],"wp:term":[{"taxonomy":"product_brand","embeddable":true,"href":"https:\/\/www.iemj.org\/it\/wp-json\/wp\/v2\/product_brand?post=64105"},{"taxonomy":"product_cat","embeddable":true,"href":"https:\/\/www.iemj.org\/it\/wp-json\/wp\/v2\/product_cat?post=64105"},{"taxonomy":"product_tag","embeddable":true,"href":"https:\/\/www.iemj.org\/it\/wp-json\/wp\/v2\/product_tag?post=64105"}],"curies":[{"name":"wp","href":"https:\/\/api.w.org\/{rel}","templated":true}]}}