{"id":73534,"date":"2021-12-06T17:14:05","date_gmt":"2021-12-06T16:15:02","guid":{"rendered":"https:\/\/www.iemj.org\/?post_type=product&#038;p=73534"},"modified":"2025-01-09T17:03:06","modified_gmt":"2025-01-09T16:03:06","slug":"kaufmann-adamah-melodie-pour-soprano-et-piano","status":"publish","type":"product","link":"https:\/\/www.iemj.org\/it\/produit\/kaufmann-adamah-melodie-pour-soprano-et-piano\/","title":{"rendered":"Kaufmann &#8211; Adamah, M\u00e9lodie pour soprano et piano"},"content":{"rendered":"<p>Composer, journalist, producer for radio and television and film maker, Serge Kaufman composed numerous scores for radio, television, as well as cinema and the stage. His works stand out for their very personal freedom of expression and their constant lyricism.<\/p>\n<p>Born in 1930, Serge Kaufmann studied classical music at Coll\u00e8ge Calvin in Geneva, and then at the Schola Cantorum in Paris, under the direction of Daniel Lesur. In the post-war years, the sight of a photograph \u2013 the boy in the Warsaw Ghetto \u2013 pivoted his convictions a passionate, internal questioning whose voice became ever more insistent: \u201cWhat would have happened to me if, instead of being born in Switzerland, I had been born on the other side of the border? Would I not have shared the fate of these thousands of Jewish children who didn&#8217;t have the chance to grow up simply because they were born of Jewish parents or grand-parents !\u201d<\/p>\n<p>Inspired by this revelation, Serge Kaufmann has enriched for nearly 25 years the field of Jewish music by composing works with evocative names : Yiddish Suite, Little Klezmer Suite, The Rothenbourg Maharam, Neshama, Kol nidr\u00e9, Yesod&#8230; Although never built on purely traditional melodies, his compositions have a sound that is undeniably Jewish.<\/p>\n<p>His vocal, orchestral and chamber music works have been the subject of several recordings.<\/p>\n","protected":false},"excerpt":{"rendered":"<p>Kaufmann &#8211; Adamah, Melody for soprano and piano<\/p>\n<h3><span style=\"background-color: #fbe329; color: #ff0000;\"><strong>AVAILABLE AS PRINTED SCORE AT \u20ac 12 OR DOWNLOADABLE SCORE AT \u20ac 8<\/strong><\/span><\/h3>\n","protected":false},"featured_media":73329,"comment_status":"closed","ping_status":"closed","template":"","meta":{"_acf_changed":false},"product_brand":[],"product_cat":[2355,1662,2351,2000,2407,2402,2400],"product_tag":[],"class_list":{"0":"post-73534","1":"product","2":"type-product","3":"status-publish","4":"has-post-thumbnail","6":"product_cat-classico","7":"product_cat-kaufmann-serge-it","8":"product_cat-piano-it","9":"product_cat-spartiti-it","10":"product_cat-spartiti-da-scaricare","11":"product_cat-spartiti-stampati","12":"product_cat-voce","13":"pa_partition-scaricabile","14":"pa_partition-stampato","16":"first","17":"instock","18":"shipping-taxable","19":"purchasable","20":"product-type-variable"},"acf":[],"yoast_head":"<!-- This site is optimized with the Yoast SEO plugin v27.3 - https:\/\/yoast.com\/product\/yoast-seo-wordpress\/ -->\n<title>Kaufmann - Adamah, M\u00e9lodie pour soprano et piano - Institut Europ\u00e9en des Musiques Juives<\/title>\n<meta name=\"robots\" content=\"index, follow, max-snippet:-1, max-image-preview:large, max-video-preview:-1\" \/>\n<link rel=\"canonical\" href=\"https:\/\/www.iemj.org\/it\/produit\/kaufmann-adamah-melodie-pour-soprano-et-piano\/\" \/>\n<meta property=\"og:locale\" content=\"it_IT\" \/>\n<meta property=\"og:type\" content=\"article\" \/>\n<meta property=\"og:title\" content=\"Kaufmann - Adamah, M\u00e9lodie pour soprano et piano - Institut Europ\u00e9en des Musiques Juives\" \/>\n<meta property=\"og:description\" content=\"Kaufmann - Adamah, Melody for soprano and piano AVAILABLE AS PRINTED SCORE AT \u20ac 12 OR DOWNLOADABLE SCORE AT \u20ac 8\" \/>\n<meta property=\"og:url\" content=\"https:\/\/www.iemj.org\/it\/produit\/kaufmann-adamah-melodie-pour-soprano-et-piano\/\" \/>\n<meta property=\"og:site_name\" content=\"Institut Europ\u00e9en des Musiques Juives\" \/>\n<meta property=\"article:publisher\" content=\"https:\/\/www.facebook.com\/MusiquesJuives\/\" \/>\n<meta property=\"article:modified_time\" content=\"2025-01-09T16:03:06+00:00\" \/>\n<meta property=\"og:image\" content=\"https:\/\/www.iemj.org\/wp-content\/uploads\/2021\/12\/Couverture-partition-Adamah_S.Kaufmann.jpg\" \/>\n\t<meta property=\"og:image:width\" content=\"547\" \/>\n\t<meta property=\"og:image:height\" content=\"489\" \/>\n\t<meta property=\"og:image:type\" content=\"image\/jpeg\" \/>\n<meta name=\"twitter:card\" content=\"summary_large_image\" \/>\n<meta name=\"twitter:label1\" content=\"Tempo di lettura stimato\" \/>\n\t<meta name=\"twitter:data1\" content=\"1 minuto\" \/>\n<script type=\"application\/ld+json\" class=\"yoast-schema-graph\">{\"@context\":\"https:\\\/\\\/schema.org\",\"@graph\":[{\"@type\":\"WebPage\",\"@id\":\"https:\\\/\\\/www.iemj.org\\\/it\\\/produit\\\/kaufmann-adamah-melodie-pour-soprano-et-piano\\\/\",\"url\":\"https:\\\/\\\/www.iemj.org\\\/it\\\/produit\\\/kaufmann-adamah-melodie-pour-soprano-et-piano\\\/\",\"name\":\"Kaufmann - Adamah, M\u00e9lodie pour soprano et piano - Institut Europ\u00e9en des Musiques Juives\",\"isPartOf\":{\"@id\":\"https:\\\/\\\/www.iemj.org\\\/it\\\/#website\"},\"primaryImageOfPage\":{\"@id\":\"https:\\\/\\\/www.iemj.org\\\/it\\\/produit\\\/kaufmann-adamah-melodie-pour-soprano-et-piano\\\/#primaryimage\"},\"image\":{\"@id\":\"https:\\\/\\\/www.iemj.org\\\/it\\\/produit\\\/kaufmann-adamah-melodie-pour-soprano-et-piano\\\/#primaryimage\"},\"thumbnailUrl\":\"https:\\\/\\\/www.iemj.org\\\/wp-content\\\/uploads\\\/2021\\\/12\\\/Couverture-partition-Adamah_S.Kaufmann.jpg\",\"datePublished\":\"2021-12-06T16:15:02+00:00\",\"dateModified\":\"2025-01-09T16:03:06+00:00\",\"breadcrumb\":{\"@id\":\"https:\\\/\\\/www.iemj.org\\\/it\\\/produit\\\/kaufmann-adamah-melodie-pour-soprano-et-piano\\\/#breadcrumb\"},\"inLanguage\":\"it-IT\",\"potentialAction\":[{\"@type\":\"ReadAction\",\"target\":[\"https:\\\/\\\/www.iemj.org\\\/it\\\/produit\\\/kaufmann-adamah-melodie-pour-soprano-et-piano\\\/\"]}]},{\"@type\":\"ImageObject\",\"inLanguage\":\"it-IT\",\"@id\":\"https:\\\/\\\/www.iemj.org\\\/it\\\/produit\\\/kaufmann-adamah-melodie-pour-soprano-et-piano\\\/#primaryimage\",\"url\":\"https:\\\/\\\/www.iemj.org\\\/wp-content\\\/uploads\\\/2021\\\/12\\\/Couverture-partition-Adamah_S.Kaufmann.jpg\",\"contentUrl\":\"https:\\\/\\\/www.iemj.org\\\/wp-content\\\/uploads\\\/2021\\\/12\\\/Couverture-partition-Adamah_S.Kaufmann.jpg\",\"width\":547,\"height\":489,\"caption\":\"ADAMAH, M\u00e9lodie pour soprano et piano\"},{\"@type\":\"BreadcrumbList\",\"@id\":\"https:\\\/\\\/www.iemj.org\\\/it\\\/produit\\\/kaufmann-adamah-melodie-pour-soprano-et-piano\\\/#breadcrumb\",\"itemListElement\":[{\"@type\":\"ListItem\",\"position\":1,\"name\":\"Accueil\",\"item\":\"https:\\\/\\\/www.iemj.org\\\/it\\\/\"},{\"@type\":\"ListItem\",\"position\":2,\"name\":\"Boutique\",\"item\":\"https:\\\/\\\/www.iemj.org\\\/it\\\/negozio\\\/\"},{\"@type\":\"ListItem\",\"position\":3,\"name\":\"Kaufmann &#8211; Adamah, M\u00e9lodie pour soprano et piano\"}]},{\"@type\":\"WebSite\",\"@id\":\"https:\\\/\\\/www.iemj.org\\\/it\\\/#website\",\"url\":\"https:\\\/\\\/www.iemj.org\\\/it\\\/\",\"name\":\"Institut Europ\u00e9en des Musiques Juives\",\"description\":\"Des traditions musicales \u00e0 la port\u00e9e de tous\",\"publisher\":{\"@id\":\"https:\\\/\\\/www.iemj.org\\\/it\\\/#organization\"},\"potentialAction\":[{\"@type\":\"SearchAction\",\"target\":{\"@type\":\"EntryPoint\",\"urlTemplate\":\"https:\\\/\\\/www.iemj.org\\\/it\\\/?s={search_term_string}\"},\"query-input\":{\"@type\":\"PropertyValueSpecification\",\"valueRequired\":true,\"valueName\":\"search_term_string\"}}],\"inLanguage\":\"it-IT\"},{\"@type\":\"Organization\",\"@id\":\"https:\\\/\\\/www.iemj.org\\\/it\\\/#organization\",\"name\":\"Institut Europ\u00e9en des Musiques Juives\",\"url\":\"https:\\\/\\\/www.iemj.org\\\/it\\\/\",\"logo\":{\"@type\":\"ImageObject\",\"inLanguage\":\"it-IT\",\"@id\":\"https:\\\/\\\/www.iemj.org\\\/it\\\/#\\\/schema\\\/logo\\\/image\\\/\",\"url\":\"https:\\\/\\\/www.iemj.org\\\/wp-content\\\/uploads\\\/2021\\\/09\\\/Logo-IEMJ-Paypal.jpg\",\"contentUrl\":\"https:\\\/\\\/www.iemj.org\\\/wp-content\\\/uploads\\\/2021\\\/09\\\/Logo-IEMJ-Paypal.jpg\",\"width\":150,\"height\":50,\"caption\":\"Institut Europ\u00e9en des Musiques Juives\"},\"image\":{\"@id\":\"https:\\\/\\\/www.iemj.org\\\/it\\\/#\\\/schema\\\/logo\\\/image\\\/\"},\"sameAs\":[\"https:\\\/\\\/www.facebook.com\\\/MusiquesJuives\\\/\",\"https:\\\/\\\/www.instagram.com\\\/musiquesjuives\\\/\",\"https:\\\/\\\/www.youtube.com\\\/user\\\/musiquesjuives\"]}]}<\/script>\n<!-- \/ Yoast SEO plugin. -->","yoast_head_json":{"title":"Kaufmann - Adamah, M\u00e9lodie pour soprano et piano - Institut Europ\u00e9en des Musiques Juives","robots":{"index":"index","follow":"follow","max-snippet":"max-snippet:-1","max-image-preview":"max-image-preview:large","max-video-preview":"max-video-preview:-1"},"canonical":"https:\/\/www.iemj.org\/it\/produit\/kaufmann-adamah-melodie-pour-soprano-et-piano\/","og_locale":"it_IT","og_type":"article","og_title":"Kaufmann - Adamah, M\u00e9lodie pour soprano et piano - Institut Europ\u00e9en des Musiques Juives","og_description":"Kaufmann - Adamah, Melody for soprano and piano AVAILABLE AS PRINTED SCORE AT \u20ac 12 OR DOWNLOADABLE SCORE AT \u20ac 8","og_url":"https:\/\/www.iemj.org\/it\/produit\/kaufmann-adamah-melodie-pour-soprano-et-piano\/","og_site_name":"Institut Europ\u00e9en des Musiques Juives","article_publisher":"https:\/\/www.facebook.com\/MusiquesJuives\/","article_modified_time":"2025-01-09T16:03:06+00:00","og_image":[{"width":547,"height":489,"url":"https:\/\/www.iemj.org\/wp-content\/uploads\/2021\/12\/Couverture-partition-Adamah_S.Kaufmann.jpg","type":"image\/jpeg"}],"twitter_card":"summary_large_image","twitter_misc":{"Tempo di lettura stimato":"1 minuto"},"schema":{"@context":"https:\/\/schema.org","@graph":[{"@type":"WebPage","@id":"https:\/\/www.iemj.org\/it\/produit\/kaufmann-adamah-melodie-pour-soprano-et-piano\/","url":"https:\/\/www.iemj.org\/it\/produit\/kaufmann-adamah-melodie-pour-soprano-et-piano\/","name":"Kaufmann - Adamah, M\u00e9lodie pour soprano et piano - Institut Europ\u00e9en des Musiques Juives","isPartOf":{"@id":"https:\/\/www.iemj.org\/it\/#website"},"primaryImageOfPage":{"@id":"https:\/\/www.iemj.org\/it\/produit\/kaufmann-adamah-melodie-pour-soprano-et-piano\/#primaryimage"},"image":{"@id":"https:\/\/www.iemj.org\/it\/produit\/kaufmann-adamah-melodie-pour-soprano-et-piano\/#primaryimage"},"thumbnailUrl":"https:\/\/www.iemj.org\/wp-content\/uploads\/2021\/12\/Couverture-partition-Adamah_S.Kaufmann.jpg","datePublished":"2021-12-06T16:15:02+00:00","dateModified":"2025-01-09T16:03:06+00:00","breadcrumb":{"@id":"https:\/\/www.iemj.org\/it\/produit\/kaufmann-adamah-melodie-pour-soprano-et-piano\/#breadcrumb"},"inLanguage":"it-IT","potentialAction":[{"@type":"ReadAction","target":["https:\/\/www.iemj.org\/it\/produit\/kaufmann-adamah-melodie-pour-soprano-et-piano\/"]}]},{"@type":"ImageObject","inLanguage":"it-IT","@id":"https:\/\/www.iemj.org\/it\/produit\/kaufmann-adamah-melodie-pour-soprano-et-piano\/#primaryimage","url":"https:\/\/www.iemj.org\/wp-content\/uploads\/2021\/12\/Couverture-partition-Adamah_S.Kaufmann.jpg","contentUrl":"https:\/\/www.iemj.org\/wp-content\/uploads\/2021\/12\/Couverture-partition-Adamah_S.Kaufmann.jpg","width":547,"height":489,"caption":"ADAMAH, M\u00e9lodie pour soprano et piano"},{"@type":"BreadcrumbList","@id":"https:\/\/www.iemj.org\/it\/produit\/kaufmann-adamah-melodie-pour-soprano-et-piano\/#breadcrumb","itemListElement":[{"@type":"ListItem","position":1,"name":"Accueil","item":"https:\/\/www.iemj.org\/it\/"},{"@type":"ListItem","position":2,"name":"Boutique","item":"https:\/\/www.iemj.org\/it\/negozio\/"},{"@type":"ListItem","position":3,"name":"Kaufmann &#8211; Adamah, M\u00e9lodie pour soprano et piano"}]},{"@type":"WebSite","@id":"https:\/\/www.iemj.org\/it\/#website","url":"https:\/\/www.iemj.org\/it\/","name":"Institut Europ\u00e9en des Musiques Juives","description":"Des traditions musicales \u00e0 la port\u00e9e de tous","publisher":{"@id":"https:\/\/www.iemj.org\/it\/#organization"},"potentialAction":[{"@type":"SearchAction","target":{"@type":"EntryPoint","urlTemplate":"https:\/\/www.iemj.org\/it\/?s={search_term_string}"},"query-input":{"@type":"PropertyValueSpecification","valueRequired":true,"valueName":"search_term_string"}}],"inLanguage":"it-IT"},{"@type":"Organization","@id":"https:\/\/www.iemj.org\/it\/#organization","name":"Institut Europ\u00e9en des Musiques Juives","url":"https:\/\/www.iemj.org\/it\/","logo":{"@type":"ImageObject","inLanguage":"it-IT","@id":"https:\/\/www.iemj.org\/it\/#\/schema\/logo\/image\/","url":"https:\/\/www.iemj.org\/wp-content\/uploads\/2021\/09\/Logo-IEMJ-Paypal.jpg","contentUrl":"https:\/\/www.iemj.org\/wp-content\/uploads\/2021\/09\/Logo-IEMJ-Paypal.jpg","width":150,"height":50,"caption":"Institut Europ\u00e9en des Musiques Juives"},"image":{"@id":"https:\/\/www.iemj.org\/it\/#\/schema\/logo\/image\/"},"sameAs":["https:\/\/www.facebook.com\/MusiquesJuives\/","https:\/\/www.instagram.com\/musiquesjuives\/","https:\/\/www.youtube.com\/user\/musiquesjuives"]}]}},"_links":{"self":[{"href":"https:\/\/www.iemj.org\/it\/wp-json\/wp\/v2\/product\/73534","targetHints":{"allow":["GET"]}}],"collection":[{"href":"https:\/\/www.iemj.org\/it\/wp-json\/wp\/v2\/product"}],"about":[{"href":"https:\/\/www.iemj.org\/it\/wp-json\/wp\/v2\/types\/product"}],"replies":[{"embeddable":true,"href":"https:\/\/www.iemj.org\/it\/wp-json\/wp\/v2\/comments?post=73534"}],"wp:featuredmedia":[{"embeddable":true,"href":"https:\/\/www.iemj.org\/it\/wp-json\/wp\/v2\/media\/73329"}],"wp:attachment":[{"href":"https:\/\/www.iemj.org\/it\/wp-json\/wp\/v2\/media?parent=73534"}],"wp:term":[{"taxonomy":"product_brand","embeddable":true,"href":"https:\/\/www.iemj.org\/it\/wp-json\/wp\/v2\/product_brand?post=73534"},{"taxonomy":"product_cat","embeddable":true,"href":"https:\/\/www.iemj.org\/it\/wp-json\/wp\/v2\/product_cat?post=73534"},{"taxonomy":"product_tag","embeddable":true,"href":"https:\/\/www.iemj.org\/it\/wp-json\/wp\/v2\/product_tag?post=73534"}],"curies":[{"name":"wp","href":"https:\/\/api.w.org\/{rel}","templated":true}]}}